{"id":10212,"date":"2025-02-05T10:57:33","date_gmt":"2025-02-05T09:57:33","guid":{"rendered":"https:\/\/projectes.xtec.cat\/pee\/?page_id=10212"},"modified":"2025-02-05T11:13:49","modified_gmt":"2025-02-05T10:13:49","slug":"orientacio-dambit-comunitari","status":"publish","type":"page","link":"https:\/\/projectes.xtec.cat\/pee\/orientacio-dambit-comunitari\/","title":{"rendered":"Orientaci\u00f3 d&#8217;\u00e0mbit comunitari"},"content":{"rendered":"\n<p>L\u2019Orientaci\u00f3 d\u2019\u00e0mbit comunitari \u00e9s una una acci\u00f3 en el marc dels plans educatius d\u2019entorn&nbsp; que suma tots els agents educatius de la xarxa que acompanyen l\u2019alumnat i les seves fam\u00edlies al llarg del proc\u00e9s educatiu i des de diferents contextos.&nbsp;<\/p>\n\n\n\n<p>L\u2019 OAC recull, coordina i dona coher\u00e8ncia a les actuacions que es duen a terme i, si cal, en genera de noves, complementant-les. Aquesta mirada comunit\u00e0ria permet connectar i recon\u00e8ixer totes les persones que ja estan duent a terme accions orientadores per a donar una resposta efica\u00e7, evitar duplicitats, optimitzar recursos i compartir significats<\/p>\n\n\n\n<p>Les orientadores d\u2019\u00e0mbit comunitari dels plans educatius d\u2019entorn s\u00f3n acompanyades per orientadores referents en el desplegament de l\u2019orientaci\u00f3 personalitzat a cada territori.&nbsp;<\/p>\n\n\n\n<div class=\"wp-block-columns is-layout-flex wp-container-core-columns-is-layout-1 wp-block-columns-is-layout-flex\" style=\"padding-top:0;padding-right:var(--wp--preset--spacing--20);padding-bottom:0;padding-left:var(--wp--preset--spacing--20)\">\n<div class=\"wp-block-column is-layout-flow wp-block-column-is-layout-flow\"><p><iframe loading=\"lazy\" src=\"https:\/\/www.google.com\/maps\/d\/embed?mid=1SHXQS-d9vgJ5g4ef5Yzx2Zwu9riRTj0&#038;ehbc=2E312F\" width=\"640\" height=\"480\"><\/iframe><\/p>\n<\/div>\n\n\n\n<div class=\"wp-block-column is-layout-flow wp-block-column-is-layout-flow\"><p><iframe loading=\"lazy\" src=\"https:\/\/drive.google.com\/file\/d\/1pVN_sF2RNB3nYYzQ-DXVtFI5l0bLi07G\/preview\" width=\"640\" height=\"480\" allow=\"autoplay\"><\/iframe><\/p>\n<\/div>\n<\/div>\n","protected":false},"excerpt":{"rendered":"<p>L\u2019Orientaci\u00f3 d\u2019\u00e0mbit comunitari \u00e9s una una acci\u00f3 en el marc dels plans educatius d\u2019entorn&nbsp; que suma tots els agents educatius de la xarxa que acompanyen l\u2019alumnat i les seves fam\u00edlies al llarg del proc\u00e9s educatiu i des de diferents contextos.&nbsp; L\u2019 OAC recull, coordina i dona coher\u00e8ncia a les actuacions que es duen a terme [&hellip;]<\/p>\n","protected":false},"author":1,"featured_media":0,"parent":0,"menu_order":0,"comment_status":"closed","ping_status":"close","template":"","meta":{"_bbp_topic_count":0,"_bbp_reply_count":0,"_bbp_total_topic_count":0,"_bbp_total_reply_count":0,"_bbp_voice_count":0,"_bbp_anonymous_reply_count":0,"_bbp_topic_count_hidden":0,"_bbp_reply_count_hidden":0,"_bbp_forum_subforum_count":0,"site-sidebar-layout":"default","site-content-layout":"","ast-site-content-layout":"default","site-content-style":"default","site-sidebar-style":"default","ast-global-header-display":"","ast-banner-title-visibility":"","ast-main-header-display":"","ast-hfb-above-header-display":"","ast-hfb-below-header-display":"","ast-hfb-mobile-header-display":"","site-post-title":"","ast-breadcrumbs-content":"","ast-featured-img":"","footer-sml-layout":"","theme-transparent-header-meta":"","adv-header-id-meta":"","stick-header-meta":"","header-above-stick-meta":"","header-main-stick-meta":"","header-below-stick-meta":"","astra-migrate-meta-layouts":"set","ast-page-background-enabled":"default","ast-page-background-meta":{"desktop":{"background-color":"var(--ast-global-color-4)","background-image":"","background-repeat":"repeat","background-position":"center center","background-size":"auto","background-attachment":"scroll","background-type":"","background-media":"","overlay-type":"","overlay-color":"","overlay-opacity":"","overlay-gradient":""},"tablet":{"background-color":"","background-image":"","background-repeat":"repeat","background-position":"center center","background-size":"auto","background-attachment":"scroll","background-type":"","background-media":"","overlay-type":"","overlay-color":"","overlay-opacity":"","overlay-gradient":""},"mobile":{"background-color":"","background-image":"","background-repeat":"repeat","background-position":"center center","background-size":"auto","background-attachment":"scroll","background-type":"","background-media":"","overlay-type":"","overlay-color":"","overlay-opacity":"","overlay-gradient":""}},"ast-content-background-meta":{"desktop":{"background-color":"var(--ast-global-color-5)","background-image":"","background-repeat":"repeat","background-position":"center center","background-size":"auto","background-attachment":"scroll","background-type":"","background-media":"","overlay-type":"","overlay-color":"","overlay-opacity":"","overlay-gradient":""},"tablet":{"background-color":"var(--ast-global-color-5)","background-image":"","background-repeat":"repeat","background-position":"center center","background-size":"auto","background-attachment":"scroll","background-type":"","background-media":"","overlay-type":"","overlay-color":"","overlay-opacity":"","overlay-gradient":""},"mobile":{"background-color":"var(--ast-global-color-5)","background-image":"","background-repeat":"repeat","background-position":"center center","background-size":"auto","background-attachment":"scroll","background-type":"","background-media":"","overlay-type":"","overlay-color":"","overlay-opacity":"","overlay-gradient":""}},"footnotes":""},"class_list":["post-10212","page","type-page","status-publish","hentry"],"post_mailing_queue_ids":[],"_links":{"self":[{"href":"https:\/\/projectes.xtec.cat\/pee\/wp-json\/wp\/v2\/pages\/10212","targetHints":{"allow":["GET"]}}],"collection":[{"href":"https:\/\/projectes.xtec.cat\/pee\/wp-json\/wp\/v2\/pages"}],"about":[{"href":"https:\/\/projectes.xtec.cat\/pee\/wp-json\/wp\/v2\/types\/page"}],"author":[{"embeddable":true,"href":"https:\/\/projectes.xtec.cat\/pee\/wp-json\/wp\/v2\/users\/1"}],"replies":[{"embeddable":true,"href":"https:\/\/projectes.xtec.cat\/pee\/wp-json\/wp\/v2\/comments?post=10212"}],"version-history":[{"count":6,"href":"https:\/\/projectes.xtec.cat\/pee\/wp-json\/wp\/v2\/pages\/10212\/revisions"}],"predecessor-version":[{"id":10220,"href":"https:\/\/projectes.xtec.cat\/pee\/wp-json\/wp\/v2\/pages\/10212\/revisions\/10220"}],"wp:attachment":[{"href":"https:\/\/projectes.xtec.cat\/pee\/wp-json\/wp\/v2\/media?parent=10212"}],"curies":[{"name":"wp","href":"https:\/\/api.w.org\/{rel}","templated":true}]}}