{"id":10222,"date":"2025-02-05T11:34:39","date_gmt":"2025-02-05T10:34:39","guid":{"rendered":"https:\/\/projectes.xtec.cat\/pee\/?page_id=10222"},"modified":"2026-03-12T13:36:20","modified_gmt":"2026-03-12T12:36:20","slug":"documents-i-eines-oac","status":"publish","type":"page","link":"https:\/\/projectes.xtec.cat\/pee\/documents-i-eines-oac\/","title":{"rendered":"Documents i eines OAC"},"content":{"rendered":"\n<div class=\"wp-block-columns is-layout-flex wp-container-core-columns-is-layout-1 wp-block-columns-is-layout-flex\">\n<div class=\"wp-block-column is-layout-flow wp-block-column-is-layout-flow\">\n<p><strong>ACOLLIDA A L\u2019OAC<\/strong><\/p>\n\n\n\n<ul class=\"wp-block-list\">\n<li style=\"font-size:16px\"><a href=\"https:\/\/drive.google.com\/file\/d\/1-VWjRnyVS3mmeBaGvsZoSg2yixiyypo6\/view?usp=drive_link\" data-type=\"link\" data-id=\"https:\/\/drive.google.com\/file\/d\/1-VWjRnyVS3mmeBaGvsZoSg2yixiyypo6\/view?usp=drive_link\">Document d\u2019acollida 2026<\/a><\/li>\n\n\n\n<li style=\"font-size:16px\"><a href=\"https:\/\/drive.google.com\/file\/d\/1CwYY2GpXa6fhJPBY2LHqynpPw-J--L5m\/view?usp=drive_link\" data-type=\"link\" data-id=\"https:\/\/drive.google.com\/file\/d\/1CwYY2GpXa6fhJPBY2LHqynpPw-J--L5m\/view?usp=drive_link\">P\u00edndola d\u2019acollida 2025-2026<\/a><\/li>\n\n\n\n<li style=\"font-size:16px\"><a href=\"https:\/\/drive.google.com\/file\/d\/1jdbgD7ketJlqyX3RwOjrlkRgVBGwdHaH\/view?usp=drive_link\" data-type=\"link\" data-id=\"https:\/\/drive.google.com\/file\/d\/1jdbgD7ketJlqyX3RwOjrlkRgVBGwdHaH\/view?usp=drive_link\">V\u00eddeo d&#8217;introducci\u00f3 a l&#8217;OAC<\/a><\/li>\n\n\n\n<li style=\"font-size:16px\"><a href=\"https:\/\/educacio.gencat.cat\/web\/.content\/home\/departament\/publicacions\/monografies\/plans-educatius-entorn\/plans-educatius-entorn-5.pdf\" data-type=\"link\" data-id=\"https:\/\/educacio.gencat.cat\/web\/.content\/home\/departament\/publicacions\/monografies\/plans-educatius-entorn\/plans-educatius-entorn-5.pdf\">Guia per al desplegament de l&#8217;OAC<\/a><\/li>\n\n\n\n<li style=\"font-size:16px\"><a href=\"https:\/\/drive.google.com\/file\/d\/1wil4O2jjDM5ugA0WQcgvq58zlrcRZlVg\/view?usp=sharing\" data-type=\"link\" data-id=\"https:\/\/drive.google.com\/file\/d\/1wil4O2jjDM5ugA0WQcgvq58zlrcRZlVg\/view?usp=sharing\">Marc normatiu i orientacions OAC<\/a><\/li>\n<\/ul>\n<\/div>\n\n\n\n<div class=\"wp-block-column is-layout-flow wp-block-column-is-layout-flow\">\n<p><strong>XARXA<\/strong><\/p>\n\n\n\n<p style=\"font-size:16px\"><strong><a href=\"https:\/\/drive.google.com\/file\/d\/1E77ia4bJyJGxNSHSp5TxzNbbMPsYfERp\/view\">Llista de control<\/a><\/strong> per al treball en xarxa<\/p>\n\n\n\n<p style=\"font-size:16px\"><strong><a href=\"https:\/\/drive.google.com\/file\/d\/1SDNgh_tFivjkkO8Rn_130oltSeu-07WC\/view?usp=sharing\" data-type=\"link\" data-id=\"https:\/\/drive.google.com\/file\/d\/1SDNgh_tFivjkkO8Rn_130oltSeu-07WC\/view?usp=sharing\">R\u00daBRICA DE SEGUIMENT OAC<\/a><\/strong>. Proposta descriptiva que pret\u00e9n facilitar als equips impulsors <strong>en quin moment es troben al respecte del desplegament de l&#8217;orientaci\u00f3 d&#8217;\u00e0mbit comunitari<\/strong>. Vol proposar fulls de ruta per a avan\u00e7ar en refer\u00e8ncia a les accions priorit\u00e0ries.<\/p>\n<\/div>\n\n\n\n<div class=\"wp-block-column is-layout-flow wp-block-column-is-layout-flow\">\n<p><strong>PLA D&#8217;ORIENTACI\u00d3 D&#8217;\u00c0MBIT COMUNITARI (POAC)<\/strong><\/p>\n\n\n\n<div class=\"wp-block-buttons is-layout-flex wp-block-buttons-is-layout-flex\">\n<div class=\"wp-block-button has-custom-width wp-block-button__width-100 has-custom-font-size has-small-font-size\" id=\"https:\/\/projectes.xtec.cat\/pee\/pla-dorientacio-dambit-comunitari-poac\/\"><a class=\"wp-block-button__link wp-element-button\" href=\"https:\/\/projectes.xtec.cat\/pee\/pla-dorientacio-dambit-comunitari-poac\/\" style=\"border-style:none;border-width:0px;border-radius:26px;padding-top:var(--wp--preset--spacing--20);padding-right:var(--wp--preset--spacing--50);padding-bottom:var(--wp--preset--spacing--20);padding-left:var(--wp--preset--spacing--50)\"><strong>Documentaci\u00f3 POAC<\/strong><\/a><\/div>\n<\/div>\n\n\n\n<p style=\"font-size:16px\"><\/p>\n\n\n\n<p style=\"font-size:16px\">Correspon al Servei d\u2019Orientaci\u00f3 d\u2019\u00c0mbit Comunitari el disseny d\u2019un Pla d\u2019orientaci\u00f3 d\u2019\u00e0mbit comunitari (POAC) que abraci el conjunt d\u2019accions en mat\u00e8ria d\u2019orientaci\u00f3 educativa que es desenvolupen en el territori per tal de <em>garantir<\/em> la <strong>coher\u00e8ncia i optimitzar l\u2019efic\u00e0cia de l\u2019acci\u00f3 conjunta<\/strong>.<\/p>\n\n\n\n<ul class=\"wp-block-list\">\n<li style=\"font-size:16px\">l\u2019orientaci\u00f3 al llarg de l\u2019escolaritzaci\u00f3<\/li>\n\n\n\n<li style=\"font-size:16px\">les accions d\u2019acompanyament personalitzat en la transici\u00f3 entre etapes educatives<\/li>\n\n\n\n<li style=\"font-size:16px\">les accions d\u2019orientaci\u00f3 i suport en cada una de les diferents etapes educatives.<\/li>\n<\/ul>\n<\/div>\n<\/div>\n\n\n\n<p><\/p>\n","protected":false},"excerpt":{"rendered":"<p>ACOLLIDA A L\u2019OAC XARXA Llista de control per al treball en xarxa R\u00daBRICA DE SEGUIMENT OAC. Proposta descriptiva que pret\u00e9n facilitar als equips impulsors en quin moment es troben al respecte del desplegament de l&#8217;orientaci\u00f3 d&#8217;\u00e0mbit comunitari. Vol proposar fulls de ruta per a avan\u00e7ar en refer\u00e8ncia a les accions priorit\u00e0ries. PLA D&#8217;ORIENTACI\u00d3 D&#8217;\u00c0MBIT COMUNITARI [&hellip;]<\/p>\n","protected":false},"author":1,"featured_media":0,"parent":0,"menu_order":0,"comment_status":"closed","ping_status":"close","template":"","meta":{"_bbp_topic_count":0,"_bbp_reply_count":0,"_bbp_total_topic_count":0,"_bbp_total_reply_count":0,"_bbp_voice_count":0,"_bbp_anonymous_reply_count":0,"_bbp_topic_count_hidden":0,"_bbp_reply_count_hidden":0,"_bbp_forum_subforum_count":0,"site-sidebar-layout":"default","site-content-layout":"","ast-site-content-layout":"default","site-content-style":"default","site-sidebar-style":"default","ast-global-header-display":"","ast-banner-title-visibility":"","ast-main-header-display":"","ast-hfb-above-header-display":"","ast-hfb-below-header-display":"","ast-hfb-mobile-header-display":"","site-post-title":"","ast-breadcrumbs-content":"","ast-featured-img":"","footer-sml-layout":"","theme-transparent-header-meta":"","adv-header-id-meta":"","stick-header-meta":"","header-above-stick-meta":"","header-main-stick-meta":"","header-below-stick-meta":"","astra-migrate-meta-layouts":"set","ast-page-background-enabled":"default","ast-page-background-meta":{"desktop":{"background-color":"var(--ast-global-color-4)","background-image":"","background-repeat":"repeat","background-position":"center center","background-size":"auto","background-attachment":"scroll","background-type":"","background-media":"","overlay-type":"","overlay-color":"","overlay-opacity":"","overlay-gradient":""},"tablet":{"background-color":"","background-image":"","background-repeat":"repeat","background-position":"center center","background-size":"auto","background-attachment":"scroll","background-type":"","background-media":"","overlay-type":"","overlay-color":"","overlay-opacity":"","overlay-gradient":""},"mobile":{"background-color":"","background-image":"","background-repeat":"repeat","background-position":"center center","background-size":"auto","background-attachment":"scroll","background-type":"","background-media":"","overlay-type":"","overlay-color":"","overlay-opacity":"","overlay-gradient":""}},"ast-content-background-meta":{"desktop":{"background-color":"var(--ast-global-color-5)","background-image":"","background-repeat":"repeat","background-position":"center center","background-size":"auto","background-attachment":"scroll","background-type":"","background-media":"","overlay-type":"","overlay-color":"","overlay-opacity":"","overlay-gradient":""},"tablet":{"background-color":"var(--ast-global-color-5)","background-image":"","background-repeat":"repeat","background-position":"center center","background-size":"auto","background-attachment":"scroll","background-type":"","background-media":"","overlay-type":"","overlay-color":"","overlay-opacity":"","overlay-gradient":""},"mobile":{"background-color":"var(--ast-global-color-5)","background-image":"","background-repeat":"repeat","background-position":"center center","background-size":"auto","background-attachment":"scroll","background-type":"","background-media":"","overlay-type":"","overlay-color":"","overlay-opacity":"","overlay-gradient":""}},"footnotes":""},"class_list":["post-10222","page","type-page","status-publish","hentry"],"post_mailing_queue_ids":[],"_links":{"self":[{"href":"https:\/\/projectes.xtec.cat\/pee\/wp-json\/wp\/v2\/pages\/10222","targetHints":{"allow":["GET"]}}],"collection":[{"href":"https:\/\/projectes.xtec.cat\/pee\/wp-json\/wp\/v2\/pages"}],"about":[{"href":"https:\/\/projectes.xtec.cat\/pee\/wp-json\/wp\/v2\/types\/page"}],"author":[{"embeddable":true,"href":"https:\/\/projectes.xtec.cat\/pee\/wp-json\/wp\/v2\/users\/1"}],"replies":[{"embeddable":true,"href":"https:\/\/projectes.xtec.cat\/pee\/wp-json\/wp\/v2\/comments?post=10222"}],"version-history":[{"count":6,"href":"https:\/\/projectes.xtec.cat\/pee\/wp-json\/wp\/v2\/pages\/10222\/revisions"}],"predecessor-version":[{"id":10867,"href":"https:\/\/projectes.xtec.cat\/pee\/wp-json\/wp\/v2\/pages\/10222\/revisions\/10867"}],"wp:attachment":[{"href":"https:\/\/projectes.xtec.cat\/pee\/wp-json\/wp\/v2\/media?parent=10222"}],"curies":[{"name":"wp","href":"https:\/\/api.w.org\/{rel}","templated":true}]}}