{"id":10229,"date":"2025-02-05T11:50:31","date_gmt":"2025-02-05T10:50:31","guid":{"rendered":"https:\/\/projectes.xtec.cat\/pee\/?page_id=10229"},"modified":"2026-03-04T14:00:56","modified_gmt":"2026-03-04T13:00:56","slug":"xarxa-dorientacio-dambit-comunitari-xoac","status":"publish","type":"page","link":"https:\/\/projectes.xtec.cat\/pee\/xarxa-dorientacio-dambit-comunitari-xoac\/","title":{"rendered":"Xarxa d&#8217;orientaci\u00f3 d&#8217;\u00e0mbit comunitari (XOAC)"},"content":{"rendered":"\n<p>Estem construint la Xarxa d\u2019orientaci\u00f3 d\u2019\u00e0mbit comunitari (XOAC) dels Plans educatius d\u2019entorn amb la intenci\u00f3 de:&nbsp;<\/p>\n\n\n\n<ul class=\"wp-block-list\">\n<li>Esdevenir una xarxa referent d\u2019orientaci\u00f3 per tal de facilitar un espai de col\u00b7laboraci\u00f3 i aprenentatge mutu.&nbsp;&nbsp;<\/li>\n\n\n\n<li>Desenvolupar compet\u00e8ncies professionals a trav\u00e9s del reconeixement i la participaci\u00f3 activa dels agents de la xarxa per tal de millorar l&#8217;OAC.<\/li>\n\n\n\n<li>Generar sinergies per nodrir l\u2019OAC de bones pr\u00e0ctiques, innovacions i documentaci\u00f3 de refer\u00e8ncia, impulsant la creaci\u00f3 d\u2019un coneixement col\u00b7lectiu s\u00f2lid.<\/li>\n<\/ul>\n\n\n\n<p><\/p>\n\n\n\n<div class=\"wp-block-buttons is-layout-flex wp-block-buttons-is-layout-flex\">\n<div class=\"wp-block-button has-custom-font-size\" style=\"font-size:20px\"><a class=\"wp-block-button__link wp-element-button\" href=\"https:\/\/projectes.xtec.cat\/pee\/territori-xoac\/\">Territori XOAC<\/a><\/div>\n\n\n\n<div class=\"wp-block-button has-custom-width wp-block-button__width-50 has-custom-font-size has-medium-font-size\"><a class=\"wp-block-button__link wp-element-button\" href=\"https:\/\/airtable.com\/apptfQURUasrtyN1S\/shry6Y4LF4nqJteTo\/tblZ30RkE62LYA0uR\" target=\"_blank\" rel=\"noreferrer noopener\">Espai d&#8217;experi\u00e8ncies XOAC<\/a><\/div>\n\n\n\n<div class=\"wp-block-button has-custom-font-size has-medium-font-size\"><a class=\"wp-block-button__link wp-element-button\" href=\"https:\/\/projectes.xtec.cat\/pee\/recursos-elaborats-per-la-xoac\/\" target=\"_blank\" rel=\"noreferrer noopener\">Recursos XOAC<\/a><\/div>\n<\/div>\n\n\n\n<p><\/p>\n\n\n\n<div class=\"wp-block-buttons is-layout-flex wp-block-buttons-is-layout-flex\">\n<div class=\"wp-block-button has-custom-font-size has-medium-font-size\"><a class=\"wp-block-button__link wp-element-button\" href=\"https:\/\/airtable.com\/apptfQURUasrtyN1S\/shrV5ma9HfHpAORYB\/tbl8pSbuqUvg29Ads?date=undefined&amp;mode=undefined\" target=\"_blank\" rel=\"noreferrer noopener\">Esdeveniments<\/a><\/div>\n\n\n\n<div class=\"wp-block-button has-custom-font-size has-medium-font-size\"><a class=\"wp-block-button__link wp-element-button\">Glossari<\/a><\/div>\n\n\n\n<div class=\"wp-block-button has-custom-font-size has-medium-font-size\"><a class=\"wp-block-button__link wp-element-button\" href=\"https:\/\/projectes.xtec.cat\/pee\/sessions-xoac\/\">Sessions XOAC<\/a><\/div>\n<\/div>\n\n\n\n<p><\/p>\n","protected":false},"excerpt":{"rendered":"<p>Estem construint la Xarxa d\u2019orientaci\u00f3 d\u2019\u00e0mbit comunitari (XOAC) dels Plans educatius d\u2019entorn amb la intenci\u00f3 de:&nbsp;<\/p>\n","protected":false},"author":1,"featured_media":0,"parent":0,"menu_order":0,"comment_status":"closed","ping_status":"close","template":"","meta":{"_bbp_topic_count":0,"_bbp_reply_count":0,"_bbp_total_topic_count":0,"_bbp_total_reply_count":0,"_bbp_voice_count":0,"_bbp_anonymous_reply_count":0,"_bbp_topic_count_hidden":0,"_bbp_reply_count_hidden":0,"_bbp_forum_subforum_count":0,"site-sidebar-layout":"default","site-content-layout":"","ast-site-content-layout":"default","site-content-style":"default","site-sidebar-style":"default","ast-global-header-display":"","ast-banner-title-visibility":"","ast-main-header-display":"","ast-hfb-above-header-display":"","ast-hfb-below-header-display":"","ast-hfb-mobile-header-display":"","site-post-title":"","ast-breadcrumbs-content":"","ast-featured-img":"","footer-sml-layout":"","theme-transparent-header-meta":"","adv-header-id-meta":"","stick-header-meta":"","header-above-stick-meta":"","header-main-stick-meta":"","header-below-stick-meta":"","astra-migrate-meta-layouts":"set","ast-page-background-enabled":"default","ast-page-background-meta":{"desktop":{"background-color":"var(--ast-global-color-4)","background-image":"","background-repeat":"repeat","background-position":"center center","background-size":"auto","background-attachment":"scroll","background-type":"","background-media":"","overlay-type":"","overlay-color":"","overlay-opacity":"","overlay-gradient":""},"tablet":{"background-color":"","background-image":"","background-repeat":"repeat","background-position":"center center","background-size":"auto","background-attachment":"scroll","background-type":"","background-media":"","overlay-type":"","overlay-color":"","overlay-opacity":"","overlay-gradient":""},"mobile":{"background-color":"","background-image":"","background-repeat":"repeat","background-position":"center center","background-size":"auto","background-attachment":"scroll","background-type":"","background-media":"","overlay-type":"","overlay-color":"","overlay-opacity":"","overlay-gradient":""}},"ast-content-background-meta":{"desktop":{"background-color":"var(--ast-global-color-5)","background-image":"","background-repeat":"repeat","background-position":"center center","background-size":"auto","background-attachment":"scroll","background-type":"","background-media":"","overlay-type":"","overlay-color":"","overlay-opacity":"","overlay-gradient":""},"tablet":{"background-color":"var(--ast-global-color-5)","background-image":"","background-repeat":"repeat","background-position":"center center","background-size":"auto","background-attachment":"scroll","background-type":"","background-media":"","overlay-type":"","overlay-color":"","overlay-opacity":"","overlay-gradient":""},"mobile":{"background-color":"var(--ast-global-color-5)","background-image":"","background-repeat":"repeat","background-position":"center center","background-size":"auto","background-attachment":"scroll","background-type":"","background-media":"","overlay-type":"","overlay-color":"","overlay-opacity":"","overlay-gradient":""}},"footnotes":""},"class_list":["post-10229","page","type-page","status-publish","hentry"],"post_mailing_queue_ids":[],"_links":{"self":[{"href":"https:\/\/projectes.xtec.cat\/pee\/wp-json\/wp\/v2\/pages\/10229","targetHints":{"allow":["GET"]}}],"collection":[{"href":"https:\/\/projectes.xtec.cat\/pee\/wp-json\/wp\/v2\/pages"}],"about":[{"href":"https:\/\/projectes.xtec.cat\/pee\/wp-json\/wp\/v2\/types\/page"}],"author":[{"embeddable":true,"href":"https:\/\/projectes.xtec.cat\/pee\/wp-json\/wp\/v2\/users\/1"}],"replies":[{"embeddable":true,"href":"https:\/\/projectes.xtec.cat\/pee\/wp-json\/wp\/v2\/comments?post=10229"}],"version-history":[{"count":6,"href":"https:\/\/projectes.xtec.cat\/pee\/wp-json\/wp\/v2\/pages\/10229\/revisions"}],"predecessor-version":[{"id":10739,"href":"https:\/\/projectes.xtec.cat\/pee\/wp-json\/wp\/v2\/pages\/10229\/revisions\/10739"}],"wp:attachment":[{"href":"https:\/\/projectes.xtec.cat\/pee\/wp-json\/wp\/v2\/media?parent=10229"}],"curies":[{"name":"wp","href":"https:\/\/api.w.org\/{rel}","templated":true}]}}