{"id":10358,"date":"2025-03-20T09:19:14","date_gmt":"2025-03-20T08:19:14","guid":{"rendered":"https:\/\/projectes.xtec.cat\/pee\/?page_id=10358"},"modified":"2025-09-22T12:53:00","modified_gmt":"2025-09-22T10:53:00","slug":"recursos-elaborats-per-la-xoac","status":"publish","type":"page","link":"https:\/\/projectes.xtec.cat\/pee\/recursos-elaborats-per-la-xoac\/","title":{"rendered":"Recursos elaborats\u00a0per la XOAC"},"content":{"rendered":"\n<p><a href=\"https:\/\/drive.google.com\/file\/d\/1lVI5dek7xCAnYGpgpZ6R7jMWp8TdJF3g\/view?usp=sharing\" data-type=\"link\" data-id=\"https:\/\/drive.google.com\/file\/d\/1lVI5dek7xCAnYGpgpZ6R7jMWp8TdJF3g\/view?usp=sharing\">DEC\u00c0LEG<\/a> de l&#8217;abordatge de l&#8217;acompanyament i de l&#8217;orientaci\u00f3<\/p>\n\n\n\n<p>EXEMPLES d&#8217;actuacions per \u00e0mbits d&#8217;intervenci\u00f3:<\/p>\n\n\n\n<div class=\"wp-block-buttons is-layout-flex wp-block-buttons-is-layout-flex\">\n<div class=\"wp-block-button has-custom-width wp-block-button__width-50\"><a class=\"wp-block-button__link wp-element-button\">ACOLLIDA I ACOMPANYAMENT ESCOLARITZACI\u00d3<\/a><\/div>\n<\/div>\n\n\n\n<p class=\"has-medium-font-size\">PRESENTACIONS<a href=\"https:\/\/drive.google.com\/file\/d\/1DZurILi7dTk-5cRa6xRs3-LL62XEJsQg\/view?usp=sharing\" data-type=\"link\" data-id=\"https:\/\/drive.google.com\/file\/d\/1DZurILi7dTk-5cRa6xRs3-LL62XEJsQg\/view?usp=sharing\"> Sabadell <\/a> \/  <a href=\"https:\/\/drive.google.com\/file\/d\/1fsJspJ9BvLZ3yba5aYRZ_6kqLq__ONGP\/view?usp=sharing\" data-type=\"link\" data-id=\"https:\/\/drive.google.com\/file\/d\/1fsJspJ9BvLZ3yba5aYRZ_6kqLq__ONGP\/view?usp=sharing\">Montcada i Reixac<\/a>  \/  <a href=\"https:\/\/drive.google.com\/file\/d\/1-_C8wQ2uliQ0a4BNP5LCzhul7g-E3l7e\/view?usp=sharing\" data-type=\"link\" data-id=\"https:\/\/drive.google.com\/file\/d\/1-_C8wQ2uliQ0a4BNP5LCzhul7g-E3l7e\/view?usp=sharing\">Manresa <\/a> \/  <a href=\"https:\/\/drive.google.com\/file\/d\/1XdcVE15uG_E4nbkkITxltYvpF2xzIWd6\/view?usp=sharing\" data-type=\"link\" data-id=\"https:\/\/drive.google.com\/file\/d\/1XdcVE15uG_E4nbkkITxltYvpF2xzIWd6\/view?usp=sharing\">Gav\u00e0<\/a><\/p>\n\n\n\n<div class=\"wp-block-buttons is-layout-flex wp-block-buttons-is-layout-flex\">\n<div class=\"wp-block-button has-custom-width wp-block-button__width-50\"><a class=\"wp-block-button__link wp-element-button\">ABSENTISME I ABANDONAMENT<\/a><\/div>\n<\/div>\n\n\n\n<p class=\"has-medium-font-size\">PRESENTACIONS <a href=\"https:\/\/drive.google.com\/file\/d\/1DJmKofnqkGYi-H0UwVDtb7v8E0cCSK5X\/view?usp=sharing\" data-type=\"link\" data-id=\"https:\/\/drive.google.com\/file\/d\/1DJmKofnqkGYi-H0UwVDtb7v8E0cCSK5X\/view?usp=sharing\">Sant Vicen\u00e7 dels Horts<\/a>  \/  <a href=\"https:\/\/drive.google.com\/file\/d\/1RQ2U2Fv1ukHViiWru6Y7Xb48neaVdsLF\/view?usp=sharing\" data-type=\"link\" data-id=\"https:\/\/drive.google.com\/file\/d\/1RQ2U2Fv1ukHViiWru6Y7Xb48neaVdsLF\/view?usp=sharing\">Palafrugell<\/a>  \/  <a href=\"https:\/\/drive.google.com\/file\/d\/1xLyHXzuzUPcOb9sunyeXA756IZlvd7f8\/view?usp=sharing\" data-type=\"link\" data-id=\"https:\/\/drive.google.com\/file\/d\/1xLyHXzuzUPcOb9sunyeXA756IZlvd7f8\/view?usp=sharing\">Olot<\/a>  \/  <a href=\"https:\/\/drive.google.com\/file\/d\/1ei3f0ZTkI1JF5cewjB_yKzlhrqtuJFXl\/view?usp=sharing\" data-type=\"link\" data-id=\"https:\/\/drive.google.com\/file\/d\/1ei3f0ZTkI1JF5cewjB_yKzlhrqtuJFXl\/view?usp=sharing\">Mollet del Vall\u00e8s<\/a><\/p>\n\n\n\n<div class=\"wp-block-buttons is-layout-flex wp-block-buttons-is-layout-flex\">\n<div class=\"wp-block-button has-custom-width wp-block-button__width-50\"><a class=\"wp-block-button__link wp-element-button\">TRANSCIONS D&#8217;ETAPES EDUCATIVES<\/a><\/div>\n<\/div>\n\n\n\n<p class=\"has-medium-font-size\">PRESENTACIONS <a href=\"https:\/\/drive.google.com\/file\/d\/1aZqlAu2RpuAJS6EC8I6JJviYmA2zyRiD\/view?usp=sharing\" data-type=\"link\" data-id=\"https:\/\/drive.google.com\/file\/d\/1aZqlAu2RpuAJS6EC8I6JJviYmA2zyRiD\/view?usp=sharing\">Ripoll<\/a> \/ <a href=\"https:\/\/drive.google.com\/file\/d\/1wceF3GQOLPKesav2gAtBfIor-rjWSQtX\/view?usp=sharing\" data-type=\"link\" data-id=\"https:\/\/drive.google.com\/file\/d\/1wceF3GQOLPKesav2gAtBfIor-rjWSQtX\/view?usp=sharing\">Reus<\/a> \/ <a href=\"https:\/\/drive.google.com\/file\/d\/1yEBsVpsYFJ2MNT_HYtsF0g242JNLHHra\/view?usp=sharing\" data-type=\"link\" data-id=\"https:\/\/drive.google.com\/file\/d\/1yEBsVpsYFJ2MNT_HYtsF0g242JNLHHra\/view?usp=sharing\">Martorell <\/a> \/ <a href=\"https:\/\/drive.google.com\/file\/d\/1l2PYcJG5K4DgcQfRjI3yTLhaydLXFXhr\/view?usp=sharing\" data-type=\"link\" data-id=\"https:\/\/drive.google.com\/file\/d\/1l2PYcJG5K4DgcQfRjI3yTLhaydLXFXhr\/view?usp=sharing\">Figueres<\/a><\/p>\n\n\n\n<div class=\"wp-block-buttons is-layout-flex wp-block-buttons-is-layout-flex\">\n<div class=\"wp-block-button has-custom-width wp-block-button__width-50\"><a class=\"wp-block-button__link wp-element-button\">INCLUSI\u00d3 ALUMNAT PEE<\/a><\/div>\n<\/div>\n\n\n\n<p class=\"has-medium-font-size\">PRESENTACIONS <a href=\"https:\/\/drive.google.com\/file\/d\/112ByDQhavccOXYdKqKz_LfmDGLz2d1Gw\/view?usp=sharing\" data-type=\"link\" data-id=\"https:\/\/drive.google.com\/file\/d\/112ByDQhavccOXYdKqKz_LfmDGLz2d1Gw\/view?usp=sharing\">Sant Vicen\u00e7 dels Horts<\/a>  \/  <a href=\"https:\/\/drive.google.com\/file\/d\/1t8DRdca0eEa6lvfu9lM67zHa8gM-s7bH\/view?usp=sharing\" data-type=\"link\" data-id=\"https:\/\/drive.google.com\/file\/d\/1t8DRdca0eEa6lvfu9lM67zHa8gM-s7bH\/view?usp=sharing\">El Vendrell<\/a><\/p>\n\n\n\n<p><\/p>\n","protected":false},"excerpt":{"rendered":"<p>DEC\u00c0LEG de l&#8217;abordatge de l&#8217;acompanyament i de l&#8217;orientaci\u00f3 EXEMPLES d&#8217;actuacions per \u00e0mbits d&#8217;intervenci\u00f3: PRESENTACIONS Sabadell \/ Montcada i Reixac \/ Manresa \/ Gav\u00e0 PRESENTACIONS Sant Vicen\u00e7 dels Horts \/ Palafrugell \/ Olot \/ Mollet del Vall\u00e8s PRESENTACIONS Ripoll \/ Reus \/ Martorell \/ Figueres PRESENTACIONS Sant Vicen\u00e7 dels Horts \/ El Vendrell<\/p>\n","protected":false},"author":1,"featured_media":0,"parent":0,"menu_order":0,"comment_status":"closed","ping_status":"close","template":"","meta":{"_bbp_topic_count":0,"_bbp_reply_count":0,"_bbp_total_topic_count":0,"_bbp_total_reply_count":0,"_bbp_voice_count":0,"_bbp_anonymous_reply_count":0,"_bbp_topic_count_hidden":0,"_bbp_reply_count_hidden":0,"_bbp_forum_subforum_count":0,"site-sidebar-layout":"default","site-content-layout":"","ast-site-content-layout":"default","site-content-style":"default","site-sidebar-style":"default","ast-global-header-display":"","ast-banner-title-visibility":"","ast-main-header-display":"","ast-hfb-above-header-display":"","ast-hfb-below-header-display":"","ast-hfb-mobile-header-display":"","site-post-title":"","ast-breadcrumbs-content":"","ast-featured-img":"","footer-sml-layout":"","theme-transparent-header-meta":"","adv-header-id-meta":"","stick-header-meta":"","header-above-stick-meta":"","header-main-stick-meta":"","header-below-stick-meta":"","astra-migrate-meta-layouts":"set","ast-page-background-enabled":"default","ast-page-background-meta":{"desktop":{"background-color":"var(--ast-global-color-4)","background-image":"","background-repeat":"repeat","background-position":"center center","background-size":"auto","background-attachment":"scroll","background-type":"","background-media":"","overlay-type":"","overlay-color":"","overlay-opacity":"","overlay-gradient":""},"tablet":{"background-color":"","background-image":"","background-repeat":"repeat","background-position":"center center","background-size":"auto","background-attachment":"scroll","background-type":"","background-media":"","overlay-type":"","overlay-color":"","overlay-opacity":"","overlay-gradient":""},"mobile":{"background-color":"","background-image":"","background-repeat":"repeat","background-position":"center center","background-size":"auto","background-attachment":"scroll","background-type":"","background-media":"","overlay-type":"","overlay-color":"","overlay-opacity":"","overlay-gradient":""}},"ast-content-background-meta":{"desktop":{"background-color":"var(--ast-global-color-5)","background-image":"","background-repeat":"repeat","background-position":"center center","background-size":"auto","background-attachment":"scroll","background-type":"","background-media":"","overlay-type":"","overlay-color":"","overlay-opacity":"","overlay-gradient":""},"tablet":{"background-color":"var(--ast-global-color-5)","background-image":"","background-repeat":"repeat","background-position":"center center","background-size":"auto","background-attachment":"scroll","background-type":"","background-media":"","overlay-type":"","overlay-color":"","overlay-opacity":"","overlay-gradient":""},"mobile":{"background-color":"var(--ast-global-color-5)","background-image":"","background-repeat":"repeat","background-position":"center center","background-size":"auto","background-attachment":"scroll","background-type":"","background-media":"","overlay-type":"","overlay-color":"","overlay-opacity":"","overlay-gradient":""}},"footnotes":""},"class_list":["post-10358","page","type-page","status-publish","hentry"],"post_mailing_queue_ids":[],"_links":{"self":[{"href":"https:\/\/projectes.xtec.cat\/pee\/wp-json\/wp\/v2\/pages\/10358","targetHints":{"allow":["GET"]}}],"collection":[{"href":"https:\/\/projectes.xtec.cat\/pee\/wp-json\/wp\/v2\/pages"}],"about":[{"href":"https:\/\/projectes.xtec.cat\/pee\/wp-json\/wp\/v2\/types\/page"}],"author":[{"embeddable":true,"href":"https:\/\/projectes.xtec.cat\/pee\/wp-json\/wp\/v2\/users\/1"}],"replies":[{"embeddable":true,"href":"https:\/\/projectes.xtec.cat\/pee\/wp-json\/wp\/v2\/comments?post=10358"}],"version-history":[{"count":5,"href":"https:\/\/projectes.xtec.cat\/pee\/wp-json\/wp\/v2\/pages\/10358\/revisions"}],"predecessor-version":[{"id":10593,"href":"https:\/\/projectes.xtec.cat\/pee\/wp-json\/wp\/v2\/pages\/10358\/revisions\/10593"}],"wp:attachment":[{"href":"https:\/\/projectes.xtec.cat\/pee\/wp-json\/wp\/v2\/media?parent=10358"}],"curies":[{"name":"wp","href":"https:\/\/api.w.org\/{rel}","templated":true}]}}