{"id":10400,"date":"2025-05-23T11:31:22","date_gmt":"2025-05-23T09:31:22","guid":{"rendered":"https:\/\/projectes.xtec.cat\/pee\/?page_id=10400"},"modified":"2025-06-16T14:02:46","modified_gmt":"2025-06-16T12:02:46","slug":"memoria-justificativa-2024-2025","status":"publish","type":"page","link":"https:\/\/projectes.xtec.cat\/pee\/memoria-justificativa-2024-2025\/","title":{"rendered":"Mem\u00f2ria justificativa 2024-2025"},"content":{"rendered":"\n<figure class=\"wp-block-table\"><table><tbody><tr><td><strong> ECON\u00d2MICA<\/strong><\/td><td><strong>M\u00f2dul 1<\/strong><br>Dotaci\u00f3 ordin\u00e0ria dels PEE<br><strong>M\u00f2dul 2<\/strong><br>Recursos t\u00e8cnics per refor\u00e7ar el lideratge t\u00e8cnic i la dinamitzaci\u00f3 de l\u2019educaci\u00f3 en l\u2019\u00e0mbit comunitari<br><strong>M\u00f2dul 3<br><\/strong>Tallers de suport i acompanyament educatiu i diversificats<br>Oportunitats educatives m\u00e9s enll\u00e0 de l\u2019escola<br>Mentoria socioeducativa<\/td><td><strong>Justificaci\u00f3 fins al 15 d\u2019octubre de 2025<\/strong><\/td><td>Model:<br><a href=\"https:\/\/drive.google.com\/file\/d\/1fJ-0AE5H0dOvFsiS9RRXMHoknJSG_QKu\/view?usp=sharing\" target=\"_blank\" rel=\"noreferrer noopener\"><\/a><a href=\"https:\/\/drive.google.com\/file\/d\/1Y-rL2n7FgP3GjV37PtkG89ib6wS66DWK\/view?usp=sharing\">Justificaci\u00f3PEE_FP2425<\/a> <br><br>(Per ampliar files heu d\u2019habilitar edici\u00f3 i contingut un cop descarregat l\u2019arxiu)<\/td><\/tr><tr><td><strong>T\u00c8CNICA<\/strong><\/td><td>Mem\u00f2ria t\u00e8cnica 2024-2025<\/td><td><strong>Justificaci\u00f3 fins al 15 d\u2019octubre de 2025<\/strong><\/td><td>&#8211;<a href=\"https:\/\/drive.google.com\/file\/d\/1y2wPk1-lY2X7np7zPSkwMXUQp1zQ_G04\/view?usp=sharing\" data-type=\"link\" data-id=\"https:\/\/drive.google.com\/file\/d\/1y2wPk1-lY2X7np7zPSkwMXUQp1zQ_G04\/view?usp=sharing\"> Guia_mem\u00f2ria t\u00e8cnica PEE<\/a><br><br>&#8211; <a href=\"https:\/\/docs.google.com\/forms\/d\/e\/1FAIpQLSeq5n3Vk4d_JO6iqtjUAAC2pU8auuxBAXAzVNNxWEXURJHUKg\/viewform\" data-type=\"link\" data-id=\"https:\/\/docs.google.com\/forms\/d\/e\/1FAIpQLSeq5n3Vk4d_JO6iqtjUAAC2pU8auuxBAXAzVNNxWEXURJHUKg\/viewform\">Formulari general dels PEE <\/a><br>&#8211; <a href=\"https:\/\/drive.google.com\/file\/d\/1mkudwnMxT2Jj3_5lB2Rb3QJDGk0Ul6Oh\/view?usp=sharing\" data-type=\"link\" data-id=\"https:\/\/drive.google.com\/file\/d\/1G2Ra5e4p9HbVqltIANQkBB3PBViCXqLA\/view?usp=sharing\">Formulari general. PDF<\/a><br>&#8211; <a href=\"https:\/\/docs.google.com\/document\/d\/1ra6NRIAMjW-duvtGF0a98TZ2tsHcEvoP\/edit?usp=sharing&amp;ouid=105524380281426200647&amp;rtpof=true&amp;sd=true\" data-type=\"link\" data-id=\"https:\/\/docs.google.com\/document\/d\/1ra6NRIAMjW-duvtGF0a98TZ2tsHcEvoP\/edit?usp=sharing&amp;ouid=105524380281426200647&amp;rtpof=true&amp;sd=true\">Formulari general. Word<\/a><br><br>&#8211; <a href=\"https:\/\/docs.google.com\/forms\/d\/e\/1FAIpQLSdWwpTgB6KJB8y5FYuzBbI-VpuPC0fKKj8pyEEa3rP_ycz1Wg\/viewform\" data-type=\"link\" data-id=\"https:\/\/docs.google.com\/forms\/d\/e\/1FAIpQLSdWwpTgB6KJB8y5FYuzBbI-VpuPC0fKKj8pyEEa3rP_ycz1Wg\/viewform\">Formulari per a cada actuaci\u00f3 dins del marc dels PEE <\/a><br>&#8211; <a href=\"https:\/\/drive.google.com\/file\/d\/1_jkCWsAGUfe6xCMH6tuWMGR3iwHRL5TP\/view?usp=sharing\" data-type=\"link\" data-id=\"https:\/\/drive.google.com\/file\/d\/1_jkCWsAGUfe6xCMH6tuWMGR3iwHRL5TP\/view?usp=sharing\">Formulari  per a cada actuaci\u00f3. PDF<\/a><br>&#8211; <a href=\"https:\/\/docs.google.com\/document\/d\/1-wUn47IQEncJ_ix6TNLqw31eZfl-Ll8o\/edit?usp=sharing&amp;ouid=105524380281426200647&amp;rtpof=true&amp;sd=true\" data-type=\"link\" data-id=\"https:\/\/docs.google.com\/document\/d\/1-wUn47IQEncJ_ix6TNLqw31eZfl-Ll8o\/edit?usp=sharing&amp;ouid=105524380281426200647&amp;rtpof=true&amp;sd=true\">Formulari per a cada actuaci\u00f3. Word<\/a><br><br><\/td><\/tr><\/tbody><\/table><\/figure>\n\n\n\n<p>Recordeu que la ruta per enviar les <strong>justificacions econ\u00f2miques<\/strong> per EACAT \u00e9s la seg\u00fcent:<br><strong>Inici &gt; Tr\u00e0mits &gt; Cat\u00e0leg &gt; EDF \u2013 Comunicacions referents als Plans Educatius d\u2019Entorn &gt; Comunicaci\u00f3 al Departament<\/strong><\/p>\n\n\n\n<p><\/p>\n","protected":false},"excerpt":{"rendered":"<p>ECON\u00d2MICA M\u00f2dul 1Dotaci\u00f3 ordin\u00e0ria dels PEEM\u00f2dul 2Recursos t\u00e8cnics per refor\u00e7ar el lideratge t\u00e8cnic i la dinamitzaci\u00f3 de l\u2019educaci\u00f3 en l\u2019\u00e0mbit comunitariM\u00f2dul 3Tallers de suport i acompanyament educatiu i diversificatsOportunitats educatives m\u00e9s enll\u00e0 de l\u2019escolaMentoria socioeducativa Justificaci\u00f3 fins al 15 d\u2019octubre de 2025 Model:Justificaci\u00f3PEE_FP2425 (Per ampliar files heu d\u2019habilitar edici\u00f3 i contingut un cop descarregat l\u2019arxiu) [&hellip;]<\/p>\n","protected":false},"author":1,"featured_media":0,"parent":0,"menu_order":0,"comment_status":"closed","ping_status":"close","template":"","meta":{"_bbp_topic_count":0,"_bbp_reply_count":0,"_bbp_total_topic_count":0,"_bbp_total_reply_count":0,"_bbp_voice_count":0,"_bbp_anonymous_reply_count":0,"_bbp_topic_count_hidden":0,"_bbp_reply_count_hidden":0,"_bbp_forum_subforum_count":0,"site-sidebar-layout":"default","site-content-layout":"","ast-site-content-layout":"default","site-content-style":"default","site-sidebar-style":"default","ast-global-header-display":"","ast-banner-title-visibility":"","ast-main-header-display":"","ast-hfb-above-header-display":"","ast-hfb-below-header-display":"","ast-hfb-mobile-header-display":"","site-post-title":"","ast-breadcrumbs-content":"","ast-featured-img":"","footer-sml-layout":"","theme-transparent-header-meta":"","adv-header-id-meta":"","stick-header-meta":"","header-above-stick-meta":"","header-main-stick-meta":"","header-below-stick-meta":"","astra-migrate-meta-layouts":"set","ast-page-background-enabled":"default","ast-page-background-meta":{"desktop":{"background-color":"var(--ast-global-color-4)","background-image":"","background-repeat":"repeat","background-position":"center center","background-size":"auto","background-attachment":"scroll","background-type":"","background-media":"","overlay-type":"","overlay-color":"","overlay-opacity":"","overlay-gradient":""},"tablet":{"background-color":"","background-image":"","background-repeat":"repeat","background-position":"center center","background-size":"auto","background-attachment":"scroll","background-type":"","background-media":"","overlay-type":"","overlay-color":"","overlay-opacity":"","overlay-gradient":""},"mobile":{"background-color":"","background-image":"","background-repeat":"repeat","background-position":"center center","background-size":"auto","background-attachment":"scroll","background-type":"","background-media":"","overlay-type":"","overlay-color":"","overlay-opacity":"","overlay-gradient":""}},"ast-content-background-meta":{"desktop":{"background-color":"var(--ast-global-color-5)","background-image":"","background-repeat":"repeat","background-position":"center center","background-size":"auto","background-attachment":"scroll","background-type":"","background-media":"","overlay-type":"","overlay-color":"","overlay-opacity":"","overlay-gradient":""},"tablet":{"background-color":"var(--ast-global-color-5)","background-image":"","background-repeat":"repeat","background-position":"center center","background-size":"auto","background-attachment":"scroll","background-type":"","background-media":"","overlay-type":"","overlay-color":"","overlay-opacity":"","overlay-gradient":""},"mobile":{"background-color":"var(--ast-global-color-5)","background-image":"","background-repeat":"repeat","background-position":"center center","background-size":"auto","background-attachment":"scroll","background-type":"","background-media":"","overlay-type":"","overlay-color":"","overlay-opacity":"","overlay-gradient":""}},"footnotes":""},"class_list":["post-10400","page","type-page","status-publish","hentry"],"post_mailing_queue_ids":[],"_links":{"self":[{"href":"https:\/\/projectes.xtec.cat\/pee\/wp-json\/wp\/v2\/pages\/10400","targetHints":{"allow":["GET"]}}],"collection":[{"href":"https:\/\/projectes.xtec.cat\/pee\/wp-json\/wp\/v2\/pages"}],"about":[{"href":"https:\/\/projectes.xtec.cat\/pee\/wp-json\/wp\/v2\/types\/page"}],"author":[{"embeddable":true,"href":"https:\/\/projectes.xtec.cat\/pee\/wp-json\/wp\/v2\/users\/1"}],"replies":[{"embeddable":true,"href":"https:\/\/projectes.xtec.cat\/pee\/wp-json\/wp\/v2\/comments?post=10400"}],"version-history":[{"count":6,"href":"https:\/\/projectes.xtec.cat\/pee\/wp-json\/wp\/v2\/pages\/10400\/revisions"}],"predecessor-version":[{"id":10429,"href":"https:\/\/projectes.xtec.cat\/pee\/wp-json\/wp\/v2\/pages\/10400\/revisions\/10429"}],"wp:attachment":[{"href":"https:\/\/projectes.xtec.cat\/pee\/wp-json\/wp\/v2\/media?parent=10400"}],"curies":[{"name":"wp","href":"https:\/\/api.w.org\/{rel}","templated":true}]}}