{"id":10703,"date":"2026-03-04T14:00:15","date_gmt":"2026-03-04T13:00:15","guid":{"rendered":"https:\/\/projectes.xtec.cat\/pee\/?page_id=10703"},"modified":"2026-03-05T09:39:05","modified_gmt":"2026-03-05T08:39:05","slug":"territori-xoac","status":"publish","type":"page","link":"https:\/\/projectes.xtec.cat\/pee\/territori-xoac\/","title":{"rendered":"Territori XOAC"},"content":{"rendered":"\n<iframe loading=\"lazy\" src=\"https:\/\/www.google.com\/maps\/d\/u\/0\/embed?mid=1SHXQS-d9vgJ5g4ef5Yzx2Zwu9riRTj0&#038;ehbc=2E312F&#038;noprof=1&#038;ll=41.543110204835294%2C1.8419232500000011&#038;z=7\" width=\"640\" height=\"480\"><\/iframe>\n\n\n\n<p><\/p>\n\n\n\n<p>Llegenda:<\/p>\n\n\n\n<p><img loading=\"lazy\" decoding=\"async\" width=\"35\" height=\"35\" class=\"wp-image-10744\" style=\"width: 35px;\" src=\"https:\/\/projectes.xtec.cat\/pee\/wp-content\/uploads\/usu2653\/2026\/03\/png-transparent-green-location-icon-illustration-computer-icons-google-maps-google-map-maker-adress-angle-leaf-grass-thumbnail-1.png\" alt=\"\" srcset=\"https:\/\/projectes.xtec.cat\/pee\/wp-content\/uploads\/usu2653\/2026\/03\/png-transparent-green-location-icon-illustration-computer-icons-google-maps-google-map-maker-adress-angle-leaf-grass-thumbnail-1.png 512w, https:\/\/projectes.xtec.cat\/pee\/wp-content\/uploads\/usu2653\/2026\/03\/png-transparent-green-location-icon-illustration-computer-icons-google-maps-google-map-maker-adress-angle-leaf-grass-thumbnail-1-300x300.png 300w, https:\/\/projectes.xtec.cat\/pee\/wp-content\/uploads\/usu2653\/2026\/03\/png-transparent-green-location-icon-illustration-computer-icons-google-maps-google-map-maker-adress-angle-leaf-grass-thumbnail-1-150x150.png 150w\" sizes=\"auto, (max-width: 35px) 100vw, 35px\" \/><mark style=\"background-color:rgba(0, 0, 0, 0);color:#0b7109\" class=\"has-inline-color\">Icona verda<\/mark>: Municipis sense dotaci\u00f3 t\u00e8cnica OAC, per\u00f2 amb figura municipal.<br><img loading=\"lazy\" decoding=\"async\" width=\"33\" height=\"33\" class=\"wp-image-10748\" style=\"width: 33px;\" src=\"https:\/\/projectes.xtec.cat\/pee\/wp-content\/uploads\/usu2653\/2026\/03\/icone-de-broche-de-localisation-violette.png\" alt=\"\" srcset=\"https:\/\/projectes.xtec.cat\/pee\/wp-content\/uploads\/usu2653\/2026\/03\/icone-de-broche-de-localisation-violette.png 512w, https:\/\/projectes.xtec.cat\/pee\/wp-content\/uploads\/usu2653\/2026\/03\/icone-de-broche-de-localisation-violette-300x300.png 300w, https:\/\/projectes.xtec.cat\/pee\/wp-content\/uploads\/usu2653\/2026\/03\/icone-de-broche-de-localisation-violette-150x150.png 150w\" sizes=\"auto, (max-width: 33px) 100vw, 33px\" \/><mark style=\"background-color:rgba(0, 0, 0, 0);color:#a20aaa\" class=\"has-inline-color\">Icona violeta<\/mark>: Municipis amb figura t\u00e8cnica OAC.<\/p>\n\n\n\n<p><\/p>\n\n\n\n<p><\/p>\n\n\n\n<p><\/p>\n\n\n\n<p><\/p>\n","protected":false},"excerpt":{"rendered":"<p>Llegenda: Icona verda: Municipis sense dotaci\u00f3 t\u00e8cnica OAC, per\u00f2 amb figura municipal.Icona violeta: Municipis amb figura t\u00e8cnica OAC.<\/p>\n","protected":false},"author":1,"featured_media":0,"parent":0,"menu_order":0,"comment_status":"closed","ping_status":"close","template":"","meta":{"_bbp_topic_count":0,"_bbp_reply_count":0,"_bbp_total_topic_count":0,"_bbp_total_reply_count":0,"_bbp_voice_count":0,"_bbp_anonymous_reply_count":0,"_bbp_topic_count_hidden":0,"_bbp_reply_count_hidden":0,"_bbp_forum_subforum_count":0,"site-sidebar-layout":"default","site-content-layout":"","ast-site-content-layout":"default","site-content-style":"default","site-sidebar-style":"default","ast-global-header-display":"","ast-banner-title-visibility":"","ast-main-header-display":"","ast-hfb-above-header-display":"","ast-hfb-below-header-display":"","ast-hfb-mobile-header-display":"","site-post-title":"","ast-breadcrumbs-content":"","ast-featured-img":"","footer-sml-layout":"","theme-transparent-header-meta":"","adv-header-id-meta":"","stick-header-meta":"","header-above-stick-meta":"","header-main-stick-meta":"","header-below-stick-meta":"","astra-migrate-meta-layouts":"set","ast-page-background-enabled":"default","ast-page-background-meta":{"desktop":{"background-color":"var(--ast-global-color-4)","background-image":"","background-repeat":"repeat","background-position":"center center","background-size":"auto","background-attachment":"scroll","background-type":"","background-media":"","overlay-type":"","overlay-color":"","overlay-opacity":"","overlay-gradient":""},"tablet":{"background-color":"","background-image":"","background-repeat":"repeat","background-position":"center center","background-size":"auto","background-attachment":"scroll","background-type":"","background-media":"","overlay-type":"","overlay-color":"","overlay-opacity":"","overlay-gradient":""},"mobile":{"background-color":"","background-image":"","background-repeat":"repeat","background-position":"center center","background-size":"auto","background-attachment":"scroll","background-type":"","background-media":"","overlay-type":"","overlay-color":"","overlay-opacity":"","overlay-gradient":""}},"ast-content-background-meta":{"desktop":{"background-color":"var(--ast-global-color-5)","background-image":"","background-repeat":"repeat","background-position":"center center","background-size":"auto","background-attachment":"scroll","background-type":"","background-media":"","overlay-type":"","overlay-color":"","overlay-opacity":"","overlay-gradient":""},"tablet":{"background-color":"var(--ast-global-color-5)","background-image":"","background-repeat":"repeat","background-position":"center center","background-size":"auto","background-attachment":"scroll","background-type":"","background-media":"","overlay-type":"","overlay-color":"","overlay-opacity":"","overlay-gradient":""},"mobile":{"background-color":"var(--ast-global-color-5)","background-image":"","background-repeat":"repeat","background-position":"center center","background-size":"auto","background-attachment":"scroll","background-type":"","background-media":"","overlay-type":"","overlay-color":"","overlay-opacity":"","overlay-gradient":""}},"footnotes":""},"class_list":["post-10703","page","type-page","status-publish","hentry"],"post_mailing_queue_ids":[],"_links":{"self":[{"href":"https:\/\/projectes.xtec.cat\/pee\/wp-json\/wp\/v2\/pages\/10703","targetHints":{"allow":["GET"]}}],"collection":[{"href":"https:\/\/projectes.xtec.cat\/pee\/wp-json\/wp\/v2\/pages"}],"about":[{"href":"https:\/\/projectes.xtec.cat\/pee\/wp-json\/wp\/v2\/types\/page"}],"author":[{"embeddable":true,"href":"https:\/\/projectes.xtec.cat\/pee\/wp-json\/wp\/v2\/users\/1"}],"replies":[{"embeddable":true,"href":"https:\/\/projectes.xtec.cat\/pee\/wp-json\/wp\/v2\/comments?post=10703"}],"version-history":[{"count":6,"href":"https:\/\/projectes.xtec.cat\/pee\/wp-json\/wp\/v2\/pages\/10703\/revisions"}],"predecessor-version":[{"id":10749,"href":"https:\/\/projectes.xtec.cat\/pee\/wp-json\/wp\/v2\/pages\/10703\/revisions\/10749"}],"wp:attachment":[{"href":"https:\/\/projectes.xtec.cat\/pee\/wp-json\/wp\/v2\/media?parent=10703"}],"curies":[{"name":"wp","href":"https:\/\/api.w.org\/{rel}","templated":true}]}}