{"id":306,"date":"2015-11-24T18:02:44","date_gmt":"2015-11-24T17:02:44","guid":{"rendered":"http:\/\/projectes.xtec.cat\/pee\/?page_id=306"},"modified":"2024-09-20T13:25:32","modified_gmt":"2024-09-20T11:25:32","slug":"equip","status":"publish","type":"page","link":"https:\/\/projectes.xtec.cat\/pee\/presentacio\/equip\/","title":{"rendered":"EQUIP"},"content":{"rendered":"<p><b>EQUIP SSCE 2024-2025<\/b><\/p>\n<p><b style=\"font-family: inherit; font-size: 1em;\">Vict\u00f2ria Hinojosa Garc\u00eda<br \/>\n<\/b><span style=\"font-family: inherit; font-size: 1em;\">Cap del Servei de Suport a la Comunitat Educativa.<br \/>\n<\/span><span style=\"font-family: inherit; font-size: 1em;\">Contacte: <\/span><a style=\"font-family: inherit; font-size: 1em;\" href=\"mailto:vhinojosag@gencat.cat\">vhinojosag@gencat.cat\u00a0<\/a><\/p>\n<p><strong>EQUIP T\u00c8CNIC<\/strong><\/p>\n<p><b>Clara Prades Beltran<br \/>\n<\/b><span style=\"font-family: inherit; font-size: 1em;\">Coordinaci\u00f3 i assessorament t\u00e8cnic de la gesti\u00f3 dels PEE<br \/>\n<\/span><span style=\"font-family: inherit; font-size: 1em;\">Coordinaci\u00f3 i assessorament del SOAC.<br \/>\n<\/span><span style=\"font-family: inherit; font-size: 1em;\">Coordinaci\u00f3 dels grups de treball inicial i d&#8217;aprofundiment d&#8217;orientadors comunitaris.<br \/>\n<\/span><span style=\"font-family: inherit; font-size: 1em;\">Referent del projecte de mentoria socioeducativa.<br \/>\n<\/span><span style=\"font-family: inherit; font-size: 1em;\">Contacte: <\/span><a style=\"font-family: inherit; font-size: 1em;\" href=\"mailto:rprades@xtec.cat\">rprades@xtec.cat\u00a0<\/a><\/p>\n<p><b>Xavier V\u00e1zquez Chimeno<br \/>\n<\/b><span style=\"font-family: inherit; font-size: 1em;\">Coordinaci\u00f3 i assessorament t\u00e8cnic de la gesti\u00f3 dels PEE<\/span><b><br \/>\n<\/b><span style=\"font-weight: 400;\">Referent territorial dels Plans educatius d\u2019entorn de <strong>Barcelon\u00e8s i Catalunya Central<\/strong><\/span><span style=\"font-weight: 400;\"><br \/>\n<\/span><span style=\"font-family: inherit; font-size: 1em;\">Seguiment de PROA+ i POEFE.<br \/>\n<\/span><span style=\"font-family: inherit; font-size: 1em;\">Contacte: <\/span><a style=\"font-family: inherit; font-size: 1em;\" href=\"mailto:jvazqu37@xtec.cat\">jvazqu37@xtec.cat\u00a0<\/a><\/p>\n<p><b>Merc\u00e8 Franco Roca<\/b><span style=\"font-weight: 400;\"><br \/>\n<\/span><span style=\"font-weight: 400;\">Assessorament t\u00e8cnic i gesti\u00f3 de dades dels Plans educatius d\u2019entorn.<\/span><span style=\"font-weight: 400;\"><br \/>\n<\/span><span style=\"font-family: inherit; font-size: 1em;\">Coordinaci\u00f3 i gesti\u00f3 del pla de comunicaci\u00f3 i difusi\u00f3 del Servei de Suport a la Comunitat Educativa.<br \/>\n<\/span><span style=\"font-family: inherit; font-size: 1em;\">Contacte: <\/span><a style=\"font-family: inherit; font-size: 1em;\" href=\"mailto:mfranc49@xtec.cat\">mfranc49@xtec.cat<\/a><\/p>\n<p><b>Marina de R\u00e9gil Amorena<br \/>\n<\/b><span style=\"font-family: inherit; font-size: 1em;\">Referent del projecte d\u2019Interculturalitat.<br \/>\n<\/span><span style=\"font-family: inherit; font-size: 1em;\">Referent dels T\u00e8cnics d\u2019Integraci\u00f3 Social (TIS) i educadors socials.<br \/>\n<\/span><span style=\"font-family: inherit; font-size: 1em;\">Referent del Pacte contra la segregaci\u00f3 escolar.<br \/>\n<\/span><span style=\"font-family: inherit; font-size: 1em;\">Contacte: <\/span><a style=\"font-family: inherit; font-size: 1em;\" href=\"mregil@xtec.cat\"><span style=\"font-family: inherit; font-size: 1em;\">mregil@xtec.cat<\/span><\/a><\/p>\n<p><strong>Jenny Piulachs Roig<br \/>\n<strong style=\"font-family: inherit; font-size: 1em;\"><span style=\"font-weight: 400;\">Referent territorial dels Plans educatius d\u2019entorn del <strong>Baix Llobregat i Vall\u00e8s Occidental<\/strong><\/span><\/strong><br \/>\n<\/strong><span style=\"font-family: inherit; font-size: 1em;\">Contacte: <\/span><a style=\"font-family: inherit; font-size: 1em;\" href=\"mailto:jpiulach@xtec.cat\">jpiulach@xtec.cat<\/a><\/p>\n<p><strong>Carolina S\u00e1nchez Garrido<br \/>\n<strong style=\"font-family: inherit; font-size: 1em;\"><span style=\"font-weight: 400;\">Referent territorial dels Plans educatius d\u2019entorn i comissionada de <strong>Maresme-Vall\u00e8s Oriental\u00a0<\/strong><\/span><\/strong><br \/>\n<\/strong><span style=\"font-family: inherit; font-size: 1em;\">Contacte: <\/span><a style=\"font-family: inherit; font-size: 1em;\" href=\"mailto:csanc39@xtec.cat\">csanc39@xtec.cat<\/a><\/p>\n<p><strong>Montserrat Soberbio Castelar<br \/>\n<strong style=\"font-family: inherit; font-size: 1em;\"><span style=\"font-weight: 400;\">Referent territorial dels Plans educatius d\u2019entorn de <strong>Pened\u00e8s i Tarragona<\/strong><\/span><\/strong><br \/>\n<\/strong><span style=\"font-family: inherit; font-size: 1em;\">Contacte: <a href=\"mailto:msoberbi@xtec.cat\">msoberbi@xtec.cat<\/a><\/span><\/p>\n<p><strong>Chus Vald\u00e9s Arias<br \/>\n<\/strong><strong style=\"font-family: inherit; font-size: 1em;\"><span style=\"font-weight: 400;\">Referent territorial dels Plans educatius d\u2019entorn i comissionada de <strong>Girona<\/strong><br \/>\n<\/span><\/strong><span style=\"font-family: inherit; font-size: 1em;\">Contacte: <a href=\"mailto:mvaldes@xtec.cat\" target=\"_blank\" rel=\"noopener\">mvaldes@xtec.cat<\/a><\/span><\/p>\n<p><b>Ana V\u00e1zquez Chimeno<br \/>\n<\/b><span style=\"font-family: inherit; font-size: 1em;\">Coordinaci\u00f3 i assessorament t\u00e8cnic del Grup de treball dels PEE<\/span><b><br \/>\n<\/b><span style=\"font-weight: 400;\">Referent territorial dels Plans educatius d\u2019entorn de <strong>APA, Lleida i Terres de l&#8217;Ebre<\/strong><\/span><span style=\"font-family: inherit; font-size: 1em;\"><br \/>\n<\/span><span style=\"font-family: inherit; font-size: 1em;\">Contacte: <\/span><a style=\"font-family: inherit; font-size: 1em;\" href=\"avazqu27@xtec.cat\">avazqu27@xtec.cat<\/a><\/p>\n<p><strong>ORIENTACI\u00d3 COMUNIT\u00c0RIA<\/strong><\/p>\n<p>Mari Gonz\u00e1lez Sanz<br \/>\n<strong style=\"font-family: inherit; font-size: 1em;\"><span style=\"font-weight: 400;\">Referent OAC de <strong>Baix Llobregat i Terres de l&#8217;Ebre<\/strong><br \/>\n<span style=\"font-family: inherit; font-size: 1em;\">Contacte: <a href=\"mailto:mgonz533@xtec.cat\">mgonz533@xtec.cat<\/a><\/span><\/span><\/strong><\/p>\n<p><strong>Anna Teixid\u00f3 Vendrell<br \/>\n<strong style=\"font-family: inherit; font-size: 1em;\"><span style=\"font-weight: 400;\">Referent OAC de <strong>Tarragona i Lleida<\/strong><br \/>\n<span style=\"font-family: inherit; font-size: 1em;\">Contacte: <\/span><a href=\"mailto:ateixi25@xtec.cat\" target=\"_blank\" rel=\"noopener\">ateixi25@xtec.cat<\/a><\/span><\/strong><\/strong><\/p>\n<p><strong>Georgina Solanes Subarroca<br \/>\n<strong style=\"font-family: inherit; font-size: 1em;\"><span style=\"font-weight: 400;\">Referent OAC de <strong>Maresme-Vall\u00e8s Oriental i Vall\u00e8s Occidental<\/strong><br \/>\n<span style=\"font-family: inherit; font-size: 1em;\">Contacte: <a href=\"mailto:gsolane2@xtec.cat\" target=\"_blank\" rel=\"noopener\">gsolane2@xtec.cat<\/a><\/span><\/span><\/strong><\/strong><\/p>\n<p><strong>Chiqui Subirana Garcia<br \/>\n<strong style=\"font-family: inherit; font-size: 1em;\"><span style=\"font-weight: 400;\">Referent OAC de <strong>Barcelon\u00e8s i Pened\u00e8s<\/strong><br \/>\n<span style=\"font-family: inherit; font-size: 1em;\">Contacte: <a href=\"mailto:msubir12@xtec.cat\" target=\"_blank\" rel=\"noopener\">msubir12@xtec.cat<\/a><\/span><\/span><\/strong><\/strong><\/p>\n<p><strong>EQUIP DE GESTI\u00d3<\/strong><\/p>\n<p><b>Alba Nogu\u00e9 Mart\u00ednez<br \/>\n<\/b><span style=\"font-weight: 400;\">T\u00e8cnica superior. <\/span><span style=\"font-weight: 400;\">Gesti\u00f3 t\u00e8cnica i econ\u00f2mica de la Sub-direcci\u00f3 General d\u2019Atenci\u00f3 i Suport a la Comunitat Educativa.<br \/>\n<\/span><span style=\"font-family: inherit; font-size: 1em;\">Contacte: <\/span><a style=\"font-family: inherit; font-size: 1em;\" href=\"mailto:anoguem@gencat.cat\">pee.educacio@gencat.cat\u00a0<\/a><\/p>\n<p><strong>N\u00faria Salazar Sed\u00f3<br \/>\n<\/strong><span style=\"font-weight: 400;\">T\u00e8cnica superior. <\/span><span style=\"font-weight: 400;\">Gesti\u00f3 t\u00e8cnica i econ\u00f2mica de la Sub-direcci\u00f3 General d\u2019Atenci\u00f3 i Suport a la Comunitat Educativa.<br \/>\n<\/span><span style=\"font-family: inherit; font-size: 1em;\">Contacte: <a style=\"font-family: inherit; font-size: 1em;\" href=\"mailto:anoguem@gencat.cat\">pee.educacio<\/a><\/span><a style=\"font-family: inherit; font-size: 1em;\" href=\"mailto:nuriasalazar@gencat.cat\">@gencat.cat<\/a><\/p>\n<p><strong>Ada Morales Guijo<br \/>\n<\/strong><span style=\"font-weight: 400;\">T\u00e8cnica superior. <\/span><span style=\"font-weight: 400;\">Gesti\u00f3 t\u00e8cnica i econ\u00f2mica de la Sub-direcci\u00f3 General d\u2019Atenci\u00f3 i Suport a la Comunitat Educativa.<br \/>\n<\/span><span style=\"font-family: inherit; font-size: 1em;\">Contacte: <a style=\"font-family: inherit; font-size: 1em;\" href=\"mailto:anoguem@gencat.cat\">pee.educacio<\/a><a href=\"mailto:adamorales@gencat.cat\">@gencat.cat<\/a><\/span><\/p>\n<p><strong>Marta Figuera Valltondre<br \/>\n<\/strong><span style=\"font-family: inherit; font-size: 1em;\">Administrativa del SSCE. <\/span><span style=\"font-weight: 400;\">Sub-direcci\u00f3 General d\u2019Atenci\u00f3 i Suport a la Comunitat Educativa.<br \/>\n<\/span><span style=\"font-family: inherit; font-size: 1em;\">Contacte:<a style=\"font-family: inherit; font-size: 1em;\" href=\"mailto:anoguem@gencat.cat\">pee.educacio<\/a><\/span><a style=\"font-family: inherit; font-size: 1em;\" href=\"mailto:mfiguerav@gencat.cat\">@gencat.cat\u00a0<\/a><\/p>\n<p><strong style=\"font-family: inherit; font-size: 1em;\"><br \/>\nCOMISSIONATS D&#8217;ESPORTS\u00a0<\/strong><\/p>\n<p><b>Cristina Gonz\u00e1lez de Prado<br \/>\n<\/b><span style=\"font-weight: 400;\">Comissionada d&#8217;esports. Referent territorial del Pla catal\u00e0 d&#8217;esport a l&#8217;escola al <strong>Barcelon\u00e8s<\/strong> i <\/span><b style=\"font-family: inherit; font-size: 1em;\">Baix Llobregat<\/b><span style=\"font-weight: 400;\">.<br \/>\n<\/span><span style=\"font-family: inherit; font-size: 1em;\">Contacte: <\/span><a style=\"font-family: inherit; font-size: 1em;\" href=\"mailto:cgonzalezp@gencat.cat\">cgonzalezp<span class=\"\">@gen<\/span>cat.cat<\/a><\/p>\n<p><b>Llu\u00eds Sandiumenge<br \/>\n<\/b><span style=\"font-weight: 400;\">Comissionada d&#8217;esports. Referent territorial del Pla catal\u00e0 d&#8217;esport a l&#8217;escola<strong> Pened\u00e8s i Tarragona.<\/strong><\/span><b style=\"font-family: inherit; font-size: 1em;\"><br \/>\n<\/b><span style=\"font-family: inherit; font-size: 1em;\">Contacte: <a href=\"mailto:lsandium@xtec.cat\"><span class=\"ui-provider ec bsz bhi bta btb btc btd bte btf btg bth bti btj btk btl btm btn bto btp btq btr bts btt btu btv btw btx bty btz bua bub buc bud bue buf\" dir=\"ltr\">lsandium@xtec.cat<\/span><\/a><\/span><\/p>\n<p><b>Joan Berengu\u00e9<br \/>\n<\/b><span style=\"font-weight: 400;\">Comissionat d&#8217;esports. Referent territorial del Pla catal\u00e0 d&#8217;esport a l&#8217;escola a\u00a0 <\/span><b style=\"font-family: inherit; font-size: 1em;\">Alt Pirineu-Aran, Lleida i <span style=\"font-weight: 400;\"><strong>Terres de l&#8217;Ebre<\/strong><\/span>.<br \/>\n<\/b><span style=\"font-family: inherit; font-size: 1em;\">Contacte: <\/span><a style=\"font-family: inherit; font-size: 1em;\" href=\"mailto:jberengue@gencat.cat\">jberengue@gencat.cat<\/a><\/p>\n<p><b>Jonathan Herrera Falconi<br \/>\n<\/b><span style=\"font-weight: 400;\">Comissionat d&#8217;esports. Referent territorial del Pla catal\u00e0 d&#8217;esport a l&#8217;escola a <strong>Vall\u00e8s Occidental.<\/strong><\/span><b style=\"font-family: inherit; font-size: 1em;\"><br \/>\n<\/b><span style=\"font-family: inherit; font-size: 1em;\">Contacte:<a href=\"mailto:jherre13@xtec.cat\"> jherre13@xtec.cat<\/a><\/span><\/p>\n","protected":false},"excerpt":{"rendered":"<p>EQUIP SSCE 2024-2025 Vict\u00f2ria Hinojosa Garc\u00eda Cap del Servei de Suport a la Comunitat Educativa. Contacte: vhinojosag@gencat.cat\u00a0 EQUIP T\u00c8CNIC Clara Prades Beltran Coordinaci\u00f3 i assessorament t\u00e8cnic de la gesti\u00f3 dels PEE Coordinaci\u00f3 i assessorament del SOAC. Coordinaci\u00f3 dels grups de treball inicial i d&#8217;aprofundiment d&#8217;orientadors comunitaris. Referent del projecte de mentoria socioeducativa. Contacte: rprades@xtec.cat\u00a0 Xavier [&hellip;]<\/p>\n","protected":false},"author":1,"featured_media":0,"parent":797,"menu_order":20,"comment_status":"closed","ping_status":"closed","template":"page-templates\/side-menu.php","meta":{"_bbp_topic_count":0,"_bbp_reply_count":0,"_bbp_total_topic_count":0,"_bbp_total_reply_count":0,"_bbp_voice_count":0,"_bbp_anonymous_reply_count":0,"_bbp_topic_count_hidden":0,"_bbp_reply_count_hidden":0,"_bbp_forum_subforum_count":0,"site-sidebar-layout":"default","site-content-layout":"","ast-site-content-layout":"","site-content-style":"default","site-sidebar-style":"default","ast-global-header-display":"","ast-banner-title-visibility":"","ast-main-header-display":"","ast-hfb-above-header-display":"","ast-hfb-below-header-display":"","ast-hfb-mobile-header-display":"","site-post-title":"","ast-breadcrumbs-content":"","ast-featured-img":"","footer-sml-layout":"","theme-transparent-header-meta":"","adv-header-id-meta":"","stick-header-meta":"","header-above-stick-meta":"","header-main-stick-meta":"","header-below-stick-meta":"","astra-migrate-meta-layouts":"default","ast-page-background-enabled":"default","ast-page-background-meta":{"desktop":{"background-color":"var(--ast-global-color-4)","background-image":"","background-repeat":"repeat","background-position":"center center","background-size":"auto","background-attachment":"scroll","background-type":"","background-media":"","overlay-type":"","overlay-color":"","overlay-opacity":"","overlay-gradient":""},"tablet":{"background-color":"","background-image":"","background-repeat":"repeat","background-position":"center center","background-size":"auto","background-attachment":"scroll","background-type":"","background-media":"","overlay-type":"","overlay-color":"","overlay-opacity":"","overlay-gradient":""},"mobile":{"background-color":"","background-image":"","background-repeat":"repeat","background-position":"center center","background-size":"auto","background-attachment":"scroll","background-type":"","background-media":"","overlay-type":"","overlay-color":"","overlay-opacity":"","overlay-gradient":""}},"ast-content-background-meta":{"desktop":{"background-color":"var(--ast-global-color-5)","background-image":"","background-repeat":"repeat","background-position":"center center","background-size":"auto","background-attachment":"scroll","background-type":"","background-media":"","overlay-type":"","overlay-color":"","overlay-opacity":"","overlay-gradient":""},"tablet":{"background-color":"var(--ast-global-color-5)","background-image":"","background-repeat":"repeat","background-position":"center center","background-size":"auto","background-attachment":"scroll","background-type":"","background-media":"","overlay-type":"","overlay-color":"","overlay-opacity":"","overlay-gradient":""},"mobile":{"background-color":"var(--ast-global-color-5)","background-image":"","background-repeat":"repeat","background-position":"center center","background-size":"auto","background-attachment":"scroll","background-type":"","background-media":"","overlay-type":"","overlay-color":"","overlay-opacity":"","overlay-gradient":""}},"footnotes":""},"class_list":["post-306","page","type-page","status-publish","hentry"],"post_mailing_queue_ids":[],"_links":{"self":[{"href":"https:\/\/projectes.xtec.cat\/pee\/wp-json\/wp\/v2\/pages\/306","targetHints":{"allow":["GET"]}}],"collection":[{"href":"https:\/\/projectes.xtec.cat\/pee\/wp-json\/wp\/v2\/pages"}],"about":[{"href":"https:\/\/projectes.xtec.cat\/pee\/wp-json\/wp\/v2\/types\/page"}],"author":[{"embeddable":true,"href":"https:\/\/projectes.xtec.cat\/pee\/wp-json\/wp\/v2\/users\/1"}],"replies":[{"embeddable":true,"href":"https:\/\/projectes.xtec.cat\/pee\/wp-json\/wp\/v2\/comments?post=306"}],"version-history":[{"count":6,"href":"https:\/\/projectes.xtec.cat\/pee\/wp-json\/wp\/v2\/pages\/306\/revisions"}],"predecessor-version":[{"id":9771,"href":"https:\/\/projectes.xtec.cat\/pee\/wp-json\/wp\/v2\/pages\/306\/revisions\/9771"}],"up":[{"embeddable":true,"href":"https:\/\/projectes.xtec.cat\/pee\/wp-json\/wp\/v2\/pages\/797"}],"wp:attachment":[{"href":"https:\/\/projectes.xtec.cat\/pee\/wp-json\/wp\/v2\/media?parent=306"}],"curies":[{"name":"wp","href":"https:\/\/api.w.org\/{rel}","templated":true}]}}