{"id":8217,"date":"2021-11-17T13:31:14","date_gmt":"2021-11-17T12:31:14","guid":{"rendered":"https:\/\/projectes.xtec.cat\/pee\/?page_id=8217"},"modified":"2024-01-15T08:13:14","modified_gmt":"2024-01-15T07:13:14","slug":"formacio","status":"publish","type":"page","link":"https:\/\/projectes.xtec.cat\/pee\/formacio\/","title":{"rendered":"FORMACI\u00d3 2021-2022"},"content":{"rendered":"<p><strong>CURSOS 2021-2022<\/strong><\/p>\n<ul>\n<li><span style=\"font-weight: 400;\">9000090541 <\/span><b>Formaci\u00f3 aprofundiment Servei comunitari<br \/>\n<\/b>Curs. Curs a dist\u00e0ncia . Del dimarts 15\/03\/2022 al 14\/06\/2022 de 17:30h a 19:00h<\/li>\n<li>ASSESSORAMENT a CENTRES PEE\u00a0020<strong>: Disseny d\u2019estrat\u00e8gies de futur\u00a0<\/strong>(17\/01\/22 al 02\/05\/22)<\/li>\n<li><span style=\"font-weight: 400;\">9000050541 <\/span><span style=\"text-decoration: underline;\"><b>Grup de treball referents Pla Educatiu d&#8217;Entorn<br \/>\n<\/b><\/span>Grup de treball. VT Curs a dist\u00e0ncia (A dist\u00e0ncia). Del dimecres 6\/10\/2021 al 1\/6\/2022 de 9:00h a 13:00h<\/li>\n<\/ul>\n<ul>\n<li><span style=\"font-weight: 400;\">9000060541 <\/span><span style=\"text-decoration: underline;\"><b>Educaci\u00f3 intercultural: fonaments te\u00f2rics i aplicaci\u00f3 en el centre docent<br \/>\n<\/b><\/span>Curs telem\u00e0tic (en l\u00ednia as\u00edncron). VT Curs a dist\u00e0ncia (A dist\u00e0ncia). Del dilluns 7\/2\/2022 al 31\/5\/2022<\/li>\n<\/ul>\n<ul>\n<li><span style=\"font-weight: 400;\">9001000541 <\/span><span style=\"text-decoration: underline;\"><b>Formaci\u00f3 per a referents de servei comunitari<br \/>\n<\/b><\/span>Curs telem\u00e0tic (en l\u00ednia as\u00edncron). VT Curs a dist\u00e0ncia (A dist\u00e0ncia). Del divendres 15\/10\/2021 al 15\/3\/2022<\/li>\n<\/ul>\n<ul>\n<li><span style=\"font-weight: 400;\">9001010541 <\/span><span style=\"text-decoration: underline;\"><b>Espais formatius per a professionals del PEE. La personalitzaci\u00f3 educativa amb base comunit\u00e0ria<br \/>\n<\/b><\/span>Curs. VT Curs a dist\u00e0ncia (A dist\u00e0ncia). Del dimecres 13\/10\/2021 al 17\/11\/2021 de 16:00h a 18:00h<\/li>\n<\/ul>\n<ul>\n<li><span style=\"font-weight: 400;\">9009000541 <\/span><span style=\"text-decoration: underline;\"><b>Com abordem les diversitats a l&#8217;aula<br \/>\n<\/b><\/span>Curs. VT Curs a dist\u00e0ncia (A dist\u00e0ncia). Del diumenge 10\/10\/2021 al 15\/12\/2021 de 17:30h a 19:30h<\/li>\n<\/ul>\n<ul>\n<li><span style=\"text-decoration: underline;\"><b>Grup de treball referents pla educatiu d&#8217;entorn 0-20<\/b><\/span><span style=\"font-weight: 400;\"> (10\/09\/21 al 30 \/05\/22)<\/span><\/li>\n<li><span style=\"text-decoration: underline;\"><b>Grup de treball\u00a0 &#8220;L\u2019orientaci\u00f3 educativa d\u2019\u00e0mbit comunitari en el marc del PEE&#8221; (OaC-PEE)\u00a0 <\/b><\/span><span style=\"font-weight: 400;\">(21\/10\/2021 a 02\/06\/2022)<\/span><\/li>\n<\/ul>\n<p>&nbsp;<\/p>\n<p><b>JORNADES 2021-2022<\/b><\/p>\n<p><strong>Jornada de tancament del Pilotatge &#8220;Plans educatius d&#8217;entorn 0-20&#8221;<\/strong> (10 juny 2022)<\/p>\n<p><strong>Jornada &#8220;Dia Mundial de l&#8217;activitat f\u00edsica: la milla di\u00e0ria&#8221;<\/strong> (23 mar\u00e7 2022)<\/p>\n<p><b>JORNADA \u201cPLANS EDUCATIUS D\u2019ENTORN CAP A ECOSISTEMES EDUCATIUS COMUNITARIS\u201d <\/b>(10 mar\u00e7 2022)<\/p>\n<p><a href=\"https:\/\/projectes.xtec.cat\/pee\/general\/jornada-dassegurances-i-tractament-de-dades-dins-dels-pee\/\"><strong>Jornada d&#8217;assegurances i tractament de dades en el marc dels PEE <\/strong><\/a>(23 de mar\u00e7 2022)<\/p>\n<p><b>Presentaci\u00f3 de la GUIA extraescolars a c\u00e0rrec de F. Bofill<\/b> <span style=\"font-weight: 400;\">(7 de juliol de 2021)<\/span><\/p>\n<p><strong>Jornada de mentoria socioeducativa i la seva implementaci\u00f3<\/strong> (Octubre 2021)<\/p>\n<p><b>Presentaci\u00f3_Grups de Treball dels referents PEE\u00a0 2021-2022<\/b><b>\u00a0 <\/b><span style=\"font-weight: 400;\">(Dimecres 6 d&#8217;octubre 2021)<\/span><\/p>\n<p><b>Presentaci\u00f3 del PCEE dins del marc dels PEE<\/b><span style=\"font-weight: 400;\">\u00a0 <\/span><span style=\"font-weight: 400;\">(8 de setembre 2021)<\/span><\/p>\n<p>&nbsp;<\/p>\n","protected":false},"excerpt":{"rendered":"<p>CURSOS 2021-2022 9000090541 Formaci\u00f3 aprofundiment Servei comunitari Curs. Curs a dist\u00e0ncia . Del dimarts 15\/03\/2022 al 14\/06\/2022 de 17:30h a 19:00h ASSESSORAMENT a CENTRES PEE\u00a0020: Disseny d\u2019estrat\u00e8gies de futur\u00a0(17\/01\/22 al 02\/05\/22) 9000050541 Grup de treball referents Pla Educatiu d&#8217;Entorn Grup de treball. VT Curs a dist\u00e0ncia (A dist\u00e0ncia). Del dimecres 6\/10\/2021 al 1\/6\/2022 de 9:00h [&hellip;]<\/p>\n","protected":false},"author":1,"featured_media":0,"parent":0,"menu_order":0,"comment_status":"closed","ping_status":"closed","template":"","meta":{"_bbp_topic_count":0,"_bbp_reply_count":0,"_bbp_total_topic_count":0,"_bbp_total_reply_count":0,"_bbp_voice_count":0,"_bbp_anonymous_reply_count":0,"_bbp_topic_count_hidden":0,"_bbp_reply_count_hidden":0,"_bbp_forum_subforum_count":0,"site-sidebar-layout":"default","site-content-layout":"","ast-site-content-layout":"","site-content-style":"default","site-sidebar-style":"default","ast-global-header-display":"","ast-banner-title-visibility":"","ast-main-header-display":"","ast-hfb-above-header-display":"","ast-hfb-below-header-display":"","ast-hfb-mobile-header-display":"","site-post-title":"","ast-breadcrumbs-content":"","ast-featured-img":"","footer-sml-layout":"","theme-transparent-header-meta":"","adv-header-id-meta":"","stick-header-meta":"","header-above-stick-meta":"","header-main-stick-meta":"","header-below-stick-meta":"","astra-migrate-meta-layouts":"default","ast-page-background-enabled":"default","ast-page-background-meta":{"desktop":{"background-color":"var(--ast-global-color-4)","background-image":"","background-repeat":"repeat","background-position":"center center","background-size":"auto","background-attachment":"scroll","background-type":"","background-media":"","overlay-type":"","overlay-color":"","overlay-opacity":"","overlay-gradient":""},"tablet":{"background-color":"","background-image":"","background-repeat":"repeat","background-position":"center center","background-size":"auto","background-attachment":"scroll","background-type":"","background-media":"","overlay-type":"","overlay-color":"","overlay-opacity":"","overlay-gradient":""},"mobile":{"background-color":"","background-image":"","background-repeat":"repeat","background-position":"center center","background-size":"auto","background-attachment":"scroll","background-type":"","background-media":"","overlay-type":"","overlay-color":"","overlay-opacity":"","overlay-gradient":""}},"ast-content-background-meta":{"desktop":{"background-color":"var(--ast-global-color-5)","background-image":"","background-repeat":"repeat","background-position":"center center","background-size":"auto","background-attachment":"scroll","background-type":"","background-media":"","overlay-type":"","overlay-color":"","overlay-opacity":"","overlay-gradient":""},"tablet":{"background-color":"var(--ast-global-color-5)","background-image":"","background-repeat":"repeat","background-position":"center center","background-size":"auto","background-attachment":"scroll","background-type":"","background-media":"","overlay-type":"","overlay-color":"","overlay-opacity":"","overlay-gradient":""},"mobile":{"background-color":"var(--ast-global-color-5)","background-image":"","background-repeat":"repeat","background-position":"center center","background-size":"auto","background-attachment":"scroll","background-type":"","background-media":"","overlay-type":"","overlay-color":"","overlay-opacity":"","overlay-gradient":""}},"footnotes":""},"class_list":["post-8217","page","type-page","status-publish","hentry"],"post_mailing_queue_ids":[],"_links":{"self":[{"href":"https:\/\/projectes.xtec.cat\/pee\/wp-json\/wp\/v2\/pages\/8217","targetHints":{"allow":["GET"]}}],"collection":[{"href":"https:\/\/projectes.xtec.cat\/pee\/wp-json\/wp\/v2\/pages"}],"about":[{"href":"https:\/\/projectes.xtec.cat\/pee\/wp-json\/wp\/v2\/types\/page"}],"author":[{"embeddable":true,"href":"https:\/\/projectes.xtec.cat\/pee\/wp-json\/wp\/v2\/users\/1"}],"replies":[{"embeddable":true,"href":"https:\/\/projectes.xtec.cat\/pee\/wp-json\/wp\/v2\/comments?post=8217"}],"version-history":[{"count":4,"href":"https:\/\/projectes.xtec.cat\/pee\/wp-json\/wp\/v2\/pages\/8217\/revisions"}],"predecessor-version":[{"id":9543,"href":"https:\/\/projectes.xtec.cat\/pee\/wp-json\/wp\/v2\/pages\/8217\/revisions\/9543"}],"wp:attachment":[{"href":"https:\/\/projectes.xtec.cat\/pee\/wp-json\/wp\/v2\/media?parent=8217"}],"curies":[{"name":"wp","href":"https:\/\/api.w.org\/{rel}","templated":true}]}}