{"id":8263,"date":"2021-11-18T12:05:08","date_gmt":"2021-11-18T11:05:08","guid":{"rendered":"https:\/\/projectes.xtec.cat\/pee\/?page_id=8263"},"modified":"2022-03-08T09:07:04","modified_gmt":"2022-03-08T08:07:04","slug":"jornades","status":"publish","type":"page","link":"https:\/\/projectes.xtec.cat\/pee\/jornades\/","title":{"rendered":"Jornades"},"content":{"rendered":"<p><b>JORNADES 2021-2022<\/b><\/p>\n<p><b>JORNADA \u201cPLANS EDUCATIUS D\u2019ENTORN CAP A ECOSISTEMES EDUCATIUS COMUNITARIS\u201d <\/b>(10 mar\u00e7 2022)<\/p>\n<p><strong>Jornada d&#8217;assegurances i tractament de dades en el marc dels PEE <\/strong>(23 de mar\u00e7 2022)<\/p>\n<p><b>Presentaci\u00f3 de la GUIA extraescolars a c\u00e0rrec de F. Bofill<\/b> <span style=\"font-weight: 400;\">(7 de juliol de 2021)<\/span><\/p>\n<p><strong>Jornada de mentoria socioeducativa i la seva implementaci\u00f3<\/strong> (Octubre 2021)<\/p>\n<p><b>Presentaci\u00f3_Grups de Treball dels referents PEE\u00a0 2021-2022<\/b><b>\u00a0 <\/b><span style=\"font-weight: 400;\">(Dimecres 6 d&#8217;octubre 2021)<\/span><\/p>\n<p><b>Presentaci\u00f3 del PCEE dins del marc dels PEE<\/b><span style=\"font-weight: 400;\">\u00a0 <\/span><span style=\"font-weight: 400;\">(8 de setembre 2021)<\/span><\/p>\n<p>&nbsp;<\/p>\n<p>&nbsp;<\/p>\n","protected":false},"excerpt":{"rendered":"<p>JORNADES 2021-2022 JORNADA \u201cPLANS EDUCATIUS D\u2019ENTORN CAP A ECOSISTEMES EDUCATIUS COMUNITARIS\u201d (10 mar\u00e7 2022) Jornada d&#8217;assegurances i tractament de dades en el marc dels PEE (23 de mar\u00e7 2022) Presentaci\u00f3 de la GUIA extraescolars a c\u00e0rrec de F. Bofill (7 de juliol de 2021) Jornada de mentoria socioeducativa i la seva implementaci\u00f3 (Octubre 2021) Presentaci\u00f3_Grups [&hellip;]<\/p>\n","protected":false},"author":1,"featured_media":0,"parent":0,"menu_order":0,"comment_status":"closed","ping_status":"closed","template":"","meta":{"_bbp_topic_count":0,"_bbp_reply_count":0,"_bbp_total_topic_count":0,"_bbp_total_reply_count":0,"_bbp_voice_count":0,"_bbp_anonymous_reply_count":0,"_bbp_topic_count_hidden":0,"_bbp_reply_count_hidden":0,"_bbp_forum_subforum_count":0,"site-sidebar-layout":"default","site-content-layout":"","ast-site-content-layout":"","site-content-style":"default","site-sidebar-style":"default","ast-global-header-display":"","ast-banner-title-visibility":"","ast-main-header-display":"","ast-hfb-above-header-display":"","ast-hfb-below-header-display":"","ast-hfb-mobile-header-display":"","site-post-title":"","ast-breadcrumbs-content":"","ast-featured-img":"","footer-sml-layout":"","theme-transparent-header-meta":"","adv-header-id-meta":"","stick-header-meta":"","header-above-stick-meta":"","header-main-stick-meta":"","header-below-stick-meta":"","astra-migrate-meta-layouts":"default","ast-page-background-enabled":"default","ast-page-background-meta":{"desktop":{"background-color":"var(--ast-global-color-4)","background-image":"","background-repeat":"repeat","background-position":"center center","background-size":"auto","background-attachment":"scroll","background-type":"","background-media":"","overlay-type":"","overlay-color":"","overlay-opacity":"","overlay-gradient":""},"tablet":{"background-color":"","background-image":"","background-repeat":"repeat","background-position":"center center","background-size":"auto","background-attachment":"scroll","background-type":"","background-media":"","overlay-type":"","overlay-color":"","overlay-opacity":"","overlay-gradient":""},"mobile":{"background-color":"","background-image":"","background-repeat":"repeat","background-position":"center center","background-size":"auto","background-attachment":"scroll","background-type":"","background-media":"","overlay-type":"","overlay-color":"","overlay-opacity":"","overlay-gradient":""}},"ast-content-background-meta":{"desktop":{"background-color":"var(--ast-global-color-5)","background-image":"","background-repeat":"repeat","background-position":"center center","background-size":"auto","background-attachment":"scroll","background-type":"","background-media":"","overlay-type":"","overlay-color":"","overlay-opacity":"","overlay-gradient":""},"tablet":{"background-color":"var(--ast-global-color-5)","background-image":"","background-repeat":"repeat","background-position":"center center","background-size":"auto","background-attachment":"scroll","background-type":"","background-media":"","overlay-type":"","overlay-color":"","overlay-opacity":"","overlay-gradient":""},"mobile":{"background-color":"var(--ast-global-color-5)","background-image":"","background-repeat":"repeat","background-position":"center center","background-size":"auto","background-attachment":"scroll","background-type":"","background-media":"","overlay-type":"","overlay-color":"","overlay-opacity":"","overlay-gradient":""}},"footnotes":""},"class_list":["post-8263","page","type-page","status-publish","hentry"],"post_mailing_queue_ids":[],"_links":{"self":[{"href":"https:\/\/projectes.xtec.cat\/pee\/wp-json\/wp\/v2\/pages\/8263","targetHints":{"allow":["GET"]}}],"collection":[{"href":"https:\/\/projectes.xtec.cat\/pee\/wp-json\/wp\/v2\/pages"}],"about":[{"href":"https:\/\/projectes.xtec.cat\/pee\/wp-json\/wp\/v2\/types\/page"}],"author":[{"embeddable":true,"href":"https:\/\/projectes.xtec.cat\/pee\/wp-json\/wp\/v2\/users\/1"}],"replies":[{"embeddable":true,"href":"https:\/\/projectes.xtec.cat\/pee\/wp-json\/wp\/v2\/comments?post=8263"}],"version-history":[{"count":3,"href":"https:\/\/projectes.xtec.cat\/pee\/wp-json\/wp\/v2\/pages\/8263\/revisions"}],"predecessor-version":[{"id":8439,"href":"https:\/\/projectes.xtec.cat\/pee\/wp-json\/wp\/v2\/pages\/8263\/revisions\/8439"}],"wp:attachment":[{"href":"https:\/\/projectes.xtec.cat\/pee\/wp-json\/wp\/v2\/media?parent=8263"}],"curies":[{"name":"wp","href":"https:\/\/api.w.org\/{rel}","templated":true}]}}