{"id":8511,"date":"2022-04-27T13:54:07","date_gmt":"2022-04-27T11:54:07","guid":{"rendered":"https:\/\/projectes.xtec.cat\/pee\/?page_id=8511"},"modified":"2022-06-21T12:18:45","modified_gmt":"2022-06-21T10:18:45","slug":"materials-formacions-sc","status":"publish","type":"page","link":"https:\/\/projectes.xtec.cat\/pee\/materials-formacions-sc\/","title":{"rendered":"Materials formacions SC"},"content":{"rendered":"<p><strong>CICLE DE CONFER\u00c8NCIES EN L\u00cdNIA 2022<\/strong><\/p>\n<p><b>Sessi\u00f3 6. Impuls del SC en l&#8217;\u00e0mbit local.\u00a0 14 de juny 17:30h<\/b><\/p>\n<ul>\n<li><span style=\"font-family: inherit; font-size: 1em;\">PRESENTACI\u00d3 <\/span><a style=\"font-family: inherit; font-size: 1em;\" href=\"https:\/\/drive.google.com\/file\/d\/1iaPjpp9etrH5lfFri00_ummO7H47x9zV\/view?usp=sharing\"> Impuls del SC en l&#8217;\u00e0mbit local<\/a><\/li>\n<li><a href=\"https:\/\/youtu.be\/T52wofYaOSU\">V\u00cdDEO<\/a> DE LA SESSI\u00d3<\/li>\n<\/ul>\n<p><b>Sessi\u00f3 5. Opcions d\u2019organitzaci\u00f3 de Servei comunitari al centre. 30 de maig 17:30 h<\/b><\/p>\n<ul>\n<li>PRESENTACI\u00d3 <a href=\"https:\/\/drive.google.com\/file\/d\/14Y8OiSu38a8fRQsaN47xWhNTD6YvK0zc\/view?usp=sharing\">Organitzaci\u00f3 Servei comunitari a Santa Teresa de Lisieux<\/a><\/li>\n<li>Infografia <a href=\"https:\/\/drive.google.com\/file\/d\/1RHDVwG-Zmjg0pDgugcTBAuvZUmVaLDrZ\/view?usp=sharing\">T A S Q U E S C O O R D I N A D O R \/ &#8211; A<\/a><\/li>\n<li>Infografia <a href=\"https:\/\/drive.google.com\/file\/d\/1w6q104R86FATiLt1u7VP8d_8XzFBsna6\/view?usp=sharing\">M A T \u00c8 R I E S<\/a><\/li>\n<li>PRESENTACI\u00d3 <a style=\"font-family: inherit; font-size: 1em;\" href=\"https:\/\/view.genial.ly\/621e3ea0a686390016d5addb\/presentation-aps-30-de-maig\">Servei comunitari a l&#8217;INS Les Corts<\/a><\/li>\n<\/ul>\n<p><strong>Sessi\u00f3 4.<\/strong> <b>Servei comunitari i Objectius de desenvolupament sostenible. 17 de maig 17:30 h<\/b><\/p>\n<ul>\n<li>Presentaci\u00f3 <a href=\"https:\/\/blocs.xtec.cat\/implicatsecundaria\/2022\/05\/17\/servei-comunitari-i-ods\/\"><em>Servei comunitari i ODS<\/em><\/a><\/li>\n<\/ul>\n<p><b>Sessi\u00f3 3. La veu de l\u2019alumnat en els projectes de Servei comunitari. 26 d\u2019abril 17:30 h<\/b><\/p>\n<ul>\n<li>Presentaci\u00f3 <a href=\"https:\/\/drive.google.com\/file\/d\/14vKEOS2mbrQaGczSYdbzA-wOqiOLNa9k\/view?usp=sharing\">LA VEU DE L\u2019ALUMNAT EN ELS PROJECTES DE SERVEI COMUNITARI<\/a><\/li>\n<\/ul>\n<p><b>Sessi\u00f3 2. Constru\u00efm comunitats emocionalment saludables.19 d\u2019abril 17:30 h<\/b><\/p>\n<ul>\n<li><a href=\"https:\/\/drive.google.com\/file\/d\/107XQeH0bIj6cWXJmOJ6DirTaonWqwaxq\/view?usp=sharing\">RECURSOS D\u2019INTER\u00c8S SOBRE SALUT MENTAL INFANTO-JUVENIL<\/a><\/li>\n<\/ul>\n<p><b>Sessi\u00f3 1. Servei comunitari en el nou curr\u00edculum de secund\u00e0ria. 29 de mar\u00e7 17:30 h<\/b><\/p>\n<ul>\n<li>Presentaci\u00f3 <a href=\"https:\/\/drive.google.com\/file\/d\/1f61QiSvpbHsblW3WZAbcIGydT2VeQJCQ\/view?usp=sharing\"><i>El Servei comunitari en en nou curr\u00edculum d&#8217;ESO<\/i><\/a><\/li>\n<\/ul>\n<p>&nbsp;<\/p>\n<p>&nbsp;<\/p>\n","protected":false},"excerpt":{"rendered":"<p>CICLE DE CONFER\u00c8NCIES EN L\u00cdNIA 2022 Sessi\u00f3 6. Impuls del SC en l&#8217;\u00e0mbit local.\u00a0 14 de juny 17:30h PRESENTACI\u00d3 Impuls del SC en l&#8217;\u00e0mbit local V\u00cdDEO DE LA SESSI\u00d3 Sessi\u00f3 5. Opcions d\u2019organitzaci\u00f3 de Servei comunitari al centre. 30 de maig 17:30 h PRESENTACI\u00d3 Organitzaci\u00f3 Servei comunitari a Santa Teresa de Lisieux Infografia T A [&hellip;]<\/p>\n","protected":false},"author":1,"featured_media":0,"parent":0,"menu_order":0,"comment_status":"closed","ping_status":"closed","template":"","meta":{"_bbp_topic_count":0,"_bbp_reply_count":0,"_bbp_total_topic_count":0,"_bbp_total_reply_count":0,"_bbp_voice_count":0,"_bbp_anonymous_reply_count":0,"_bbp_topic_count_hidden":0,"_bbp_reply_count_hidden":0,"_bbp_forum_subforum_count":0,"site-sidebar-layout":"default","site-content-layout":"","ast-site-content-layout":"","site-content-style":"default","site-sidebar-style":"default","ast-global-header-display":"","ast-banner-title-visibility":"","ast-main-header-display":"","ast-hfb-above-header-display":"","ast-hfb-below-header-display":"","ast-hfb-mobile-header-display":"","site-post-title":"","ast-breadcrumbs-content":"","ast-featured-img":"","footer-sml-layout":"","theme-transparent-header-meta":"","adv-header-id-meta":"","stick-header-meta":"","header-above-stick-meta":"","header-main-stick-meta":"","header-below-stick-meta":"","astra-migrate-meta-layouts":"default","ast-page-background-enabled":"default","ast-page-background-meta":{"desktop":{"background-color":"var(--ast-global-color-4)","background-image":"","background-repeat":"repeat","background-position":"center center","background-size":"auto","background-attachment":"scroll","background-type":"","background-media":"","overlay-type":"","overlay-color":"","overlay-opacity":"","overlay-gradient":""},"tablet":{"background-color":"","background-image":"","background-repeat":"repeat","background-position":"center center","background-size":"auto","background-attachment":"scroll","background-type":"","background-media":"","overlay-type":"","overlay-color":"","overlay-opacity":"","overlay-gradient":""},"mobile":{"background-color":"","background-image":"","background-repeat":"repeat","background-position":"center center","background-size":"auto","background-attachment":"scroll","background-type":"","background-media":"","overlay-type":"","overlay-color":"","overlay-opacity":"","overlay-gradient":""}},"ast-content-background-meta":{"desktop":{"background-color":"var(--ast-global-color-5)","background-image":"","background-repeat":"repeat","background-position":"center center","background-size":"auto","background-attachment":"scroll","background-type":"","background-media":"","overlay-type":"","overlay-color":"","overlay-opacity":"","overlay-gradient":""},"tablet":{"background-color":"var(--ast-global-color-5)","background-image":"","background-repeat":"repeat","background-position":"center center","background-size":"auto","background-attachment":"scroll","background-type":"","background-media":"","overlay-type":"","overlay-color":"","overlay-opacity":"","overlay-gradient":""},"mobile":{"background-color":"var(--ast-global-color-5)","background-image":"","background-repeat":"repeat","background-position":"center center","background-size":"auto","background-attachment":"scroll","background-type":"","background-media":"","overlay-type":"","overlay-color":"","overlay-opacity":"","overlay-gradient":""}},"footnotes":""},"class_list":["post-8511","page","type-page","status-publish","hentry"],"post_mailing_queue_ids":[],"_links":{"self":[{"href":"https:\/\/projectes.xtec.cat\/pee\/wp-json\/wp\/v2\/pages\/8511","targetHints":{"allow":["GET"]}}],"collection":[{"href":"https:\/\/projectes.xtec.cat\/pee\/wp-json\/wp\/v2\/pages"}],"about":[{"href":"https:\/\/projectes.xtec.cat\/pee\/wp-json\/wp\/v2\/types\/page"}],"author":[{"embeddable":true,"href":"https:\/\/projectes.xtec.cat\/pee\/wp-json\/wp\/v2\/users\/1"}],"replies":[{"embeddable":true,"href":"https:\/\/projectes.xtec.cat\/pee\/wp-json\/wp\/v2\/comments?post=8511"}],"version-history":[{"count":4,"href":"https:\/\/projectes.xtec.cat\/pee\/wp-json\/wp\/v2\/pages\/8511\/revisions"}],"predecessor-version":[{"id":8685,"href":"https:\/\/projectes.xtec.cat\/pee\/wp-json\/wp\/v2\/pages\/8511\/revisions\/8685"}],"wp:attachment":[{"href":"https:\/\/projectes.xtec.cat\/pee\/wp-json\/wp\/v2\/media?parent=8511"}],"curies":[{"name":"wp","href":"https:\/\/api.w.org\/{rel}","templated":true}]}}