{"id":8669,"date":"2022-06-20T13:39:05","date_gmt":"2022-06-20T11:39:05","guid":{"rendered":"https:\/\/projectes.xtec.cat\/pee\/?page_id=8669"},"modified":"2025-01-10T09:22:00","modified_gmt":"2025-01-10T08:22:00","slug":"nous-pee","status":"publish","type":"page","link":"https:\/\/projectes.xtec.cat\/pee\/nous-pee\/","title":{"rendered":"NOUS PEE"},"content":{"rendered":"\n<p><a class=\"button large\" style=\"width: 450px; padding: 1em; font-weight: 400; margin: 0.1em; color: white !important; background-color: #f99605;\" href=\"https:\/\/projectes.xtec.cat\/pee\/eina-de-diagnosi-nous-pee\/\" target=\"_blank\" rel=\"noopener noreferrer\"><strong>EINA DE DIAGNOSI NOUS PEE<\/strong><\/a><a class=\"button large\" style=\"width: 450px; padding: 1em; font-weight: 400; margin: 0.1em; color: white !important; background-color: #3a5863;\" href=\"https:\/\/drive.google.com\/file\/d\/1reyOLraiZXghvaoAxiGxuis31WoyeHNx\/view\" target=\"_blank\" rel=\"noopener noreferrer\"><strong>ACOLLIDA AGENTS PEE<\/strong><\/a><\/p>\n\n\n\n<p><iframe loading=\"lazy\" src=\"https:\/\/drive.google.com\/file\/d\/1cEgLgmDItaSqG6kK6Nzj1geK979sLb6p\/preview\" width=\"740\" height=\"280\"><span data-mce-type=\"bookmark\" style=\"display: inline-block; width: 0px; overflow: hidden; line-height: 0;\" class=\"mce_SELRES_start\">\ufeff<\/span><span data-mce-type=\"bookmark\" style=\"display: inline-block; width: 0px; overflow: hidden; line-height: 0;\" class=\"mce_SELRES_start\"><span data-mce-type=\"bookmark\" style=\"display: inline-block; width: 0px; overflow: hidden; line-height: 0;\" class=\"mce_SELRES_start\">\ufeff<\/span>\ufeff<\/span><span data-mce-type=\"bookmark\" style=\"display: inline-block; width: 0px; overflow: hidden; line-height: 0;\" class=\"mce_SELRES_start\">\ufeff<\/span><\/iframe><br><iframe loading=\"lazy\" src=\"https:\/\/drive.google.com\/file\/d\/18olm7fYEuo1H1BwH7rhBZ8h_qdlWmm3U\/preview\" width=\"440\" height=\"280\"><\/iframe><iframe loading=\"lazy\" src=\"https:\/\/drive.google.com\/file\/d\/1DZlm84GoPrbNQ1nEB0nko78X8F4UTCVR\/preview\" width=\"440\" height=\"280\"><span data-mce-type=\"bookmark\" style=\"display: inline-block; width: 0px; overflow: hidden; line-height: 0;\" class=\"mce_SELRES_start\"><span data-mce-type=\"bookmark\" style=\"display: inline-block; width: 0px; overflow: hidden; line-height: 0;\" class=\"mce_SELRES_start\">\ufeff<\/span>\ufeff<\/span><\/iframe><\/p>\n\n\n\n<div>&nbsp;<\/div>\n\n\n\n<div class=\"CjVfdc\"><span class=\" aw5Odc\"><a class=\"XqQF9c\" href=\"https:\/\/docs.google.com\/document\/d\/1AxFU65RVUBqYAkb-FPtKejqSxodziNbR\/edit?usp=sharing&amp;ouid=108642693183341785362&amp;rtpof=true&amp;sd=true\" target=\"_blank\" rel=\"noopener\">MODEL ADHESI\u00d3 &#8211; REN\u00daNCIA ALS PEE (centres educatius)<\/a><\/span><\/div>\n\n\n\n<div>&nbsp;<\/div>\n\n\n\n<div><a href=\"https:\/\/docs.google.com\/document\/d\/1CxtAlfc1zK63rBau0K_tV4kR7q71toV-\/edit?usp=sharing&amp;ouid=105524380281426200647&amp;rtpof=true&amp;sd=true\" target=\"_blank\" rel=\"noopener\">MODEL ADHESI\u00d3 (entitats)<\/a><\/div>\n\n\n\n<div>&nbsp;<\/div>\n\n\n\n<div>&nbsp;<\/div>\n\n\n\n<p><iframe loading=\"lazy\" src=\"https:\/\/drive.google.com\/file\/d\/1k0zJlJHoUU7M5XWDmIhaPjDoM8E0fNsF\/preview\" width=\"440\" height=\"280\"><\/iframe><iframe loading=\"lazy\" src=\"https:\/\/drive.google.com\/file\/d\/19XkQPIU2YBUBNfZ1H9w8W0In81ZlVfgl\/preview\" width=\"440\" height=\"280\"><\/iframe><\/p>\n","protected":false},"excerpt":{"rendered":"<p>EINA DE DIAGNOSI NOUS PEEACOLLIDA AGENTS PEE \ufeff\ufeff\ufeff\ufeff\ufeff\ufeff &nbsp; MODEL ADHESI\u00d3 &#8211; REN\u00daNCIA ALS PEE (centres educatius) &nbsp; MODEL ADHESI\u00d3 (entitats) &nbsp; &nbsp;<\/p>\n","protected":false},"author":1,"featured_media":0,"parent":0,"menu_order":0,"comment_status":"closed","ping_status":"closed","template":"","meta":{"_bbp_topic_count":0,"_bbp_reply_count":0,"_bbp_total_topic_count":0,"_bbp_total_reply_count":0,"_bbp_voice_count":0,"_bbp_anonymous_reply_count":0,"_bbp_topic_count_hidden":0,"_bbp_reply_count_hidden":0,"_bbp_forum_subforum_count":0,"site-sidebar-layout":"default","site-content-layout":"","ast-site-content-layout":"default","site-content-style":"default","site-sidebar-style":"default","ast-global-header-display":"","ast-banner-title-visibility":"","ast-main-header-display":"","ast-hfb-above-header-display":"","ast-hfb-below-header-display":"","ast-hfb-mobile-header-display":"","site-post-title":"","ast-breadcrumbs-content":"","ast-featured-img":"","footer-sml-layout":"","theme-transparent-header-meta":"","adv-header-id-meta":"","stick-header-meta":"","header-above-stick-meta":"","header-main-stick-meta":"","header-below-stick-meta":"","astra-migrate-meta-layouts":"set","ast-page-background-enabled":"default","ast-page-background-meta":{"desktop":{"background-color":"var(--ast-global-color-4)","background-image":"","background-repeat":"repeat","background-position":"center center","background-size":"auto","background-attachment":"scroll","background-type":"","background-media":"","overlay-type":"","overlay-color":"","overlay-opacity":"","overlay-gradient":""},"tablet":{"background-color":"","background-image":"","background-repeat":"repeat","background-position":"center center","background-size":"auto","background-attachment":"scroll","background-type":"","background-media":"","overlay-type":"","overlay-color":"","overlay-opacity":"","overlay-gradient":""},"mobile":{"background-color":"","background-image":"","background-repeat":"repeat","background-position":"center center","background-size":"auto","background-attachment":"scroll","background-type":"","background-media":"","overlay-type":"","overlay-color":"","overlay-opacity":"","overlay-gradient":""}},"ast-content-background-meta":{"desktop":{"background-color":"var(--ast-global-color-5)","background-image":"","background-repeat":"repeat","background-position":"center center","background-size":"auto","background-attachment":"scroll","background-type":"","background-media":"","overlay-type":"","overlay-color":"","overlay-opacity":"","overlay-gradient":""},"tablet":{"background-color":"var(--ast-global-color-5)","background-image":"","background-repeat":"repeat","background-position":"center center","background-size":"auto","background-attachment":"scroll","background-type":"","background-media":"","overlay-type":"","overlay-color":"","overlay-opacity":"","overlay-gradient":""},"mobile":{"background-color":"var(--ast-global-color-5)","background-image":"","background-repeat":"repeat","background-position":"center center","background-size":"auto","background-attachment":"scroll","background-type":"","background-media":"","overlay-type":"","overlay-color":"","overlay-opacity":"","overlay-gradient":""}},"footnotes":""},"class_list":["post-8669","page","type-page","status-publish","hentry"],"post_mailing_queue_ids":[],"_links":{"self":[{"href":"https:\/\/projectes.xtec.cat\/pee\/wp-json\/wp\/v2\/pages\/8669","targetHints":{"allow":["GET"]}}],"collection":[{"href":"https:\/\/projectes.xtec.cat\/pee\/wp-json\/wp\/v2\/pages"}],"about":[{"href":"https:\/\/projectes.xtec.cat\/pee\/wp-json\/wp\/v2\/types\/page"}],"author":[{"embeddable":true,"href":"https:\/\/projectes.xtec.cat\/pee\/wp-json\/wp\/v2\/users\/1"}],"replies":[{"embeddable":true,"href":"https:\/\/projectes.xtec.cat\/pee\/wp-json\/wp\/v2\/comments?post=8669"}],"version-history":[{"count":6,"href":"https:\/\/projectes.xtec.cat\/pee\/wp-json\/wp\/v2\/pages\/8669\/revisions"}],"predecessor-version":[{"id":9970,"href":"https:\/\/projectes.xtec.cat\/pee\/wp-json\/wp\/v2\/pages\/8669\/revisions\/9970"}],"wp:attachment":[{"href":"https:\/\/projectes.xtec.cat\/pee\/wp-json\/wp\/v2\/media?parent=8669"}],"curies":[{"name":"wp","href":"https:\/\/api.w.org\/{rel}","templated":true}]}}