{"id":9215,"date":"2023-09-15T12:06:51","date_gmt":"2023-09-15T10:06:51","guid":{"rendered":"https:\/\/projectes.xtec.cat\/pee\/?page_id=9215"},"modified":"2023-09-15T12:06:51","modified_gmt":"2023-09-15T10:06:51","slug":"formacio-2022-2023","status":"publish","type":"page","link":"https:\/\/projectes.xtec.cat\/pee\/formacio-2022-2023\/","title":{"rendered":"FORMACI\u00d3 2022-2023"},"content":{"rendered":"<table>\n<tbody>\n<tr>\n<td>9000240541<\/td>\n<td>\u00a0C\u00a0<strong>\u00a0<\/strong><\/td>\n<td><strong>Educaci\u00f3 intercultural: fonaments te\u00f2rics i aplicaci\u00f3 en el centre docent<\/strong><\/td>\n<\/tr>\n<tr>\n<td>2022-2023<\/td>\n<td><\/td>\n<td>Curs telem\u00e0tic (en l\u00ednia as\u00edncron). VT Curs a dist\u00e0ncia (A dist\u00e0ncia). Del dilluns 6\/2\/2023 al 31\/5\/2023<\/td>\n<\/tr>\n<tr>\n<td>9000250541<\/td>\n<td>\u00a0P\u00a0<strong>\u00a0<\/strong><\/td>\n<td><strong>Mentoria socioeducativa en el marc dels PEE<\/strong><\/td>\n<\/tr>\n<tr>\n<td>2022-2023<\/td>\n<td><\/td>\n<td>Curs. VT Curs a dist\u00e0ncia (A dist\u00e0ncia). Del dilluns 17\/10\/2022 al 18\/11\/2022<\/td>\n<\/tr>\n<tr>\n<td>9000260541<\/td>\n<td>\u00a0C\u00a0<strong>\u00a0<\/strong><\/td>\n<td><strong>Formaci\u00f3 d\u2019aprofundiment per a referents de Servei comunitari<\/strong><\/td>\n<\/tr>\n<tr>\n<td>2022-2023<\/td>\n<td><\/td>\n<td>Grup de treball. VT Curs a dist\u00e0ncia (A dist\u00e0ncia). Del dilluns 3\/10\/2022 al 5\/6\/2023<\/td>\n<\/tr>\n<tr>\n<td>9000170541<\/td>\n<td>\u00a0C\u00a0<strong>\u00a0<\/strong><\/td>\n<td colspan=\"2\"><strong>Com abordem les diversitats a l\u2019aula<\/strong><\/td>\n<\/tr>\n<tr>\n<td>2022-2023<\/td>\n<td><\/td>\n<td colspan=\"2\">Curs. VT Curs a dist\u00e0ncia (A dist\u00e0ncia). Del dilluns 17\/10\/2022 al 28\/11\/2022<\/td>\n<\/tr>\n<tr>\n<td>9000180541<\/td>\n<td>\u00a0C\u00a0<strong>\u00a0<\/strong><\/td>\n<td colspan=\"2\"><strong>Educaci\u00f3 interc<\/strong><strong>ultural: fonaments te\u00f2rics i aplicaci\u00f3 en el centre docent<\/strong><\/td>\n<\/tr>\n<tr>\n<td>2022-2023<\/td>\n<td><\/td>\n<td colspan=\"2\">Curs telem\u00e0tic (en l\u00ednia as\u00edncron). VT Curs a dist\u00e0ncia (A dist\u00e0ncia). Del dijous 13\/10\/2022 al 8\/1\/2023<\/td>\n<\/tr>\n<tr>\n<td>9000190541<\/td>\n<td>\u00a0C\u00a0<strong>\u00a0<\/strong><\/td>\n<td colspan=\"2\"><strong>Grup de treball referents Pla Educatiu d\u2019Entorn<\/strong><\/td>\n<\/tr>\n<tr>\n<td>2022-2023<\/td>\n<td><\/td>\n<td colspan=\"2\">Grup de treball. VT Curs a dist\u00e0ncia (A dist\u00e0ncia). Del dimecres 5\/10\/2022 al 7\/6\/2023<\/td>\n<\/tr>\n<tr>\n<td>9000200541<\/td>\n<td>\u00a0P\u00a0<strong>\u00a0<\/strong><\/td>\n<td colspan=\"2\"><strong>L\u2019orientaci\u00f3 educativa d\u2019\u00e0mbit comunitari en el marc del PEE<\/strong><\/td>\n<\/tr>\n<tr>\n<td>2022-2023<\/td>\n<td><\/td>\n<td colspan=\"2\">Grup de treball. VT Curs a dist\u00e0ncia (A dist\u00e0ncia). Del divendres 9\/9\/2022 al 7\/7\/2023<\/td>\n<\/tr>\n<tr>\n<td>9000220541<\/td>\n<td>\u00a0C\u00a0<strong>\u00a0<\/strong><\/td>\n<td colspan=\"2\"><strong>Formaci\u00f3 inicial per a nous referents de servei comunitari<\/strong><\/td>\n<\/tr>\n<tr>\n<td>2022-2023<\/td>\n<td><\/td>\n<td colspan=\"2\">Curs telem\u00e0tic (en l\u00ednia as\u00edncron). VT Curs a dist\u00e0ncia (A dist\u00e0ncia). Del dilluns 17\/10\/2022 al 17\/2\/2023<\/td>\n<\/tr>\n<\/tbody>\n<\/table>\n","protected":false},"excerpt":{"rendered":"<p>9000240541 \u00a0C\u00a0\u00a0 Educaci\u00f3 intercultural: fonaments te\u00f2rics i aplicaci\u00f3 en el centre docent 2022-2023 Curs telem\u00e0tic (en l\u00ednia as\u00edncron). VT Curs a dist\u00e0ncia (A dist\u00e0ncia). Del dilluns 6\/2\/2023 al 31\/5\/2023 9000250541 \u00a0P\u00a0\u00a0 Mentoria socioeducativa en el marc dels PEE 2022-2023 Curs. VT Curs a dist\u00e0ncia (A dist\u00e0ncia). Del dilluns 17\/10\/2022 al 18\/11\/2022 9000260541 \u00a0C\u00a0\u00a0 Formaci\u00f3 d\u2019aprofundiment [&hellip;]<\/p>\n","protected":false},"author":1,"featured_media":0,"parent":0,"menu_order":0,"comment_status":"closed","ping_status":"closed","template":"","meta":{"_bbp_topic_count":0,"_bbp_reply_count":0,"_bbp_total_topic_count":0,"_bbp_total_reply_count":0,"_bbp_voice_count":0,"_bbp_anonymous_reply_count":0,"_bbp_topic_count_hidden":0,"_bbp_reply_count_hidden":0,"_bbp_forum_subforum_count":0,"site-sidebar-layout":"default","site-content-layout":"","ast-site-content-layout":"","site-content-style":"default","site-sidebar-style":"default","ast-global-header-display":"","ast-banner-title-visibility":"","ast-main-header-display":"","ast-hfb-above-header-display":"","ast-hfb-below-header-display":"","ast-hfb-mobile-header-display":"","site-post-title":"","ast-breadcrumbs-content":"","ast-featured-img":"","footer-sml-layout":"","theme-transparent-header-meta":"","adv-header-id-meta":"","stick-header-meta":"","header-above-stick-meta":"","header-main-stick-meta":"","header-below-stick-meta":"","astra-migrate-meta-layouts":"default","ast-page-background-enabled":"default","ast-page-background-meta":{"desktop":{"background-color":"var(--ast-global-color-4)","background-image":"","background-repeat":"repeat","background-position":"center center","background-size":"auto","background-attachment":"scroll","background-type":"","background-media":"","overlay-type":"","overlay-color":"","overlay-opacity":"","overlay-gradient":""},"tablet":{"background-color":"","background-image":"","background-repeat":"repeat","background-position":"center center","background-size":"auto","background-attachment":"scroll","background-type":"","background-media":"","overlay-type":"","overlay-color":"","overlay-opacity":"","overlay-gradient":""},"mobile":{"background-color":"","background-image":"","background-repeat":"repeat","background-position":"center center","background-size":"auto","background-attachment":"scroll","background-type":"","background-media":"","overlay-type":"","overlay-color":"","overlay-opacity":"","overlay-gradient":""}},"ast-content-background-meta":{"desktop":{"background-color":"var(--ast-global-color-5)","background-image":"","background-repeat":"repeat","background-position":"center center","background-size":"auto","background-attachment":"scroll","background-type":"","background-media":"","overlay-type":"","overlay-color":"","overlay-opacity":"","overlay-gradient":""},"tablet":{"background-color":"var(--ast-global-color-5)","background-image":"","background-repeat":"repeat","background-position":"center center","background-size":"auto","background-attachment":"scroll","background-type":"","background-media":"","overlay-type":"","overlay-color":"","overlay-opacity":"","overlay-gradient":""},"mobile":{"background-color":"var(--ast-global-color-5)","background-image":"","background-repeat":"repeat","background-position":"center center","background-size":"auto","background-attachment":"scroll","background-type":"","background-media":"","overlay-type":"","overlay-color":"","overlay-opacity":"","overlay-gradient":""}},"footnotes":""},"class_list":["post-9215","page","type-page","status-publish","hentry"],"post_mailing_queue_ids":[],"_links":{"self":[{"href":"https:\/\/projectes.xtec.cat\/pee\/wp-json\/wp\/v2\/pages\/9215","targetHints":{"allow":["GET"]}}],"collection":[{"href":"https:\/\/projectes.xtec.cat\/pee\/wp-json\/wp\/v2\/pages"}],"about":[{"href":"https:\/\/projectes.xtec.cat\/pee\/wp-json\/wp\/v2\/types\/page"}],"author":[{"embeddable":true,"href":"https:\/\/projectes.xtec.cat\/pee\/wp-json\/wp\/v2\/users\/1"}],"replies":[{"embeddable":true,"href":"https:\/\/projectes.xtec.cat\/pee\/wp-json\/wp\/v2\/comments?post=9215"}],"version-history":[{"count":1,"href":"https:\/\/projectes.xtec.cat\/pee\/wp-json\/wp\/v2\/pages\/9215\/revisions"}],"predecessor-version":[{"id":9216,"href":"https:\/\/projectes.xtec.cat\/pee\/wp-json\/wp\/v2\/pages\/9215\/revisions\/9216"}],"wp:attachment":[{"href":"https:\/\/projectes.xtec.cat\/pee\/wp-json\/wp\/v2\/media?parent=9215"}],"curies":[{"name":"wp","href":"https:\/\/api.w.org\/{rel}","templated":true}]}}