{"id":9230,"date":"2023-09-20T08:16:44","date_gmt":"2023-09-20T06:16:44","guid":{"rendered":"https:\/\/projectes.xtec.cat\/pee\/?page_id=9230"},"modified":"2023-09-21T08:26:58","modified_gmt":"2023-09-21T06:26:58","slug":"memoria-justificativa-segona-addenda-2022-2023","status":"publish","type":"page","link":"https:\/\/projectes.xtec.cat\/pee\/memoria-justificativa-segona-addenda-2022-2023\/","title":{"rendered":"Mem\u00f2ria Justificativa SEGONA addenda 2022\/2023"},"content":{"rendered":"<h1 dir=\"ltr\"><\/h1>\n<h1 dir=\"ltr\"><a href=\"https:\/\/projectes.xtec.cat\/pee\/wp-content\/uploads\/usu2653\/2023\/05\/LogoPEE_color_trans.png\"><img loading=\"lazy\" decoding=\"async\" class=\"wp-image-9056 aligncenter\" src=\"https:\/\/projectes.xtec.cat\/pee\/wp-content\/uploads\/usu2653\/2023\/05\/LogoPEE_color_trans-1024x492.png\" alt=\"\" width=\"219\" height=\"105\" srcset=\"https:\/\/projectes.xtec.cat\/pee\/wp-content\/uploads\/usu2653\/2023\/05\/LogoPEE_color_trans-1024x492.png 1024w, https:\/\/projectes.xtec.cat\/pee\/wp-content\/uploads\/usu2653\/2023\/05\/LogoPEE_color_trans-300x144.png 300w, https:\/\/projectes.xtec.cat\/pee\/wp-content\/uploads\/usu2653\/2023\/05\/LogoPEE_color_trans-768x369.png 768w, https:\/\/projectes.xtec.cat\/pee\/wp-content\/uploads\/usu2653\/2023\/05\/LogoPEE_color_trans-1536x739.png 1536w, https:\/\/projectes.xtec.cat\/pee\/wp-content\/uploads\/usu2653\/2023\/05\/LogoPEE_color_trans-2048x985.png 2048w\" sizes=\"auto, (max-width: 219px) 100vw, 219px\" \/><\/a><\/h1>\n<h1 dir=\"ltr\" style=\"text-align: center;\"><strong>Mem\u00f2ria justificativa SEGONA addenda 2022\/2023<\/strong><\/h1>\n<p><strong>Ajuntaments que justifiquen segons la SEGONA addenda del curs 2022-2023:<\/strong><\/p>\n<table dir=\"ltr\" style=\"width: 99.8697%;\" border=\"1\" cellspacing=\"0\" cellpadding=\"0\">\n<colgroup>\n<col width=\"177\" \/>\n<col width=\"177\" \/>\n<col width=\"177\" \/>\n<col width=\"177\" \/>\n<col width=\"177\" \/>\n<col width=\"140\" \/><\/colgroup>\n<tbody>\n<tr>\n<td style=\"width: 17.2549%;\" data-sheets-value=\"{&quot;1&quot;:2,&quot;2&quot;:&quot;Aitona&quot;}\">Aitona<\/td>\n<td style=\"width: 17.2549%;\" data-sheets-value=\"{&quot;1&quot;:2,&quot;2&quot;:&quot;Cervera&quot;}\">Cervera<\/td>\n<td style=\"width: 17.2549%;\" data-sheets-value=\"{&quot;1&quot;:2,&quot;2&quot;:&quot;L'Espluga de Francol\u00ed&quot;}\">L&#8217;Espluga de Francol\u00ed<\/td>\n<td style=\"width: 17.2549%;\" data-sheets-value=\"{&quot;1&quot;:2,&quot;2&quot;:&quot;Olot&quot;}\">Olot<\/td>\n<td style=\"width: 17.2549%;\" data-sheets-value=\"{&quot;1&quot;:2,&quot;2&quot;:&quot;Sant Joan Desp\u00ed&quot;}\">Sant Joan Desp\u00ed<\/td>\n<td style=\"width: 47.9399%;\" data-sheets-value=\"{&quot;1&quot;:2,&quot;2&quot;:&quot;Vic&quot;}\">Vic<\/td>\n<\/tr>\n<tr>\n<td style=\"width: 17.2549%;\" data-sheets-value=\"{&quot;1&quot;:2,&quot;2&quot;:&quot;Alcanar&quot;}\">Alcanar<\/td>\n<td style=\"width: 17.2549%;\" data-sheets-value=\"{&quot;1&quot;:2,&quot;2&quot;:&quot;Cunit&quot;}\">Cunit<\/td>\n<td style=\"width: 17.2549%;\" data-sheets-value=\"{&quot;1&quot;:2,&quot;2&quot;:&quot;L'Hospitalet de Llobregat&quot;}\">L&#8217;Hospitalet de Llobregat<\/td>\n<td style=\"width: 17.2549%;\" data-sheets-value=\"{&quot;1&quot;:2,&quot;2&quot;:&quot;Palafrugell&quot;}\">Palafrugell<\/td>\n<td style=\"width: 17.2549%;\" data-sheets-value=\"{&quot;1&quot;:2,&quot;2&quot;:&quot;Sant Pere de Ribes&quot;}\">Sant Pere de Ribes<\/td>\n<td style=\"width: 47.9399%;\" data-sheets-value=\"{&quot;1&quot;:2,&quot;2&quot;:&quot;Viladecans&quot;}\">Viladecans<\/td>\n<\/tr>\n<tr>\n<td style=\"width: 17.2549%;\" data-sheets-value=\"{&quot;1&quot;:2,&quot;2&quot;:&quot;Alcarr\u00e0s&quot;}\">Alcarr\u00e0s<\/td>\n<td style=\"width: 17.2549%;\" data-sheets-value=\"{&quot;1&quot;:2,&quot;2&quot;:&quot;Deltebre&quot;}\">Deltebre<\/td>\n<td style=\"width: 17.2549%;\" data-sheets-value=\"{&quot;1&quot;:2,&quot;2&quot;:&quot;Lleida&quot;}\">Lleida<\/td>\n<td style=\"width: 17.2549%;\" data-sheets-value=\"{&quot;1&quot;:2,&quot;2&quot;:&quot;Piera&quot;}\">Piera<\/td>\n<td style=\"width: 17.2549%;\" data-sheets-value=\"{&quot;1&quot;:2,&quot;2&quot;:&quot;Sant Vicen\u00e7 dels Horts&quot;}\">Sant Vicen\u00e7 dels Horts<\/td>\n<td style=\"width: 47.9399%;\" data-sheets-value=\"{&quot;1&quot;:2,&quot;2&quot;:&quot;Vilanova del Cam\u00ed&quot;}\">Vilanova del Cam\u00ed<\/td>\n<\/tr>\n<tr>\n<td style=\"width: 17.2549%;\" data-sheets-value=\"{&quot;1&quot;:2,&quot;2&quot;:&quot;Almenar&quot;}\">Almenar<\/td>\n<td style=\"width: 17.2549%;\" data-sheets-value=\"{&quot;1&quot;:2,&quot;2&quot;:&quot;El Prat de Llobregat&quot;}\">El Prat de Llobregat<\/td>\n<td style=\"width: 17.2549%;\" data-sheets-value=\"{&quot;1&quot;:2,&quot;2&quot;:&quot;Lloret de Mar&quot;}\">Lloret de Mar<\/td>\n<td style=\"width: 17.2549%;\" data-sheets-value=\"{&quot;1&quot;:2,&quot;2&quot;:&quot;Reus&quot;}\">Reus<\/td>\n<td style=\"width: 17.2549%;\" data-sheets-value=\"{&quot;1&quot;:2,&quot;2&quot;:&quot;Santa Coloma de Farners&quot;}\">Santa Coloma de Farners<\/td>\n<td style=\"width: 47.9399%;\" data-sheets-value=\"{&quot;1&quot;:2,&quot;2&quot;:&quot;Vila-seca&quot;}\">Vila-seca<\/td>\n<\/tr>\n<tr>\n<td style=\"width: 17.2549%;\" data-sheets-value=\"{&quot;1&quot;:2,&quot;2&quot;:&quot;Amposta&quot;}\">Amposta<\/td>\n<td style=\"width: 17.2549%;\" data-sheets-value=\"{&quot;1&quot;:2,&quot;2&quot;:&quot;Esplugues de Llobregat&quot;}\">Esplugues de Llobregat<\/td>\n<td style=\"width: 17.2549%;\" data-sheets-value=\"{&quot;1&quot;:2,&quot;2&quot;:&quot;Ma\u00e7anet de la Selva&quot;}\">Ma\u00e7anet de la Selva<\/td>\n<td style=\"width: 17.2549%;\" data-sheets-value=\"{&quot;1&quot;:2,&quot;2&quot;:&quot;Roda de Ter&quot;}\">Roda de Ter<\/td>\n<td style=\"width: 17.2549%;\" data-sheets-value=\"{&quot;1&quot;:2,&quot;2&quot;:&quot;Santa Coloma de Gramenet&quot;}\">Santa Coloma de Gramenet<\/td>\n<td style=\"width: 47.9399%;\"><\/td>\n<\/tr>\n<tr>\n<td style=\"width: 17.2549%;\" data-sheets-value=\"{&quot;1&quot;:2,&quot;2&quot;:&quot;Badalona&quot;}\">Badalona<\/td>\n<td style=\"width: 17.2549%;\" data-sheets-value=\"{&quot;1&quot;:2,&quot;2&quot;:&quot;Figueres&quot;}\">Figueres<\/td>\n<td style=\"width: 17.2549%;\" data-sheets-value=\"{&quot;1&quot;:2,&quot;2&quot;:&quot;Manlleu&quot;}\">Manlleu<\/td>\n<td style=\"width: 17.2549%;\" data-sheets-value=\"{&quot;1&quot;:2,&quot;2&quot;:&quot;Roses&quot;}\">Roses<\/td>\n<td style=\"width: 17.2549%;\" data-sheets-value=\"{&quot;1&quot;:2,&quot;2&quot;:&quot;Santa Oliva&quot;}\">Santa Oliva<\/td>\n<td style=\"width: 47.9399%;\"><\/td>\n<\/tr>\n<tr>\n<td style=\"width: 17.2549%;\" data-sheets-value=\"{&quot;1&quot;:2,&quot;2&quot;:&quot;Badia del Vall\u00e8s&quot;}\">Badia del Vall\u00e8s<\/td>\n<td style=\"width: 17.2549%;\" data-sheets-value=\"{&quot;1&quot;:2,&quot;2&quot;:&quot;Gelida&quot;}\">Gelida<\/td>\n<td style=\"width: 17.2549%;\" data-sheets-value=\"{&quot;1&quot;:2,&quot;2&quot;:&quot;Manresa&quot;}\">Manresa<\/td>\n<td style=\"width: 17.2549%;\" data-sheets-value=\"{&quot;1&quot;:2,&quot;2&quot;:&quot;Sabadell&quot;}\">Sabadell<\/td>\n<td style=\"width: 17.2549%;\" data-sheets-value=\"{&quot;1&quot;:2,&quot;2&quot;:&quot;Solsona&quot;}\">Solsona<\/td>\n<td style=\"width: 47.9399%;\"><\/td>\n<\/tr>\n<tr>\n<td style=\"width: 17.2549%;\" data-sheets-value=\"{&quot;1&quot;:2,&quot;2&quot;:&quot;Balaguer&quot;}\">Balaguer<\/td>\n<td style=\"width: 17.2549%;\" data-sheets-value=\"{&quot;1&quot;:2,&quot;2&quot;:&quot;Granollers&quot;}\">Granollers<\/td>\n<td style=\"width: 17.2549%;\" data-sheets-value=\"{&quot;1&quot;:2,&quot;2&quot;:&quot;Martorell&quot;}\">Martorell<\/td>\n<td style=\"width: 17.2549%;\" data-sheets-value=\"{&quot;1&quot;:2,&quot;2&quot;:&quot;Salou&quot;}\">Salou<\/td>\n<td style=\"width: 17.2549%;\" data-sheets-value=\"{&quot;1&quot;:2,&quot;2&quot;:&quot;Tarragona&quot;}\">Tarragona<\/td>\n<td style=\"width: 47.9399%;\"><\/td>\n<\/tr>\n<tr>\n<td style=\"width: 17.2549%;\" data-sheets-value=\"{&quot;1&quot;:2,&quot;2&quot;:&quot;Banyoles&quot;}\">Banyoles<\/td>\n<td style=\"width: 17.2549%;\" data-sheets-value=\"{&quot;1&quot;:2,&quot;2&quot;:&quot;Guissona&quot;}\">Guissona<\/td>\n<td style=\"width: 17.2549%;\" data-sheets-value=\"{&quot;1&quot;:2,&quot;2&quot;:&quot;Matar\u00f3&quot;}\">Matar\u00f3<\/td>\n<td style=\"width: 17.2549%;\" data-sheets-value=\"{&quot;1&quot;:2,&quot;2&quot;:&quot;Salt&quot;}\">Salt<\/td>\n<td style=\"width: 17.2549%;\" data-sheets-value=\"{&quot;1&quot;:2,&quot;2&quot;:&quot;T\u00e0rrega&quot;}\">T\u00e0rrega<\/td>\n<td style=\"width: 47.9399%;\"><\/td>\n<\/tr>\n<tr>\n<td style=\"width: 17.2549%;\" data-sheets-value=\"{&quot;1&quot;:2,&quot;2&quot;:&quot;Barber\u00e0 del Vall\u00e8s&quot;}\">Barber\u00e0 del Vall\u00e8s<\/td>\n<td style=\"width: 17.2549%;\" data-sheets-value=\"{&quot;1&quot;:2,&quot;2&quot;:&quot;Igualada&quot;}\">Igualada<\/td>\n<td style=\"width: 17.2549%;\" data-sheets-value=\"{&quot;1&quot;:2,&quot;2&quot;:&quot;Mollet del Vall\u00e8s&quot;}\">Mollet del Vall\u00e8s<\/td>\n<td style=\"width: 17.2549%;\" data-sheets-value=\"{&quot;1&quot;:2,&quot;2&quot;:&quot;Sant Adri\u00e0 del Bes\u00f2s&quot;}\">Sant Adri\u00e0 del Bes\u00f2s<\/td>\n<td style=\"width: 17.2549%;\" data-sheets-value=\"{&quot;1&quot;:2,&quot;2&quot;:&quot;Torredembarra&quot;}\">Torredembarra<\/td>\n<td style=\"width: 47.9399%;\"><\/td>\n<\/tr>\n<tr>\n<td style=\"width: 17.2549%;\" data-sheets-value=\"{&quot;1&quot;:2,&quot;2&quot;:&quot;Blanes&quot;}\">Blanes<\/td>\n<td style=\"width: 17.2549%;\" data-sheets-value=\"{&quot;1&quot;:2,&quot;2&quot;:&quot;La Seu d'Urgell&quot;}\">La Seu d&#8217;Urgell<\/td>\n<td style=\"width: 17.2549%;\" data-sheets-value=\"{&quot;1&quot;:2,&quot;2&quot;:&quot;Montcada i Reixac&quot;}\">Montcada i Reixac<\/td>\n<td style=\"width: 17.2549%;\" data-sheets-value=\"{&quot;1&quot;:2,&quot;2&quot;:&quot;Sant Boi de Llobregat&quot;}\">Sant Boi de Llobregat<\/td>\n<td style=\"width: 17.2549%;\" data-sheets-value=\"{&quot;1&quot;:2,&quot;2&quot;:&quot;Torroella de Montgr\u00ed&quot;}\">Torroella de Montgr\u00ed<\/td>\n<td style=\"width: 47.9399%;\"><\/td>\n<\/tr>\n<tr>\n<td style=\"width: 17.2549%;\" data-sheets-value=\"{&quot;1&quot;:2,&quot;2&quot;:&quot;Canovelles&quot;}\">Canovelles<\/td>\n<td style=\"width: 17.2549%;\" data-sheets-value=\"{&quot;1&quot;:2,&quot;2&quot;:&quot;L'Ametlla de Mar&quot;}\">L&#8217;Ametlla de Mar<\/td>\n<td style=\"width: 17.2549%;\" data-sheets-value=\"{&quot;1&quot;:2,&quot;2&quot;:&quot;Montornes del Vall\u00e8s&quot;}\">Montornes del Vall\u00e8s<\/td>\n<td style=\"width: 17.2549%;\" data-sheets-value=\"{&quot;1&quot;:2,&quot;2&quot;:&quot;Sant Cugat del Vall\u00e8s&quot;}\">Sant Cugat del Vall\u00e8s<\/td>\n<td style=\"width: 17.2549%;\" data-sheets-value=\"{&quot;1&quot;:2,&quot;2&quot;:&quot;Tortosa&quot;}\">Tortosa<\/td>\n<td style=\"width: 47.9399%;\"><\/td>\n<\/tr>\n<tr>\n<td style=\"width: 17.2549%;\" data-sheets-value=\"{&quot;1&quot;:2,&quot;2&quot;:&quot;Castelldefels&quot;}\">Castelldefels<\/td>\n<td style=\"width: 17.2549%;\" data-sheets-value=\"{&quot;1&quot;:2,&quot;2&quot;:&quot;Les Borges Blanques&quot;}\">Les Borges Blanques<\/td>\n<td style=\"width: 17.2549%;\" data-sheets-value=\"{&quot;1&quot;:2,&quot;2&quot;:&quot;Mont-roig del Camp&quot;}\">Mont-roig del Camp<\/td>\n<td style=\"width: 17.2549%;\" data-sheets-value=\"{&quot;1&quot;:2,&quot;2&quot;:&quot;Sant Feliu de Codines&quot;}\">Sant Feliu de Codines<\/td>\n<td style=\"width: 17.2549%;\" data-sheets-value=\"{&quot;1&quot;:2,&quot;2&quot;:&quot;Ulldecona&quot;}\">Ulldecona<\/td>\n<td style=\"width: 47.9399%;\"><\/td>\n<\/tr>\n<tr>\n<td style=\"width: 17.2549%;\" data-sheets-value=\"{&quot;1&quot;:2,&quot;2&quot;:&quot;Castell\u00f3 d'Emp\u00faries&quot;}\">Castell\u00f3 d&#8217;Emp\u00faries<\/td>\n<td style=\"width: 17.2549%;\" data-sheets-value=\"{&quot;1&quot;:2,&quot;2&quot;:&quot;Les Franqueses del Vall\u00e8s&quot;}\">Les Franqueses del Vall\u00e8s<\/td>\n<td style=\"width: 17.2549%;\" data-sheets-value=\"{&quot;1&quot;:2,&quot;2&quot;:&quot;Olesa de Montserrat&quot;}\">Olesa de Montserrat<\/td>\n<td style=\"width: 17.2549%;\" data-sheets-value=\"{&quot;1&quot;:2,&quot;2&quot;:&quot;Sant Feliu de Gu\u00edxols&quot;}\">Sant Feliu de Gu\u00edxols<\/td>\n<td style=\"width: 17.2549%;\" data-sheets-value=\"{&quot;1&quot;:2,&quot;2&quot;:&quot;Valls&quot;}\">Valls<\/td>\n<td style=\"width: 47.9399%;\"><\/td>\n<\/tr>\n<\/tbody>\n<\/table>\n<h3><strong>RESUM Justificaci\u00f3 PEE segona addenda del curs 2022-2023<\/strong><\/h3>\n<table style=\"width: 100%; height: 581px;\">\n<tbody>\n<tr style=\"height: 33px;\">\n<td style=\"width: 21.9725%; height: 33px; text-align: center;\"><strong>ADDENDA<\/strong><\/td>\n<td style=\"width: 21.1747%; height: 33px; text-align: center;\"><strong>DATES<\/strong><\/td>\n<td style=\"width: 34.4454%; height: 33px; text-align: center;\"><strong>ECON\u00d2MICA<\/strong><\/td>\n<td style=\"width: 21.5372%; height: 33px; text-align: center;\"><strong>T\u00c8CNICA<\/strong><\/td>\n<\/tr>\n<tr style=\"height: 60px;\">\n<td style=\"width: 21.9725%; height: 76px; text-align: center;\"><strong>ORDIN\u00c0RIA<\/strong><\/td>\n<td style=\"width: 21.1747%; height: 299px; text-align: center;\" rowspan=\"3\"><strong>Justificaci\u00f3 fins a l&#8217;1 d&#8217;octubre de 2023<\/strong><\/p>\n<p style=\"text-align: center;\">\n<\/td>\n<td style=\"width: 34.4454%; height: 299px;\" rowspan=\"3\"><b>Model 1<\/b>. <strong><a href=\"https:\/\/drive.google.com\/file\/d\/1n7vLJ3qqzdQ4jG7V9ZDi_BcI-Puzw-UH\/view?usp=drive_link\" target=\"_blank\" rel=\"noopener\">Model_1_Justificaci\u00f3_ORD_FP<\/a><\/strong><\/p>\n<p style=\"text-align: center;\">(Per ampliar files heu d&#8217;habilitar edici\u00f3 i contingut un cop descarregat l&#8217;arxiu)<\/p>\n<p>&nbsp;<\/p>\n<p style=\"text-align: center;\"><a href=\"https:\/\/youtu.be\/A-e6sqiqn0g\" target=\"_blank\" rel=\"noopener\"><strong>V\u00cdDEO &#8211; C\u00e0psula formativa 1 Justificaci\u00f3 econ\u00f2mica FP PEE<\/strong><\/a><\/p>\n<\/td>\n<td style=\"width: 21.5372%; height: 548px;\" rowspan=\"4\"><strong>Enviament abans del 15 de novembre de 2023<\/strong><\/p>\n<p><a href=\"https:\/\/forms.gle\/bG5Jsgqhxtie8jHU9\" target=\"_blank\" rel=\"noopener\">FORMULARI \u00daNIC<\/a> de respostes<\/p>\n<p><a href=\"https:\/\/drive.google.com\/file\/d\/1j0T9csrnSCsxNJOhO-8hDx46ufudAYA4\/view?usp=sharing\" target=\"_blank\" rel=\"noopener\">Formulari en format lectura PDF<\/a><\/p>\n<p>&nbsp;<\/p>\n<p>&nbsp;<\/td>\n<\/tr>\n<tr style=\"height: 49px;\">\n<td style=\"width: 21.9725%; text-align: center; height: 49px;\"><strong>Dotaci\u00f3 espec\u00edfica addicional <\/strong><strong>(Pla catal\u00e0 de l\u2019esport a l\u2019escola)<\/strong><\/td>\n<\/tr>\n<tr style=\"height: 159px;\">\n<td style=\"width: 21.9725%; height: 174px; text-align: center;\"><strong>PMOE-PROA+<\/strong><\/p>\n<p style=\"text-align: left;\"><strong> Refor\u00e7 de personal t\u00e8cnic de l\u20191 de setembre del 2022 i fins al 31 d\u2019agost de 2023:\u00a0<\/strong><\/p>\n<ul>\n<li style=\"text-align: left;\">Recursos t\u00e8cnics per al refor\u00e7ament del lideratge t\u00e8cnic i la dinamitzaci\u00f3 de l\u2019educaci\u00f3 en l\u2019\u00e0mbit comunitari<\/li>\n<li style=\"text-align: left;\">Recursos t\u00e8cnics per a la prevenci\u00f3 de l\u2019absentisme escolar &#8211;<\/li>\n<li style=\"text-align: left;\">Recursos t\u00e8cnics per al refor\u00e7ament de l\u2019orientaci\u00f3 d\u2019\u00e0mbit comunitari<\/li>\n<\/ul>\n<\/td>\n<\/tr>\n<tr style=\"height: 249px;\">\n<td style=\"width: 21.9725%; text-align: center; height: 249px;\"><strong> PMOE-PROA+<\/strong><\/p>\n<p style=\"text-align: left;\"><strong>Desplegament de l\u20191 de setembre del 2022 i fins al 31 d\u2019octubre de 2023:\u00a0<\/strong><\/p>\n<ul>\n<li style=\"text-align: left;\">Mentoria socioeducativa<\/li>\n<li style=\"text-align: left;\">Tallers de suport i acompanyament educatiu<\/li>\n<li style=\"text-align: left;\">Promoci\u00f3 de les oportunitats educatives m\u00e9s enll\u00e0 de l\u2019escola<\/li>\n<\/ul>\n<\/td>\n<td style=\"width: 21.1747%; text-align: center; height: 249px;\"><strong>Justificaci\u00f3 fins el 15 de novembre de 2023<\/strong><\/td>\n<td style=\"width: 34.4454%; height: 249px;\"><b> Model 2.<a href=\"https:\/\/drive.google.com\/file\/d\/1f4cdZ8-SZb-2A2_OHcoWXWL-5mDCBATo\/view?usp=drive_link\" target=\"_blank\" rel=\"noopener\"> Model_2_Justificaci\u00f3_MRR<\/a><\/b><\/p>\n<p style=\"text-align: center;\">(Per ampliar files heu d&#8217;habilitar edici\u00f3 i contingut un cop descarregat l&#8217;arxiu)<\/p>\n<p style=\"text-align: center;\"><a href=\"https:\/\/youtu.be\/gKZlMsNxzQw\" target=\"_blank\" rel=\"noopener\"><strong>V\u00cdDEO &#8211; C\u00e0psula formativa 2 Justificaci\u00f3 econ\u00f2mica MRR v\u00eddeo 2<\/strong><\/a><\/p>\n<\/td>\n<\/tr>\n<\/tbody>\n<\/table>\n<p dir=\"ltr\">Recordeu que la ruta per enviar les justificacions per EACAT \u00e9s la seg\u00fcent:<br \/>\n<strong>Inici &gt; Tr\u00e0mits &gt; Cat\u00e0leg &gt; EDU &#8211; Comunicacions referents als Plans Educatius d&#8217;Entorn &gt; Comunicaci\u00f3 al Departament<\/strong><\/p>\n","protected":false},"excerpt":{"rendered":"<p>Mem\u00f2ria justificativa SEGONA addenda 2022\/2023 Ajuntaments que justifiquen segons la SEGONA addenda del curs 2022-2023: Aitona Cervera L&#8217;Espluga de Francol\u00ed Olot Sant Joan Desp\u00ed Vic Alcanar Cunit L&#8217;Hospitalet de Llobregat Palafrugell Sant Pere de Ribes Viladecans Alcarr\u00e0s Deltebre Lleida Piera Sant Vicen\u00e7 dels Horts Vilanova del Cam\u00ed Almenar El Prat de Llobregat Lloret de Mar [&hellip;]<\/p>\n","protected":false},"author":1,"featured_media":0,"parent":0,"menu_order":0,"comment_status":"closed","ping_status":"closed","template":"","meta":{"_bbp_topic_count":0,"_bbp_reply_count":0,"_bbp_total_topic_count":0,"_bbp_total_reply_count":0,"_bbp_voice_count":0,"_bbp_anonymous_reply_count":0,"_bbp_topic_count_hidden":0,"_bbp_reply_count_hidden":0,"_bbp_forum_subforum_count":0,"site-sidebar-layout":"default","site-content-layout":"","ast-site-content-layout":"","site-content-style":"default","site-sidebar-style":"default","ast-global-header-display":"","ast-banner-title-visibility":"","ast-main-header-display":"","ast-hfb-above-header-display":"","ast-hfb-below-header-display":"","ast-hfb-mobile-header-display":"","site-post-title":"","ast-breadcrumbs-content":"","ast-featured-img":"","footer-sml-layout":"","theme-transparent-header-meta":"","adv-header-id-meta":"","stick-header-meta":"","header-above-stick-meta":"","header-main-stick-meta":"","header-below-stick-meta":"","astra-migrate-meta-layouts":"default","ast-page-background-enabled":"default","ast-page-background-meta":{"desktop":{"background-color":"var(--ast-global-color-4)","background-image":"","background-repeat":"repeat","background-position":"center center","background-size":"auto","background-attachment":"scroll","background-type":"","background-media":"","overlay-type":"","overlay-color":"","overlay-opacity":"","overlay-gradient":""},"tablet":{"background-color":"","background-image":"","background-repeat":"repeat","background-position":"center center","background-size":"auto","background-attachment":"scroll","background-type":"","background-media":"","overlay-type":"","overlay-color":"","overlay-opacity":"","overlay-gradient":""},"mobile":{"background-color":"","background-image":"","background-repeat":"repeat","background-position":"center center","background-size":"auto","background-attachment":"scroll","background-type":"","background-media":"","overlay-type":"","overlay-color":"","overlay-opacity":"","overlay-gradient":""}},"ast-content-background-meta":{"desktop":{"background-color":"var(--ast-global-color-5)","background-image":"","background-repeat":"repeat","background-position":"center center","background-size":"auto","background-attachment":"scroll","background-type":"","background-media":"","overlay-type":"","overlay-color":"","overlay-opacity":"","overlay-gradient":""},"tablet":{"background-color":"var(--ast-global-color-5)","background-image":"","background-repeat":"repeat","background-position":"center center","background-size":"auto","background-attachment":"scroll","background-type":"","background-media":"","overlay-type":"","overlay-color":"","overlay-opacity":"","overlay-gradient":""},"mobile":{"background-color":"var(--ast-global-color-5)","background-image":"","background-repeat":"repeat","background-position":"center center","background-size":"auto","background-attachment":"scroll","background-type":"","background-media":"","overlay-type":"","overlay-color":"","overlay-opacity":"","overlay-gradient":""}},"footnotes":""},"class_list":["post-9230","page","type-page","status-publish","hentry"],"post_mailing_queue_ids":[],"_links":{"self":[{"href":"https:\/\/projectes.xtec.cat\/pee\/wp-json\/wp\/v2\/pages\/9230","targetHints":{"allow":["GET"]}}],"collection":[{"href":"https:\/\/projectes.xtec.cat\/pee\/wp-json\/wp\/v2\/pages"}],"about":[{"href":"https:\/\/projectes.xtec.cat\/pee\/wp-json\/wp\/v2\/types\/page"}],"author":[{"embeddable":true,"href":"https:\/\/projectes.xtec.cat\/pee\/wp-json\/wp\/v2\/users\/1"}],"replies":[{"embeddable":true,"href":"https:\/\/projectes.xtec.cat\/pee\/wp-json\/wp\/v2\/comments?post=9230"}],"version-history":[{"count":3,"href":"https:\/\/projectes.xtec.cat\/pee\/wp-json\/wp\/v2\/pages\/9230\/revisions"}],"predecessor-version":[{"id":9240,"href":"https:\/\/projectes.xtec.cat\/pee\/wp-json\/wp\/v2\/pages\/9230\/revisions\/9240"}],"wp:attachment":[{"href":"https:\/\/projectes.xtec.cat\/pee\/wp-json\/wp\/v2\/media?parent=9230"}],"curies":[{"name":"wp","href":"https:\/\/api.w.org\/{rel}","templated":true}]}}