{"id":9233,"date":"2023-09-21T08:09:00","date_gmt":"2023-09-21T06:09:00","guid":{"rendered":"https:\/\/projectes.xtec.cat\/pee\/?page_id=9233"},"modified":"2023-09-26T08:55:54","modified_gmt":"2023-09-26T06:55:54","slug":"memoria-justificativa-primera-addenda-2022-2023","status":"publish","type":"page","link":"https:\/\/projectes.xtec.cat\/pee\/memoria-justificativa-primera-addenda-2022-2023\/","title":{"rendered":"Mem\u00f2ria Justificativa PRIMERA addenda 2022-2023"},"content":{"rendered":"<h1 dir=\"ltr\"><a href=\"https:\/\/projectes.xtec.cat\/pee\/wp-content\/uploads\/usu2653\/2023\/05\/LogoPEE_color_trans.png\"><img loading=\"lazy\" decoding=\"async\" class=\"wp-image-9056 aligncenter\" src=\"https:\/\/projectes.xtec.cat\/pee\/wp-content\/uploads\/usu2653\/2023\/05\/LogoPEE_color_trans-1024x492.png\" alt=\"\" width=\"219\" height=\"105\" srcset=\"https:\/\/projectes.xtec.cat\/pee\/wp-content\/uploads\/usu2653\/2023\/05\/LogoPEE_color_trans-1024x492.png 1024w, https:\/\/projectes.xtec.cat\/pee\/wp-content\/uploads\/usu2653\/2023\/05\/LogoPEE_color_trans-300x144.png 300w, https:\/\/projectes.xtec.cat\/pee\/wp-content\/uploads\/usu2653\/2023\/05\/LogoPEE_color_trans-768x369.png 768w, https:\/\/projectes.xtec.cat\/pee\/wp-content\/uploads\/usu2653\/2023\/05\/LogoPEE_color_trans-1536x739.png 1536w, https:\/\/projectes.xtec.cat\/pee\/wp-content\/uploads\/usu2653\/2023\/05\/LogoPEE_color_trans-2048x985.png 2048w\" sizes=\"auto, (max-width: 219px) 100vw, 219px\" \/><\/a><\/h1>\n<h1 dir=\"ltr\" style=\"text-align: center;\"><strong>Mem\u00f2ria justificativa PRIMERA addenda 2022\/2023<\/strong><\/h1>\n<p><strong>Ajuntaments que justifiquen segons la PRIMERA addenda del curs 2022-2023:<\/strong><\/p>\n<table dir=\"ltr\" style=\"width: 97.5017%;\" border=\"1\" cellspacing=\"0\" cellpadding=\"0\">\n<colgroup>\n<col width=\"177\" \/>\n<col width=\"177\" \/>\n<col width=\"177\" \/>\n<col width=\"177\" \/>\n<col width=\"177\" \/><\/colgroup>\n<tbody>\n<tr>\n<td style=\"width: 19.932%;\" data-sheets-value=\"{&quot;1&quot;:2,&quot;2&quot;:&quot;Argentona&quot;}\">Argentona<\/td>\n<td style=\"width: 19.932%;\" data-sheets-value=\"{&quot;1&quot;:2,&quot;2&quot;:&quot;Cerdanyola del Vall\u00e8s&quot;}\">Cerdanyola del Vall\u00e8s<\/td>\n<td style=\"width: 19.932%;\" data-sheets-value=\"{&quot;1&quot;:2,&quot;2&quot;:&quot;La Bisbal d'Empord\u00e0&quot;}\">La Bisbal d&#8217;Empord\u00e0<\/td>\n<td style=\"width: 19.932%;\" data-sheets-value=\"{&quot;1&quot;:2,&quot;2&quot;:&quot;Ripollet&quot;}\">Ripollet<\/td>\n<td style=\"width: 73.0464%;\" data-sheets-value=\"{&quot;1&quot;:2,&quot;2&quot;:&quot;Santa Margarida de Montbui&quot;}\">Santa Margarida de Montbui<\/td>\n<\/tr>\n<tr>\n<td style=\"width: 19.932%;\" data-sheets-value=\"{&quot;1&quot;:2,&quot;2&quot;:&quot;Calaf&quot;}\">Calaf<\/td>\n<td style=\"width: 19.932%;\" data-sheets-value=\"{&quot;1&quot;:2,&quot;2&quot;:&quot;Constant\u00ed&quot;}\">Constant\u00ed<\/td>\n<td style=\"width: 19.932%;\" data-sheets-value=\"{&quot;1&quot;:2,&quot;2&quot;:&quot;Les Masies de Voltreg\u00e0&quot;}\">Sant Hip\u00f2lit de Voltreg\u00e0<\/td>\n<td style=\"width: 19.932%;\" data-sheets-value=\"{&quot;1&quot;:2,&quot;2&quot;:&quot;Rub\u00ed&quot;}\">Rub\u00ed<\/td>\n<td style=\"width: 73.0464%;\" data-sheets-value=\"{&quot;1&quot;:2,&quot;2&quot;:&quot;Terrassa&quot;}\">Terrassa<\/td>\n<\/tr>\n<tr>\n<td style=\"width: 19.932%;\" data-sheets-value=\"{&quot;1&quot;:2,&quot;2&quot;:&quot;Calafell&quot;}\">Calafell<\/td>\n<td style=\"width: 19.932%;\" data-sheets-value=\"{&quot;1&quot;:2,&quot;2&quot;:&quot;Cornella de Llobregat&quot;}\">Cornella de Llobregat<\/td>\n<td style=\"width: 19.932%;\" data-sheets-value=\"{&quot;1&quot;:2,&quot;2&quot;:&quot;Mollerussa&quot;}\">Mollerussa<\/td>\n<td style=\"width: 19.932%;\" data-sheets-value=\"{&quot;1&quot;:2,&quot;2&quot;:&quot;Sant Celoni&quot;}\">Sant Celoni<\/td>\n<td style=\"width: 73.0464%;\"><\/td>\n<\/tr>\n<tr>\n<td style=\"width: 19.932%;\" data-sheets-value=\"{&quot;1&quot;:2,&quot;2&quot;:&quot;Cambrils&quot;}\">Cambrils<\/td>\n<td style=\"width: 19.932%;\" data-sheets-value=\"{&quot;1&quot;:2,&quot;2&quot;:&quot;El Vendrell&quot;}\">El Vendrell<\/td>\n<td style=\"width: 19.932%;\" data-sheets-value=\"{&quot;1&quot;:2,&quot;2&quot;:&quot;Pineda de Mar&quot;}\">Pineda de Mar<\/td>\n<td style=\"width: 19.932%;\" data-sheets-value=\"{&quot;1&quot;:2,&quot;2&quot;:&quot;Sant Feliu de Llobregat&quot;}\">Sant Feliu de Llobregat<\/td>\n<td style=\"width: 73.0464%;\"><\/td>\n<\/tr>\n<tr>\n<td style=\"width: 19.932%;\" data-sheets-value=\"{&quot;1&quot;:2,&quot;2&quot;:&quot;Capellades&quot;}\">Capellades<\/td>\n<td style=\"width: 19.932%;\" data-sheets-value=\"{&quot;1&quot;:2,&quot;2&quot;:&quot;Gav\u00e0&quot;}\">Gav\u00e0<\/td>\n<td style=\"width: 19.932%;\" data-sheets-value=\"{&quot;1&quot;:2,&quot;2&quot;:&quot;Premi\u00e0 de Dalt&quot;}\">Premi\u00e0 de Dalt<\/td>\n<td style=\"width: 19.932%;\" data-sheets-value=\"{&quot;1&quot;:2,&quot;2&quot;:&quot;Sant Hilari Sacalm&quot;}\">Sant Hilari Sacalm<\/td>\n<td style=\"width: 73.0464%;\"><\/td>\n<\/tr>\n<tr>\n<td style=\"width: 19.932%;\" data-sheets-value=\"{&quot;1&quot;:2,&quot;2&quot;:&quot;Cardedeu&quot;}\">Cardedeu<\/td>\n<td style=\"width: 19.932%;\" data-sheets-value=\"{&quot;1&quot;:2,&quot;2&quot;:&quot;Girona&quot;}\">Girona<\/td>\n<td style=\"width: 19.932%;\" data-sheets-value=\"{&quot;1&quot;:2,&quot;2&quot;:&quot;Ripoll&quot;}\">Ripoll<\/td>\n<td style=\"width: 19.932%;\" data-sheets-value=\"{&quot;1&quot;:2,&quot;2&quot;:&quot;Sant Vicen\u00e7 de Castellet&quot;}\">Sant Vicen\u00e7 de Castellet<\/td>\n<td style=\"width: 73.0464%;\"><\/td>\n<\/tr>\n<\/tbody>\n<\/table>\n<h3><strong>RESUM Justificaci\u00f3 PEE primera addenda del curs 2022-2023<\/strong><\/h3>\n<table style=\"width: 100%; height: 581px;\">\n<tbody>\n<tr style=\"height: 33px;\">\n<td style=\"width: 21.9725%; height: 33px; text-align: center;\"><strong>ADDENDA<\/strong><\/td>\n<td style=\"width: 21.1747%; height: 33px; text-align: center;\"><strong>DATES<\/strong><\/td>\n<td style=\"width: 34.4454%; height: 33px; text-align: center;\"><strong>ECON\u00d2MICA<\/strong><\/td>\n<td style=\"width: 21.5372%; height: 33px; text-align: center;\"><strong>T\u00c8CNICA<\/strong><\/td>\n<\/tr>\n<tr style=\"height: 60px;\">\n<td style=\"width: 21.9725%; height: 76px; text-align: center;\"><strong>ORDIN\u00c0RIA<\/strong><\/td>\n<td style=\"width: 21.1747%; height: 299px; text-align: center;\" rowspan=\"3\"><strong>Justificaci\u00f3 fins a l&#8217;1 d&#8217;octubre de 2023<\/strong><\/p>\n<p style=\"text-align: center;\">\n<\/td>\n<td style=\"width: 34.4454%; height: 299px;\" rowspan=\"3\"><b>Model 1<\/b>. <strong><a href=\"https:\/\/drive.google.com\/file\/d\/1bJVcMsCorndypmv9d5NOQSc1c2eWnr99\/view?usp=sharing\" target=\"_blank\" rel=\"noopener\">Model_1_Justificaci\u00f3_ORD_FP_1a_add<\/a><\/strong><\/p>\n<p style=\"text-align: center;\">(Per ampliar files heu d&#8217;habilitar edici\u00f3 i contingut un cop descarregat l&#8217;arxiu)<\/p>\n<p>&nbsp;<\/p>\n<p style=\"text-align: center;\">\n<\/td>\n<td style=\"width: 21.5372%; height: 548px;\" rowspan=\"4\"><strong>Enviament abans del 15 de novembre de 2023<\/strong><\/p>\n<p><a href=\"https:\/\/forms.gle\/bG5Jsgqhxtie8jHU9\" target=\"_blank\" rel=\"noopener\">FORMULARI \u00daNIC<\/a> de respostes<\/p>\n<p><a href=\"https:\/\/drive.google.com\/file\/d\/1j0T9csrnSCsxNJOhO-8hDx46ufudAYA4\/view?usp=sharing\" target=\"_blank\" rel=\"noopener\">Formulari en format lectura PDF<\/a><\/p>\n<p>&nbsp;<\/p>\n<p>&nbsp;<\/td>\n<\/tr>\n<tr style=\"height: 49px;\">\n<td style=\"width: 21.9725%; text-align: center; height: 49px;\"><strong>Dotaci\u00f3 espec\u00edfica addicional <\/strong><strong>(Pla catal\u00e0 de l\u2019esport a l\u2019escola)<\/strong><\/td>\n<\/tr>\n<tr style=\"height: 159px;\">\n<td style=\"width: 21.9725%; height: 174px; text-align: center;\"><strong>PMOE-PROA+<\/strong><\/p>\n<p style=\"text-align: left;\"><strong> Refor\u00e7 de personal t\u00e8cnic de l\u20191 de setembre del 2022 i fins al 31 d\u2019agost de 2023:\u00a0<\/strong><\/p>\n<ul>\n<li style=\"text-align: left;\">Recursos t\u00e8cnics per al refor\u00e7ament del lideratge t\u00e8cnic i la dinamitzaci\u00f3 de l\u2019educaci\u00f3 en l\u2019\u00e0mbit comunitari<\/li>\n<li style=\"text-align: left;\">Recursos t\u00e8cnics per a la prevenci\u00f3 de l\u2019absentisme escolar &#8211;<\/li>\n<li style=\"text-align: left;\">Recursos t\u00e8cnics per al refor\u00e7ament de l\u2019orientaci\u00f3 d\u2019\u00e0mbit comunitari<\/li>\n<\/ul>\n<\/td>\n<\/tr>\n<tr style=\"height: 249px;\">\n<td style=\"width: 21.9725%; text-align: center; height: 249px;\"><strong> PMOE-PROA+<\/strong><\/p>\n<p style=\"text-align: left;\"><strong>Desplegament de l\u20191 de setembre del 2022 i fins al 31 d\u2019octubre de 2023:\u00a0<\/strong><\/p>\n<ul>\n<li style=\"text-align: left;\">Mentoria socioeducativa<\/li>\n<li style=\"text-align: left;\">Tallers de suport i acompanyament educatiu<\/li>\n<li style=\"text-align: left;\">Promoci\u00f3 de les oportunitats educatives m\u00e9s enll\u00e0 de l\u2019escola<\/li>\n<\/ul>\n<\/td>\n<td style=\"width: 21.1747%; text-align: center; height: 249px;\"><strong>Justificaci\u00f3 fins l&#8217;1 d&#8217;octubre de 2023<\/strong><\/td>\n<td style=\"width: 34.4454%; height: 249px;\"><b> Model 2.<a href=\"https:\/\/drive.google.com\/file\/d\/1SkE9d6S_an-kxdUx-wLlNs9HOTqdbUIh\/view?usp=drive_link\" target=\"_blank\" rel=\"noopener\">Model_2_Justificaci\u00f3_MRR_1a_add<\/a><\/b><\/p>\n<p style=\"text-align: center;\">(Per ampliar files heu d&#8217;habilitar edici\u00f3 i contingut un cop descarregat l&#8217;arxiu)<\/p>\n<p style=\"text-align: center;\">\n<\/td>\n<\/tr>\n<\/tbody>\n<\/table>\n<p dir=\"ltr\">Recordeu que la ruta per enviar les justificacions per EACAT \u00e9s la seg\u00fcent:<br \/>\n<strong>Inici &gt; Tr\u00e0mits &gt; Cat\u00e0leg &gt; EDU &#8211; Comunicacions referents als Plans Educatius d&#8217;Entorn &gt; Comunicaci\u00f3 al Departament<\/strong><\/p>\n","protected":false},"excerpt":{"rendered":"<p>Mem\u00f2ria justificativa PRIMERA addenda 2022\/2023 Ajuntaments que justifiquen segons la PRIMERA addenda del curs 2022-2023: Argentona Cerdanyola del Vall\u00e8s La Bisbal d&#8217;Empord\u00e0 Ripollet Santa Margarida de Montbui Calaf Constant\u00ed Sant Hip\u00f2lit de Voltreg\u00e0 Rub\u00ed Terrassa Calafell Cornella de Llobregat Mollerussa Sant Celoni Cambrils El Vendrell Pineda de Mar Sant Feliu de Llobregat Capellades Gav\u00e0 Premi\u00e0 [&hellip;]<\/p>\n","protected":false},"author":1,"featured_media":0,"parent":0,"menu_order":0,"comment_status":"closed","ping_status":"closed","template":"","meta":{"_bbp_topic_count":0,"_bbp_reply_count":0,"_bbp_total_topic_count":0,"_bbp_total_reply_count":0,"_bbp_voice_count":0,"_bbp_anonymous_reply_count":0,"_bbp_topic_count_hidden":0,"_bbp_reply_count_hidden":0,"_bbp_forum_subforum_count":0,"site-sidebar-layout":"default","site-content-layout":"","ast-site-content-layout":"","site-content-style":"default","site-sidebar-style":"default","ast-global-header-display":"","ast-banner-title-visibility":"","ast-main-header-display":"","ast-hfb-above-header-display":"","ast-hfb-below-header-display":"","ast-hfb-mobile-header-display":"","site-post-title":"","ast-breadcrumbs-content":"","ast-featured-img":"","footer-sml-layout":"","theme-transparent-header-meta":"","adv-header-id-meta":"","stick-header-meta":"","header-above-stick-meta":"","header-main-stick-meta":"","header-below-stick-meta":"","astra-migrate-meta-layouts":"default","ast-page-background-enabled":"default","ast-page-background-meta":{"desktop":{"background-color":"var(--ast-global-color-4)","background-image":"","background-repeat":"repeat","background-position":"center center","background-size":"auto","background-attachment":"scroll","background-type":"","background-media":"","overlay-type":"","overlay-color":"","overlay-opacity":"","overlay-gradient":""},"tablet":{"background-color":"","background-image":"","background-repeat":"repeat","background-position":"center center","background-size":"auto","background-attachment":"scroll","background-type":"","background-media":"","overlay-type":"","overlay-color":"","overlay-opacity":"","overlay-gradient":""},"mobile":{"background-color":"","background-image":"","background-repeat":"repeat","background-position":"center center","background-size":"auto","background-attachment":"scroll","background-type":"","background-media":"","overlay-type":"","overlay-color":"","overlay-opacity":"","overlay-gradient":""}},"ast-content-background-meta":{"desktop":{"background-color":"var(--ast-global-color-5)","background-image":"","background-repeat":"repeat","background-position":"center center","background-size":"auto","background-attachment":"scroll","background-type":"","background-media":"","overlay-type":"","overlay-color":"","overlay-opacity":"","overlay-gradient":""},"tablet":{"background-color":"var(--ast-global-color-5)","background-image":"","background-repeat":"repeat","background-position":"center center","background-size":"auto","background-attachment":"scroll","background-type":"","background-media":"","overlay-type":"","overlay-color":"","overlay-opacity":"","overlay-gradient":""},"mobile":{"background-color":"var(--ast-global-color-5)","background-image":"","background-repeat":"repeat","background-position":"center center","background-size":"auto","background-attachment":"scroll","background-type":"","background-media":"","overlay-type":"","overlay-color":"","overlay-opacity":"","overlay-gradient":""}},"footnotes":""},"class_list":["post-9233","page","type-page","status-publish","hentry"],"post_mailing_queue_ids":[],"_links":{"self":[{"href":"https:\/\/projectes.xtec.cat\/pee\/wp-json\/wp\/v2\/pages\/9233","targetHints":{"allow":["GET"]}}],"collection":[{"href":"https:\/\/projectes.xtec.cat\/pee\/wp-json\/wp\/v2\/pages"}],"about":[{"href":"https:\/\/projectes.xtec.cat\/pee\/wp-json\/wp\/v2\/types\/page"}],"author":[{"embeddable":true,"href":"https:\/\/projectes.xtec.cat\/pee\/wp-json\/wp\/v2\/users\/1"}],"replies":[{"embeddable":true,"href":"https:\/\/projectes.xtec.cat\/pee\/wp-json\/wp\/v2\/comments?post=9233"}],"version-history":[{"count":3,"href":"https:\/\/projectes.xtec.cat\/pee\/wp-json\/wp\/v2\/pages\/9233\/revisions"}],"predecessor-version":[{"id":9244,"href":"https:\/\/projectes.xtec.cat\/pee\/wp-json\/wp\/v2\/pages\/9233\/revisions\/9244"}],"wp:attachment":[{"href":"https:\/\/projectes.xtec.cat\/pee\/wp-json\/wp\/v2\/media?parent=9233"}],"curies":[{"name":"wp","href":"https:\/\/api.w.org\/{rel}","templated":true}]}}