{"id":9324,"date":"2023-11-03T09:42:36","date_gmt":"2023-11-03T08:42:36","guid":{"rendered":"https:\/\/projectes.xtec.cat\/pee\/?page_id=9324"},"modified":"2023-11-03T10:09:50","modified_gmt":"2023-11-03T09:09:50","slug":"gt-pee-2022-2023","status":"publish","type":"page","link":"https:\/\/projectes.xtec.cat\/pee\/grups-de-treball-pee-2023-2024\/gt-pee-2022-2023\/","title":{"rendered":"GT PEE 2022-2023"},"content":{"rendered":"<p><a href=\"https:\/\/projectes.xtec.cat\/pee\/wp-content\/uploads\/usu2653\/2023\/05\/LogoPEE_color_trans.png\"><img loading=\"lazy\" decoding=\"async\" class=\"alignnone wp-image-9056 aligncenter\" src=\"https:\/\/projectes.xtec.cat\/pee\/wp-content\/uploads\/usu2653\/2023\/05\/LogoPEE_color_trans-1024x492.png\" alt=\"\" width=\"268\" height=\"129\" srcset=\"https:\/\/projectes.xtec.cat\/pee\/wp-content\/uploads\/usu2653\/2023\/05\/LogoPEE_color_trans-1024x492.png 1024w, https:\/\/projectes.xtec.cat\/pee\/wp-content\/uploads\/usu2653\/2023\/05\/LogoPEE_color_trans-300x144.png 300w, https:\/\/projectes.xtec.cat\/pee\/wp-content\/uploads\/usu2653\/2023\/05\/LogoPEE_color_trans-768x369.png 768w, https:\/\/projectes.xtec.cat\/pee\/wp-content\/uploads\/usu2653\/2023\/05\/LogoPEE_color_trans-1536x739.png 1536w, https:\/\/projectes.xtec.cat\/pee\/wp-content\/uploads\/usu2653\/2023\/05\/LogoPEE_color_trans-2048x985.png 2048w\" sizes=\"auto, (max-width: 268px) 100vw, 268px\" \/><\/a><\/p>\n<p>&nbsp;<\/p>\n<p>&nbsp;<\/p>\n<p><strong><a href=\"https:\/\/drive.google.com\/drive\/folders\/1BAePVTapwlstC_KIYEoFSzCH4cSOD56B?usp=share_link\">NOVA IMATGE DELS PLANS EDUCATIUS D&#8217;ENTORN<\/a><\/strong> Abril 2023<br \/>\nEn aquest enlla\u00e7 trobareu els nous logos de PEE. Recordeu que heu de descarregar els arxius per poder-los utilitzar.<\/p>\n<p><a href=\"https:\/\/drive.google.com\/file\/d\/1reyOLraiZXghvaoAxiGxuis31WoyeHNx\/view?usp=sharing\"><b>ORIENTACIONS PER A L\u2019ACOLLIDA DELS AGENTS DEL PEE <\/b><\/a><span style=\"font-weight: 400;\">Octubre 2023<\/span><\/p>\n<p><a href=\"https:\/\/drive.google.com\/file\/d\/1SJ6sWbmF40wU-MlLdBmfSPblymM-Q3rN\/view?usp=share_link\">PRESENTACI\u00d3_CINQUENA SESSI\u00d3 GRUP DE TREBALL DE REFERENTS PEE<\/a> Mar\u00e7 2023<\/p>\n<p><a href=\"https:\/\/drive.google.com\/file\/d\/1WKYpBCuvqyOi27hecJBscLR6K08VLt4g\/view?usp=share_link\">PRESENTACI\u00d3_QUARTA SESSI\u00d3 GRUP DE TREBALL DE REFERENTS PEE<\/a> Febrer 2023<\/p>\n<p><a href=\"https:\/\/drive.google.com\/file\/d\/1rMM9NTr_4Cht0v6FOsHxrk3HUPMjCsHI\/view?usp=sharing\">PRESENTACI\u00d3_PRIMERA SESSI\u00d3 GRUP DE TREBALL DE REFERENTS PEE<\/a>\u00a0 Octubre 2022<\/p>\n<p><iframe loading=\"lazy\" src=\"https:\/\/drive.google.com\/file\/d\/1pmcKTUmVr-bg6Kic-5HeJ_QIT0KMzq_C\/preview\" width=\"540\" height=\"380\" data-mce-fragment=\"1\"><\/iframe><\/p>\n","protected":false},"excerpt":{"rendered":"<p>&nbsp; &nbsp; NOVA IMATGE DELS PLANS EDUCATIUS D&#8217;ENTORN Abril 2023 En aquest enlla\u00e7 trobareu els nous logos de PEE. Recordeu que heu de descarregar els arxius per poder-los utilitzar. ORIENTACIONS PER A L\u2019ACOLLIDA DELS AGENTS DEL PEE Octubre 2023 PRESENTACI\u00d3_CINQUENA SESSI\u00d3 GRUP DE TREBALL DE REFERENTS PEE Mar\u00e7 2023 PRESENTACI\u00d3_QUARTA SESSI\u00d3 GRUP DE TREBALL DE [&hellip;]<\/p>\n","protected":false},"author":1,"featured_media":0,"parent":9305,"menu_order":10,"comment_status":"closed","ping_status":"closed","template":"page-templates\/side-menu.php","meta":{"_bbp_topic_count":0,"_bbp_reply_count":0,"_bbp_total_topic_count":0,"_bbp_total_reply_count":0,"_bbp_voice_count":0,"_bbp_anonymous_reply_count":0,"_bbp_topic_count_hidden":0,"_bbp_reply_count_hidden":0,"_bbp_forum_subforum_count":0,"site-sidebar-layout":"default","site-content-layout":"","ast-site-content-layout":"","site-content-style":"default","site-sidebar-style":"default","ast-global-header-display":"","ast-banner-title-visibility":"","ast-main-header-display":"","ast-hfb-above-header-display":"","ast-hfb-below-header-display":"","ast-hfb-mobile-header-display":"","site-post-title":"","ast-breadcrumbs-content":"","ast-featured-img":"","footer-sml-layout":"","theme-transparent-header-meta":"","adv-header-id-meta":"","stick-header-meta":"","header-above-stick-meta":"","header-main-stick-meta":"","header-below-stick-meta":"","astra-migrate-meta-layouts":"default","ast-page-background-enabled":"default","ast-page-background-meta":{"desktop":{"background-color":"var(--ast-global-color-4)","background-image":"","background-repeat":"repeat","background-position":"center center","background-size":"auto","background-attachment":"scroll","background-type":"","background-media":"","overlay-type":"","overlay-color":"","overlay-opacity":"","overlay-gradient":""},"tablet":{"background-color":"","background-image":"","background-repeat":"repeat","background-position":"center center","background-size":"auto","background-attachment":"scroll","background-type":"","background-media":"","overlay-type":"","overlay-color":"","overlay-opacity":"","overlay-gradient":""},"mobile":{"background-color":"","background-image":"","background-repeat":"repeat","background-position":"center center","background-size":"auto","background-attachment":"scroll","background-type":"","background-media":"","overlay-type":"","overlay-color":"","overlay-opacity":"","overlay-gradient":""}},"ast-content-background-meta":{"desktop":{"background-color":"var(--ast-global-color-5)","background-image":"","background-repeat":"repeat","background-position":"center center","background-size":"auto","background-attachment":"scroll","background-type":"","background-media":"","overlay-type":"","overlay-color":"","overlay-opacity":"","overlay-gradient":""},"tablet":{"background-color":"var(--ast-global-color-5)","background-image":"","background-repeat":"repeat","background-position":"center center","background-size":"auto","background-attachment":"scroll","background-type":"","background-media":"","overlay-type":"","overlay-color":"","overlay-opacity":"","overlay-gradient":""},"mobile":{"background-color":"var(--ast-global-color-5)","background-image":"","background-repeat":"repeat","background-position":"center center","background-size":"auto","background-attachment":"scroll","background-type":"","background-media":"","overlay-type":"","overlay-color":"","overlay-opacity":"","overlay-gradient":""}},"footnotes":""},"class_list":["post-9324","page","type-page","status-publish","hentry"],"post_mailing_queue_ids":[],"_links":{"self":[{"href":"https:\/\/projectes.xtec.cat\/pee\/wp-json\/wp\/v2\/pages\/9324","targetHints":{"allow":["GET"]}}],"collection":[{"href":"https:\/\/projectes.xtec.cat\/pee\/wp-json\/wp\/v2\/pages"}],"about":[{"href":"https:\/\/projectes.xtec.cat\/pee\/wp-json\/wp\/v2\/types\/page"}],"author":[{"embeddable":true,"href":"https:\/\/projectes.xtec.cat\/pee\/wp-json\/wp\/v2\/users\/1"}],"replies":[{"embeddable":true,"href":"https:\/\/projectes.xtec.cat\/pee\/wp-json\/wp\/v2\/comments?post=9324"}],"version-history":[{"count":1,"href":"https:\/\/projectes.xtec.cat\/pee\/wp-json\/wp\/v2\/pages\/9324\/revisions"}],"predecessor-version":[{"id":9325,"href":"https:\/\/projectes.xtec.cat\/pee\/wp-json\/wp\/v2\/pages\/9324\/revisions\/9325"}],"up":[{"embeddable":true,"href":"https:\/\/projectes.xtec.cat\/pee\/wp-json\/wp\/v2\/pages\/9305"}],"wp:attachment":[{"href":"https:\/\/projectes.xtec.cat\/pee\/wp-json\/wp\/v2\/media?parent=9324"}],"curies":[{"name":"wp","href":"https:\/\/api.w.org\/{rel}","templated":true}]}}