{"id":9459,"date":"2023-11-20T13:59:55","date_gmt":"2023-11-20T12:59:55","guid":{"rendered":"https:\/\/projectes.xtec.cat\/pee\/?page_id=9459"},"modified":"2025-12-18T12:42:43","modified_gmt":"2025-12-18T11:42:43","slug":"a_gestio-tecnica","status":"publish","type":"page","link":"https:\/\/projectes.xtec.cat\/pee\/a_gestio-tecnica\/","title":{"rendered":"A_GESTI\u00d3 T\u00c8CNICA"},"content":{"rendered":"\n<div class=\"wp-block-buttons is-layout-flex wp-block-buttons-is-layout-flex\">\n<div class=\"wp-block-button has-custom-width wp-block-button__width-25 has-custom-font-size has-medium-font-size\"><a class=\"wp-block-button__link wp-element-button\" href=\"https:\/\/projectes.xtec.cat\/pee\/pla-anual-pee\/\" style=\"border-width:20px;padding-top:0;padding-bottom:0\" target=\"_blank\" rel=\"noreferrer noopener\">Pla anual<\/a><\/div>\n\n\n\n<div class=\"wp-block-button has-custom-width wp-block-button__width-25 has-custom-font-size has-medium-font-size\"><a class=\"wp-block-button__link wp-element-button\" href=\"https:\/\/projectes.xtec.cat\/pee\/memoria-pee\/\" style=\"border-width:9px\" target=\"_blank\" rel=\"noreferrer noopener\">Mem\u00f2ria<\/a><\/div>\n\n\n\n<div class=\"wp-block-button has-custom-width wp-block-button__width-25 has-custom-font-size has-medium-font-size\"><a class=\"wp-block-button__link wp-element-button\" href=\"https:\/\/projectes.xtec.cat\/pee\/gt_projecte-marc\/\" style=\"border-width:9px\" target=\"_blank\" rel=\"noreferrer noopener\">Projecte marc<\/a><\/div>\n\n\n\n<div class=\"wp-block-button has-custom-width wp-block-button__width-25 has-custom-font-size has-medium-font-size\"><a class=\"wp-block-button__link wp-element-button\" href=\"https:\/\/drive.google.com\/drive\/folders\/1BAePVTapwlstC_KIYEoFSzCH4cSOD56B\" style=\"border-width:9px\" target=\"_blank\" rel=\"noreferrer noopener\">Marca PEE<\/a><\/div>\n<\/div>\n\n\n\n<p><\/p>\n\n\n\n<p><strong>ORIENTACIONS DE PEE <\/strong><\/p>\n\n\n\n<div class=\"wp-block-buttons is-layout-flex wp-block-buttons-is-layout-flex\">\n<div class=\"wp-block-button has-custom-width wp-block-button__width-50 has-custom-font-size has-medium-font-size\"><a class=\"wp-block-button__link wp-element-button\" href=\"https:\/\/drive.google.com\/file\/d\/1PuSf1ZiWij6eEcI1vjeC5IaRKlbp-Y26\/view\" target=\"_blank\" rel=\"noreferrer noopener\">Orientaci\u00f3 per a l&#8217;elaboraci\u00f3 del pla anual<\/a><\/div>\n\n\n\n<div class=\"wp-block-button has-custom-width wp-block-button__width-50 has-custom-font-size has-medium-font-size\"><a class=\"wp-block-button__link wp-element-button\" href=\"https:\/\/drive.google.com\/file\/d\/12sxRvgwV_S4-CVOwdLqPMZSSfzkutG0z\/view\" target=\"_blank\" rel=\"noreferrer noopener\">Infografia explicaci\u00f3 dotaci\u00f3 del m\u00f2dul 3<\/a><\/div>\n<\/div>\n\n\n\n<p><\/p>\n\n\n\n<p><a href=\"https:\/\/dogc.gencat.cat\/ca\/document-del-dogc\/?documentId=958004\">ACORD GOV\/91\/2023, de 18 d&#8217;abril<\/a>, pel qual s&#8217;estableixen les condicions m\u00ednimes per formalitzar els convenis que concretin els plans educatius d&#8217;entorn i el finan\u00e7ament de les actuacions relacionades.<\/p>\n\n\n\n<p><strong>Perfils professionals:<\/strong>&nbsp;<a href=\"https:\/\/eur03.safelinks.protection.outlook.com\/?url=https%3A%2F%2Fdrive.google.com%2Ffile%2Fd%2F1jNLJnHgRKbaKWkDBJqBuFaZb9aHkBurx%2Fview&amp;data=05%7C01%7Cvhinojosag%40gencat.cat%7C634048f241554467884a08da55040995%7C3b9427dcd30e43bc8c06ff7253676fec%7C1%7C0%7C637915773063622673%7CUnknown%7CTWFpbGZsb3d8eyJWIjoiMC4wLjAwMDAiLCJQIjoiV2luMzIiLCJBTiI6Ik1haWwiLCJXVCI6Mn0%3D%7C3000%7C%7C%7C&amp;sdata=PBM5ehniz18XAJ%2Bg2gZArkR4OdYsfpnCt%2FUkav5P9qg%3D&amp;reserved=0\" target=\"_blank\" rel=\"noreferrer noopener\">&nbsp;T\u00e8cnic\/a dinamitzador del PEE<\/a>&nbsp;i&nbsp;<a href=\"https:\/\/eur03.safelinks.protection.outlook.com\/?url=https%3A%2F%2Fdrive.google.com%2Ffile%2Fd%2F1mGtNty2b_o1ssFWSsOVuczg3evjfWYGV%2Fview&amp;data=05%7C01%7Cvhinojosag%40gencat.cat%7C634048f241554467884a08da55040995%7C3b9427dcd30e43bc8c06ff7253676fec%7C1%7C0%7C637915773063622673%7CUnknown%7CTWFpbGZsb3d8eyJWIjoiMC4wLjAwMDAiLCJQIjoiV2luMzIiLCJBTiI6Ik1haWwiLCJXVCI6Mn0%3D%7C3000%7C%7C%7C&amp;sdata=v0tiDNS2P7BN%2Ftm9m9b50nN5mhpKo%2Bc75Uv1kHpaZXE%3D&amp;reserved=0\" target=\"_blank\" rel=\"noreferrer noopener\">Orientador\/a d\u2019\u00e0mbit comunitari.<\/a><\/p>\n\n\n\n<p><\/p>\n","protected":false},"excerpt":{"rendered":"<p>ORIENTACIONS DE PEE ACORD GOV\/91\/2023, de 18 d&#8217;abril, pel qual s&#8217;estableixen les condicions m\u00ednimes per formalitzar els convenis que concretin els plans educatius d&#8217;entorn i el finan\u00e7ament de les actuacions relacionades. Perfils professionals:&nbsp;&nbsp;T\u00e8cnic\/a dinamitzador del PEE&nbsp;i&nbsp;Orientador\/a d\u2019\u00e0mbit comunitari.<\/p>\n","protected":false},"author":1,"featured_media":0,"parent":0,"menu_order":0,"comment_status":"closed","ping_status":"closed","template":"","meta":{"_bbp_topic_count":0,"_bbp_reply_count":0,"_bbp_total_topic_count":0,"_bbp_total_reply_count":0,"_bbp_voice_count":0,"_bbp_anonymous_reply_count":0,"_bbp_topic_count_hidden":0,"_bbp_reply_count_hidden":0,"_bbp_forum_subforum_count":0,"site-sidebar-layout":"no-sidebar","site-content-layout":"","ast-site-content-layout":"normal-width-container","site-content-style":"default","site-sidebar-style":"default","ast-global-header-display":"","ast-banner-title-visibility":"","ast-main-header-display":"","ast-hfb-above-header-display":"","ast-hfb-below-header-display":"","ast-hfb-mobile-header-display":"","site-post-title":"","ast-breadcrumbs-content":"","ast-featured-img":"","footer-sml-layout":"","theme-transparent-header-meta":"","adv-header-id-meta":"","stick-header-meta":"","header-above-stick-meta":"","header-main-stick-meta":"","header-below-stick-meta":"","astra-migrate-meta-layouts":"set","ast-page-background-enabled":"default","ast-page-background-meta":{"desktop":{"background-color":"var(--ast-global-color-4)","background-image":"","background-repeat":"repeat","background-position":"center center","background-size":"auto","background-attachment":"scroll","background-type":"","background-media":"","overlay-type":"","overlay-color":"","overlay-opacity":"","overlay-gradient":""},"tablet":{"background-color":"","background-image":"","background-repeat":"repeat","background-position":"center center","background-size":"auto","background-attachment":"scroll","background-type":"","background-media":"","overlay-type":"","overlay-color":"","overlay-opacity":"","overlay-gradient":""},"mobile":{"background-color":"","background-image":"","background-repeat":"repeat","background-position":"center center","background-size":"auto","background-attachment":"scroll","background-type":"","background-media":"","overlay-type":"","overlay-color":"","overlay-opacity":"","overlay-gradient":""}},"ast-content-background-meta":{"desktop":{"background-color":"var(--ast-global-color-5)","background-image":"","background-repeat":"repeat","background-position":"center center","background-size":"auto","background-attachment":"scroll","background-type":"","background-media":"","overlay-type":"","overlay-color":"","overlay-opacity":"","overlay-gradient":""},"tablet":{"background-color":"var(--ast-global-color-5)","background-image":"","background-repeat":"repeat","background-position":"center center","background-size":"auto","background-attachment":"scroll","background-type":"","background-media":"","overlay-type":"","overlay-color":"","overlay-opacity":"","overlay-gradient":""},"mobile":{"background-color":"var(--ast-global-color-5)","background-image":"","background-repeat":"repeat","background-position":"center center","background-size":"auto","background-attachment":"scroll","background-type":"","background-media":"","overlay-type":"","overlay-color":"","overlay-opacity":"","overlay-gradient":""}},"footnotes":""},"class_list":["post-9459","page","type-page","status-publish","hentry"],"post_mailing_queue_ids":[],"_links":{"self":[{"href":"https:\/\/projectes.xtec.cat\/pee\/wp-json\/wp\/v2\/pages\/9459","targetHints":{"allow":["GET"]}}],"collection":[{"href":"https:\/\/projectes.xtec.cat\/pee\/wp-json\/wp\/v2\/pages"}],"about":[{"href":"https:\/\/projectes.xtec.cat\/pee\/wp-json\/wp\/v2\/types\/page"}],"author":[{"embeddable":true,"href":"https:\/\/projectes.xtec.cat\/pee\/wp-json\/wp\/v2\/users\/1"}],"replies":[{"embeddable":true,"href":"https:\/\/projectes.xtec.cat\/pee\/wp-json\/wp\/v2\/comments?post=9459"}],"version-history":[{"count":6,"href":"https:\/\/projectes.xtec.cat\/pee\/wp-json\/wp\/v2\/pages\/9459\/revisions"}],"predecessor-version":[{"id":10680,"href":"https:\/\/projectes.xtec.cat\/pee\/wp-json\/wp\/v2\/pages\/9459\/revisions\/10680"}],"wp:attachment":[{"href":"https:\/\/projectes.xtec.cat\/pee\/wp-json\/wp\/v2\/media?parent=9459"}],"curies":[{"name":"wp","href":"https:\/\/api.w.org\/{rel}","templated":true}]}}