{"id":9490,"date":"2023-12-05T12:51:13","date_gmt":"2023-12-05T11:51:13","guid":{"rendered":"https:\/\/projectes.xtec.cat\/pee\/?page_id=9490"},"modified":"2025-07-24T10:07:55","modified_gmt":"2025-07-24T08:07:55","slug":"eina-de-diagnosi-nous-pee","status":"publish","type":"page","link":"https:\/\/projectes.xtec.cat\/pee\/eina-de-diagnosi-nous-pee\/","title":{"rendered":"Eina de diagnosi NOUS PEE"},"content":{"rendered":"\n<p><span style=\"font-weight: 400;\">En el moment d\u2019iniciar un Pla educatiu d\u2019entorn \u00e9s important realitzar una diagnosi de necessitats compartida amb els diferents agents educatius del territori per tal de, posteriorment, concretar els objectius prioritaris i les actuacions que hi donen resposta.&nbsp;<\/span><\/p>\n\n\n\n<p><span style=\"font-weight: 400;\">La participaci\u00f3 d\u2019aquests agents en la fase inicial ajuda a visualitzar les necessitats, aporta arguments per als objectius i afavoreix la implicaci\u00f3 dels diferents agents en el proc\u00e9s posterior.<\/span><\/p>\n\n\n\n<p><span style=\"font-weight: 400;\">Per tal d\u2019orientar-vos en el proc\u00e9s de detecci\u00f3 de necessitats i la posterior definici\u00f3 d\u2019actuacions b\u00e0siques, us facilitem una eina de diagnosi en relaci\u00f3 a cada un dels objectius del pla educatiu d\u2019entorn, adre\u00e7ada als diferents agents.<\/span><\/p>\n\n\n\n<div class=\"wp-block-buttons is-layout-flex wp-block-buttons-is-layout-flex\">\n<div class=\"wp-block-button\"><a class=\"wp-block-button__link wp-element-button\" href=\"https:\/\/docs.google.com\/document\/d\/1-0M_ljHS9FTCtzlpbKUG_NjyQQ5WRngxPtrgj3CAPZs\/edit?usp=sharing\">Centres educatius<\/a><\/div>\n\n\n\n<div class=\"wp-block-button\"><a class=\"wp-block-button__link wp-element-button\" href=\"https:\/\/docs.google.com\/document\/d\/12ZZjp_U5nhiuZQpmJwKkmF_3ypsyPfju3jTGQqn4rdg\/edit?usp=sharing\">Fam\u00edlies<\/a><\/div>\n\n\n\n<div class=\"wp-block-button\"><a class=\"wp-block-button__link wp-element-button\" href=\"https:\/\/docs.google.com\/document\/d\/1-PkfQIAlz0zSW5g2LqHDG3EJJj9ZABhtO0xkwWbXAiI\/edit?usp=sharing\">Alumnat<\/a><\/div>\n\n\n\n<div class=\"wp-block-button\"><a class=\"wp-block-button__link wp-element-button\" href=\"https:\/\/docs.google.com\/document\/d\/1V1yfA4Qrjmg9E2QHxPm_CatBHNowbM_i5eLk2oPDg0M\/edit?usp=sharing\">Administraci\u00f3 local<\/a><\/div>\n\n\n\n<div class=\"wp-block-button\"><a class=\"wp-block-button__link wp-element-button\" href=\"https:\/\/docs.google.com\/document\/d\/1ulYYnyqStauo45DWg2704UUJ0Epjii8_g2_cd76y248\/edit?usp=sharing\">Serveis educatius<\/a><\/div>\n\n\n\n<div class=\"wp-block-button\"><a class=\"wp-block-button__link wp-element-button\" href=\"https:\/\/docs.google.com\/document\/d\/1SfP8ZZ_isqIvw0nPgYiCeDkGaD03BwONRRQq0jDOcNg\/edit?usp=sharing\">Entitats<\/a><\/div>\n<\/div>\n\n\n\n<p><\/p>\n","protected":false},"excerpt":{"rendered":"<p>En el moment d\u2019iniciar un Pla educatiu d\u2019entorn \u00e9s important realitzar una diagnosi de necessitats compartida amb els diferents agents educatius del territori per tal de, posteriorment, concretar els objectius prioritaris i les actuacions que hi donen resposta.&nbsp; La participaci\u00f3 d\u2019aquests agents en la fase inicial ajuda a visualitzar les necessitats, aporta arguments per als [&hellip;]<\/p>\n","protected":false},"author":1,"featured_media":0,"parent":0,"menu_order":0,"comment_status":"closed","ping_status":"closed","template":"","meta":{"_bbp_topic_count":0,"_bbp_reply_count":0,"_bbp_total_topic_count":0,"_bbp_total_reply_count":0,"_bbp_voice_count":0,"_bbp_anonymous_reply_count":0,"_bbp_topic_count_hidden":0,"_bbp_reply_count_hidden":0,"_bbp_forum_subforum_count":0,"site-sidebar-layout":"default","site-content-layout":"","ast-site-content-layout":"default","site-content-style":"default","site-sidebar-style":"default","ast-global-header-display":"","ast-banner-title-visibility":"","ast-main-header-display":"","ast-hfb-above-header-display":"","ast-hfb-below-header-display":"","ast-hfb-mobile-header-display":"","site-post-title":"","ast-breadcrumbs-content":"","ast-featured-img":"","footer-sml-layout":"","theme-transparent-header-meta":"","adv-header-id-meta":"","stick-header-meta":"","header-above-stick-meta":"","header-main-stick-meta":"","header-below-stick-meta":"","astra-migrate-meta-layouts":"set","ast-page-background-enabled":"default","ast-page-background-meta":{"desktop":{"background-color":"var(--ast-global-color-4)","background-image":"","background-repeat":"repeat","background-position":"center center","background-size":"auto","background-attachment":"scroll","background-type":"","background-media":"","overlay-type":"","overlay-color":"","overlay-opacity":"","overlay-gradient":""},"tablet":{"background-color":"","background-image":"","background-repeat":"repeat","background-position":"center center","background-size":"auto","background-attachment":"scroll","background-type":"","background-media":"","overlay-type":"","overlay-color":"","overlay-opacity":"","overlay-gradient":""},"mobile":{"background-color":"","background-image":"","background-repeat":"repeat","background-position":"center center","background-size":"auto","background-attachment":"scroll","background-type":"","background-media":"","overlay-type":"","overlay-color":"","overlay-opacity":"","overlay-gradient":""}},"ast-content-background-meta":{"desktop":{"background-color":"var(--ast-global-color-5)","background-image":"","background-repeat":"repeat","background-position":"center center","background-size":"auto","background-attachment":"scroll","background-type":"","background-media":"","overlay-type":"","overlay-color":"","overlay-opacity":"","overlay-gradient":""},"tablet":{"background-color":"var(--ast-global-color-5)","background-image":"","background-repeat":"repeat","background-position":"center center","background-size":"auto","background-attachment":"scroll","background-type":"","background-media":"","overlay-type":"","overlay-color":"","overlay-opacity":"","overlay-gradient":""},"mobile":{"background-color":"var(--ast-global-color-5)","background-image":"","background-repeat":"repeat","background-position":"center center","background-size":"auto","background-attachment":"scroll","background-type":"","background-media":"","overlay-type":"","overlay-color":"","overlay-opacity":"","overlay-gradient":""}},"footnotes":""},"class_list":["post-9490","page","type-page","status-publish","hentry"],"post_mailing_queue_ids":[],"_links":{"self":[{"href":"https:\/\/projectes.xtec.cat\/pee\/wp-json\/wp\/v2\/pages\/9490","targetHints":{"allow":["GET"]}}],"collection":[{"href":"https:\/\/projectes.xtec.cat\/pee\/wp-json\/wp\/v2\/pages"}],"about":[{"href":"https:\/\/projectes.xtec.cat\/pee\/wp-json\/wp\/v2\/types\/page"}],"author":[{"embeddable":true,"href":"https:\/\/projectes.xtec.cat\/pee\/wp-json\/wp\/v2\/users\/1"}],"replies":[{"embeddable":true,"href":"https:\/\/projectes.xtec.cat\/pee\/wp-json\/wp\/v2\/comments?post=9490"}],"version-history":[{"count":6,"href":"https:\/\/projectes.xtec.cat\/pee\/wp-json\/wp\/v2\/pages\/9490\/revisions"}],"predecessor-version":[{"id":10473,"href":"https:\/\/projectes.xtec.cat\/pee\/wp-json\/wp\/v2\/pages\/9490\/revisions\/10473"}],"wp:attachment":[{"href":"https:\/\/projectes.xtec.cat\/pee\/wp-json\/wp\/v2\/media?parent=9490"}],"curies":[{"name":"wp","href":"https:\/\/api.w.org\/{rel}","templated":true}]}}