{"id":9561,"date":"2024-02-05T14:01:46","date_gmt":"2024-02-05T13:01:46","guid":{"rendered":"https:\/\/projectes.xtec.cat\/pee\/?page_id=9561"},"modified":"2025-07-24T13:40:21","modified_gmt":"2025-07-24T11:40:21","slug":"pindoles-formatives-dels-pee","status":"publish","type":"page","link":"https:\/\/projectes.xtec.cat\/pee\/pindoles-formatives-dels-pee\/","title":{"rendered":"P\u00edndoles formatives dels PEE"},"content":{"rendered":"\n<div class=\"wp-block-columns is-layout-flex wp-container-core-columns-is-layout-1 wp-block-columns-is-layout-flex\" style=\"border-style:none;border-width:0px;border-radius:0px\">\n<div class=\"wp-block-column is-layout-flow wp-block-column-is-layout-flow\">\n<p><strong>Enlla\u00e7os a SEMINARIS WEB<\/strong><\/p>\n\n\n\n<p><a href=\"https:\/\/projectes.xtec.cat\/pee\/drets-socials-i-educacio-sumen\/\" data-type=\"link\" data-id=\"https:\/\/projectes.xtec.cat\/pee\/drets-socials-i-educacio-sumen\/\" target=\"_blank\" rel=\"noreferrer noopener\">Drets Socials i Educaci\u00f3 sumen<\/a>. (Gener 2025)<\/p>\n\n\n\n<p><a href=\"https:\/\/projectes.xtec.cat\/pee\/general\/webina-lavaluacio-als-pee\/\" data-type=\"link\" data-id=\"https:\/\/projectes.xtec.cat\/pee\/general\/webina-lavaluacio-als-pee\/\">L&#8217;avaluaci\u00f3 en els PEE. &#8220;Una eina poderosa per avan\u00e7ar amb sentit&#8221;<\/a>. Febrer 2024<\/p>\n\n\n\n<p><a href=\"https:\/\/projectes.xtec.cat\/pee\/webinar-llengua-i-cohesio-socials-als-pee\/\" data-type=\"link\" data-id=\"https:\/\/projectes.xtec.cat\/pee\/webinar-llengua-i-cohesio-socials-als-pee\/\">Llengua i cohesi\u00f3 social als PEE. &#8220;Vincles i Sambori dos projectes d&#8217;\u00d2mnium&#8221;<\/a>. Febrer 2024<\/p>\n\n\n\n<p><a href=\"https:\/\/projectes.xtec.cat\/pee\/webinar-la-gestio-economica-als-pee\/\" data-type=\"link\" data-id=\"https:\/\/projectes.xtec.cat\/pee\/webinar-la-gestio-economica-als-pee\/\">La gesti\u00f3 econ\u00f2mica als PEE. &#8220;Procediments d&#8217;execusi\u00f3 en l&#8217;\u00e0mbit municipal&#8221;<\/a>. Gener 2024<\/p>\n\n\n\n<p><a href=\"https:\/\/youtu.be\/Uyc0rtdWSVQ\" target=\"_blank\" rel=\"noopener\">LA PROTECCI\u00d3 DE DADES ALS PEE_Juny 2023<\/a><\/p>\n\n\n\n<p><a href=\"https:\/\/youtu.be\/ejxINyzyhUY\" target=\"_blank\" rel=\"noopener\">PROMOURE LA INTERCULTURALITAT ALS CENTRES EDUCATIUS_Juny 2022<\/a><\/p>\n\n\n\n<p><a href=\"https:\/\/youtu.be\/T52wofYaOSU\" target=\"_blank\" rel=\"noopener\">L&#8217;IMPULS DELS SERVEI COMUNITARI EN L&#8217;\u00c0MBIT LOCAL_Juny 2022<\/a><\/p>\n\n\n\n<p><a href=\"https:\/\/youtu.be\/Jo1pgKzDwaw\" target=\"_blank\" rel=\"noopener\">ASSEGURANCES I TRACTAMENT DE DADES ALS PEE_Mar\u00e7 2022<\/a><\/p>\n<\/div>\n<\/div>\n","protected":false},"excerpt":{"rendered":"<p>Enlla\u00e7os a SEMINARIS WEB Drets Socials i Educaci\u00f3 sumen. (Gener 2025) L&#8217;avaluaci\u00f3 en els PEE. &#8220;Una eina poderosa per avan\u00e7ar amb sentit&#8221;. Febrer 2024 Llengua i cohesi\u00f3 social als PEE. &#8220;Vincles i Sambori dos projectes d&#8217;\u00d2mnium&#8221;. Febrer 2024 La gesti\u00f3 econ\u00f2mica als PEE. &#8220;Procediments d&#8217;execusi\u00f3 en l&#8217;\u00e0mbit municipal&#8221;. Gener 2024 LA PROTECCI\u00d3 DE DADES ALS [&hellip;]<\/p>\n","protected":false},"author":1,"featured_media":0,"parent":0,"menu_order":0,"comment_status":"closed","ping_status":"closed","template":"","meta":{"_bbp_topic_count":0,"_bbp_reply_count":0,"_bbp_total_topic_count":0,"_bbp_total_reply_count":0,"_bbp_voice_count":0,"_bbp_anonymous_reply_count":0,"_bbp_topic_count_hidden":0,"_bbp_reply_count_hidden":0,"_bbp_forum_subforum_count":0,"site-sidebar-layout":"default","site-content-layout":"","ast-site-content-layout":"default","site-content-style":"default","site-sidebar-style":"default","ast-global-header-display":"","ast-banner-title-visibility":"","ast-main-header-display":"","ast-hfb-above-header-display":"","ast-hfb-below-header-display":"","ast-hfb-mobile-header-display":"","site-post-title":"","ast-breadcrumbs-content":"","ast-featured-img":"","footer-sml-layout":"","theme-transparent-header-meta":"","adv-header-id-meta":"","stick-header-meta":"","header-above-stick-meta":"","header-main-stick-meta":"","header-below-stick-meta":"","astra-migrate-meta-layouts":"set","ast-page-background-enabled":"default","ast-page-background-meta":{"desktop":{"background-color":"var(--ast-global-color-4)","background-image":"","background-repeat":"repeat","background-position":"center center","background-size":"auto","background-attachment":"scroll","background-type":"","background-media":"","overlay-type":"","overlay-color":"","overlay-opacity":"","overlay-gradient":""},"tablet":{"background-color":"","background-image":"","background-repeat":"repeat","background-position":"center center","background-size":"auto","background-attachment":"scroll","background-type":"","background-media":"","overlay-type":"","overlay-color":"","overlay-opacity":"","overlay-gradient":""},"mobile":{"background-color":"","background-image":"","background-repeat":"repeat","background-position":"center center","background-size":"auto","background-attachment":"scroll","background-type":"","background-media":"","overlay-type":"","overlay-color":"","overlay-opacity":"","overlay-gradient":""}},"ast-content-background-meta":{"desktop":{"background-color":"var(--ast-global-color-5)","background-image":"","background-repeat":"repeat","background-position":"center center","background-size":"auto","background-attachment":"scroll","background-type":"","background-media":"","overlay-type":"","overlay-color":"","overlay-opacity":"","overlay-gradient":""},"tablet":{"background-color":"var(--ast-global-color-5)","background-image":"","background-repeat":"repeat","background-position":"center center","background-size":"auto","background-attachment":"scroll","background-type":"","background-media":"","overlay-type":"","overlay-color":"","overlay-opacity":"","overlay-gradient":""},"mobile":{"background-color":"var(--ast-global-color-5)","background-image":"","background-repeat":"repeat","background-position":"center center","background-size":"auto","background-attachment":"scroll","background-type":"","background-media":"","overlay-type":"","overlay-color":"","overlay-opacity":"","overlay-gradient":""}},"footnotes":""},"class_list":["post-9561","page","type-page","status-publish","hentry"],"post_mailing_queue_ids":[],"_links":{"self":[{"href":"https:\/\/projectes.xtec.cat\/pee\/wp-json\/wp\/v2\/pages\/9561","targetHints":{"allow":["GET"]}}],"collection":[{"href":"https:\/\/projectes.xtec.cat\/pee\/wp-json\/wp\/v2\/pages"}],"about":[{"href":"https:\/\/projectes.xtec.cat\/pee\/wp-json\/wp\/v2\/types\/page"}],"author":[{"embeddable":true,"href":"https:\/\/projectes.xtec.cat\/pee\/wp-json\/wp\/v2\/users\/1"}],"replies":[{"embeddable":true,"href":"https:\/\/projectes.xtec.cat\/pee\/wp-json\/wp\/v2\/comments?post=9561"}],"version-history":[{"count":5,"href":"https:\/\/projectes.xtec.cat\/pee\/wp-json\/wp\/v2\/pages\/9561\/revisions"}],"predecessor-version":[{"id":10547,"href":"https:\/\/projectes.xtec.cat\/pee\/wp-json\/wp\/v2\/pages\/9561\/revisions\/10547"}],"wp:attachment":[{"href":"https:\/\/projectes.xtec.cat\/pee\/wp-json\/wp\/v2\/media?parent=9561"}],"curies":[{"name":"wp","href":"https:\/\/api.w.org\/{rel}","templated":true}]}}