{"id":9572,"date":"2024-02-06T14:05:52","date_gmt":"2024-02-06T13:05:52","guid":{"rendered":"https:\/\/projectes.xtec.cat\/pee\/?page_id=9572"},"modified":"2024-02-07T10:39:39","modified_gmt":"2024-02-07T09:39:39","slug":"webinar-la-gestio-economica-als-pee","status":"publish","type":"page","link":"https:\/\/projectes.xtec.cat\/pee\/webinar-la-gestio-economica-als-pee\/","title":{"rendered":"Webinar &#8220;La gesti\u00f3 econ\u00f2mica als PEE&#8221;"},"content":{"rendered":"<p><strong>Recursos i materials<\/strong><br \/>\n<iframe loading=\"lazy\" src=\"https:\/\/drive.google.com\/file\/d\/1EslU7fJvR0yp-XYhRH6g2kwXxlWSruJO\/preview\" width=\"360\" height=\"215\"><\/iframe><iframe loading=\"lazy\" title=\"YouTube video player\" src=\"https:\/\/www.youtube.com\/embed\/jXpzGG2oQBA?si=bODDnLprYPqif0lc\" width=\"360\" height=\"215\" frameborder=\"0\" allowfullscreen=\"allowfullscreen\"><span data-mce-type=\"bookmark\" style=\"display: inline-block; width: 0px; overflow: hidden; line-height: 0;\" class=\"mce_SELRES_start\">\ufeff<\/span><span data-mce-type=\"bookmark\" style=\"display: inline-block; width: 0px; overflow: hidden; line-height: 0;\" class=\"mce_SELRES_start\">\ufeff<\/span><\/iframe><\/p>\n<p><a href=\"https:\/\/drive.google.com\/file\/d\/1w4Zt5acJo2LXII5HmZRV6Y59R930P8ct\/view?usp=sharing\">Q&amp;A DUBTES I PREGUNTES DEL WEBINAR<\/a><\/p>\n<p><a href=\"https:\/\/contractaciopublica.cat\/ca\/detall-publicacio\/00a4ba49-bc4a-5b9c-d5f3-7c229c071057\/115841074\" target=\"_blank\" rel=\"noopener\">PLATAFORMA DE SERVEIS DE CONTRACTACI\u00d3 P\u00daBLICA<\/a>. (Licitaci\u00f3 dels tallers TSAE)<\/p>\n<p><a href=\"https:\/\/seu.paeria.cat\/documentPublic\/download\/25222\" target=\"_blank\" rel=\"noopener\"><span lang=\"CA\">BASES PER A LA CONCESSI\u00d3 DE SUBVENCIONS PER \u00a0POTENCIAR L\u2019\u00c8XIT EDUCATIU<br \/>\n<\/span><span lang=\"CA\">EN EL MARC DEL PLA EDUCATIU D\u2019ENTORN (L.10-7)<\/span><\/a><\/p>\n","protected":false},"excerpt":{"rendered":"<p>Recursos i materials \ufeff\ufeff Q&amp;A DUBTES I PREGUNTES DEL WEBINAR PLATAFORMA DE SERVEIS DE CONTRACTACI\u00d3 P\u00daBLICA. (Licitaci\u00f3 dels tallers TSAE) BASES PER A LA CONCESSI\u00d3 DE SUBVENCIONS PER \u00a0POTENCIAR L\u2019\u00c8XIT EDUCATIU EN EL MARC DEL PLA EDUCATIU D\u2019ENTORN (L.10-7)<\/p>\n","protected":false},"author":1,"featured_media":0,"parent":0,"menu_order":0,"comment_status":"closed","ping_status":"closed","template":"","meta":{"_bbp_topic_count":0,"_bbp_reply_count":0,"_bbp_total_topic_count":0,"_bbp_total_reply_count":0,"_bbp_voice_count":0,"_bbp_anonymous_reply_count":0,"_bbp_topic_count_hidden":0,"_bbp_reply_count_hidden":0,"_bbp_forum_subforum_count":0,"site-sidebar-layout":"default","site-content-layout":"","ast-site-content-layout":"","site-content-style":"default","site-sidebar-style":"default","ast-global-header-display":"","ast-banner-title-visibility":"","ast-main-header-display":"","ast-hfb-above-header-display":"","ast-hfb-below-header-display":"","ast-hfb-mobile-header-display":"","site-post-title":"","ast-breadcrumbs-content":"","ast-featured-img":"","footer-sml-layout":"","theme-transparent-header-meta":"","adv-header-id-meta":"","stick-header-meta":"","header-above-stick-meta":"","header-main-stick-meta":"","header-below-stick-meta":"","astra-migrate-meta-layouts":"default","ast-page-background-enabled":"default","ast-page-background-meta":{"desktop":{"background-color":"var(--ast-global-color-4)","background-image":"","background-repeat":"repeat","background-position":"center center","background-size":"auto","background-attachment":"scroll","background-type":"","background-media":"","overlay-type":"","overlay-color":"","overlay-opacity":"","overlay-gradient":""},"tablet":{"background-color":"","background-image":"","background-repeat":"repeat","background-position":"center center","background-size":"auto","background-attachment":"scroll","background-type":"","background-media":"","overlay-type":"","overlay-color":"","overlay-opacity":"","overlay-gradient":""},"mobile":{"background-color":"","background-image":"","background-repeat":"repeat","background-position":"center center","background-size":"auto","background-attachment":"scroll","background-type":"","background-media":"","overlay-type":"","overlay-color":"","overlay-opacity":"","overlay-gradient":""}},"ast-content-background-meta":{"desktop":{"background-color":"var(--ast-global-color-5)","background-image":"","background-repeat":"repeat","background-position":"center center","background-size":"auto","background-attachment":"scroll","background-type":"","background-media":"","overlay-type":"","overlay-color":"","overlay-opacity":"","overlay-gradient":""},"tablet":{"background-color":"var(--ast-global-color-5)","background-image":"","background-repeat":"repeat","background-position":"center center","background-size":"auto","background-attachment":"scroll","background-type":"","background-media":"","overlay-type":"","overlay-color":"","overlay-opacity":"","overlay-gradient":""},"mobile":{"background-color":"var(--ast-global-color-5)","background-image":"","background-repeat":"repeat","background-position":"center center","background-size":"auto","background-attachment":"scroll","background-type":"","background-media":"","overlay-type":"","overlay-color":"","overlay-opacity":"","overlay-gradient":""}},"footnotes":""},"class_list":["post-9572","page","type-page","status-publish","hentry"],"post_mailing_queue_ids":[],"_links":{"self":[{"href":"https:\/\/projectes.xtec.cat\/pee\/wp-json\/wp\/v2\/pages\/9572","targetHints":{"allow":["GET"]}}],"collection":[{"href":"https:\/\/projectes.xtec.cat\/pee\/wp-json\/wp\/v2\/pages"}],"about":[{"href":"https:\/\/projectes.xtec.cat\/pee\/wp-json\/wp\/v2\/types\/page"}],"author":[{"embeddable":true,"href":"https:\/\/projectes.xtec.cat\/pee\/wp-json\/wp\/v2\/users\/1"}],"replies":[{"embeddable":true,"href":"https:\/\/projectes.xtec.cat\/pee\/wp-json\/wp\/v2\/comments?post=9572"}],"version-history":[{"count":7,"href":"https:\/\/projectes.xtec.cat\/pee\/wp-json\/wp\/v2\/pages\/9572\/revisions"}],"predecessor-version":[{"id":9583,"href":"https:\/\/projectes.xtec.cat\/pee\/wp-json\/wp\/v2\/pages\/9572\/revisions\/9583"}],"wp:attachment":[{"href":"https:\/\/projectes.xtec.cat\/pee\/wp-json\/wp\/v2\/media?parent=9572"}],"curies":[{"name":"wp","href":"https:\/\/api.w.org\/{rel}","templated":true}]}}