{"id":9590,"date":"2024-02-07T11:13:17","date_gmt":"2024-02-07T10:13:17","guid":{"rendered":"https:\/\/projectes.xtec.cat\/pee\/?page_id=9590"},"modified":"2025-10-22T09:47:00","modified_gmt":"2025-10-22T07:47:00","slug":"documentacio-mentoria-socioeducativa","status":"publish","type":"page","link":"https:\/\/projectes.xtec.cat\/pee\/documentacio-mentoria-socioeducativa\/","title":{"rendered":"Documentaci\u00f3 MENTORIA SOCIOEDUCATIVA"},"content":{"rendered":"\n<div>En aquest espai es posen a disposici\u00f3 dels PEE diversos models de documents de formalitzaci\u00f3 en relaci\u00f3 a la mentoria. No s\u00f3n documents obligatoris, per\u00f2 s\u00ed recomanables.<\/div>\n\n\n\n<div class=\"wp-block-columns is-layout-flex wp-container-core-columns-is-layout-1 wp-block-columns-is-layout-flex\">\n<div class=\"wp-block-column is-layout-flow wp-block-column-is-layout-flow\">\n<div>Documentaci\u00f3<\/div>\n\n\n\n<p><\/p>\n\n\n\n<p><a href=\"https:\/\/xtec.gencat.cat\/web\/.content\/comunitat\/mentoria-socioeducativa\/20250320-Doc-Marc_Mentoria-socioeducativa.pdf\" data-type=\"link\" data-id=\"https:\/\/xtec.gencat.cat\/web\/.content\/comunitat\/mentoria-socioeducativa\/20250320-Doc-Marc_Mentoria-socioeducativa.pdf\" target=\"_blank\" rel=\"noreferrer noopener\">MENTORIA SOCIOEDUCATIVA. Document marc<\/a><\/p>\n\n\n\n<div><a href=\"https:\/\/docs.google.com\/document\/d\/1-XsSO1rnUjQm_9BMM5aOtZW_xdoAlH4s\/edit?usp=sharing&amp;ouid=105524380281426200647&amp;rtpof=true&amp;sd=true\">GUI\u00d3<\/a> Projecte de mentoria socioeducativa<\/div>\n\n\n\n<div><a href=\"https:\/\/xtec.gencat.cat\/web\/.content\/comunitat\/mentoria-socioeducativa\/20250320-Mentoria-socioeducativa-en-el-marcs-dels-PEE.pdf\">MENTORIA SOCIOEDUCATIVA<\/a> en el marc dels plans educatius d&#8217;entorn<\/div>\n<div>&nbsp;<\/div>\n<div>Autoritzacions<\/div>\n<div><a href=\"https:\/\/drive.google.com\/file\/d\/1f3ZTUE6E2mTE6UtybL9XiO0Cnr5NEWlW\/view?usp=sharing\" target=\"_blank\" rel=\"noopener\">AUTORITZACI\u00d3 FAM\u00cdLIES<\/a><br><a href=\"https:\/\/drive.google.com\/file\/d\/1elc0JvSuZSo8fOOusqc_tr1KaVjxoYfl\/view?usp=sharing\" target=\"_blank\" rel=\"noopener\">COMPROM\u00cdS MENTOR<\/a><br><a href=\"https:\/\/drive.google.com\/file\/d\/1c0Bw2ZDi1M3GCBVcczV21NP8N2hOJp4l\/view?usp=sharing\">COMPROM\u00cdS PROGRAMA<\/a><\/div>\n\n\n\n<div>\u00a0<\/div>\n<\/div>\n\n\n\n<div class=\"wp-block-column is-layout-flow wp-block-column-is-layout-flow\">\n<figure class=\"wp-block-image size-full is-resized\"><a href=\"https:\/\/projectes.xtec.cat\/pee\/wp-content\/uploads\/usu2653\/2025\/02\/hands-helping-svgrepo-com.png\"><img loading=\"lazy\" decoding=\"async\" width=\"512\" height=\"512\" src=\"https:\/\/projectes.xtec.cat\/pee\/wp-content\/uploads\/usu2653\/2025\/02\/hands-helping-svgrepo-com.png\" alt=\"\" class=\"wp-image-10288\" style=\"width:322px;height:auto\" srcset=\"https:\/\/projectes.xtec.cat\/pee\/wp-content\/uploads\/usu2653\/2025\/02\/hands-helping-svgrepo-com.png 512w, https:\/\/projectes.xtec.cat\/pee\/wp-content\/uploads\/usu2653\/2025\/02\/hands-helping-svgrepo-com-300x300.png 300w, https:\/\/projectes.xtec.cat\/pee\/wp-content\/uploads\/usu2653\/2025\/02\/hands-helping-svgrepo-com-150x150.png 150w\" sizes=\"auto, (max-width: 512px) 100vw, 512px\" \/><\/a><\/figure>\n<\/div>\n<\/div>\n","protected":false},"excerpt":{"rendered":"<p>En aquest espai es posen a disposici\u00f3 dels PEE diversos models de documents de formalitzaci\u00f3 en relaci\u00f3 a la mentoria. No s\u00f3n documents obligatoris, per\u00f2 s\u00ed recomanables. Documentaci\u00f3 MENTORIA SOCIOEDUCATIVA. Document marc GUI\u00d3 Projecte de mentoria socioeducativa MENTORIA SOCIOEDUCATIVA en el marc dels plans educatius d&#8217;entorn &nbsp; Autoritzacions AUTORITZACI\u00d3 FAM\u00cdLIESCOMPROM\u00cdS MENTORCOMPROM\u00cdS PROGRAMA \u00a0<\/p>\n","protected":false},"author":1,"featured_media":0,"parent":0,"menu_order":0,"comment_status":"closed","ping_status":"closed","template":"","meta":{"_bbp_topic_count":0,"_bbp_reply_count":0,"_bbp_total_topic_count":0,"_bbp_total_reply_count":0,"_bbp_voice_count":0,"_bbp_anonymous_reply_count":0,"_bbp_topic_count_hidden":0,"_bbp_reply_count_hidden":0,"_bbp_forum_subforum_count":0,"site-sidebar-layout":"default","site-content-layout":"","ast-site-content-layout":"default","site-content-style":"default","site-sidebar-style":"default","ast-global-header-display":"","ast-banner-title-visibility":"","ast-main-header-display":"","ast-hfb-above-header-display":"","ast-hfb-below-header-display":"","ast-hfb-mobile-header-display":"","site-post-title":"","ast-breadcrumbs-content":"","ast-featured-img":"","footer-sml-layout":"","theme-transparent-header-meta":"","adv-header-id-meta":"","stick-header-meta":"","header-above-stick-meta":"","header-main-stick-meta":"","header-below-stick-meta":"","astra-migrate-meta-layouts":"set","ast-page-background-enabled":"default","ast-page-background-meta":{"desktop":{"background-color":"var(--ast-global-color-4)","background-image":"","background-repeat":"repeat","background-position":"center center","background-size":"auto","background-attachment":"scroll","background-type":"","background-media":"","overlay-type":"","overlay-color":"","overlay-opacity":"","overlay-gradient":""},"tablet":{"background-color":"","background-image":"","background-repeat":"repeat","background-position":"center center","background-size":"auto","background-attachment":"scroll","background-type":"","background-media":"","overlay-type":"","overlay-color":"","overlay-opacity":"","overlay-gradient":""},"mobile":{"background-color":"","background-image":"","background-repeat":"repeat","background-position":"center center","background-size":"auto","background-attachment":"scroll","background-type":"","background-media":"","overlay-type":"","overlay-color":"","overlay-opacity":"","overlay-gradient":""}},"ast-content-background-meta":{"desktop":{"background-color":"var(--ast-global-color-5)","background-image":"","background-repeat":"repeat","background-position":"center center","background-size":"auto","background-attachment":"scroll","background-type":"","background-media":"","overlay-type":"","overlay-color":"","overlay-opacity":"","overlay-gradient":""},"tablet":{"background-color":"var(--ast-global-color-5)","background-image":"","background-repeat":"repeat","background-position":"center center","background-size":"auto","background-attachment":"scroll","background-type":"","background-media":"","overlay-type":"","overlay-color":"","overlay-opacity":"","overlay-gradient":""},"mobile":{"background-color":"var(--ast-global-color-5)","background-image":"","background-repeat":"repeat","background-position":"center center","background-size":"auto","background-attachment":"scroll","background-type":"","background-media":"","overlay-type":"","overlay-color":"","overlay-opacity":"","overlay-gradient":""}},"footnotes":""},"class_list":["post-9590","page","type-page","status-publish","hentry"],"post_mailing_queue_ids":[],"_links":{"self":[{"href":"https:\/\/projectes.xtec.cat\/pee\/wp-json\/wp\/v2\/pages\/9590","targetHints":{"allow":["GET"]}}],"collection":[{"href":"https:\/\/projectes.xtec.cat\/pee\/wp-json\/wp\/v2\/pages"}],"about":[{"href":"https:\/\/projectes.xtec.cat\/pee\/wp-json\/wp\/v2\/types\/page"}],"author":[{"embeddable":true,"href":"https:\/\/projectes.xtec.cat\/pee\/wp-json\/wp\/v2\/users\/1"}],"replies":[{"embeddable":true,"href":"https:\/\/projectes.xtec.cat\/pee\/wp-json\/wp\/v2\/comments?post=9590"}],"version-history":[{"count":6,"href":"https:\/\/projectes.xtec.cat\/pee\/wp-json\/wp\/v2\/pages\/9590\/revisions"}],"predecessor-version":[{"id":10626,"href":"https:\/\/projectes.xtec.cat\/pee\/wp-json\/wp\/v2\/pages\/9590\/revisions\/10626"}],"wp:attachment":[{"href":"https:\/\/projectes.xtec.cat\/pee\/wp-json\/wp\/v2\/media?parent=9590"}],"curies":[{"name":"wp","href":"https:\/\/api.w.org\/{rel}","templated":true}]}}