{"id":9659,"date":"2024-04-04T13:37:18","date_gmt":"2024-04-04T11:37:18","guid":{"rendered":"https:\/\/projectes.xtec.cat\/pee\/?page_id=9659"},"modified":"2024-04-04T13:56:17","modified_gmt":"2024-04-04T11:56:17","slug":"gt-materials-sessio-7_23-24","status":"publish","type":"page","link":"https:\/\/projectes.xtec.cat\/pee\/gt-materials-sessio-7_23-24\/","title":{"rendered":"GT MATERIALS SESSI\u00d3 7_23-24"},"content":{"rendered":"<p><a href=\"https:\/\/docs.google.com\/document\/d\/1kmLo0rFccaeRc3RQ7qKtm0Vdix187OBb\/edit?usp=sharing&amp;ouid=105524380281426200647&amp;rtpof=true&amp;sd=true\">REFLEXI\u00d3 OPORTUNITATS EDUCATIVES M\u00c9S ENLL\u00c0 DE L\u2019ESCOLA<\/a><br \/>\n<a href=\"https:\/\/docs.google.com\/document\/d\/1WlNydnSgJ0bsUvT-Sc6IYV1FqDAabgko\/edit?usp=sharing&amp;ouid=105524380281426200647&amp;rtpof=true&amp;sd=true\">REFLEXI\u00d3 MEM\u00d2RIA T\u00c8CNICA<\/a><\/p>\n","protected":false},"excerpt":{"rendered":"<p>REFLEXI\u00d3 OPORTUNITATS EDUCATIVES M\u00c9S ENLL\u00c0 DE L\u2019ESCOLA REFLEXI\u00d3 MEM\u00d2RIA T\u00c8CNICA<\/p>\n","protected":false},"author":1,"featured_media":0,"parent":0,"menu_order":0,"comment_status":"closed","ping_status":"closed","template":"","meta":{"_bbp_topic_count":0,"_bbp_reply_count":0,"_bbp_total_topic_count":0,"_bbp_total_reply_count":0,"_bbp_voice_count":0,"_bbp_anonymous_reply_count":0,"_bbp_topic_count_hidden":0,"_bbp_reply_count_hidden":0,"_bbp_forum_subforum_count":0,"site-sidebar-layout":"default","site-content-layout":"","ast-site-content-layout":"","site-content-style":"default","site-sidebar-style":"default","ast-global-header-display":"","ast-banner-title-visibility":"","ast-main-header-display":"","ast-hfb-above-header-display":"","ast-hfb-below-header-display":"","ast-hfb-mobile-header-display":"","site-post-title":"","ast-breadcrumbs-content":"","ast-featured-img":"","footer-sml-layout":"","theme-transparent-header-meta":"","adv-header-id-meta":"","stick-header-meta":"","header-above-stick-meta":"","header-main-stick-meta":"","header-below-stick-meta":"","astra-migrate-meta-layouts":"default","ast-page-background-enabled":"default","ast-page-background-meta":{"desktop":{"background-color":"var(--ast-global-color-4)","background-image":"","background-repeat":"repeat","background-position":"center center","background-size":"auto","background-attachment":"scroll","background-type":"","background-media":"","overlay-type":"","overlay-color":"","overlay-opacity":"","overlay-gradient":""},"tablet":{"background-color":"","background-image":"","background-repeat":"repeat","background-position":"center center","background-size":"auto","background-attachment":"scroll","background-type":"","background-media":"","overlay-type":"","overlay-color":"","overlay-opacity":"","overlay-gradient":""},"mobile":{"background-color":"","background-image":"","background-repeat":"repeat","background-position":"center center","background-size":"auto","background-attachment":"scroll","background-type":"","background-media":"","overlay-type":"","overlay-color":"","overlay-opacity":"","overlay-gradient":""}},"ast-content-background-meta":{"desktop":{"background-color":"var(--ast-global-color-5)","background-image":"","background-repeat":"repeat","background-position":"center center","background-size":"auto","background-attachment":"scroll","background-type":"","background-media":"","overlay-type":"","overlay-color":"","overlay-opacity":"","overlay-gradient":""},"tablet":{"background-color":"var(--ast-global-color-5)","background-image":"","background-repeat":"repeat","background-position":"center center","background-size":"auto","background-attachment":"scroll","background-type":"","background-media":"","overlay-type":"","overlay-color":"","overlay-opacity":"","overlay-gradient":""},"mobile":{"background-color":"var(--ast-global-color-5)","background-image":"","background-repeat":"repeat","background-position":"center center","background-size":"auto","background-attachment":"scroll","background-type":"","background-media":"","overlay-type":"","overlay-color":"","overlay-opacity":"","overlay-gradient":""}},"footnotes":""},"class_list":["post-9659","page","type-page","status-publish","hentry"],"post_mailing_queue_ids":[],"_links":{"self":[{"href":"https:\/\/projectes.xtec.cat\/pee\/wp-json\/wp\/v2\/pages\/9659","targetHints":{"allow":["GET"]}}],"collection":[{"href":"https:\/\/projectes.xtec.cat\/pee\/wp-json\/wp\/v2\/pages"}],"about":[{"href":"https:\/\/projectes.xtec.cat\/pee\/wp-json\/wp\/v2\/types\/page"}],"author":[{"embeddable":true,"href":"https:\/\/projectes.xtec.cat\/pee\/wp-json\/wp\/v2\/users\/1"}],"replies":[{"embeddable":true,"href":"https:\/\/projectes.xtec.cat\/pee\/wp-json\/wp\/v2\/comments?post=9659"}],"version-history":[{"count":2,"href":"https:\/\/projectes.xtec.cat\/pee\/wp-json\/wp\/v2\/pages\/9659\/revisions"}],"predecessor-version":[{"id":9661,"href":"https:\/\/projectes.xtec.cat\/pee\/wp-json\/wp\/v2\/pages\/9659\/revisions\/9661"}],"wp:attachment":[{"href":"https:\/\/projectes.xtec.cat\/pee\/wp-json\/wp\/v2\/media?parent=9659"}],"curies":[{"name":"wp","href":"https:\/\/api.w.org\/{rel}","templated":true}]}}