{"id":9825,"date":"2024-11-27T13:15:25","date_gmt":"2024-11-27T12:15:25","guid":{"rendered":"https:\/\/projectes.xtec.cat\/pee\/?page_id=9825"},"modified":"2024-11-27T14:15:32","modified_gmt":"2024-11-27T13:15:32","slug":"jornada-pee-2024-compartim-realitats","status":"publish","type":"page","link":"https:\/\/projectes.xtec.cat\/pee\/jornada-pee-2024-compartim-realitats\/","title":{"rendered":"Jornada PEE 2024 &#8220;Compartim realitats&#8221;"},"content":{"rendered":"<h4>Presentacions de les experi\u00e8ncies d&#8217;\u00e8xit<\/h4>\n<table style=\"border-collapse: collapse; width: 66.7879%; height: 312px;\">\n<tbody>\n<tr style=\"height: 312px;\">\n<td style=\"width: 28.5851%; height: 312px;\">\n<h4><strong><a href=\"https:\/\/drive.google.com\/file\/d\/1KVDlF0Y-uKUXmEazrx-1ow3yFyBJQgDL\/view?usp=sharing\">Capellades<\/a><\/strong><\/h4>\n<h4><strong><a href=\"https:\/\/drive.google.com\/file\/d\/1yYatCX1br6y8dS4B-eLbpXlGW97m7KcY\/view?usp=sharing\">Castelldefels<\/a><\/strong><\/h4>\n<h4><strong><a href=\"https:\/\/drive.google.com\/file\/d\/1o_0EqffAcjbCM9oUylcirLgoxr4AGidr\/view?usp=sharing\">Cervera-Guissona<\/a><\/strong><\/h4>\n<h4><strong><a href=\"https:\/\/drive.google.com\/file\/d\/18g1XyXOa_Sx6rNuYwldeNksC3Nuh58rn\/view?usp=sharing\">Deltebre<\/a><\/strong><\/h4>\n<h4><strong><a href=\"https:\/\/drive.google.com\/file\/d\/1vknfDA4DbpVfVfRc-Q9XEbJDKRUS0_vp\/view?usp=sharing\">El Vendrell<\/a><\/strong><\/h4>\n<h4><strong><a href=\"https:\/\/drive.google.com\/file\/d\/1QY1Byn8sAuHJf9-OrTmtisInpy1Z4xcE\/view?usp=sharing\">Figueres<\/a><\/strong><\/h4>\n<h4><strong><a href=\"https:\/\/drive.google.com\/file\/d\/14q0vRq3j43s8pE7jl0RVqI4HACKxYcuj\/view?usp=sharing\">Granollers<\/a><\/strong><\/h4>\n<h4><strong><a href=\"https:\/\/drive.google.com\/file\/d\/1wuLCFZNogDs7SIG1PFImmoAqRss3TV8e\/view?usp=sharing\">L&#8217;Ametlla de Mar<\/a><\/strong><\/h4>\n<\/td>\n<td style=\"width: 28.8329%; height: 312px;\">\n<h4><strong><a href=\"https:\/\/drive.google.com\/file\/d\/1w-kkjNGyy3IUhViHuAT5IrKrmyEVu61Y\/view?usp=sharing\">L&#8217;Hospitalet del Llobregat<\/a><\/strong><\/h4>\n<h4><strong><a href=\"https:\/\/drive.google.com\/file\/d\/1Emvz6bfbGHICtFBDELCeyhkYF6mdH-3V\/view?usp=sharing\">La Seu d&#8217;Urgell<\/a><\/strong><\/h4>\n<h4><strong><a href=\"https:\/\/drive.google.com\/file\/d\/1LEdEhCGoC38Ms16ZT0KCa4H5XWToTtI_\/view?usp=sharing\">Manresa<\/a><\/strong><\/h4>\n<h4><strong><a href=\"https:\/\/drive.google.com\/file\/d\/1bYT7xshogkKj5c2aI-R4MwETghgpiSeb\/view?usp=sharing\">Montcada i Reixac<\/a><\/strong><\/h4>\n<h4><strong><a href=\"https:\/\/drive.google.com\/file\/d\/1dj976CbrPInJBKDq80WrSQCnIgLVw-4c\/view?usp=sharing\">Pineda de Mar<\/a><\/strong><\/h4>\n<h4><strong><a href=\"https:\/\/drive.google.com\/file\/d\/1MpwxoMyiXPCtW7LqT3lQESW6k8B790Cv\/view?usp=sharing\">Puigcerd\u00e0<\/a><\/strong><\/h4>\n<h4><strong><a href=\"https:\/\/drive.google.com\/file\/d\/1wa6prfk9yggXM2AJrJeMp92T0xLKo0Ec\/view?usp=sharing\">Reus<\/a><\/strong><\/h4>\n<h4><strong><a href=\"https:\/\/drive.google.com\/file\/d\/1uudJiHLSRWingenne-OtiYfR-n9umtuq\/view?usp=sharing\">Sant Cugat del Vall\u00e8s<\/a><\/strong><\/h4>\n<\/td>\n<td style=\"width: 28.8835%; height: 312px;\">\n<h4><strong><a href=\"https:\/\/drive.google.com\/file\/d\/1nft_mmOYrSMinZpvdMnusM48sZOG4nDI\/view?usp=sharing\">Sant Feliu de Gu\u00edxols<\/a><\/strong><\/h4>\n<h4><strong><a href=\"https:\/\/drive.google.com\/file\/d\/1AN5OjSwL-q3J7BArrO0HmCk5H_NNV5py\/view?usp=sharing\">Sant Hilari Sacalm<\/a><\/strong><\/h4>\n<h4><strong><a href=\"https:\/\/drive.google.com\/file\/d\/1WWkJLaNq62xpiFPSDi-wWrzgUqg-w1No\/view?usp=sharing\">Sant Vicen\u00e7 dels Horts<\/a><\/strong><\/h4>\n<h4><strong><a href=\"https:\/\/drive.google.com\/file\/d\/1GD6P_8Y0jAFnF1woGAH6xpLWSue4EQVX\/view?usp=sharing\">Sant Adri\u00e0 del Besos<\/a><\/strong><\/h4>\n<h4><strong><a href=\"https:\/\/drive.google.com\/file\/d\/1JkyF50OMab4PM3uaOzvCTRVLipDpuvjS\/view?usp=sharing\">Tarragona<\/a><\/strong><\/h4>\n<h4><strong><a href=\"https:\/\/drive.google.com\/file\/d\/1Iz8nUXFznVlDnZlm2XWhRuR64rk-NJG5\/view?usp=sharing\">T\u00e0rrega<\/a><\/strong><\/h4>\n<h4><strong><a href=\"https:\/\/drive.google.com\/file\/d\/1tqgUDN5LjyQ67rHUVoXWTDE4xU-2C-GS\/view?usp=sharing\">Valls<\/a><\/strong><\/h4>\n<h4><strong><a href=\"https:\/\/drive.google.com\/file\/d\/1mIDtMhC1dBBlWTo7545Z25gsIDwQXOES\/view?usp=sharing\">Vic<\/a><\/strong><\/h4>\n<\/td>\n<\/tr>\n<\/tbody>\n<\/table>\n<p>&nbsp;<\/p>\n<p>&nbsp;<\/p>\n<p>&nbsp;<\/p>\n","protected":false},"excerpt":{"rendered":"<p>Presentacions de les experi\u00e8ncies d&#8217;\u00e8xit Capellades Castelldefels Cervera-Guissona Deltebre El Vendrell Figueres Granollers L&#8217;Ametlla de Mar L&#8217;Hospitalet del Llobregat La Seu d&#8217;Urgell Manresa Montcada i Reixac Pineda de Mar Puigcerd\u00e0 Reus Sant Cugat del Vall\u00e8s Sant Feliu de Gu\u00edxols Sant Hilari Sacalm Sant Vicen\u00e7 dels Horts Sant Adri\u00e0 del Besos Tarragona T\u00e0rrega Valls Vic &nbsp; [&hellip;]<\/p>\n","protected":false},"author":1,"featured_media":0,"parent":0,"menu_order":0,"comment_status":"closed","ping_status":"closed","template":"","meta":{"_bbp_topic_count":0,"_bbp_reply_count":0,"_bbp_total_topic_count":0,"_bbp_total_reply_count":0,"_bbp_voice_count":0,"_bbp_anonymous_reply_count":0,"_bbp_topic_count_hidden":0,"_bbp_reply_count_hidden":0,"_bbp_forum_subforum_count":0,"site-sidebar-layout":"default","site-content-layout":"","ast-site-content-layout":"","site-content-style":"default","site-sidebar-style":"default","ast-global-header-display":"","ast-banner-title-visibility":"","ast-main-header-display":"","ast-hfb-above-header-display":"","ast-hfb-below-header-display":"","ast-hfb-mobile-header-display":"","site-post-title":"","ast-breadcrumbs-content":"","ast-featured-img":"","footer-sml-layout":"","theme-transparent-header-meta":"","adv-header-id-meta":"","stick-header-meta":"","header-above-stick-meta":"","header-main-stick-meta":"","header-below-stick-meta":"","astra-migrate-meta-layouts":"default","ast-page-background-enabled":"default","ast-page-background-meta":{"desktop":{"background-color":"var(--ast-global-color-4)","background-image":"","background-repeat":"repeat","background-position":"center center","background-size":"auto","background-attachment":"scroll","background-type":"","background-media":"","overlay-type":"","overlay-color":"","overlay-opacity":"","overlay-gradient":""},"tablet":{"background-color":"","background-image":"","background-repeat":"repeat","background-position":"center center","background-size":"auto","background-attachment":"scroll","background-type":"","background-media":"","overlay-type":"","overlay-color":"","overlay-opacity":"","overlay-gradient":""},"mobile":{"background-color":"","background-image":"","background-repeat":"repeat","background-position":"center center","background-size":"auto","background-attachment":"scroll","background-type":"","background-media":"","overlay-type":"","overlay-color":"","overlay-opacity":"","overlay-gradient":""}},"ast-content-background-meta":{"desktop":{"background-color":"var(--ast-global-color-5)","background-image":"","background-repeat":"repeat","background-position":"center center","background-size":"auto","background-attachment":"scroll","background-type":"","background-media":"","overlay-type":"","overlay-color":"","overlay-opacity":"","overlay-gradient":""},"tablet":{"background-color":"var(--ast-global-color-5)","background-image":"","background-repeat":"repeat","background-position":"center center","background-size":"auto","background-attachment":"scroll","background-type":"","background-media":"","overlay-type":"","overlay-color":"","overlay-opacity":"","overlay-gradient":""},"mobile":{"background-color":"var(--ast-global-color-5)","background-image":"","background-repeat":"repeat","background-position":"center center","background-size":"auto","background-attachment":"scroll","background-type":"","background-media":"","overlay-type":"","overlay-color":"","overlay-opacity":"","overlay-gradient":""}},"footnotes":""},"class_list":["post-9825","page","type-page","status-publish","hentry"],"post_mailing_queue_ids":[],"_links":{"self":[{"href":"https:\/\/projectes.xtec.cat\/pee\/wp-json\/wp\/v2\/pages\/9825","targetHints":{"allow":["GET"]}}],"collection":[{"href":"https:\/\/projectes.xtec.cat\/pee\/wp-json\/wp\/v2\/pages"}],"about":[{"href":"https:\/\/projectes.xtec.cat\/pee\/wp-json\/wp\/v2\/types\/page"}],"author":[{"embeddable":true,"href":"https:\/\/projectes.xtec.cat\/pee\/wp-json\/wp\/v2\/users\/1"}],"replies":[{"embeddable":true,"href":"https:\/\/projectes.xtec.cat\/pee\/wp-json\/wp\/v2\/comments?post=9825"}],"version-history":[{"count":6,"href":"https:\/\/projectes.xtec.cat\/pee\/wp-json\/wp\/v2\/pages\/9825\/revisions"}],"predecessor-version":[{"id":9841,"href":"https:\/\/projectes.xtec.cat\/pee\/wp-json\/wp\/v2\/pages\/9825\/revisions\/9841"}],"wp:attachment":[{"href":"https:\/\/projectes.xtec.cat\/pee\/wp-json\/wp\/v2\/media?parent=9825"}],"curies":[{"name":"wp","href":"https:\/\/api.w.org\/{rel}","templated":true}]}}