{"id":24268,"date":"2022-01-14T11:48:41","date_gmt":"2022-01-14T10:48:41","guid":{"rendered":"https:\/\/projectes.xtec.cat\/pensament-computacional\/\/?page_id=24268"},"modified":"2022-09-06T12:07:00","modified_gmt":"2022-09-06T10:07:00","slug":"proposta-didactica-scratch-challenge","status":"publish","type":"page","link":"https:\/\/projectes.xtec.cat\/pensament-computacional\/scratch\/proposta-didactica-scratch-challenge\/","title":{"rendered":"Proposta did\u00e0ctica Scratch Challenge"},"content":{"rendered":"<p style=\"text-align: right;\"><a href=\"http:\/\/agora.xtec.cat\/demoinstitut\/wp-content\/uploads\/usu314\/2016\/06\/ScratchBlogLogo.jpg\" rel=\"attachment wp-att-1253\"><img loading=\"lazy\" decoding=\"async\" class=\"wp-image-1253 aligncenter\" src=\"http:\/\/agora.xtec.cat\/demoinstitut\/wp-content\/uploads\/usu314\/2016\/06\/ScratchBlogLogo.jpg\" alt=\"ScratchBlogLogo\" width=\"691\" height=\"199\" \/><\/a><\/p>\n<p style=\"text-align: left;\">Curs d\u2019Scratch per a professorat de prim\u00e0ria i primer cicle de secund\u00e0ria.<\/p>\n<p>L\u2019objectiu del curs \u00e9s proporcionar al professorat els materials i els recursos necessaris per implementar a l\u2019aula aquest entorn de programaci\u00f3 seguint els m\u00f2duls desenvolupats.<\/p>\n<h3>DESCRIPCI\u00d3<\/h3>\n<p>Curs basat en materials modulars dirigits a l\u2019alumnat de Cicle Superior de Prim\u00e0ria. Tot i pensar en aquest nivell d\u2019ensenyament, tamb\u00e9 podrien ser emprats per l\u2019alumnat de 1r i 2n d\u2019ESO, tenint en compte que molts centres ho estan duent a terme i que el curr\u00edculum de 2n d\u2019ESO inclou programaci\u00f3. Aix\u00ed mateix, si el centre vol aplicar-ho al Cicle Mitj\u00e0 de Prim\u00e0ria, tamb\u00e9 pot emprar aquests materials. Cada m\u00f2dul correspon a un repte a solucionar amb una previsi\u00f3 de 12 hores de desenvolupament a l\u2019aula.<\/p>\n<p>El m\u00f2duls tenen una estructura seq\u00fcencial, de forma que la seva complexitat es va incrementant. Els centres, en funci\u00f3 de la seva experi\u00e8ncia pr\u00e8via, poden decidir a partir de quin m\u00f2dul comencen a treballar i fins a quin m\u00f2dul pretenen arribar.<\/p>\n<h2>OBJECTIUS<\/h2>\n<p>Introduir la programaci\u00f3 als nivells de prim\u00e0ria (cicle superior) i secund\u00e0ria (1r i 2n)<br \/>\nFomentar el pensament computacional i l\u2019assoliment de les compet\u00e8ncies digitals.<\/p>\n<h2>GUIA DOCENT<\/h2>\n<p><a href=\"https:\/\/docs.google.com\/document\/d\/1wY6HrW8udST52NRJiv8qDDrupqaduSgJtRw-xPtyJVI\/edit?usp=sharing\">GUIA DOCENT<\/a><\/p>\n<h2>DESCARREGA&#8217;T EL CURS<\/h2>\n<p>El curs es pot seguir directament des d&#8217;aquest espai, <strong>sense necessitat de desc\u00e0rrega<\/strong>. Els centres que disposen d&#8217;un espai Nodes poden descarregar el curs i instal\u00b7lar-lo al seu espai.<\/p>\n<p><b>1. IMPORTACI\u00d3 DEL CURS SCRATCH AL NODES DE CENTRE<\/b><\/p>\n<p><a class=\"button button-info\" href=\"https:\/\/docs.google.com\/document\/d\/1_Szhj2fKuiuJ2QhTBCo0yzODEha0OIwqTKWPwZRM684\/\" target=\"_blank\" rel=\"noopener noreferrer\">INSTRUCCIONS\u00a0<\/a><\/p>\n<p><strong>2.<\/strong><\/p>\n<h2>COMPTE DE DOCENT DE L&#8217;SCRATCH<\/h2>\n<p>Com a educador pots sol\u00b7licitar un compte de docent de l&#8217;Scratch, que facilita la creaci\u00f3 de comptes per a grups d\u2019alumnes i l\u2019administraci\u00f3 dels seus projectes i comentaris. Per saber-ne m\u00e9s accedeix a la p\u00e0gina de <a href=\"https:\/\/scratch.mit.edu\/educators\/faq\" target=\"_blank\" rel=\"noopener noreferrer\">Preguntes Freq\u00fcents del compte docent.<\/a><\/p>\n<ul>\n<li style=\"list-style-type: none;\">\n<ul>\n<li><strong>Primer pas<\/strong>: al final de la p\u00e0gina hi trobar\u00e0s l&#8217;enlla\u00e7 per crear el compte. (clica a <strong>Per a docents<\/strong>).<br \/>\n<img loading=\"lazy\" decoding=\"async\" class=\"size-full wp-image-17375 aligncenter\" src=\"https:\/\/projectes.xtec.cat\/programacioirobotica\/wp-content\/uploads\/usu604\/2018\/12\/IMG-0444.jpg\" alt=\"\" width=\"916\" height=\"205\" \/><\/li>\n<\/ul>\n<\/li>\n<\/ul>\n<ul>\n<li style=\"list-style-type: none;\">\n<ul>\n<li><strong>Segon pas<\/strong>: llegeix perqu\u00e8 et servir\u00e0 el compte i els recursos de qu\u00e8 disposes.<\/li>\n<\/ul>\n<\/li>\n<\/ul>\n<p><img loading=\"lazy\" decoding=\"async\" class=\"aligncenter wp-image-17369 size-medium\" src=\"https:\/\/projectes.xtec.cat\/programacioirobotica\/wp-content\/uploads\/usu604\/2018\/12\/comptedocentscratch-300x186.png\" alt=\"\" width=\"300\" height=\"186\" \/><\/p>\n<ul>\n<li style=\"list-style-type: none;\">\n<ul>\n<li><strong>Tercer pas<\/strong>: sol\u00b7licitar el compte de docent. De vegades pot tardar 24 h a donar-te l\u2019acc\u00e9s.<\/li>\n<\/ul>\n<p><img loading=\"lazy\" decoding=\"async\" class=\"aligncenter wp-image-17373 size-medium\" src=\"https:\/\/projectes.xtec.cat\/programacioirobotica\/wp-content\/uploads\/usu604\/2018\/12\/sol.licitacompte-240x300.png\" alt=\"\" width=\"240\" height=\"300\" \/><\/p>\n<ul>\n<li><strong>Quart pas:<\/strong> crea les teves classes i puja el teu alumnat.<\/li>\n<\/ul>\n<p><img loading=\"lazy\" decoding=\"async\" class=\"aligncenter wp-image-17371 size-medium\" src=\"https:\/\/projectes.xtec.cat\/programacioirobotica\/wp-content\/uploads\/usu604\/2018\/12\/IMG_0427-300x259.jpg\" alt=\"\" width=\"300\" height=\"259\" \/><\/li>\n<\/ul>\n<p><a href=\"https:\/\/projectes.xtec.cat\/pensament-computacional\/\/scratch\/scratch-challenge\/proposta-didactica-scratch-challenge\/modul-1-scratch-challenge\/\">M\u00f2dul 1<\/a><\/p>\n<p><a href=\"https:\/\/projectes.xtec.cat\/pensament-computacional\/\/scratch\/scratch-challenge\/proposta-didactica-scratch-challenge\/modul-2-scratch-challenge\/\">M\u00f2dul 2<\/a><\/p>\n<p><a href=\"https:\/\/projectes.xtec.cat\/pensament-computacional\/\/scratch\/scratch-challenge\/proposta-didactica-scratch-challenge\/modul-3-scratch-challenge\/\">M\u00f2dul 3<\/a><\/p>\n<p><a href=\"https:\/\/projectes.xtec.cat\/pensament-computacional\/\/scratch\/scratch-challenge\/proposta-didactica-scratch-challenge\/modul-4-scratch-challenge\/\">M\u00f2dul 4<\/a><\/p>\n<p><a href=\"https:\/\/projectes.xtec.cat\/pensament-computacional\/\/scratch\/scratch-challenge\/proposta-didactica-scratch-challenge\/modul-5-scratch-challenge\/\">M\u00f2dul 5<\/a><\/p>\n<p><a href=\"https:\/\/projectes.xtec.cat\/pensament-computacional\/\/scratch\/scratch-challenge\/proposta-didactica-scratch-challenge\/modul-6-scratch-challenge\/\">M\u00f2dul 6<\/a><\/p>\n","protected":false},"excerpt":{"rendered":"<p>Curs d\u2019Scratch per a professorat de prim\u00e0ria i primer cicle de secund\u00e0ria. L\u2019objectiu del curs \u00e9s proporcionar al professorat els materials i els recursos necessaris per implementar a l\u2019aula aquest entorn de programaci\u00f3 seguint els m\u00f2duls desenvolupats. DESCRIPCI\u00d3 Curs basat en materials modulars dirigits a l\u2019alumnat de Cicle Superior de Prim\u00e0ria. Tot i pensar en [&hellip;]<\/p>\n","protected":false},"author":4,"featured_media":0,"parent":8268,"menu_order":0,"comment_status":"closed","ping_status":"closed","template":"","meta":{"_bbp_topic_count":0,"_bbp_reply_count":0,"_bbp_total_topic_count":0,"_bbp_total_reply_count":0,"_bbp_voice_count":0,"_bbp_anonymous_reply_count":0,"_bbp_topic_count_hidden":0,"_bbp_reply_count_hidden":0,"_bbp_forum_subforum_count":0,"site-sidebar-layout":"no-sidebar","site-content-layout":"content-boxed-container","ast-site-content-layout":"","site-content-style":"default","site-sidebar-style":"default","ast-global-header-display":"","ast-banner-title-visibility":"","ast-main-header-display":"","ast-hfb-above-header-display":"","ast-hfb-below-header-display":"","ast-hfb-mobile-header-display":"","site-post-title":"","ast-breadcrumbs-content":"","ast-featured-img":"","footer-sml-layout":"disabled","theme-transparent-header-meta":"default","adv-header-id-meta":"","stick-header-meta":"default","header-above-stick-meta":"","header-main-stick-meta":"","header-below-stick-meta":"","astra-migrate-meta-layouts":"default","ast-page-background-enabled":"default","ast-page-background-meta":{"desktop":{"background-color":"","background-image":"","background-repeat":"repeat","background-position":"center center","background-size":"auto","background-attachment":"scroll","background-type":"","background-media":"","overlay-type":"","overlay-color":"","overlay-opacity":"","overlay-gradient":""},"tablet":{"background-color":"","background-image":"","background-repeat":"repeat","background-position":"center center","background-size":"auto","background-attachment":"scroll","background-type":"","background-media":"","overlay-type":"","overlay-color":"","overlay-opacity":"","overlay-gradient":""},"mobile":{"background-color":"","background-image":"","background-repeat":"repeat","background-position":"center center","background-size":"auto","background-attachment":"scroll","background-type":"","background-media":"","overlay-type":"","overlay-color":"","overlay-opacity":"","overlay-gradient":""}},"ast-content-background-meta":{"desktop":{"background-color":"var(--ast-global-color-5)","background-image":"","background-repeat":"repeat","background-position":"center center","background-size":"auto","background-attachment":"scroll","background-type":"","background-media":"","overlay-type":"","overlay-color":"","overlay-opacity":"","overlay-gradient":""},"tablet":{"background-color":"var(--ast-global-color-5)","background-image":"","background-repeat":"repeat","background-position":"center center","background-size":"auto","background-attachment":"scroll","background-type":"","background-media":"","overlay-type":"","overlay-color":"","overlay-opacity":"","overlay-gradient":""},"mobile":{"background-color":"var(--ast-global-color-5)","background-image":"","background-repeat":"repeat","background-position":"center center","background-size":"auto","background-attachment":"scroll","background-type":"","background-media":"","overlay-type":"","overlay-color":"","overlay-opacity":"","overlay-gradient":""}},"footnotes":""},"class_list":["post-24268","page","type-page","status-publish","hentry"],"post_mailing_queue_ids":[],"_links":{"self":[{"href":"https:\/\/projectes.xtec.cat\/pensament-computacional\/wp-json\/wp\/v2\/pages\/24268","targetHints":{"allow":["GET"]}}],"collection":[{"href":"https:\/\/projectes.xtec.cat\/pensament-computacional\/wp-json\/wp\/v2\/pages"}],"about":[{"href":"https:\/\/projectes.xtec.cat\/pensament-computacional\/wp-json\/wp\/v2\/types\/page"}],"author":[{"embeddable":true,"href":"https:\/\/projectes.xtec.cat\/pensament-computacional\/wp-json\/wp\/v2\/users\/4"}],"replies":[{"embeddable":true,"href":"https:\/\/projectes.xtec.cat\/pensament-computacional\/wp-json\/wp\/v2\/comments?post=24268"}],"version-history":[{"count":3,"href":"https:\/\/projectes.xtec.cat\/pensament-computacional\/wp-json\/wp\/v2\/pages\/24268\/revisions"}],"predecessor-version":[{"id":26001,"href":"https:\/\/projectes.xtec.cat\/pensament-computacional\/wp-json\/wp\/v2\/pages\/24268\/revisions\/26001"}],"up":[{"embeddable":true,"href":"https:\/\/projectes.xtec.cat\/pensament-computacional\/wp-json\/wp\/v2\/pages\/8268"}],"wp:attachment":[{"href":"https:\/\/projectes.xtec.cat\/pensament-computacional\/wp-json\/wp\/v2\/media?parent=24268"}],"curies":[{"name":"wp","href":"https:\/\/api.w.org\/{rel}","templated":true}]}}