{"id":24341,"date":"2022-01-14T12:38:56","date_gmt":"2022-01-14T11:38:56","guid":{"rendered":"https:\/\/projectes.xtec.cat\/pensament-computacional\/\/?page_id=24341"},"modified":"2022-09-07T08:56:48","modified_gmt":"2022-09-07T06:56:48","slug":"modul-3-scratch-challenge","status":"publish","type":"page","link":"https:\/\/projectes.xtec.cat\/pensament-computacional\/scratch\/proposta-didactica-scratch-challenge\/modul-3-scratch-challenge\/","title":{"rendered":"M\u00f2dul 3-Scratch Challenge"},"content":{"rendered":"<p>En aquest m\u00f2dul continuarem aprenent noves possibilitats de l&#8217;Scratch i tornarem a fer servir algunes funcions que ja coneixeu, per\u00f2 que podem aprofitar molt m\u00e9s.<\/p>\n<p>Aquesta vegada volem posar a prova als nostres amics i que resolguin un misteri buscant pistes i resolent enigmes. Farem un escape room!<\/p>\n<p>A les sessions d&#8217;aquest m\u00f2dul veureu que hi ha refer\u00e8ncies a funcions treballades en algunes sessions de m\u00f2duls anteriors. D&#8217;aquesta forma podeu anar enrere i consultar aquells punts en concret que us puguin donar una empenta.<\/p>\n<p>Inventeu una hist\u00f2ria, dissenyeu un escenari, amagueu objectes, feu resoldre enigmes, poseu un comptador de temps i poseu a prova el vostre enginy i el dels vostres amics. Fem-nos detectius!<\/p>\n<p>&nbsp;<\/p>\n<table style=\"width: 80.9897%; height: 1129px;\">\n<tbody>\n<tr style=\"height: 31px;\">\n<td style=\"width: 122px; height: 31px;\">SESSI\u00d3<\/td>\n<td style=\"width: 243px; height: 31px;\">PLANS DE TREBALL<\/td>\n<td style=\"width: 415px; height: 31px;\">ACTIVITATS<\/td>\n<\/tr>\n<tr style=\"height: 42px;\">\n<td style=\"width: 122px; height: 42px;\"><a href=\"https:\/\/projectes.xtec.cat\/pensament-computacional\/\/scratch\/scratch-challenge\/proposta-didactica-scratch-challenge\/modul-3-scratch-challenge\/modul-3-sessio-1-scratch-challenge-ens-preparem-per-resoldre-enigmes\/\">Sessi\u00f3 1<\/a><\/p>\n<p><a href=\"https:\/\/projectes.xtec.cat\/pensament-computacional\/\/scratch\/scratch-challenge\/proposta-didactica-scratch-challenge\/modul-3-scratch-challenge\/modul-3-sessio-1-scratch-challenge-ens-preparem-per-resoldre-enigmes\/\">Ens preparem per resoldre enigmes<\/a><\/td>\n<td style=\"width: 243px; height: 42px;\">Tria dels personatges i dels objectes<\/p>\n<p>Control dels moviments del personatge<\/p>\n<p>Visualitzaci\u00f3 i posicionament dels objectes<\/td>\n<td style=\"width: 415px; height: 42px;\">\n<ul>\n<li>Tria del personatge i dels vestits<\/li>\n<li>Tria dels objectes<\/li>\n<li>Moure el personatge<\/li>\n<li>Definici\u00f3 de les posicions dels objectes i de la seva visibilitat<\/li>\n<li>Definici\u00f3 del repte final<\/li>\n<\/ul>\n<\/td>\n<\/tr>\n<tr style=\"height: 18px;\">\n<td style=\"width: 122px; height: 18px;\"><a href=\"https:\/\/projectes.xtec.cat\/pensament-computacional\/\/scratch\/scratch-challenge\/proposta-didactica-scratch-challenge\/modul-3-scratch-challenge\/modul-3-sessio-2-scratch-challenge-fem-apareixer-i-desapareixer-objectes\/\">Sessi\u00f3 2<\/a><\/p>\n<p><a href=\"https:\/\/projectes.xtec.cat\/pensament-computacional\/\/scratch\/scratch-challenge\/proposta-didactica-scratch-challenge\/modul-3-scratch-challenge\/modul-3-sessio-2-scratch-challenge-fem-apareixer-i-desapareixer-objectes\/\">Fem apar\u00e8ixer i desapar\u00e8ixer objectes<\/a><\/td>\n<td style=\"width: 243px; height: 18px;\">Creaci\u00f3 d&#8217;escenaris<\/p>\n<p>Situaci\u00f3 dels objectes als escenaris<\/p>\n<p>Visualitzaci\u00f3 dels objectes als escenaris<\/td>\n<td style=\"width: 415px; height: 18px;\">\n<ul>\n<li>Creaci\u00f3 de l&#8217;escenari &#8220;inventari d&#8217;objectes&#8221;<\/li>\n<li>Localitzaci\u00f3 dels objectes als escenaris<\/li>\n<\/ul>\n<\/td>\n<\/tr>\n<tr style=\"height: 141px;\">\n<td style=\"width: 122px; height: 141px;\"><a href=\"https:\/\/projectes.xtec.cat\/pensament-computacional\/\/scratch\/scratch-challenge\/proposta-didactica-scratch-challenge\/modul-3-scratch-challenge\/modul-3-sessio-3-scratch-challenge-objectes-amunt-i-avall\/\">Sessi\u00f3 3<\/a><\/p>\n<p><a href=\"https:\/\/projectes.xtec.cat\/pensament-computacional\/\/scratch\/scratch-challenge\/proposta-didactica-scratch-challenge\/modul-3-scratch-challenge\/modul-3-sessio-3-scratch-challenge-objectes-amunt-i-avall\/\">Objectes amunt i avall<\/a><\/td>\n<td style=\"width: 243px; height: 141px;\">Despla\u00e7ar objectes endavant i endarrere<\/p>\n<p>Pujar i baixar d&#8217;objectes<\/td>\n<td style=\"width: 415px; height: 141px;\">\n<ul>\n<li>Mobilitzaci\u00f3 dels objectes segons l&#8217;acci\u00f3 indicada pel personatge<\/li>\n<li>Situaci\u00f3 del personatge respecte dels objectes segons l&#8217;acci\u00f3 indicada<\/li>\n<\/ul>\n<\/td>\n<\/tr>\n<tr style=\"height: 130px;\">\n<td style=\"width: 122px; height: 130px;\"><a href=\"https:\/\/projectes.xtec.cat\/pensament-computacional\/\/scratch\/scratch-challenge\/proposta-didactica-scratch-challenge\/modul-3-scratch-challenge\/modul-3-sessio-4-scratch-challenge-recollint-pistes\/\">Sessi\u00f3 4<\/a><\/p>\n<p><a href=\"https:\/\/projectes.xtec.cat\/pensament-computacional\/\/scratch\/scratch-challenge\/proposta-didactica-scratch-challenge\/modul-3-scratch-challenge\/modul-3-sessio-4-scratch-challenge-recollint-pistes\/\">Recollint pistes<\/a><\/td>\n<td style=\"width: 243px; height: 130px;\">Recollir objectes de l&#8217;escenari i guardar-los<\/p>\n<p>Utilitzar els objectes recollits per fer accions<\/p>\n<p>Planificar les accions del repte final<\/td>\n<td style=\"width: 415px; height: 130px;\">\n<ul>\n<li>Agafar objectes de l&#8217;escenari principal i portar-los a l&#8217;escenari &#8220;inventari&#8221;<\/li>\n<li>Definici\u00f3 d&#8217;accions a realitzar en funci\u00f3 dels objectes recollits<\/li>\n<\/ul>\n<\/td>\n<\/tr>\n<tr style=\"height: 118px;\">\n<td style=\"width: 122px; height: 118px;\"><a href=\"https:\/\/projectes.xtec.cat\/pensament-computacional\/\/scratch\/scratch-challenge\/proposta-didactica-scratch-challenge\/modul-3-scratch-challenge\/modul-3-sessio-5-scratch-challenge-plantegem-missatges-per-resoldre\/\">Sessi\u00f3 5<\/a><\/p>\n<p><a href=\"https:\/\/projectes.xtec.cat\/pensament-computacional\/\/scratch\/scratch-challenge\/proposta-didactica-scratch-challenge\/modul-3-scratch-challenge\/modul-3-sessio-5-scratch-challenge-plantegem-missatges-per-resoldre\/\">Plantegem missatges per resoldre<\/a><\/td>\n<td style=\"width: 243px; height: 118px;\">Unir paraules en un missatge<\/p>\n<p>Mostrar les lletres per separat d&#8217;un missatge<\/p>\n<p>Comparar paraules<\/td>\n<td style=\"width: 415px; height: 118px;\">\n<ul>\n<li>Crear missatges unint paraules<\/li>\n<li>Treballar amb els car\u00e0cters d&#8217;una cadena<\/li>\n<li>Comparar car\u00e0cters de cadenes<\/li>\n<\/ul>\n<\/td>\n<\/tr>\n<tr style=\"height: 29px;\">\n<td style=\"width: 122px; height: 29px;\"><a href=\"https:\/\/projectes.xtec.cat\/pensament-computacional\/\/scratch\/scratch-challenge\/proposta-didactica-scratch-challenge\/modul-3-scratch-challenge\/modul-3-sessio-6-i-ara-enigmes-numerics\/\">Sessi\u00f3 6<\/a><\/p>\n<p><a href=\"https:\/\/projectes.xtec.cat\/pensament-computacional\/\/scratch\/scratch-challenge\/proposta-didactica-scratch-challenge\/modul-3-scratch-challenge\/modul-3-sessio-6-i-ara-enigmes-numerics\/\">I ara enigmes num\u00e8rics<\/a><\/td>\n<td style=\"width: 243px; height: 29px;\">Ordenaci\u00f3 de n\u00fameros<\/p>\n<p>Divisibilitat de n\u00fameros<\/p>\n<p>Trobar nombres primers<\/td>\n<td style=\"width: 415px; height: 29px;\">\n<ul>\n<li>Comparacions entre n\u00fameros<\/li>\n<li>Divisibilitat entre n\u00fameros<\/li>\n<li>Trobar nombres primers en un llistat de n\u00fameros<\/li>\n<\/ul>\n<\/td>\n<\/tr>\n<tr style=\"height: 74px;\">\n<td style=\"width: 122px; height: 74px;\"><a href=\"https:\/\/projectes.xtec.cat\/pensament-computacional\/\/scratch\/scratch-challenge\/proposta-didactica-scratch-challenge\/modul-3-scratch-challenge\/modul-3-sessio-7-scratch-challenge-llistes-i-mes-llistes\/\">Sessi\u00f3 7<\/a><\/p>\n<p><a href=\"https:\/\/projectes.xtec.cat\/pensament-computacional\/\/scratch\/scratch-challenge\/proposta-didactica-scratch-challenge\/modul-3-scratch-challenge\/modul-3-sessio-7-scratch-challenge-llistes-i-mes-llistes\/\">Llistes i m\u00e9s llistes<\/a><\/td>\n<td style=\"width: 243px; height: 74px;\">Creaci\u00f3 de llistes: de forma manual i autom\u00e0tica<\/p>\n<p>Consulta de llistes<\/td>\n<td style=\"width: 415px; height: 74px;\">\n<ul>\n<li>Creaci\u00f3 de llistes<\/li>\n<li>Selecci\u00f3 d&#8217;elements d&#8217;una llista<\/li>\n<li>Creaci\u00f3 de missatges utilitzant els elements d&#8217;una llista<\/li>\n<\/ul>\n<\/td>\n<\/tr>\n<tr style=\"height: 89px;\">\n<td style=\"width: 122px; height: 89px;\"><a href=\"https:\/\/projectes.xtec.cat\/pensament-computacional\/\/scratch\/scratch-challenge\/proposta-didactica-scratch-challenge\/modul-3-scratch-challenge\/modul-3-sessio-8-scratch-challenge-treballem-encara-mes-amb-les-llistes\/\">Sessi\u00f3 8<\/a><\/p>\n<p><a href=\"https:\/\/projectes.xtec.cat\/pensament-computacional\/\/scratch\/scratch-challenge\/proposta-didactica-scratch-challenge\/modul-3-scratch-challenge\/modul-3-sessio-8-scratch-challenge-treballem-encara-mes-amb-les-llistes\/\">Treballem (encara m\u00e9s) amb les llistes<\/a><\/td>\n<td style=\"width: 243px; height: 89px;\">Canvis d&#8217;elements a les llistes: afegir, esborrar<\/p>\n<p>Cerca d&#8217;elements dins d&#8217;una llista<\/p>\n<p>Ordenaci\u00f3 dels elements d&#8217;una llista<\/td>\n<td style=\"width: 415px; height: 89px;\">\n<ul>\n<li>Afegir elements a una llista autom\u00e0ticament de forma aleat\u00f2ria<\/li>\n<li>Cerca d&#8217;un element a una llista<\/li>\n<li>Ordenar els elements d&#8217;una llista segons diferents criteris<\/li>\n<\/ul>\n<\/td>\n<\/tr>\n<tr style=\"height: 143px;\">\n<td style=\"width: 122px; height: 143px;\"><a href=\"https:\/\/projectes.xtec.cat\/pensament-computacional\/\/scratch\/scratch-challenge\/proposta-didactica-scratch-challenge\/modul-3-scratch-challenge\/modul-3-sessio-9-scratch-challenge-per-acabar-de-preparar-el-repte-final\/\">Sessi\u00f3 9<\/a><\/p>\n<p><a href=\"https:\/\/projectes.xtec.cat\/pensament-computacional\/\/scratch\/scratch-challenge\/proposta-didactica-scratch-challenge\/modul-3-scratch-challenge\/modul-3-sessio-9-scratch-challenge-per-acabar-de-preparar-el-repte-final\/\">Per acabar de preparar el repte final<\/a><\/td>\n<td style=\"width: 243px; height: 143px;\">Control del temps<\/p>\n<p>Instruccions del joc i ajudes<\/p>\n<p>Afegir m\u00fasica al joc relacionada amb les accions<\/td>\n<td style=\"width: 415px; height: 143px;\">\n<ul>\n<li>Utilitzaci\u00f3 del cron\u00f2metre<\/li>\n<li>Definici\u00f3 de les instruccions del joc<\/li>\n<li>Definici\u00f3 de les accions d&#8217;ajuda durant el joc<\/li>\n<li>Inserci\u00f3 de m\u00fasica i sons relacionats amb les accions<\/li>\n<\/ul>\n<\/td>\n<\/tr>\n<tr style=\"height: 97px;\">\n<td style=\"width: 122px; height: 97px;\"><a href=\"https:\/\/projectes.xtec.cat\/pensament-computacional\/\/scratch\/scratch-challenge\/proposta-didactica-scratch-challenge\/modul-3-scratch-challenge\/modul-3-sessio-10-scratch-challenge-cap-al-nostre-repte-final\/\">Sessi\u00f3 10<\/a><\/p>\n<p><a href=\"https:\/\/projectes.xtec.cat\/pensament-computacional\/\/scratch\/scratch-challenge\/proposta-didactica-scratch-challenge\/modul-3-scratch-challenge\/modul-3-sessio-10-scratch-challenge-cap-al-nostre-repte-final\/\">Cap al nostre repte final<\/a><\/td>\n<td style=\"width: 243px; height: 97px;\">Observaci\u00f3 d&#8217;exemples d&#8217;escape rooms<\/td>\n<td style=\"width: 415px; height: 97px;\">&nbsp;<\/p>\n<p>Elements orientadors per al desenvolupament del repte final<\/td>\n<\/tr>\n<tr style=\"height: 120px;\">\n<td style=\"width: 122px; height: 120px;\"><a href=\"https:\/\/projectes.xtec.cat\/pensament-computacional\/\/scratch\/scratch-challenge\/proposta-didactica-scratch-challenge\/modul-3-scratch-challenge\/modul-3-sessio-11-scratch-challenge-la-nostra-escape-room-sacaba-de-perfilar\/\">Sessi\u00f3 11<\/a><\/p>\n<p><a href=\"https:\/\/projectes.xtec.cat\/pensament-computacional\/\/scratch\/scratch-challenge\/proposta-didactica-scratch-challenge\/modul-3-scratch-challenge\/modul-3-sessio-11-scratch-challenge-la-nostra-escape-room-sacaba-de-perfilar\/\">El nostre escape room s&#8217;acaba de perfilar<\/a><\/td>\n<td style=\"width: 243px; height: 120px;\">Revisi\u00f3 de la descripci\u00f3 del projecte<\/p>\n<p>Programaci\u00f3 del projecte<\/p>\n<p>Aprofitar altres projectes i programes<\/p>\n<p>Control del funcionament del projecte<\/td>\n<td style=\"width: 415px; height: 120px;\">\n<ul>\n<li>Descripci\u00f3 final del projecte<\/li>\n<li>C\u00f2pia de projectes i programes<\/li>\n<li>Programaci\u00f3 del projecte<\/li>\n<\/ul>\n<\/td>\n<\/tr>\n<tr style=\"height: 97px;\">\n<td style=\"width: 122px; height: 97px;\"><a href=\"https:\/\/projectes.xtec.cat\/pensament-computacional\/\/scratch\/scratch-challenge\/proposta-didactica-scratch-challenge\/modul-3-scratch-challenge\/modul-3-sessio-12-scratch-challenge-presentem-el-nostre-projecte-i-el-valorem\/\">Sessi\u00f3 12<\/a><\/p>\n<p><a href=\"https:\/\/projectes.xtec.cat\/pensament-computacional\/\/scratch\/scratch-challenge\/proposta-didactica-scratch-challenge\/modul-3-scratch-challenge\/modul-3-sessio-12-scratch-challenge-presentem-el-nostre-projecte-i-el-valorem\/\">Presentem el nostre projecte i el valorem<\/a><\/td>\n<td style=\"width: 243px; height: 97px;\">Com fer una presentaci\u00f3<\/p>\n<p>Ens autoavaluem<\/p>\n<p>Ens avaluem com a grup<\/td>\n<td style=\"width: 415px; height: 97px;\">\n<ul>\n<li>Pautes per dur a terme la presentaci\u00f3 del projecte<\/li>\n<li>Coavaluaci\u00f3 del grup<\/li>\n<li>Autoavaluaci\u00f3 dels alumnes<\/li>\n<\/ul>\n<\/td>\n<\/tr>\n<\/tbody>\n<\/table>\n","protected":false},"excerpt":{"rendered":"<p>En aquest m\u00f2dul continuarem aprenent noves possibilitats de l&#8217;Scratch i tornarem a fer servir algunes funcions que ja coneixeu, per\u00f2 que podem aprofitar molt m\u00e9s. Aquesta vegada volem posar a prova als nostres amics i que resolguin un misteri buscant pistes i resolent enigmes. Farem un escape room! A les sessions d&#8217;aquest m\u00f2dul veureu que [&hellip;]<\/p>\n","protected":false},"author":4,"featured_media":0,"parent":24268,"menu_order":0,"comment_status":"closed","ping_status":"closed","template":"","meta":{"_bbp_topic_count":0,"_bbp_reply_count":0,"_bbp_total_topic_count":0,"_bbp_total_reply_count":0,"_bbp_voice_count":0,"_bbp_anonymous_reply_count":0,"_bbp_topic_count_hidden":0,"_bbp_reply_count_hidden":0,"_bbp_forum_subforum_count":0,"site-sidebar-layout":"no-sidebar","site-content-layout":"content-boxed-container","ast-site-content-layout":"","site-content-style":"default","site-sidebar-style":"default","ast-global-header-display":"","ast-banner-title-visibility":"","ast-main-header-display":"","ast-hfb-above-header-display":"","ast-hfb-below-header-display":"","ast-hfb-mobile-header-display":"","site-post-title":"","ast-breadcrumbs-content":"","ast-featured-img":"","footer-sml-layout":"disabled","theme-transparent-header-meta":"default","adv-header-id-meta":"","stick-header-meta":"default","header-above-stick-meta":"","header-main-stick-meta":"","header-below-stick-meta":"","astra-migrate-meta-layouts":"default","ast-page-background-enabled":"default","ast-page-background-meta":{"desktop":{"background-color":"","background-image":"","background-repeat":"repeat","background-position":"center center","background-size":"auto","background-attachment":"scroll","background-type":"","background-media":"","overlay-type":"","overlay-color":"","overlay-opacity":"","overlay-gradient":""},"tablet":{"background-color":"","background-image":"","background-repeat":"repeat","background-position":"center center","background-size":"auto","background-attachment":"scroll","background-type":"","background-media":"","overlay-type":"","overlay-color":"","overlay-opacity":"","overlay-gradient":""},"mobile":{"background-color":"","background-image":"","background-repeat":"repeat","background-position":"center center","background-size":"auto","background-attachment":"scroll","background-type":"","background-media":"","overlay-type":"","overlay-color":"","overlay-opacity":"","overlay-gradient":""}},"ast-content-background-meta":{"desktop":{"background-color":"var(--ast-global-color-5)","background-image":"","background-repeat":"repeat","background-position":"center center","background-size":"auto","background-attachment":"scroll","background-type":"","background-media":"","overlay-type":"","overlay-color":"","overlay-opacity":"","overlay-gradient":""},"tablet":{"background-color":"var(--ast-global-color-5)","background-image":"","background-repeat":"repeat","background-position":"center center","background-size":"auto","background-attachment":"scroll","background-type":"","background-media":"","overlay-type":"","overlay-color":"","overlay-opacity":"","overlay-gradient":""},"mobile":{"background-color":"var(--ast-global-color-5)","background-image":"","background-repeat":"repeat","background-position":"center center","background-size":"auto","background-attachment":"scroll","background-type":"","background-media":"","overlay-type":"","overlay-color":"","overlay-opacity":"","overlay-gradient":""}},"footnotes":""},"class_list":["post-24341","page","type-page","status-publish","hentry"],"post_mailing_queue_ids":[],"_links":{"self":[{"href":"https:\/\/projectes.xtec.cat\/pensament-computacional\/wp-json\/wp\/v2\/pages\/24341","targetHints":{"allow":["GET"]}}],"collection":[{"href":"https:\/\/projectes.xtec.cat\/pensament-computacional\/wp-json\/wp\/v2\/pages"}],"about":[{"href":"https:\/\/projectes.xtec.cat\/pensament-computacional\/wp-json\/wp\/v2\/types\/page"}],"author":[{"embeddable":true,"href":"https:\/\/projectes.xtec.cat\/pensament-computacional\/wp-json\/wp\/v2\/users\/4"}],"replies":[{"embeddable":true,"href":"https:\/\/projectes.xtec.cat\/pensament-computacional\/wp-json\/wp\/v2\/comments?post=24341"}],"version-history":[{"count":3,"href":"https:\/\/projectes.xtec.cat\/pensament-computacional\/wp-json\/wp\/v2\/pages\/24341\/revisions"}],"predecessor-version":[{"id":26043,"href":"https:\/\/projectes.xtec.cat\/pensament-computacional\/wp-json\/wp\/v2\/pages\/24341\/revisions\/26043"}],"up":[{"embeddable":true,"href":"https:\/\/projectes.xtec.cat\/pensament-computacional\/wp-json\/wp\/v2\/pages\/24268"}],"wp:attachment":[{"href":"https:\/\/projectes.xtec.cat\/pensament-computacional\/wp-json\/wp\/v2\/media?parent=24341"}],"curies":[{"name":"wp","href":"https:\/\/api.w.org\/{rel}","templated":true}]}}