{"id":24365,"date":"2022-01-14T12:51:08","date_gmt":"2022-01-14T11:51:08","guid":{"rendered":"https:\/\/projectes.xtec.cat\/pensament-computacional\/\/?page_id=24365"},"modified":"2022-09-07T09:05:18","modified_gmt":"2022-09-07T07:05:18","slug":"modul-3-sessio-10-scratch-challenge-cap-al-nostre-repte-final","status":"publish","type":"page","link":"https:\/\/projectes.xtec.cat\/pensament-computacional\/scratch\/proposta-didactica-scratch-challenge\/modul-3-scratch-challenge\/modul-3-sessio-10-scratch-challenge-cap-al-nostre-repte-final\/","title":{"rendered":"M\u00f2dul 3-Sessi\u00f3 10-Scratch Challenge-Cap al nostre repte final"},"content":{"rendered":"<h2>Pla de treball<\/h2>\n<div style=\"padding-left: 50px;\">\n<ul>\n<li>Observaci\u00f3 d&#8217;exemples d&#8217;escape room<\/li>\n<\/ul>\n<\/div>\n<hr \/>\n<h2>Alguns exemples per inspirar-nos<\/h2>\n<p>Ha arribat el moment de dedicar-nos totalment al nostre repte final. Al llarg de totes les sessions heu anat fent la descripci\u00f3 i segur que ja heu comen\u00e7at a fer algunes de les parts.<\/p>\n<p>Per acabar-vos d&#8217;inspirar, aqu\u00ed teniu alguns exemples d&#8217;escape room que us poden servir. Ja sabeu que podeu accedir als programes per veure com han utilitzat els blocs i quines estructures de programaci\u00f3 han emprat, per\u00f2 tamb\u00e9 \u00e9s important observar quines pistes, proves i enigmes han plantejat.<\/p>\n<p>I sobretot, jugueu, \u00e9s la forma d&#8217;entendre com funcionen!!<\/p>\n<p><iframe loading=\"lazy\" class=\"aligncenter\" src=\"\/\/scratch.mit.edu\/projects\/embed\/16215228\/?autostart=false\" width=\"485\" height=\"402\" frameborder=\"0\" allowfullscreen=\"allowfullscreen\"><\/iframe><\/p>\n<p><iframe loading=\"lazy\" class=\"aligncenter\" src=\"\/\/scratch.mit.edu\/projects\/embed\/55084950\/?autostart=false\" width=\"485\" height=\"402\" frameborder=\"0\" allowfullscreen=\"allowfullscreen\"><\/iframe><\/p>\n<p><iframe loading=\"lazy\" class=\"aligncenter\" src=\"\/\/scratch.mit.edu\/projects\/embed\/122419854\/?autostart=false\" width=\"485\" height=\"402\" frameborder=\"0\" allowfullscreen=\"allowfullscreen\"><\/iframe><\/p>\n<div style=\"padding-left: 50px;\"><\/div>\n","protected":false},"excerpt":{"rendered":"<p>Pla de treball Observaci\u00f3 d&#8217;exemples d&#8217;escape room Alguns exemples per inspirar-nos Ha arribat el moment de dedicar-nos totalment al nostre repte final. Al llarg de totes les sessions heu anat fent la descripci\u00f3 i segur que ja heu comen\u00e7at a fer algunes de les parts. Per acabar-vos d&#8217;inspirar, aqu\u00ed teniu alguns exemples d&#8217;escape room que [&hellip;]<\/p>\n","protected":false},"author":4,"featured_media":0,"parent":24341,"menu_order":0,"comment_status":"closed","ping_status":"closed","template":"","meta":{"_bbp_topic_count":0,"_bbp_reply_count":0,"_bbp_total_topic_count":0,"_bbp_total_reply_count":0,"_bbp_voice_count":0,"_bbp_anonymous_reply_count":0,"_bbp_topic_count_hidden":0,"_bbp_reply_count_hidden":0,"_bbp_forum_subforum_count":0,"site-sidebar-layout":"no-sidebar","site-content-layout":"content-boxed-container","ast-site-content-layout":"","site-content-style":"default","site-sidebar-style":"default","ast-global-header-display":"","ast-banner-title-visibility":"","ast-main-header-display":"","ast-hfb-above-header-display":"","ast-hfb-below-header-display":"","ast-hfb-mobile-header-display":"","site-post-title":"","ast-breadcrumbs-content":"","ast-featured-img":"","footer-sml-layout":"disabled","theme-transparent-header-meta":"default","adv-header-id-meta":"","stick-header-meta":"default","header-above-stick-meta":"","header-main-stick-meta":"","header-below-stick-meta":"","astra-migrate-meta-layouts":"default","ast-page-background-enabled":"default","ast-page-background-meta":{"desktop":{"background-color":"","background-image":"","background-repeat":"repeat","background-position":"center center","background-size":"auto","background-attachment":"scroll","background-type":"","background-media":"","overlay-type":"","overlay-color":"","overlay-opacity":"","overlay-gradient":""},"tablet":{"background-color":"","background-image":"","background-repeat":"repeat","background-position":"center center","background-size":"auto","background-attachment":"scroll","background-type":"","background-media":"","overlay-type":"","overlay-color":"","overlay-opacity":"","overlay-gradient":""},"mobile":{"background-color":"","background-image":"","background-repeat":"repeat","background-position":"center center","background-size":"auto","background-attachment":"scroll","background-type":"","background-media":"","overlay-type":"","overlay-color":"","overlay-opacity":"","overlay-gradient":""}},"ast-content-background-meta":{"desktop":{"background-color":"var(--ast-global-color-5)","background-image":"","background-repeat":"repeat","background-position":"center center","background-size":"auto","background-attachment":"scroll","background-type":"","background-media":"","overlay-type":"","overlay-color":"","overlay-opacity":"","overlay-gradient":""},"tablet":{"background-color":"var(--ast-global-color-5)","background-image":"","background-repeat":"repeat","background-position":"center center","background-size":"auto","background-attachment":"scroll","background-type":"","background-media":"","overlay-type":"","overlay-color":"","overlay-opacity":"","overlay-gradient":""},"mobile":{"background-color":"var(--ast-global-color-5)","background-image":"","background-repeat":"repeat","background-position":"center center","background-size":"auto","background-attachment":"scroll","background-type":"","background-media":"","overlay-type":"","overlay-color":"","overlay-opacity":"","overlay-gradient":""}},"footnotes":""},"class_list":["post-24365","page","type-page","status-publish","hentry"],"post_mailing_queue_ids":[],"_links":{"self":[{"href":"https:\/\/projectes.xtec.cat\/pensament-computacional\/wp-json\/wp\/v2\/pages\/24365","targetHints":{"allow":["GET"]}}],"collection":[{"href":"https:\/\/projectes.xtec.cat\/pensament-computacional\/wp-json\/wp\/v2\/pages"}],"about":[{"href":"https:\/\/projectes.xtec.cat\/pensament-computacional\/wp-json\/wp\/v2\/types\/page"}],"author":[{"embeddable":true,"href":"https:\/\/projectes.xtec.cat\/pensament-computacional\/wp-json\/wp\/v2\/users\/4"}],"replies":[{"embeddable":true,"href":"https:\/\/projectes.xtec.cat\/pensament-computacional\/wp-json\/wp\/v2\/comments?post=24365"}],"version-history":[{"count":2,"href":"https:\/\/projectes.xtec.cat\/pensament-computacional\/wp-json\/wp\/v2\/pages\/24365\/revisions"}],"predecessor-version":[{"id":25223,"href":"https:\/\/projectes.xtec.cat\/pensament-computacional\/wp-json\/wp\/v2\/pages\/24365\/revisions\/25223"}],"up":[{"embeddable":true,"href":"https:\/\/projectes.xtec.cat\/pensament-computacional\/wp-json\/wp\/v2\/pages\/24341"}],"wp:attachment":[{"href":"https:\/\/projectes.xtec.cat\/pensament-computacional\/wp-json\/wp\/v2\/media?parent=24365"}],"curies":[{"name":"wp","href":"https:\/\/api.w.org\/{rel}","templated":true}]}}