{"id":24422,"date":"2022-01-18T08:59:29","date_gmt":"2022-01-18T07:59:29","guid":{"rendered":"https:\/\/projectes.xtec.cat\/pensament-computacional\/\/?page_id=24422"},"modified":"2022-09-07T11:56:13","modified_gmt":"2022-09-07T09:56:13","slug":"modul-5-sessio-9-scratch-challenge-construccio-del-tauler-i-dels-circuits-del-vostre-gameover","status":"publish","type":"page","link":"https:\/\/projectes.xtec.cat\/pensament-computacional\/scratch\/proposta-didactica-scratch-challenge\/modul-5-scratch-challenge\/modul-5-sessio-9-scratch-challenge-construccio-del-tauler-i-dels-circuits-del-vostre-gameover\/","title":{"rendered":"M\u00f2dul 5-Sessi\u00f3 9-Scratch Challenge-Construcci\u00f3 del tauler i dels circuits del vostre GameOver"},"content":{"rendered":"<h2>Pla de treball<\/h2>\n<div style=\"padding-left: 50px;\">\n<ul>\n<li>Tria de les propostes que integraran el vostre projecte.<\/li>\n<li>Disseny i construcci\u00f3 del tauler.<\/li>\n<li>Disseny i construcci\u00f3 del circuit el\u00e8ctric.<\/li>\n<\/ul>\n<\/div>\n<hr \/>\n<h2>Construir el circuit i fer les connexions del GameOver<\/h2>\n<p>Aquesta sessi\u00f3 la dedicarem a triar, de totes les propostes que us hem fet al llarg del m\u00f2dul, quines formaran part del vostre projecte. Aquesta feina ja l&#8217;heu anat fent al llarg de totes les sessions i l&#8217;heu recollit en el vostre <strong>document de text<\/strong>. Es tracta ara de tancar la tria, fer el disseny del tauler, construir-lo i definir els circuits i les connexions del vostre GameOver.<\/p>\n<p>\u00c9s important, tamb\u00e9, que observeu els altres grups, que parleu amb ells i compartiu idees. Segurament els vostres companys us poden ajudar i vosaltres a ells.<\/p>\n<p>Repasseu i agafeu idees de sessions anteriors, modifiqueu les propostes i posem-nos mans a l&#8217;obra!<\/p>\n","protected":false},"excerpt":{"rendered":"<p>Pla de treball Tria de les propostes que integraran el vostre projecte. Disseny i construcci\u00f3 del tauler. Disseny i construcci\u00f3 del circuit el\u00e8ctric. Construir el circuit i fer les connexions del GameOver Aquesta sessi\u00f3 la dedicarem a triar, de totes les propostes que us hem fet al llarg del m\u00f2dul, quines formaran part del vostre [&hellip;]<\/p>\n","protected":false},"author":4,"featured_media":0,"parent":24403,"menu_order":0,"comment_status":"closed","ping_status":"closed","template":"","meta":{"_bbp_topic_count":0,"_bbp_reply_count":0,"_bbp_total_topic_count":0,"_bbp_total_reply_count":0,"_bbp_voice_count":0,"_bbp_anonymous_reply_count":0,"_bbp_topic_count_hidden":0,"_bbp_reply_count_hidden":0,"_bbp_forum_subforum_count":0,"site-sidebar-layout":"no-sidebar","site-content-layout":"content-boxed-container","ast-site-content-layout":"","site-content-style":"default","site-sidebar-style":"default","ast-global-header-display":"","ast-banner-title-visibility":"","ast-main-header-display":"","ast-hfb-above-header-display":"","ast-hfb-below-header-display":"","ast-hfb-mobile-header-display":"","site-post-title":"","ast-breadcrumbs-content":"","ast-featured-img":"","footer-sml-layout":"disabled","theme-transparent-header-meta":"default","adv-header-id-meta":"","stick-header-meta":"default","header-above-stick-meta":"","header-main-stick-meta":"","header-below-stick-meta":"","astra-migrate-meta-layouts":"default","ast-page-background-enabled":"default","ast-page-background-meta":{"desktop":{"background-color":"","background-image":"","background-repeat":"repeat","background-position":"center center","background-size":"auto","background-attachment":"scroll","background-type":"","background-media":"","overlay-type":"","overlay-color":"","overlay-opacity":"","overlay-gradient":""},"tablet":{"background-color":"","background-image":"","background-repeat":"repeat","background-position":"center center","background-size":"auto","background-attachment":"scroll","background-type":"","background-media":"","overlay-type":"","overlay-color":"","overlay-opacity":"","overlay-gradient":""},"mobile":{"background-color":"","background-image":"","background-repeat":"repeat","background-position":"center center","background-size":"auto","background-attachment":"scroll","background-type":"","background-media":"","overlay-type":"","overlay-color":"","overlay-opacity":"","overlay-gradient":""}},"ast-content-background-meta":{"desktop":{"background-color":"var(--ast-global-color-5)","background-image":"","background-repeat":"repeat","background-position":"center center","background-size":"auto","background-attachment":"scroll","background-type":"","background-media":"","overlay-type":"","overlay-color":"","overlay-opacity":"","overlay-gradient":""},"tablet":{"background-color":"var(--ast-global-color-5)","background-image":"","background-repeat":"repeat","background-position":"center center","background-size":"auto","background-attachment":"scroll","background-type":"","background-media":"","overlay-type":"","overlay-color":"","overlay-opacity":"","overlay-gradient":""},"mobile":{"background-color":"var(--ast-global-color-5)","background-image":"","background-repeat":"repeat","background-position":"center center","background-size":"auto","background-attachment":"scroll","background-type":"","background-media":"","overlay-type":"","overlay-color":"","overlay-opacity":"","overlay-gradient":""}},"footnotes":""},"class_list":["post-24422","page","type-page","status-publish","hentry"],"post_mailing_queue_ids":[],"_links":{"self":[{"href":"https:\/\/projectes.xtec.cat\/pensament-computacional\/wp-json\/wp\/v2\/pages\/24422","targetHints":{"allow":["GET"]}}],"collection":[{"href":"https:\/\/projectes.xtec.cat\/pensament-computacional\/wp-json\/wp\/v2\/pages"}],"about":[{"href":"https:\/\/projectes.xtec.cat\/pensament-computacional\/wp-json\/wp\/v2\/types\/page"}],"author":[{"embeddable":true,"href":"https:\/\/projectes.xtec.cat\/pensament-computacional\/wp-json\/wp\/v2\/users\/4"}],"replies":[{"embeddable":true,"href":"https:\/\/projectes.xtec.cat\/pensament-computacional\/wp-json\/wp\/v2\/comments?post=24422"}],"version-history":[{"count":2,"href":"https:\/\/projectes.xtec.cat\/pensament-computacional\/wp-json\/wp\/v2\/pages\/24422\/revisions"}],"predecessor-version":[{"id":26080,"href":"https:\/\/projectes.xtec.cat\/pensament-computacional\/wp-json\/wp\/v2\/pages\/24422\/revisions\/26080"}],"up":[{"embeddable":true,"href":"https:\/\/projectes.xtec.cat\/pensament-computacional\/wp-json\/wp\/v2\/pages\/24403"}],"wp:attachment":[{"href":"https:\/\/projectes.xtec.cat\/pensament-computacional\/wp-json\/wp\/v2\/media?parent=24422"}],"curies":[{"name":"wp","href":"https:\/\/api.w.org\/{rel}","templated":true}]}}