{"id":24424,"date":"2022-01-18T09:00:38","date_gmt":"2022-01-18T08:00:38","guid":{"rendered":"https:\/\/projectes.xtec.cat\/pensament-computacional\/\/?page_id=24424"},"modified":"2022-09-07T09:53:31","modified_gmt":"2022-09-07T07:53:31","slug":"modul-5-sessio-10-scratch-challenge-programacio-i-instruccions-del-vostre-gameover","status":"publish","type":"page","link":"https:\/\/projectes.xtec.cat\/pensament-computacional\/scratch\/proposta-didactica-scratch-challenge\/modul-5-scratch-challenge\/modul-5-sessio-10-scratch-challenge-programacio-i-instruccions-del-vostre-gameover\/","title":{"rendered":"M\u00f2dul 5-Sessi\u00f3 10-Scratch Challenge-Programaci\u00f3 i instruccions del vostre GameOver"},"content":{"rendered":"<h2>Pla de treball<\/h2>\n<div style=\"padding-left: 50px;\">\n<ul>\n<li>Programaci\u00f3 del vostre projecte.<\/li>\n<li>Verificaci\u00f3 del funcionament dels circuits.<\/li>\n<\/ul>\n<\/div>\n<hr \/>\n<h2>Programaci\u00f3 del projecte, redisseny i depuraci\u00f3<\/h2>\n<p>Arribada aquesta sessi\u00f3 us toca fer la programaci\u00f3 de cadascuna de les parts que formen el vostre projecte i integrar-les totes en el tauler que heu constru\u00eft. Us cal, tamb\u00e9, comprovar que els circuits funcionen de forma correcta i que les connexions s\u00f3n les que hav\u00edeu definit.<\/p>\n<p>\u00c9s el moment de redactar, de forma clara, les <strong>instruccions per als jugadors<\/strong>. Aquestes instruccions haurien de respondre a les\u00a0preguntes:<\/p>\n<div style=\"padding-left: 50px;\">\n<ul>\n<li>En qu\u00e8 consisteix el joc?<\/li>\n<li>Quins s\u00f3n els comandaments?<\/li>\n<li>Com es guanya\/es perd?<\/li>\n<li>Quants jugadors poden jugar?<\/li>\n<li>Hi ha un temps fixat?<\/li>\n<li>\u2026<\/li>\n<\/ul>\n<\/div>\n<p>Un cop redactades, reviseu que estiguin ben clares i proveu-les vosaltres mateixos.<\/p>\n","protected":false},"excerpt":{"rendered":"<p>Pla de treball Programaci\u00f3 del vostre projecte. Verificaci\u00f3 del funcionament dels circuits. Programaci\u00f3 del projecte, redisseny i depuraci\u00f3 Arribada aquesta sessi\u00f3 us toca fer la programaci\u00f3 de cadascuna de les parts que formen el vostre projecte i integrar-les totes en el tauler que heu constru\u00eft. Us cal, tamb\u00e9, comprovar que els circuits funcionen de forma [&hellip;]<\/p>\n","protected":false},"author":4,"featured_media":0,"parent":24403,"menu_order":0,"comment_status":"closed","ping_status":"closed","template":"","meta":{"_bbp_topic_count":0,"_bbp_reply_count":0,"_bbp_total_topic_count":0,"_bbp_total_reply_count":0,"_bbp_voice_count":0,"_bbp_anonymous_reply_count":0,"_bbp_topic_count_hidden":0,"_bbp_reply_count_hidden":0,"_bbp_forum_subforum_count":0,"site-sidebar-layout":"no-sidebar","site-content-layout":"content-boxed-container","ast-site-content-layout":"","site-content-style":"default","site-sidebar-style":"default","ast-global-header-display":"","ast-banner-title-visibility":"","ast-main-header-display":"","ast-hfb-above-header-display":"","ast-hfb-below-header-display":"","ast-hfb-mobile-header-display":"","site-post-title":"","ast-breadcrumbs-content":"","ast-featured-img":"","footer-sml-layout":"disabled","theme-transparent-header-meta":"default","adv-header-id-meta":"","stick-header-meta":"default","header-above-stick-meta":"","header-main-stick-meta":"","header-below-stick-meta":"","astra-migrate-meta-layouts":"default","ast-page-background-enabled":"default","ast-page-background-meta":{"desktop":{"background-color":"","background-image":"","background-repeat":"repeat","background-position":"center center","background-size":"auto","background-attachment":"scroll","background-type":"","background-media":"","overlay-type":"","overlay-color":"","overlay-opacity":"","overlay-gradient":""},"tablet":{"background-color":"","background-image":"","background-repeat":"repeat","background-position":"center center","background-size":"auto","background-attachment":"scroll","background-type":"","background-media":"","overlay-type":"","overlay-color":"","overlay-opacity":"","overlay-gradient":""},"mobile":{"background-color":"","background-image":"","background-repeat":"repeat","background-position":"center center","background-size":"auto","background-attachment":"scroll","background-type":"","background-media":"","overlay-type":"","overlay-color":"","overlay-opacity":"","overlay-gradient":""}},"ast-content-background-meta":{"desktop":{"background-color":"var(--ast-global-color-5)","background-image":"","background-repeat":"repeat","background-position":"center center","background-size":"auto","background-attachment":"scroll","background-type":"","background-media":"","overlay-type":"","overlay-color":"","overlay-opacity":"","overlay-gradient":""},"tablet":{"background-color":"var(--ast-global-color-5)","background-image":"","background-repeat":"repeat","background-position":"center center","background-size":"auto","background-attachment":"scroll","background-type":"","background-media":"","overlay-type":"","overlay-color":"","overlay-opacity":"","overlay-gradient":""},"mobile":{"background-color":"var(--ast-global-color-5)","background-image":"","background-repeat":"repeat","background-position":"center center","background-size":"auto","background-attachment":"scroll","background-type":"","background-media":"","overlay-type":"","overlay-color":"","overlay-opacity":"","overlay-gradient":""}},"footnotes":""},"class_list":["post-24424","page","type-page","status-publish","hentry"],"post_mailing_queue_ids":[],"_links":{"self":[{"href":"https:\/\/projectes.xtec.cat\/pensament-computacional\/wp-json\/wp\/v2\/pages\/24424","targetHints":{"allow":["GET"]}}],"collection":[{"href":"https:\/\/projectes.xtec.cat\/pensament-computacional\/wp-json\/wp\/v2\/pages"}],"about":[{"href":"https:\/\/projectes.xtec.cat\/pensament-computacional\/wp-json\/wp\/v2\/types\/page"}],"author":[{"embeddable":true,"href":"https:\/\/projectes.xtec.cat\/pensament-computacional\/wp-json\/wp\/v2\/users\/4"}],"replies":[{"embeddable":true,"href":"https:\/\/projectes.xtec.cat\/pensament-computacional\/wp-json\/wp\/v2\/comments?post=24424"}],"version-history":[{"count":2,"href":"https:\/\/projectes.xtec.cat\/pensament-computacional\/wp-json\/wp\/v2\/pages\/24424\/revisions"}],"predecessor-version":[{"id":26068,"href":"https:\/\/projectes.xtec.cat\/pensament-computacional\/wp-json\/wp\/v2\/pages\/24424\/revisions\/26068"}],"up":[{"embeddable":true,"href":"https:\/\/projectes.xtec.cat\/pensament-computacional\/wp-json\/wp\/v2\/pages\/24403"}],"wp:attachment":[{"href":"https:\/\/projectes.xtec.cat\/pensament-computacional\/wp-json\/wp\/v2\/media?parent=24424"}],"curies":[{"name":"wp","href":"https:\/\/api.w.org\/{rel}","templated":true}]}}