{"id":24430,"date":"2022-01-19T08:35:35","date_gmt":"2022-01-19T07:35:35","guid":{"rendered":"https:\/\/projectes.xtec.cat\/pensament-computacional\/\/?page_id=24430"},"modified":"2022-09-07T12:16:46","modified_gmt":"2022-09-07T10:16:46","slug":"modul-6-scratch-challenge","status":"publish","type":"page","link":"https:\/\/projectes.xtec.cat\/pensament-computacional\/scratch\/proposta-didactica-scratch-challenge\/modul-6-scratch-challenge\/","title":{"rendered":"M\u00f2dul 6-Scratch Challenge"},"content":{"rendered":"<p>En aquest m\u00f2dul us proposem construir una caixa forta i el vostre propi robot. Aqu\u00ed podr\u00edeu donar soluci\u00f3 a alguna necessitat que tingueu a la vostra escola.<\/p>\n<p>En aquesta ocasi\u00f3 us guiarem en la construcci\u00f3 d&#8217;una caixa forta feta amb un kit de rob\u00f2tica que es pot programar amb una versi\u00f3 modificada d&#8217;Scratch. Tamb\u00e9 podreu con\u00e8ixer molts tipus de robots i fer una pluja d&#8217;idees per decidir com ser\u00e0 finalment el vostre robot. A les sessions del m\u00f2dul us hem facilitat molts recursos perqu\u00e8 els incorporeu. A la vegada, anireu elaborant un document que recollir\u00e0 detalls sobre el proc\u00e9s de disseny i construcci\u00f3 de la caixa forta i del robot.<\/p>\n<p>Tamb\u00e9 podeu, com als m\u00f2duls anteriors, trobar refer\u00e8ncies i enlla\u00e7os a funcions treballades a sessions d&#8217;aquest o altres m\u00f2duls. D\u2019aquesta forma podeu anar retrocedint i consultant aquells punts en concret que us puguin donar una empenta all\u00e0 on us atureu.<\/p>\n<p>Al final del m\u00f2dul teniu m\u00e9s temps per revisar i comprovar el funcionament del vostre robot.<\/p>\n<p>Us convertireu d&#8217;aquesta manera en creadors de robots.<\/p>\n<table style=\"width: 790px;\">\n<tbody>\n<tr style=\"height: 31px;\">\n<td style=\"width: 122px; height: 31px;\">SESSI\u00d3<\/td>\n<td style=\"width: 243px; height: 31px;\">PLANS DE TREBALL<\/td>\n<td style=\"width: 415px; height: 31px;\">ACTIVITATS<\/td>\n<\/tr>\n<tr style=\"height: 42px;\">\n<td style=\"width: 122px; height: 42px;\">\n<h5><a href=\"https:\/\/projectes.xtec.cat\/pensament-computacional\/\/scratch\/scratch-challenge\/proposta-didactica-scratch-challenge\/modul-6-scratch-challenge\/modul-6-sessio-1-scratch-challenge-i-si-ara-fem-robots\/\">Sessi\u00f3 1<\/a><\/h5>\n<h5 class=\"entry-title\"><a href=\"https:\/\/projectes.xtec.cat\/pensament-computacional\/\/scratch\/scratch-challenge\/proposta-didactica-scratch-challenge\/modul-6-scratch-challenge\/modul-6-sessio-1-scratch-challenge-i-si-ara-fem-robots\/\">I si fem ara robots?<\/a><\/h5>\n<\/td>\n<td style=\"width: 243px;\">\n<div>\n<p>La caixa forta<\/p>\n<p>Els robots<\/p>\n<\/div>\n<\/td>\n<td style=\"width: 415px; height: 42px;\">\n<ul>\n<li>Presentaci\u00f3 dels 2 projectes que es construiran<\/li>\n<li>Pluja d\u2019idees per crear el nostre robot<\/li>\n<li>Iniciar el document de text del projecte<\/li>\n<\/ul>\n<\/td>\n<\/tr>\n<tr style=\"height: 18px;\">\n<td style=\"width: 122px; height: 18px;\">\n<h5><a href=\"https:\/\/projectes.xtec.cat\/pensament-computacional\/\/scratch\/scratch-challenge\/proposta-didactica-scratch-challenge\/modul-6-scratch-challenge\/modul-6-sessio-2-scratch-challenge-el-cervell-del-teu-robot-la-placa-programada-amb-scratch-for-arduino\/\">Sessi\u00f3 2<\/a><\/h5>\n<h5 class=\"entry-title\"><a href=\"https:\/\/projectes.xtec.cat\/pensament-computacional\/\/scratch\/scratch-challenge\/proposta-didactica-scratch-challenge\/modul-6-scratch-challenge\/modul-6-sessio-2-scratch-challenge-el-cervell-del-teu-robot-la-placa-programada-amb-scratch-for-arduino\/\">El cervell del teu robot: la placa programada amb Scratch for Arduino<\/a><\/h5>\n<\/td>\n<td style=\"width: 243px;\">\n<div>\n<div>\n<p>La placa del kit de rob\u00f2tica<\/p>\n<p>Els components que es poden connectar a la placa<\/p>\n<p>Els blocs espec\u00edfics de programaci\u00f3 de l\u2019Scratch for Arduino<\/p>\n<\/div>\n<\/div>\n<\/td>\n<td style=\"width: 415px; height: 18px;\">\n<ul>\n<li>Connectar la placa amb S4A<\/li>\n<li>Visualitzar la taula de sensors<\/li>\n<li>Programar l&#8217;encesa i l&#8217;apagada d&#8217;un LED<\/li>\n<li>Programar el gir d&#8217;un motor<\/li>\n<\/ul>\n<\/td>\n<\/tr>\n<tr style=\"height: 141px;\">\n<td style=\"width: 122px; height: 141px;\">\n<h5><a href=\"https:\/\/projectes.xtec.cat\/pensament-computacional\/\/scratch\/scratch-challenge\/proposta-didactica-scratch-challenge\/modul-6-scratch-challenge\/modul-6-sessio-3-scratch-challenge-construim-la-nostra-caixa-forta-i-posem-li-2-leds-oberta-tancada\/\">Sessi\u00f3 3<\/a><\/h5>\n<h5 class=\"entry-title\"><a href=\"https:\/\/projectes.xtec.cat\/pensament-computacional\/\/scratch\/scratch-challenge\/proposta-didactica-scratch-challenge\/modul-6-scratch-challenge\/modul-6-sessio-3-scratch-challenge-construim-la-nostra-caixa-forta-i-posem-li-2-leds-oberta-tancada\/\">Constru\u00efm la nostra caixa forta i posem-li 2 LED: oberta\/tancada<\/a><\/h5>\n<\/td>\n<td style=\"width: 243px;\">\n<div>\n<p>Construcci\u00f3 d&#8217;una caixa forta<\/p>\n<p>Els LED<\/p>\n<p>Relacionar personatges i components<\/p>\n<\/div>\n<\/td>\n<td style=\"width: 415px; height: 141px;\">\n<ul>\n<li>Comen\u00e7ar a construir la caixa forta<\/li>\n<li>Fixar i connectar 2 LED<\/li>\n<li>Programar els LED<\/li>\n<li>Posar personatges en forma de botons que encenguin i apaguin els LED<\/li>\n<\/ul>\n<\/td>\n<\/tr>\n<tr style=\"height: 130px;\">\n<td style=\"width: 122px; height: 130px;\">\n<h5><a href=\"https:\/\/projectes.xtec.cat\/pensament-computacional\/\/scratch\/scratch-challenge\/proposta-didactica-scratch-challenge\/modul-6-scratch-challenge\/modul-6-sessio-4-scratch-challenge-alarma-ens-volen-obrir-la-caixa-forta\/\">Sessi\u00f3 4<\/a><\/h5>\n<h5 class=\"entry-title\"><a href=\"https:\/\/projectes.xtec.cat\/pensament-computacional\/\/scratch\/scratch-challenge\/proposta-didactica-scratch-challenge\/modul-6-scratch-challenge\/modul-6-sessio-4-scratch-challenge-alarma-ens-volen-obrir-la-caixa-forta\/\">Ens volen obrir la caixa forta!!!<\/a><\/h5>\n<\/td>\n<td style=\"width: 243px;\">\n<div>\n<div>\n<p>Els avisos sonors<\/p>\n<p>El brunzidor<\/p>\n<p>Relacionar personatges i components<\/p>\n<\/div>\n<\/div>\n<\/td>\n<td style=\"width: 415px; height: 130px;\">\n<ul>\n<li>Fixar un brunzidor a la caixa forta<\/li>\n<li>Programar les alarmes<\/li>\n<li>Posar personatges en forma de botons que activin les alarmes<\/li>\n<\/ul>\n<\/td>\n<\/tr>\n<tr style=\"height: 118px;\">\n<td style=\"width: 122px; height: 118px;\">\n<h5><a href=\"https:\/\/projectes.xtec.cat\/pensament-computacional\/\/scratch\/scratch-challenge\/proposta-didactica-scratch-challenge\/modul-6-scratch-challenge\/modul-6-sessio-5-scratch-challenge-alarma-semporten-la-nostra-caixa-forta\/\">Sessi\u00f3 5<\/a><\/h5>\n<h5 class=\"entry-title\"><a href=\"https:\/\/projectes.xtec.cat\/pensament-computacional\/\/scratch\/scratch-challenge\/proposta-didactica-scratch-challenge\/modul-6-scratch-challenge\/modul-6-sessio-5-scratch-challenge-alarma-semporten-la-nostra-caixa-forta\/\">Alarma: s\u2019emporten la nostra caixa forta!!!<\/a><\/h5>\n<\/td>\n<td style=\"width: 243px;\">\n<div>\n<div>\n<p>El sensor de llum<\/p>\n<p>Detecci\u00f3 del nivell d&#8217;il\u00b7luminaci\u00f3<\/p>\n<\/div>\n<\/div>\n<\/td>\n<td style=\"width: 415px; height: 118px;\">\n<ul>\n<li>Fixar i connectar un sensor de llum<\/li>\n<li>Afegir un comptador d&#8217;intents de robatori<\/li>\n<li>Afegir un recordatori d&#8217;alarma<\/li>\n<\/ul>\n<\/td>\n<\/tr>\n<tr style=\"height: 29px;\">\n<td style=\"width: 122px; height: 29px;\">\n<h5><a href=\"https:\/\/projectes.xtec.cat\/pensament-computacional\/\/scratch\/scratch-challenge\/proposta-didactica-scratch-challenge\/modul-6-scratch-challenge\/modul-6-sessio-6-scratch-challenge-li-posem-una-contrasenya\/\">Sessi\u00f3 6<\/a><\/h5>\n<h5 class=\"entry-title\"><a href=\"https:\/\/projectes.xtec.cat\/pensament-computacional\/\/scratch\/scratch-challenge\/proposta-didactica-scratch-challenge\/modul-6-scratch-challenge\/modul-6-sessio-6-scratch-challenge-li-posem-una-contrasenya\/\">Li posem una contrasenya?<\/a><\/h5>\n<\/td>\n<td style=\"width: 243px; height: 29px;\">\n<div>\n<p>Els potenci\u00f2metres<\/p>\n<p>Les contrasenyes<\/p>\n<p>&nbsp;<\/p>\n<\/div>\n<\/td>\n<td style=\"width: 415px; height: 29px;\">\n<ul>\n<li>Fixar i connectar potenci\u00f2metres a la capsa<\/li>\n<li>Formar una combinaci\u00f3 de xifres amb els potenci\u00f2metres<\/li>\n<li>Fer visible la combinaci\u00f3 a l&#8217;escenari<\/li>\n<\/ul>\n<\/td>\n<\/tr>\n<tr style=\"height: 74px;\">\n<td style=\"width: 122px; height: 74px;\">\n<h5><a href=\"https:\/\/projectes.xtec.cat\/pensament-computacional\/\/scratch\/scratch-challenge\/proposta-didactica-scratch-challenge\/modul-6-scratch-challenge\/modul-6-sessio-7-scratch-challenge-i-si-volem-canviar-la-contrasenya\/\">Sessi\u00f3 7<\/a><\/h5>\n<h5 class=\"entry-title\"><a href=\"https:\/\/projectes.xtec.cat\/pensament-computacional\/\/scratch\/scratch-challenge\/proposta-didactica-scratch-challenge\/modul-6-scratch-challenge\/modul-6-sessio-7-scratch-challenge-i-si-volem-canviar-la-contrasenya\/\">I si volem canviar la contrasenya?<\/a><\/h5>\n<\/td>\n<td>\n<div>\n<div>\n<p>Contrasenya inicial<\/p>\n<p>Canvi de contrasenya<\/p>\n<\/div>\n<\/div>\n<\/td>\n<td style=\"width: 415px; height: 74px;\">\n<ul>\n<li>Fixar un polsador<\/li>\n<li>Programar l&#8217;obertura i el tancament de la caixa forta<\/li>\n<li>Programar l&#8217;alarma per contrasenya incorrecta<\/li>\n<\/ul>\n<\/td>\n<\/tr>\n<tr style=\"height: 89px;\">\n<td style=\"width: 122px; height: 89px;\">\n<h5><a href=\"https:\/\/projectes.xtec.cat\/pensament-computacional\/\/scratch\/scratch-challenge\/proposta-didactica-scratch-challenge\/modul-6-scratch-challenge\/modul-6-sessio-8-scratch-challenge-i-ara-obrim-i-tanquem-la-porta-de-la-caixa-forta\/\">Sessi\u00f3 8<\/a><\/h5>\n<h5 class=\"entry-title\"><a href=\"https:\/\/projectes.xtec.cat\/pensament-computacional\/\/scratch\/scratch-challenge\/proposta-didactica-scratch-challenge\/modul-6-scratch-challenge\/modul-6-sessio-8-scratch-challenge-i-ara-obrim-i-tanquem-la-porta-de-la-caixa-forta\/\">I ara obrim i tanquem la porta de la caixa forta!!!<\/a><\/h5>\n<\/td>\n<td>\n<div>\n<div>\n<p>Servomotors<\/p>\n<p>Sistema d\u2019obertura de la caixa forta<\/p>\n<\/div>\n<\/div>\n<\/td>\n<td style=\"width: 415px; height: 89px;\">\n<ul>\n<li>Fixar mini servo i goma el\u00e0stica a la caixa forta<\/li>\n<li>Programar el mini servo<\/li>\n<\/ul>\n<\/td>\n<\/tr>\n<tr style=\"height: 143px;\">\n<td style=\"width: 122px; height: 143px;\">\n<h5><a href=\"https:\/\/projectes.xtec.cat\/pensament-computacional\/\/scratch\/scratch-challenge\/proposta-didactica-scratch-challenge\/modul-6-scratch-challenge\/modul-6-sessio-9-scratch-challenge-caixa-forta-completada-i-ara-la-construccio-del-vostre-robot\/\">Sessi\u00f3 9<\/a><\/h5>\n<h5 class=\"entry-title\"><a href=\"https:\/\/projectes.xtec.cat\/pensament-computacional\/\/scratch\/scratch-challenge\/proposta-didactica-scratch-challenge\/modul-6-scratch-challenge\/modul-6-sessio-9-scratch-challenge-caixa-forta-completada-i-ara-la-construccio-del-vostre-robot\/\">Caixa forta completada i ara \u2026 La construcci\u00f3 del vostre robot!<\/a><\/h5>\n<\/td>\n<td>\n<div>\n<p>El robot<\/p>\n<\/div>\n<\/td>\n<td style=\"width: 415px; height: 143px;\">\n<ul>\n<li>Dissenyar el robot<\/li>\n<li>Seleccionar els components del robot<\/li>\n<li>Iniciar la construcci\u00f3 del robot<\/li>\n<li>Iniciar la programaci\u00f3 del robot<\/li>\n<\/ul>\n<\/td>\n<\/tr>\n<tr style=\"height: 97px;\">\n<td style=\"width: 122px; height: 97px;\">\n<h5><a href=\"https:\/\/projectes.xtec.cat\/pensament-computacional\/\/scratch\/scratch-challenge\/proposta-didactica-scratch-challenge\/modul-6-scratch-challenge\/modul-6-sessio-10-scratch-challenge-construccio-i-programacio-del-vostre-robot\/\">Sessi\u00f3 10<\/a><\/h5>\n<h5 class=\"entry-title\"><a href=\"https:\/\/projectes.xtec.cat\/pensament-computacional\/\/scratch\/scratch-challenge\/proposta-didactica-scratch-challenge\/modul-6-scratch-challenge\/modul-6-sessio-10-scratch-challenge-construccio-i-programacio-del-vostre-robot\/\">Construcci\u00f3 i programaci\u00f3 del vostre robot<\/a><\/h5>\n<\/td>\n<td>\n<div>\n<div>Construcci\u00f3 i programaci\u00f3 del robot<\/div>\n<\/div>\n<\/td>\n<td style=\"width: 415px; height: 97px;\">\n<ul>\n<li>Continuar construint el robot<\/li>\n<li>Continuar programant el funcionament del robot<\/li>\n<li>Comprovaci\u00f3 del funcionament dels components<\/li>\n<li>Compartir i con\u00e8ixer les propostes de robot d\u2019altres grups<\/li>\n<\/ul>\n<\/td>\n<\/tr>\n<tr style=\"height: 120px;\">\n<td style=\"width: 122px; height: 120px;\">\n<h5><a href=\"https:\/\/projectes.xtec.cat\/pensament-computacional\/\/scratch\/scratch-challenge\/proposta-didactica-scratch-challenge\/modul-6-scratch-challenge\/modul-6-sessio-11-scratch-challenge-atencio-arriba-el-moment-de-provar-el-robot\/\">Sessi\u00f3 11<\/a><\/h5>\n<h5 class=\"entry-title\"><a href=\"https:\/\/projectes.xtec.cat\/pensament-computacional\/\/scratch\/scratch-challenge\/proposta-didactica-scratch-challenge\/modul-6-scratch-challenge\/modul-6-sessio-11-scratch-challenge-atencio-arriba-el-moment-de-provar-el-robot\/\">Atenci\u00f3 arriba el moment de provar el robot!<\/a><\/h5>\n<\/td>\n<td>\n<div>\n<div>\n<p>Funcionament del robot<\/p>\n<p>Comprovar el funcionament del robot<\/p>\n<\/div>\n<\/div>\n<\/td>\n<td style=\"width: 415px; height: 120px;\">\n<ul>\n<li>Finalitzar la construcci\u00f3 del robot<\/li>\n<li>Comprovar el funcionament del robot<\/li>\n<\/ul>\n<\/td>\n<\/tr>\n<tr style=\"height: 97px;\">\n<td style=\"width: 122px; height: 97px;\">\n<h5><a href=\"https:\/\/projectes.xtec.cat\/pensament-computacional\/\/scratch\/scratch-challenge\/proposta-didactica-scratch-challenge\/modul-6-scratch-challenge\/modul-6-sessio-12-scratch-challenge-presentacio-del-projecte-autoavaluacio-i-avaluacio-les-rubriques\/\">Sessi\u00f3 12<\/a><\/h5>\n<h5 class=\"entry-title\"><a href=\"https:\/\/projectes.xtec.cat\/pensament-computacional\/\/scratch\/scratch-challenge\/proposta-didactica-scratch-challenge\/modul-6-scratch-challenge\/modul-6-sessio-12-scratch-challenge-presentacio-del-projecte-autoavaluacio-i-avaluacio-les-rubriques\/\">Presentaci\u00f3 del projecte: autoavaluaci\u00f3 i avaluaci\u00f3 (les r\u00fabriques)<\/a><\/h5>\n<\/td>\n<td>\n<div>\n<p>Com fer una presentaci\u00f3<\/p>\n<p>Ens autoavaluem<\/p>\n<p>Ens avaluem com a grup<\/p>\n<\/div>\n<\/td>\n<td style=\"width: 415px; height: 97px;\">\n<ul>\n<li>Pautes per dur a terme la presentaci\u00f3 del projecte<\/li>\n<li>Coavaluaci\u00f3 del grup<\/li>\n<li>Autoavaluaci\u00f3 dels alumnes<\/li>\n<\/ul>\n<\/td>\n<\/tr>\n<\/tbody>\n<\/table>\n<p>&nbsp;<\/p>\n<div><\/div>\n","protected":false},"excerpt":{"rendered":"<p>En aquest m\u00f2dul us proposem construir una caixa forta i el vostre propi robot. Aqu\u00ed podr\u00edeu donar soluci\u00f3 a alguna necessitat que tingueu a la vostra escola. En aquesta ocasi\u00f3 us guiarem en la construcci\u00f3 d&#8217;una caixa forta feta amb un kit de rob\u00f2tica que es pot programar amb una versi\u00f3 modificada d&#8217;Scratch. Tamb\u00e9 podreu [&hellip;]<\/p>\n","protected":false},"author":4,"featured_media":0,"parent":24268,"menu_order":0,"comment_status":"closed","ping_status":"closed","template":"","meta":{"_bbp_topic_count":0,"_bbp_reply_count":0,"_bbp_total_topic_count":0,"_bbp_total_reply_count":0,"_bbp_voice_count":0,"_bbp_anonymous_reply_count":0,"_bbp_topic_count_hidden":0,"_bbp_reply_count_hidden":0,"_bbp_forum_subforum_count":0,"site-sidebar-layout":"default","site-content-layout":"default","ast-site-content-layout":"","site-content-style":"default","site-sidebar-style":"default","ast-global-header-display":"","ast-banner-title-visibility":"","ast-main-header-display":"","ast-hfb-above-header-display":"","ast-hfb-below-header-display":"","ast-hfb-mobile-header-display":"","site-post-title":"","ast-breadcrumbs-content":"","ast-featured-img":"","footer-sml-layout":"","theme-transparent-header-meta":"default","adv-header-id-meta":"","stick-header-meta":"default","header-above-stick-meta":"","header-main-stick-meta":"","header-below-stick-meta":"","astra-migrate-meta-layouts":"default","ast-page-background-enabled":"default","ast-page-background-meta":{"desktop":{"background-color":"","background-image":"","background-repeat":"repeat","background-position":"center center","background-size":"auto","background-attachment":"scroll","background-type":"","background-media":"","overlay-type":"","overlay-color":"","overlay-opacity":"","overlay-gradient":""},"tablet":{"background-color":"","background-image":"","background-repeat":"repeat","background-position":"center center","background-size":"auto","background-attachment":"scroll","background-type":"","background-media":"","overlay-type":"","overlay-color":"","overlay-opacity":"","overlay-gradient":""},"mobile":{"background-color":"","background-image":"","background-repeat":"repeat","background-position":"center center","background-size":"auto","background-attachment":"scroll","background-type":"","background-media":"","overlay-type":"","overlay-color":"","overlay-opacity":"","overlay-gradient":""}},"ast-content-background-meta":{"desktop":{"background-color":"var(--ast-global-color-5)","background-image":"","background-repeat":"repeat","background-position":"center center","background-size":"auto","background-attachment":"scroll","background-type":"","background-media":"","overlay-type":"","overlay-color":"","overlay-opacity":"","overlay-gradient":""},"tablet":{"background-color":"var(--ast-global-color-5)","background-image":"","background-repeat":"repeat","background-position":"center center","background-size":"auto","background-attachment":"scroll","background-type":"","background-media":"","overlay-type":"","overlay-color":"","overlay-opacity":"","overlay-gradient":""},"mobile":{"background-color":"var(--ast-global-color-5)","background-image":"","background-repeat":"repeat","background-position":"center center","background-size":"auto","background-attachment":"scroll","background-type":"","background-media":"","overlay-type":"","overlay-color":"","overlay-opacity":"","overlay-gradient":""}},"footnotes":""},"class_list":["post-24430","page","type-page","status-publish","hentry"],"post_mailing_queue_ids":[],"_links":{"self":[{"href":"https:\/\/projectes.xtec.cat\/pensament-computacional\/wp-json\/wp\/v2\/pages\/24430","targetHints":{"allow":["GET"]}}],"collection":[{"href":"https:\/\/projectes.xtec.cat\/pensament-computacional\/wp-json\/wp\/v2\/pages"}],"about":[{"href":"https:\/\/projectes.xtec.cat\/pensament-computacional\/wp-json\/wp\/v2\/types\/page"}],"author":[{"embeddable":true,"href":"https:\/\/projectes.xtec.cat\/pensament-computacional\/wp-json\/wp\/v2\/users\/4"}],"replies":[{"embeddable":true,"href":"https:\/\/projectes.xtec.cat\/pensament-computacional\/wp-json\/wp\/v2\/comments?post=24430"}],"version-history":[{"count":3,"href":"https:\/\/projectes.xtec.cat\/pensament-computacional\/wp-json\/wp\/v2\/pages\/24430\/revisions"}],"predecessor-version":[{"id":26081,"href":"https:\/\/projectes.xtec.cat\/pensament-computacional\/wp-json\/wp\/v2\/pages\/24430\/revisions\/26081"}],"up":[{"embeddable":true,"href":"https:\/\/projectes.xtec.cat\/pensament-computacional\/wp-json\/wp\/v2\/pages\/24268"}],"wp:attachment":[{"href":"https:\/\/projectes.xtec.cat\/pensament-computacional\/wp-json\/wp\/v2\/media?parent=24430"}],"curies":[{"name":"wp","href":"https:\/\/api.w.org\/{rel}","templated":true}]}}