{"id":24455,"date":"2022-01-19T08:45:35","date_gmt":"2022-01-19T07:45:35","guid":{"rendered":"https:\/\/projectes.xtec.cat\/pensament-computacional\/\/?page_id=24455"},"modified":"2022-09-07T12:18:52","modified_gmt":"2022-09-07T10:18:52","slug":"modul-6-sessio-11-scratch-challenge-atencio-arriba-el-moment-de-provar-el-robot","status":"publish","type":"page","link":"https:\/\/projectes.xtec.cat\/pensament-computacional\/scratch\/proposta-didactica-scratch-challenge\/modul-6-scratch-challenge\/modul-6-sessio-11-scratch-challenge-atencio-arriba-el-moment-de-provar-el-robot\/","title":{"rendered":"M\u00f2dul 6-Sessi\u00f3 11-Scratch Challenge-Atenci\u00f3 arriba el moment de provar el robot!"},"content":{"rendered":"<h2><span id=\"Pla_de_treball\">Pla de treball<\/span><\/h2>\n<div style=\"padding-left: 50px;\">\n<ul>\n<li>Funcionament del robot<\/li>\n<\/ul>\n<\/div>\n<hr \/>\n\n<hr \/>\n<h2><span id=\"Poseu a_prova_el_vostre_projecte8230\"><span id=\"A_per_feina8230\">Poseu\u00a0a prova el vostre robot\u2026<\/span><\/span><\/h2>\n<p>En aquesta sessi\u00f3 posarem a prova els robots de tots els companys i les companyes i els donarem la nostra opini\u00f3. No nom\u00e9s hem de provar que funcionin correctament, sin\u00f3 tamb\u00e9 si entenem les instruccions del seu funcionament.<\/p>\n<p>A la vegada, recollirem les propostes de millora dels nostres companys.<\/p>\n<hr \/>\n<h2><span id=\"i_feu_els_canvis_que_siguin_necessaris\"><span id=\"Anem_programant_i_donant_forma\">I feu els canvis que siguin necessaris<\/span><\/span><\/h2>\n<p>\u00c9s el moment de modificar el vostre robot tenint en compte i valorant els comentaris i aportacions dels altres grups.<\/p>\n<p>Heu de deixar el vostre robot a punt per a la presentaci\u00f3 assegurant-vos del bon funcionament de totes les seves funcions.<\/p>\n<p>Ara s\u00ed que ja esteu a punt de finalitzar el robot.<\/p>\n<p>&nbsp;<\/p>\n","protected":false},"excerpt":{"rendered":"<p>Pla de treball Funcionament del robot Poseu\u00a0a prova el vostre robot\u2026 En aquesta sessi\u00f3 posarem a prova els robots de tots els companys i les companyes i els donarem la nostra opini\u00f3. No nom\u00e9s hem de provar que funcionin correctament, sin\u00f3 tamb\u00e9 si entenem les instruccions del seu funcionament. A la vegada, recollirem les propostes [&hellip;]<\/p>\n","protected":false},"author":4,"featured_media":0,"parent":24430,"menu_order":0,"comment_status":"closed","ping_status":"closed","template":"","meta":{"_bbp_topic_count":0,"_bbp_reply_count":0,"_bbp_total_topic_count":0,"_bbp_total_reply_count":0,"_bbp_voice_count":0,"_bbp_anonymous_reply_count":0,"_bbp_topic_count_hidden":0,"_bbp_reply_count_hidden":0,"_bbp_forum_subforum_count":0,"site-sidebar-layout":"no-sidebar","site-content-layout":"content-boxed-container","ast-site-content-layout":"","site-content-style":"default","site-sidebar-style":"default","ast-global-header-display":"","ast-banner-title-visibility":"","ast-main-header-display":"","ast-hfb-above-header-display":"","ast-hfb-below-header-display":"","ast-hfb-mobile-header-display":"","site-post-title":"","ast-breadcrumbs-content":"","ast-featured-img":"","footer-sml-layout":"disabled","theme-transparent-header-meta":"default","adv-header-id-meta":"","stick-header-meta":"default","header-above-stick-meta":"","header-main-stick-meta":"","header-below-stick-meta":"","astra-migrate-meta-layouts":"default","ast-page-background-enabled":"default","ast-page-background-meta":{"desktop":{"background-color":"","background-image":"","background-repeat":"repeat","background-position":"center center","background-size":"auto","background-attachment":"scroll","background-type":"","background-media":"","overlay-type":"","overlay-color":"","overlay-opacity":"","overlay-gradient":""},"tablet":{"background-color":"","background-image":"","background-repeat":"repeat","background-position":"center center","background-size":"auto","background-attachment":"scroll","background-type":"","background-media":"","overlay-type":"","overlay-color":"","overlay-opacity":"","overlay-gradient":""},"mobile":{"background-color":"","background-image":"","background-repeat":"repeat","background-position":"center center","background-size":"auto","background-attachment":"scroll","background-type":"","background-media":"","overlay-type":"","overlay-color":"","overlay-opacity":"","overlay-gradient":""}},"ast-content-background-meta":{"desktop":{"background-color":"var(--ast-global-color-5)","background-image":"","background-repeat":"repeat","background-position":"center center","background-size":"auto","background-attachment":"scroll","background-type":"","background-media":"","overlay-type":"","overlay-color":"","overlay-opacity":"","overlay-gradient":""},"tablet":{"background-color":"var(--ast-global-color-5)","background-image":"","background-repeat":"repeat","background-position":"center center","background-size":"auto","background-attachment":"scroll","background-type":"","background-media":"","overlay-type":"","overlay-color":"","overlay-opacity":"","overlay-gradient":""},"mobile":{"background-color":"var(--ast-global-color-5)","background-image":"","background-repeat":"repeat","background-position":"center center","background-size":"auto","background-attachment":"scroll","background-type":"","background-media":"","overlay-type":"","overlay-color":"","overlay-opacity":"","overlay-gradient":""}},"footnotes":""},"class_list":["post-24455","page","type-page","status-publish","hentry"],"post_mailing_queue_ids":[],"_links":{"self":[{"href":"https:\/\/projectes.xtec.cat\/pensament-computacional\/wp-json\/wp\/v2\/pages\/24455","targetHints":{"allow":["GET"]}}],"collection":[{"href":"https:\/\/projectes.xtec.cat\/pensament-computacional\/wp-json\/wp\/v2\/pages"}],"about":[{"href":"https:\/\/projectes.xtec.cat\/pensament-computacional\/wp-json\/wp\/v2\/types\/page"}],"author":[{"embeddable":true,"href":"https:\/\/projectes.xtec.cat\/pensament-computacional\/wp-json\/wp\/v2\/users\/4"}],"replies":[{"embeddable":true,"href":"https:\/\/projectes.xtec.cat\/pensament-computacional\/wp-json\/wp\/v2\/comments?post=24455"}],"version-history":[{"count":2,"href":"https:\/\/projectes.xtec.cat\/pensament-computacional\/wp-json\/wp\/v2\/pages\/24455\/revisions"}],"predecessor-version":[{"id":26083,"href":"https:\/\/projectes.xtec.cat\/pensament-computacional\/wp-json\/wp\/v2\/pages\/24455\/revisions\/26083"}],"up":[{"embeddable":true,"href":"https:\/\/projectes.xtec.cat\/pensament-computacional\/wp-json\/wp\/v2\/pages\/24430"}],"wp:attachment":[{"href":"https:\/\/projectes.xtec.cat\/pensament-computacional\/wp-json\/wp\/v2\/media?parent=24455"}],"curies":[{"name":"wp","href":"https:\/\/api.w.org\/{rel}","templated":true}]}}