{"id":25046,"date":"2022-02-01T20:37:10","date_gmt":"2022-02-01T19:37:10","guid":{"rendered":"https:\/\/projectes.xtec.cat\/pensament-computacional\/\/?page_id=25046"},"modified":"2024-07-19T00:07:08","modified_gmt":"2024-07-18T22:07:08","slug":"el-pensament-computacional","status":"publish","type":"page","link":"https:\/\/projectes.xtec.cat\/pensament-computacional\/el-pensament-computacional\/","title":{"rendered":"El pensament computacional"},"content":{"rendered":"\t\t\t\t\t\t<style>\r\n\t\t\t\t\r\n\t\t\t\t\t#tab_container_25669 {\r\n\toverflow:hidden;\r\n\tdisplay:block;\r\n\twidth:100%;\r\n\tborder:0px solid #ddd;\r\n\tmargin-bottom:30px;\r\n\t}\r\n\r\n#tab_container_25669 .tab-content{\r\n\tpadding:20px;\r\n\tborder: 1px solid #e6e6e6 !important;\r\n\tmargin-top: 0px;\r\n\tbackground-color:#ffffff !important;\r\n\tcolor: #000000 !important;\r\n\tfont-size:14px !important;\r\n\tfont-family: Arial !important;\r\n\t\r\n\t\tborder: 1px solid #e6e6e6 !important;\r\n\t}\r\n#tab_container_25669 .wpsm_nav-tabs {\r\n    border-bottom: 0px solid #ddd;\r\n}\r\n#tab_container_25669 .wpsm_nav-tabs > li.active > a, #tab_container_25669 .wpsm_nav-tabs > li.active > a:hover, #tab_container_25669 .wpsm_nav-tabs > li.active > a:focus {\r\n\tcolor: #ffffff !important;\r\n\tcursor: default;\r\n\tbackground-color: #1e73be !important;\r\n\tborder: 1px solid #055aa5 !important;\r\n}\r\n\r\n#tab_container_25669 .wpsm_nav-tabs > li > a {\r\n    margin-right: 0px !important; \r\n    line-height: 1.42857143 !important;\r\n    border: 1px solid #c5c5c5 !important;\r\n    border-radius: 0px 0px 0 0 !important; \r\n\tbackground-color: #d8d8d8 !important;\r\n\tcolor: #000000 !important;\r\n\tpadding: 15px 18px 15px 18px !important;\r\n\ttext-decoration: none !important;\r\n\tfont-size: 18px !important;\r\n\ttext-align:center !important;\r\n\tfont-family: Arial !important;\r\n}\r\n#tab_container_25669 .wpsm_nav-tabs > li > a:focus {\r\noutline: 0px !important;\r\n}\r\n\r\n#tab_container_25669 .wpsm_nav-tabs > li > a:before {\r\n\tdisplay:none !important;\r\n}\r\n#tab_container_25669 .wpsm_nav-tabs > li > a:after {\r\n\tdisplay:none !important ;\r\n}\r\n#tab_container_25669 .wpsm_nav-tabs > li{\r\npadding:0px !important ;\r\nmargin:0px;\r\n}\r\n\r\n#tab_container_25669 .wpsm_nav-tabs > li > a:hover , #tab_container_25669 .wpsm_nav-tabs > li > a:focus {\r\n    color: #000000 !important;\r\n    background-color: #d8d8d8 !important;\r\n\tborder: 1px solid #c5c5c5 !important;\r\n\t\r\n}\r\n#tab_container_25669 .wpsm_nav-tabs > li > a .fa{\r\n\r\nmargin-right:5px !important;\r\n\r\nmargin-left:5px !important;\r\n\r\n\r\n}\r\n\r\n\t\t#tab_container_25669 .wpsm_nav-tabs a{\r\n\t\t\tbackground-image: url(https:\/\/projectes.xtec.cat\/pensament-computacional\/wp-content\/plugins\/tabs-responsive\/assets\/images\/style-soft.png);\r\n\t\t\tbackground-position: 0 0;\r\n\t\t\tbackground-repeat: repeat-x;\r\n\t\t}\r\n\t\t\t\r\n\r\n\r\n#tab_container_25669 .wpsm_nav-tabs > li {\r\n    float: left;\r\n    margin-bottom: -1px !important;\r\n\tmargin-right:0px !important; \r\n}\r\n\r\n\r\n#tab_container_25669 .tab-content{\r\noverflow:hidden !important;\r\n}\r\n\r\n\r\n@media (min-width: 769px) {\r\n\r\n\t#tab_container_25669 .wpsm_nav-tabs > li{\r\n\t\tfloat:left !important ;\r\n\t\t\t\tmargin-right:-1px !important;\r\n\t\t\t\t\t}\r\n\t#tab_container_25669 .wpsm_nav-tabs{\r\n\t\tfloat:none !important;\r\n\t\tmargin:0px !important;\r\n\t}\r\n\r\n\t#tab_container_25669 .wpsm_nav-tabs > li {\r\n\t\t\t\t\r\n\t}\r\n\t#tab_container_25669 .wpsm_nav{\r\n\t\t\t}\r\n\r\n}\r\n\r\n\r\n\r\n@media (max-width: 768px) {\r\n\t#tab_container_25669 .wpsm_nav-tabs > li {\r\n\t\t\t\t\r\n\t}\r\n\t#tab_container_25669 .wpsm_nav{\r\n\t\t\t}\r\n}\r\n\r\n\r\n\t.wpsm_nav-tabs li:before{\r\n\t\tdisplay:none !important;\r\n\t}\r\n\r\n\t@media (max-width: 768px) {\r\n\t\t\t\t\r\n\t\t\t\t.wpsm_nav-tabs{\r\n\t\t\tmargin-left:0px !important;\r\n\t\t\tmargin-right:0px !important; \r\n\t\t\t\r\n\t\t}\r\n\t\t\t\t#tab_container_25669 .wpsm_nav-tabs > li{\r\n\t\t\tfloat:none !important;\r\n\t\t}\r\n\t\t\t\r\n\t}\t\t\t\t<\/style>\r\n\t\t\t\t<div id=\"tab_container_25669\" >\r\n\t \r\n\t\t\t\t\t<ul class=\"wpsm_nav wpsm_nav-tabs\" role=\"tablist\" id=\"myTab_25669\">\r\n\t\t\t\t\t\t\t\r\n\t\t\t\t\t\t\t<li role=\"presentation\"  class=\"active\"  onclick=\"do_resize()\">\r\n\r\n\t\t\t\t\t\t\t\t<!-- XTEC ************ MODIFICAT - Disable scrolling on tab change. Fixes error in option \"Tabs Description Animation\" -->\r\n\t\t\t\t\t\t\t\t<!-- 2021.12.01 @aginard -->\r\n\t\t\t\t\t\t\t\t<a href=\"javascript:void(0);\" aria-controls=\"tabs_desc_25669_1\" role=\"tab\" data-toggle=\"tab\" data-target=\"#tabs_desc_25669_1\">\r\n\t\t\t\t\t\t\t\t<!-- ORIGINAL\r\n\t\t\t\t\t\t\t\t<a href=\"#tabs_desc_25669_1\" aria-controls=\"tabs_desc_25669_1\" role=\"tab\" data-toggle=\"tab\">\r\n\t\t\t\t\t\t\t\t-->\r\n\t\t\t\t\t\t\t\t<!-- ************ FI -->\r\n\t\t\t\t\t\t\t\t\t\r\n\t\t\t\t\t\t\t\t\t\t\t\t\t\t\t\t\t\t\t\t\t\t\t\t\t\t\t\t\t\t\t\t\t\t\t\t\t\t\t\t\t\t\t\t\t\t\t\t\t\r\n\t\t\t\t\t\t\t\t\t\t\t\t\t\t\t\t\t\t\r\n\t\t\t\t\t\t\t\t\t<span>Qu\u00e8 \u00e9s el pensament computacional?<\/span>\r\n\t\t\t\t\t\t\t\t\t\r\n\t\t\t\t\t\t\t\t\t\t\t\t\t\t\t\t\t\t\r\n\t\t\t\t\t\t\t\t\t\t\t\t\t\t\t\t\t\t\t\t\r\n\t\t\t\t\t\t\t\t\t\r\n\t\t\t\t\t\t\t\t<\/a>\r\n\t\t\t\t\t\t\t<\/li>\r\n\t\t\t\t\t\t\t\r\n\t\t\t\t\t\t\t<li role=\"presentation\"  onclick=\"do_resize()\">\r\n\r\n\t\t\t\t\t\t\t\t<!-- XTEC ************ MODIFICAT - Disable scrolling on tab change. Fixes error in option \"Tabs Description Animation\" -->\r\n\t\t\t\t\t\t\t\t<!-- 2021.12.01 @aginard -->\r\n\t\t\t\t\t\t\t\t<a href=\"javascript:void(0);\" aria-controls=\"tabs_desc_25669_2\" role=\"tab\" data-toggle=\"tab\" data-target=\"#tabs_desc_25669_2\">\r\n\t\t\t\t\t\t\t\t<!-- ORIGINAL\r\n\t\t\t\t\t\t\t\t<a href=\"#tabs_desc_25669_2\" aria-controls=\"tabs_desc_25669_2\" role=\"tab\" data-toggle=\"tab\">\r\n\t\t\t\t\t\t\t\t-->\r\n\t\t\t\t\t\t\t\t<!-- ************ FI -->\r\n\t\t\t\t\t\t\t\t\t\r\n\t\t\t\t\t\t\t\t\t\t\t\t\t\t\t\t\t\t\t\t\t\t\t\t\t\t\t\t\t\t\t\t\t\t\t\t\t\t\t\t\t\t\t\t\t\t\t\t\t\r\n\t\t\t\t\t\t\t\t\t\t\t\t\t\t\t\t\t\t\r\n\t\t\t\t\t\t\t\t\t<span>T\u00e8cniques clau del pensament computacional<\/span>\r\n\t\t\t\t\t\t\t\t\t\r\n\t\t\t\t\t\t\t\t\t\t\t\t\t\t\t\t\t\t\r\n\t\t\t\t\t\t\t\t\t\t\t\t\t\t\t\t\t\t\t\t\r\n\t\t\t\t\t\t\t\t\t\r\n\t\t\t\t\t\t\t\t<\/a>\r\n\t\t\t\t\t\t\t<\/li>\r\n\t\t\t\t\t\t\t\r\n\t\t\t\t\t\t\t<li role=\"presentation\"  onclick=\"do_resize()\">\r\n\r\n\t\t\t\t\t\t\t\t<!-- XTEC ************ MODIFICAT - Disable scrolling on tab change. Fixes error in option \"Tabs Description Animation\" -->\r\n\t\t\t\t\t\t\t\t<!-- 2021.12.01 @aginard -->\r\n\t\t\t\t\t\t\t\t<a href=\"javascript:void(0);\" aria-controls=\"tabs_desc_25669_3\" role=\"tab\" data-toggle=\"tab\" data-target=\"#tabs_desc_25669_3\">\r\n\t\t\t\t\t\t\t\t<!-- ORIGINAL\r\n\t\t\t\t\t\t\t\t<a href=\"#tabs_desc_25669_3\" aria-controls=\"tabs_desc_25669_3\" role=\"tab\" data-toggle=\"tab\">\r\n\t\t\t\t\t\t\t\t-->\r\n\t\t\t\t\t\t\t\t<!-- ************ FI -->\r\n\t\t\t\t\t\t\t\t\t\r\n\t\t\t\t\t\t\t\t\t\t\t\t\t\t\t\t\t\t\t\t\t\t\t\t\t\t\t\t\t\t\t\t\t\t\t\t\t\t\t\t\t\t\t\t\t\t\t\t\t\r\n\t\t\t\t\t\t\t\t\t\t\t\t\t\t\t\t\t\t\r\n\t\t\t\t\t\t\t\t\t<span>Exemples del pensament computacional a l&#039;aula<\/span>\r\n\t\t\t\t\t\t\t\t\t\r\n\t\t\t\t\t\t\t\t\t\t\t\t\t\t\t\t\t\t\r\n\t\t\t\t\t\t\t\t\t\t\t\t\t\t\t\t\t\t\t\t\r\n\t\t\t\t\t\t\t\t\t\r\n\t\t\t\t\t\t\t\t<\/a>\r\n\t\t\t\t\t\t\t<\/li>\r\n\t\t\t\t\t\t\t\t\t\t\t <\/ul>\r\n\r\n\t\t\t\t\t  <!-- Tab panes -->\r\n\t\t\t\t\t  <div class=\"tab-content\" id=\"tab-content_25669\">\r\n\t\t\t\t\t\t\t\t\t\t\t\t <div role=\"tabpanel\" class=\"tab-pane  in active \" id=\"tabs_desc_25669_1\">\r\n\t\t\t\t\t\t\t\t<p style=\"border: 1.8px; border-style: solid; border-color: #000000; box-shadow: 3px 5px 5px #888888; padding: 0.6em;\">El pensament computacional \u00e9s un m\u00e8tode per abordar un problema complicat de manera sistem\u00e0tica, dividint-ho en parts m\u00e9s petites, i finalment, trobant solucions. Aix\u00ed \u00e9s com tamb\u00e9 funcionen els ordinadors, fan diferents passos abans d'arribar a una soluci\u00f3 final que es pugui aplicar a un problema en concret i d\u2019altres problemes complexos similars.<\/p>\n<p>La definici\u00f3 de pensament computacional que es pren habitualment com a refer\u00e8ncia \u00e9s la que va introduir Jeannette Wing .<\/p>\n<p>Wing comenta que el pensament computacional \u00e9s una manera de pensar que no \u00e9s exclusiva dels programadors.<span class=\"\" style=\"font-size: large;\"><a href=\"https:\/\/www.cs.cmu.edu\/~15110-s13\/Wing06-ct.pdf\" target=\"_blank\" rel=\"noopener\"><img loading=\"lazy\" decoding=\"async\" class=\"wp-image-25298 aligncenter\" src=\"https:\/\/projectes.xtec.cat\/jorobot\/wp-content\/uploads\/usu2217\/2022\/03\/Jeannette-Wing--1024x180.jpg\" alt=\"\" width=\"654\" height=\"115\" srcset=\"https:\/\/projectes.xtec.cat\/pensament-computacional\/wp-content\/uploads\/usu2217\/2022\/03\/Jeannette-Wing--1024x180.jpg 1024w, https:\/\/projectes.xtec.cat\/pensament-computacional\/wp-content\/uploads\/usu2217\/2022\/03\/Jeannette-Wing--300x53.jpg 300w, https:\/\/projectes.xtec.cat\/pensament-computacional\/wp-content\/uploads\/usu2217\/2022\/03\/Jeannette-Wing--768x135.jpg 768w, https:\/\/projectes.xtec.cat\/pensament-computacional\/wp-content\/uploads\/usu2217\/2022\/03\/Jeannette-Wing-.jpg 1161w\" sizes=\"auto, (max-width: 654px) 100vw, 654px\" \/><\/a><\/span><\/p>\n<p style=\"text-align: center; font-size: 12px;\">Jeannette Wing:\u00a0<a href=\"https:\/\/www.flickr.com\/photos\/rwoan\/4052660923\" target=\"_blank\" rel=\"noopener\">www.flickr.com<\/a><\/p>\n<p style=\"border: 1.8px; border-style: solid; border-color: #000000; box-shadow: 3px 5px 5px #888888; padding: 0.6em;\">Segons Wing (2006), el Pensament Computacional consisteix en la resoluci\u00f3 de problemes, el disseny dels sistemes, i la comprensi\u00f3 de la conducta humana fent \u00fas dels conceptes fonamentals de la inform\u00e0tica.<br \/>\nLes habilitats pr\u00f2pies del Pensament Computacional s\u00f3n \u00fatils per tot el m\u00f3n, no sols per cient\u00edfics de la computaci\u00f3.<\/p>\n<p>A partir de l'article i el treball Computational Thinking , que Jeannette Wing tamb\u00e9 va publicar l'any 2006, es poden destacar les idees seg\u00fcents:<\/p>\n<p style=\"text-align: center; font-size: large;\"><span class=\"\" style=\"font-size: large;\"><a href=\"https:\/\/projectes.xtec.cat\/jorobot\/wp-content\/uploads\/usu2217\/2022\/03\/aspectes-clau-wing.jpg\"><img loading=\"lazy\" decoding=\"async\" class=\"alignnone wp-image-25299\" src=\"https:\/\/projectes.xtec.cat\/jorobot\/wp-content\/uploads\/usu2217\/2022\/03\/aspectes-clau-wing.jpg\" alt=\"\" width=\"640\" height=\"167\" srcset=\"https:\/\/projectes.xtec.cat\/pensament-computacional\/wp-content\/uploads\/usu2217\/2022\/03\/aspectes-clau-wing.jpg 840w, https:\/\/projectes.xtec.cat\/pensament-computacional\/wp-content\/uploads\/usu2217\/2022\/03\/aspectes-clau-wing-300x78.jpg 300w, https:\/\/projectes.xtec.cat\/pensament-computacional\/wp-content\/uploads\/usu2217\/2022\/03\/aspectes-clau-wing-768x200.jpg 768w\" sizes=\"auto, (max-width: 640px) 100vw, 640px\" \/><\/a><\/span><\/p>\n<p style=\"text-align: center; font-size: 12px;\">Icones: <a href=\"https:\/\/www.flaticon.com\/\" target=\"_blank\" rel=\"noopener\">flaticon.com<\/a><\/p>\n\t\t\t\t\t\t <\/div>\r\n\t\t\t\t\t\t\t\t\t\t\t\t <div role=\"tabpanel\" class=\"tab-pane \" id=\"tabs_desc_25669_2\">\r\n\t\t\t\t\t\t\t\t<p><span lang=\"ES\">Si es vol resoldre una <strong>tasca<\/strong> o\u00a0 <strong>problema complex<\/strong> a partir del m\u00e8tode del pensament computacional, cal seguir els passos seg\u00fcents:<\/span><\/p>\n<p><strong>1. Descomposici\u00f3<\/strong><\/p>\n<p><span class=\"\" style=\"font-size: large;\"><a href=\"https:\/\/projectes.xtec.cat\/jorobot\/wp-content\/uploads\/usu2217\/2022\/03\/descomposicio.jpg\"><img loading=\"lazy\" decoding=\"async\" class=\"\" style=\"float: left; margin-right: 10px class=;\" src=\"https:\/\/projectes.xtec.cat\/jorobot\/wp-content\/uploads\/usu2217\/2022\/03\/descomposicio.jpg\" alt=\"\" width=\"64\" height=\"36\" \/> <\/a><\/span>\u00a0Descompondre un conjunt de tasques o problemes en parts, fent aix\u00ed m\u00e9s comprensible el problema o situaci\u00f3 plantejada.<\/p>\n<p><strong>2. Reconeixement de patrons<\/strong><\/p>\n<p><span class=\"\" style=\"font-size: large;\"><a href=\"https:\/\/projectes.xtec.cat\/jorobot\/wp-content\/uploads\/usu2217\/2022\/03\/Reconeixemet-de-patrons.jpg\"><img loading=\"lazy\" decoding=\"async\" class=\"alignnone wp-image-25304\" src=\"https:\/\/projectes.xtec.cat\/jorobot\/wp-content\/uploads\/usu2217\/2022\/03\/Reconeixemet-de-patrons.jpg\" alt=\"\" width=\"37\" height=\"37\" srcset=\"https:\/\/projectes.xtec.cat\/pensament-computacional\/wp-content\/uploads\/usu2217\/2022\/03\/Reconeixemet-de-patrons.jpg 177w, https:\/\/projectes.xtec.cat\/pensament-computacional\/wp-content\/uploads\/usu2217\/2022\/03\/Reconeixemet-de-patrons-150x150.jpg 150w\" sizes=\"auto, (max-width: 37px) 100vw, 37px\" \/> \u00a0<\/a><\/span>Identificar i recon\u00e8ixer patrons, similituds i tend\u00e8ncies en els problemes o situacions que es volen solucionar.<\/p>\n<p><strong>3. Abstracci\u00f3<\/strong><\/p>\n<p><span class=\"\" style=\"font-size: large;\"><a href=\"https:\/\/projectes.xtec.cat\/jorobot\/wp-content\/uploads\/usu2217\/2022\/03\/abstraccio.jpg\"><img loading=\"lazy\" decoding=\"async\" class=\"alignnone wp-image-25305\" src=\"https:\/\/projectes.xtec.cat\/jorobot\/wp-content\/uploads\/usu2217\/2022\/03\/abstraccio.jpg\" alt=\"\" width=\"58\" height=\"24\" \/> <\/a><\/span>Ressaltar els detalls necessaris i eliminar els detalls innecessaris per entendre una tasca o un problema.<\/p>\n<p><strong>4. Disseny algor\u00edtmic<\/strong><\/p>\n<p><span class=\"\" style=\"font-size: large;\"><a href=\"https:\/\/projectes.xtec.cat\/jorobot\/wp-content\/uploads\/usu2217\/2022\/03\/Disseny-algoritmic.jpg\"><img loading=\"lazy\" decoding=\"async\" class=\"alignnone wp-image-25306\" src=\"https:\/\/projectes.xtec.cat\/jorobot\/wp-content\/uploads\/usu2217\/2022\/03\/Disseny-algoritmic.jpg\" alt=\"\" width=\"59\" height=\"38\" \/> <\/a><\/span>Definir instruccions pas a pas per resoldre un problema i d\u2019altres similars provant i duent a terme possibles solucions.<\/p>\n\t\t\t\t\t\t <\/div>\r\n\t\t\t\t\t\t\t\t\t\t\t\t <div role=\"tabpanel\" class=\"tab-pane \" id=\"tabs_desc_25669_3\">\r\n\t\t\t\t\t\t\t\t<p>Exemples per treballar el pensament computacional en diferents \u00e0mbits curriculars i relacionats amb les quatre t\u00e8cniques del pensament computacional.<\/p>\n<p style=\"text-align: left; border: 3px solid #000000; padding: 1em; box-shadow: #585858 3px 5px 5px; width: 350px;\"><strong>Descomposici\u00f3 del problema<\/strong><\/p>\n<p><a href=\"https:\/\/projectes.xtec.cat\/jorobot\/wp-content\/uploads\/usu2217\/2022\/03\/rutines-infantil.jpg\" target=\"_blank\" rel=\"noopener\"><img decoding=\"async\" style=\"float: left; margin-right: 10px;\" src=\"https:\/\/projectes.xtec.cat\/jorobot\/wp-content\/uploads\/usu2217\/2022\/03\/rutines-infantil.jpg\" alt=\"\" width=\"110\" \/><\/a>A educaci\u00f3 infantil els alumnes poden descriure la rutina que segueixen quan arriben a l'escola o poden descriure els passos que fan per guardar les peces d'un joc.<\/p>\n<p style=\"font-size: 12px; text-align: left;\">Escola les vinyes (2013) <a href=\"https:\/\/www.flickr.com\/photos\/ielesvinyes\/10509616236\/\" target=\"_blank\" rel=\"noopener\">H\u00e0bits i rutines<\/a><\/p>\n<p>\u00a0<\/p>\n<p><a href=\"https:\/\/projectes.xtec.cat\/jorobot\/wp-content\/uploads\/usu2217\/2022\/03\/la-teva-recepta-preferida.jpg\" target=\"_blank\" rel=\"noopener\"><img loading=\"lazy\" decoding=\"async\" class=\"\" style=\"float: left; margin-right: 10px;\" src=\"https:\/\/projectes.xtec.cat\/jorobot\/wp-content\/uploads\/usu2217\/2022\/03\/la-teva-recepta-preferida.jpg\" alt=\"\" width=\"110\" height=\"92\" \/><\/a>Aprendre receptes senzilles o planificar una hist\u00f2ria.<\/p>\n<p style=\"font-size: 12px; text-align: left;\">La teva recepta preferida. X.Rosell Institut Mil\u00e0 i Fontanals (2020).<\/p>\n<p>\u00a0<\/p>\n<p style=\"text-align: left; border: 3px solid #000000; padding: 1em; box-shadow: #585858 3px 5px 5px; width: 350px;\"><strong>Reconeixement de patrons<\/strong><\/p>\n<p><a href=\"https:\/\/projectes.xtec.cat\/jorobot\/wp-content\/uploads\/usu2217\/2022\/03\/esser-vius.jpg\" target=\"_blank\" rel=\"noopener\"><img loading=\"lazy\" decoding=\"async\" style=\"float: left; margin-right: 10px;\" src=\"https:\/\/projectes.xtec.cat\/jorobot\/wp-content\/uploads\/usu2217\/2022\/03\/esser-vius.jpg\" alt=\"\" width=\"298\" height=\"193\" \/><\/a><\/p>\n<p>\u00a0<\/p>\n<p>Recopilar informaci\u00f3 sobre \u00e9ssers vius i \u00e9ssers inerts, per representar-la en un esquema gr\u00e0fic i veure patrons.<\/p>\n<p>\u00a0<\/p>\n<p>\u00a0<\/p>\n<p>\u00a0<\/p>\n<p><a href=\"https:\/\/projectes.xtec.cat\/jorobot\/wp-content\/uploads\/usu2217\/2022\/03\/organismes-biologics.jpg\" target=\"_blank\" rel=\"noopener\"><img loading=\"lazy\" decoding=\"async\" style=\"float: left; margin-right: 10px;\" src=\"https:\/\/projectes.xtec.cat\/jorobot\/wp-content\/uploads\/usu2217\/2022\/03\/organismes-biologics.jpg\" alt=\"\" width=\"298\" height=\"193\" \/><\/a><\/p>\n<p>\u00a0<\/p>\n<p>Observar la classificaci\u00f3 dels organismes biol\u00f2gics, analitzar la informaci\u00f3 i cercar patrons.<\/p>\n<p>\u00a0<\/p>\n<p style=\"text-align: left; border: 3px solid #000000; padding: 1em; box-shadow: #585858 3px 5px 5px; width: 350px;\"><strong>Abstracci\u00f3<\/strong><\/p>\n<p><a href=\"https:\/\/projectes.xtec.cat\/jorobot\/wp-content\/uploads\/usu2217\/2022\/03\/abstraccio-sistema-solar.jpg\" target=\"_blank\" rel=\"noopener\"><img loading=\"lazy\" decoding=\"async\" style=\"float: left; margin-right: 10px;\" src=\"https:\/\/projectes.xtec.cat\/jorobot\/wp-content\/uploads\/usu2217\/2022\/03\/abstraccio-sistema-solar.jpg\" alt=\"\" width=\"309\" height=\"140\" \/><\/a><\/p>\n<p>Extreure la informaci\u00f3 rellevant per representar una taula informativa i un diagrama o maqueta sobre el sistema solar.<\/p>\n<p style=\"font-size: 12px;\">Tal com es pot veure a la imatge, de la primera taula informativa se n'ha extret la informaci\u00f3 que s'ha cregut rellevant sobre els planetes del sistema solar, tal com: el di\u00e0metre del planeta, la dist\u00e0ncia del planeta des de la terra i la durada del dia al planeta prenent com a refer\u00e8ncia el sistema horari de la terra.<\/p>\n<p>\u00a0<\/p>\n<p>\u00a0<\/p>\n<p style=\"text-align: left; border: 3px solid #000000; padding: 1em; box-shadow: #585858 3px 5px 5px; width: 350px;\"><strong>Disseny algor\u00edtmic<\/strong><\/p>\n<p><a href=\"https:\/\/projectes.xtec.cat\/jorobot\/wp-content\/uploads\/usu2217\/2022\/03\/diagrama-flux-web-centre.png\" target=\"_blank\" rel=\"noopener\"><img loading=\"lazy\" decoding=\"async\" style=\"float: left; margin-right: 10px;\" src=\"https:\/\/projectes.xtec.cat\/jorobot\/wp-content\/uploads\/usu2217\/2022\/03\/diagrama-flux-web-centre.png\" alt=\"\" width=\"471\" height=\"123\" \/><\/a><\/p>\n<p>Crear instruccions per completar una tasca escrivint-les o a partir d'un diagrama. Per exemple, com veure el contingut de la p\u00e0gina web del nostre centre educatiu.<\/p>\n<p>\u00a0<\/p>\n<p>\u00a0<\/p>\n<p><b><a href=\"https:\/\/projectes.xtec.cat\/jorobot\/wp-content\/uploads\/usu2217\/2022\/03\/disseny-algoritmic-ordenar-numeros.jpg\" target=\"_blank\" rel=\"noopener\"><img loading=\"lazy\" decoding=\"async\" style=\"float: left; margin-right: 10px;\" src=\"https:\/\/projectes.xtec.cat\/jorobot\/wp-content\/uploads\/usu2217\/2022\/03\/disseny-algoritmic-ordenar-numeros.jpg\" alt=\"\" width=\"309\" height=\"193\" \/><\/a><\/b><\/p>\n<p>\u00a0<\/p>\n<p>Dissenyar un algoritme per ordenar una s\u00e8rie de n\u00fameros del m\u00e9s petit al m\u00e9s gran.<\/p>\n<h4><\/h4>\n\t\t\t\t\t\t <\/div>\r\n\t\t\t\t\t\t\t\r\n\t\t\t\t\t <\/div>\r\n\t\t\t\t\t \r\n\t\t\t\t <\/div>\r\n <script>\r\n\t\tjQuery(function () {\r\n\t\t\tjQuery('#myTab_25669 a:first').tab('show')\r\n\t\t});\r\n\t\t\r\n\t\t\t\tjQuery(function(){\r\n\t\t\tvar b=\"fadeIn\";\r\n\t\t\tvar c;\r\n\t\t\tvar a;\r\n\t\t\td(jQuery(\"#myTab_25669 a\"),jQuery(\"#tab-content_25669\"));function d(e,f,g){\r\n\t\t\t\te.click(function(i){\r\n\t\t\t\t\ti.preventDefault();\r\n\t\t\t\t\tjQuery(this).tab(\"show\");\r\n\t\t\t\t\tvar h=jQuery(this).data(\"easein\");\r\n\t\t\t\t\tif(c){c.removeClass(a);}\r\n\t\t\t\t\tif(h){f.find(\"div.active\").addClass(\"animated \"+h);a=h;}\r\n\t\t\t\t\telse{if(g){f.find(\"div.active\").addClass(\"animated \"+g);a=g;}else{f.find(\"div.active\").addClass(\"animated \"+b);a=b;}}c=f.find(\"div.active\");\r\n\t\t\t\t});\r\n\t\t\t}\r\n\t\t});\r\n\t\t\r\n\r\n\t\tfunction do_resize(){\r\n\r\n\t\t\tvar width=jQuery( '.tab-content .tab-pane iframe' ).width();\r\n\t\t\tvar height=jQuery( '.tab-content .tab-pane iframe' ).height();\r\n\r\n\t\t\tvar toggleSize = true;\r\n\t\t\tjQuery('iframe').animate({\r\n\t\t\t    width: toggleSize ? width : 640,\r\n\t\t\t    height: toggleSize ? height : 360\r\n\t\t\t  }, 250);\r\n\r\n\t\t\t  toggleSize = !toggleSize;\r\n\t\t}\r\n\r\n\r\n\t<\/script>\r\n\t\t\t\t\r\n\t\t\t\n","protected":false},"excerpt":{"rendered":"","protected":false},"author":5,"featured_media":0,"parent":0,"menu_order":0,"comment_status":"closed","ping_status":"closed","template":"","meta":{"_bbp_topic_count":0,"_bbp_reply_count":0,"_bbp_total_topic_count":0,"_bbp_total_reply_count":0,"_bbp_voice_count":0,"_bbp_anonymous_reply_count":0,"_bbp_topic_count_hidden":0,"_bbp_reply_count_hidden":0,"_bbp_forum_subforum_count":0,"site-sidebar-layout":"no-sidebar","site-content-layout":"default","ast-site-content-layout":"default","site-content-style":"default","site-sidebar-style":"default","ast-global-header-display":"","ast-banner-title-visibility":"","ast-main-header-display":"","ast-hfb-above-header-display":"","ast-hfb-below-header-display":"","ast-hfb-mobile-header-display":"","site-post-title":"","ast-breadcrumbs-content":"","ast-featured-img":"","footer-sml-layout":"","theme-transparent-header-meta":"default","adv-header-id-meta":"","stick-header-meta":"default","header-above-stick-meta":"","header-main-stick-meta":"","header-below-stick-meta":"","astra-migrate-meta-layouts":"set","ast-page-background-enabled":"default","ast-page-background-meta":{"desktop":{"background-color":"","background-image":"","background-repeat":"repeat","background-position":"center center","background-size":"auto","background-attachment":"scroll","background-type":"","background-media":"","overlay-type":"","overlay-color":"","overlay-opacity":"","overlay-gradient":""},"tablet":{"background-color":"","background-image":"","background-repeat":"repeat","background-position":"center center","background-size":"auto","background-attachment":"scroll","background-type":"","background-media":"","overlay-type":"","overlay-color":"","overlay-opacity":"","overlay-gradient":""},"mobile":{"background-color":"","background-image":"","background-repeat":"repeat","background-position":"center center","background-size":"auto","background-attachment":"scroll","background-type":"","background-media":"","overlay-type":"","overlay-color":"","overlay-opacity":"","overlay-gradient":""}},"ast-content-background-meta":{"desktop":{"background-color":"var(--ast-global-color-5)","background-image":"","background-repeat":"repeat","background-position":"center center","background-size":"auto","background-attachment":"scroll","background-type":"","background-media":"","overlay-type":"","overlay-color":"","overlay-opacity":"","overlay-gradient":""},"tablet":{"background-color":"var(--ast-global-color-5)","background-image":"","background-repeat":"repeat","background-position":"center center","background-size":"auto","background-attachment":"scroll","background-type":"","background-media":"","overlay-type":"","overlay-color":"","overlay-opacity":"","overlay-gradient":""},"mobile":{"background-color":"var(--ast-global-color-5)","background-image":"","background-repeat":"repeat","background-position":"center center","background-size":"auto","background-attachment":"scroll","background-type":"","background-media":"","overlay-type":"","overlay-color":"","overlay-opacity":"","overlay-gradient":""}},"footnotes":""},"class_list":["post-25046","page","type-page","status-publish","hentry"],"post_mailing_queue_ids":[],"_links":{"self":[{"href":"https:\/\/projectes.xtec.cat\/pensament-computacional\/wp-json\/wp\/v2\/pages\/25046","targetHints":{"allow":["GET"]}}],"collection":[{"href":"https:\/\/projectes.xtec.cat\/pensament-computacional\/wp-json\/wp\/v2\/pages"}],"about":[{"href":"https:\/\/projectes.xtec.cat\/pensament-computacional\/wp-json\/wp\/v2\/types\/page"}],"author":[{"embeddable":true,"href":"https:\/\/projectes.xtec.cat\/pensament-computacional\/wp-json\/wp\/v2\/users\/5"}],"replies":[{"embeddable":true,"href":"https:\/\/projectes.xtec.cat\/pensament-computacional\/wp-json\/wp\/v2\/comments?post=25046"}],"version-history":[{"count":4,"href":"https:\/\/projectes.xtec.cat\/pensament-computacional\/wp-json\/wp\/v2\/pages\/25046\/revisions"}],"predecessor-version":[{"id":33799,"href":"https:\/\/projectes.xtec.cat\/pensament-computacional\/wp-json\/wp\/v2\/pages\/25046\/revisions\/33799"}],"wp:attachment":[{"href":"https:\/\/projectes.xtec.cat\/pensament-computacional\/wp-json\/wp\/v2\/media?parent=25046"}],"curies":[{"name":"wp","href":"https:\/\/api.w.org\/{rel}","templated":true}]}}