{"id":25380,"date":"2022-04-25T13:25:23","date_gmt":"2022-04-25T11:25:23","guid":{"rendered":"https:\/\/projectes.xtec.cat\/pensament-computacional\/\/?page_id=25380"},"modified":"2022-04-25T14:06:13","modified_gmt":"2022-04-25T12:06:13","slug":"microblocks","status":"publish","type":"page","link":"https:\/\/projectes.xtec.cat\/pensament-computacional\/robotica_antiga\/microblocks\/","title":{"rendered":"MicroBlocks"},"content":{"rendered":"<h2><a href=\"http:\/\/microblocks.fun\/\" target=\"_blank\" rel=\"noopener noreferrer\"><img loading=\"lazy\" decoding=\"async\" class=\"wp-image-20373 alignright\" src=\"https:\/\/projectes.xtec.cat\/programacioirobotica\/wp-content\/uploads\/usu604\/2020\/02\/microBlockslogo.png\" sizes=\"auto, (max-width: 200px) 100vw, 200px\" srcset=\"https:\/\/projectes.xtec.cat\/programacioirobotica\/wp-content\/uploads\/usu604\/2020\/02\/microBlockslogo.png 319w, https:\/\/projectes.xtec.cat\/programacioirobotica\/wp-content\/uploads\/usu604\/2020\/02\/microBlockslogo-300x110.png 300w\" alt=\"\" width=\"200\" height=\"73\" \/><\/a><\/h2>\n<figure class=\"figure wp-caption alignright\"><a href=\"http:\/\/microblocks.fun\/stories#examples\" target=\"_blank\" rel=\"noopener noreferrer\"><img loading=\"lazy\" decoding=\"async\" class=\"wp-image-20375 size-full\" src=\"https:\/\/projectes.xtec.cat\/programacioirobotica\/wp-content\/uploads\/usu604\/2020\/02\/microblocksSample.png\" sizes=\"auto, (max-width: 368px) 100vw, 368px\" srcset=\"https:\/\/projectes.xtec.cat\/programacioirobotica\/wp-content\/uploads\/usu604\/2020\/02\/microblocksSample.png 368w, https:\/\/projectes.xtec.cat\/programacioirobotica\/wp-content\/uploads\/usu604\/2020\/02\/microblocksSample-300x270.png 300w\" alt=\"V\u00eddeos d'exemple de projectes amb microBlocks\" width=\"368\" height=\"331\" \/><\/a><figcaption class=\"wp-caption-text\">V\u00eddeos d\u2019exemple de projectes amb microBlocks<\/figcaption><\/figure>\n<p>microBlocks \u00e9s un nou llenguatge de programaci\u00f3 visual per blocs, a l\u2019estil d\u2019Scratch o Snap<em>!<\/em>, que funciona directament en moltes plaques amb microcontroladors de 32 bits com ara la BBC micro:bit, NodeMCU, ESP32, AdaFruit Circuit Playground Express, Calliope mini, Citilab ED1 i moltes de la fam\u00edlia Arduino.<\/p>\n<p>L\u2019entorn microBlocks permet una programaci\u00f3 din\u00e0mica, paral\u00b7lela i interactiva amb l\u2019afegit que els vostres projectes funcionaran tamb\u00e9 de manera aut\u00f2noma a la placa del microcontrolador sense necessitat d\u2019estar connectats a un ordinador. Per tant, microBlocks proporciona la immediatesa i la llibertat de la programaci\u00f3 amb blocs i \u00e9s adient per a aplicacions del m\u00f3n real que requereixen un control prec\u00eds del temps, un funcionament aut\u00f2nom o incorporar f\u00edsicament el processador en els projectes. Per exemple, es pot escriure un programa per registrar dades d\u2019acceleraci\u00f3, despr\u00e9s incrustar el microcontrolador i una petita bateria en un coet de proves per explorar forces G al moment del llan\u00e7ament.<\/p>\n<p>En altres paraules, microBlocks us permet programar els vostres taulers exactament com ho far\u00edeu a Snap4Arduino, S4A o a l\u2019extensi\u00f3 Arduino per a Scratch, i quan estigueu satisfets amb el vostre programa nom\u00e9s us caldr\u00e0 desconnectar la placa del vostre ordinador i tot continuar\u00e0 funcionant!<\/p>\n<p>Amb microBlocks, podeu crear els vostres propis instruments digitals \u201cdel m\u00f3n real\u201d, joies interactives, jocs electr\u00f2nics i dispositius de mesura, tot mitjan\u00e7ant blocs.<\/p>\n","protected":false},"excerpt":{"rendered":"<p>V\u00eddeos d\u2019exemple de projectes amb microBlocks microBlocks \u00e9s un nou llenguatge de programaci\u00f3 visual per blocs, a l\u2019estil d\u2019Scratch o Snap!, que funciona directament en moltes plaques amb microcontroladors de 32 bits com ara la BBC micro:bit, NodeMCU, ESP32, AdaFruit Circuit Playground Express, Calliope mini, Citilab ED1 i moltes de la fam\u00edlia Arduino. L\u2019entorn microBlocks [&hellip;]<\/p>\n","protected":false},"author":4,"featured_media":0,"parent":24495,"menu_order":0,"comment_status":"closed","ping_status":"closed","template":"","meta":{"_bbp_topic_count":0,"_bbp_reply_count":0,"_bbp_total_topic_count":0,"_bbp_total_reply_count":0,"_bbp_voice_count":0,"_bbp_anonymous_reply_count":0,"_bbp_topic_count_hidden":0,"_bbp_reply_count_hidden":0,"_bbp_forum_subforum_count":0,"site-sidebar-layout":"default","site-content-layout":"default","ast-site-content-layout":"","site-content-style":"default","site-sidebar-style":"default","ast-global-header-display":"","ast-banner-title-visibility":"","ast-main-header-display":"","ast-hfb-above-header-display":"","ast-hfb-below-header-display":"","ast-hfb-mobile-header-display":"","site-post-title":"","ast-breadcrumbs-content":"","ast-featured-img":"","footer-sml-layout":"","theme-transparent-header-meta":"default","adv-header-id-meta":"","stick-header-meta":"default","header-above-stick-meta":"","header-main-stick-meta":"","header-below-stick-meta":"","astra-migrate-meta-layouts":"default","ast-page-background-enabled":"default","ast-page-background-meta":{"desktop":{"background-color":"","background-image":"","background-repeat":"repeat","background-position":"center center","background-size":"auto","background-attachment":"scroll","background-type":"","background-media":"","overlay-type":"","overlay-color":"","overlay-opacity":"","overlay-gradient":""},"tablet":{"background-color":"","background-image":"","background-repeat":"repeat","background-position":"center center","background-size":"auto","background-attachment":"scroll","background-type":"","background-media":"","overlay-type":"","overlay-color":"","overlay-opacity":"","overlay-gradient":""},"mobile":{"background-color":"","background-image":"","background-repeat":"repeat","background-position":"center center","background-size":"auto","background-attachment":"scroll","background-type":"","background-media":"","overlay-type":"","overlay-color":"","overlay-opacity":"","overlay-gradient":""}},"ast-content-background-meta":{"desktop":{"background-color":"var(--ast-global-color-5)","background-image":"","background-repeat":"repeat","background-position":"center center","background-size":"auto","background-attachment":"scroll","background-type":"","background-media":"","overlay-type":"","overlay-color":"","overlay-opacity":"","overlay-gradient":""},"tablet":{"background-color":"var(--ast-global-color-5)","background-image":"","background-repeat":"repeat","background-position":"center center","background-size":"auto","background-attachment":"scroll","background-type":"","background-media":"","overlay-type":"","overlay-color":"","overlay-opacity":"","overlay-gradient":""},"mobile":{"background-color":"var(--ast-global-color-5)","background-image":"","background-repeat":"repeat","background-position":"center center","background-size":"auto","background-attachment":"scroll","background-type":"","background-media":"","overlay-type":"","overlay-color":"","overlay-opacity":"","overlay-gradient":""}},"footnotes":""},"class_list":["post-25380","page","type-page","status-publish","hentry"],"post_mailing_queue_ids":[],"_links":{"self":[{"href":"https:\/\/projectes.xtec.cat\/pensament-computacional\/wp-json\/wp\/v2\/pages\/25380","targetHints":{"allow":["GET"]}}],"collection":[{"href":"https:\/\/projectes.xtec.cat\/pensament-computacional\/wp-json\/wp\/v2\/pages"}],"about":[{"href":"https:\/\/projectes.xtec.cat\/pensament-computacional\/wp-json\/wp\/v2\/types\/page"}],"author":[{"embeddable":true,"href":"https:\/\/projectes.xtec.cat\/pensament-computacional\/wp-json\/wp\/v2\/users\/4"}],"replies":[{"embeddable":true,"href":"https:\/\/projectes.xtec.cat\/pensament-computacional\/wp-json\/wp\/v2\/comments?post=25380"}],"version-history":[{"count":1,"href":"https:\/\/projectes.xtec.cat\/pensament-computacional\/wp-json\/wp\/v2\/pages\/25380\/revisions"}],"predecessor-version":[{"id":25381,"href":"https:\/\/projectes.xtec.cat\/pensament-computacional\/wp-json\/wp\/v2\/pages\/25380\/revisions\/25381"}],"up":[{"embeddable":true,"href":"https:\/\/projectes.xtec.cat\/pensament-computacional\/wp-json\/wp\/v2\/pages\/24495"}],"wp:attachment":[{"href":"https:\/\/projectes.xtec.cat\/pensament-computacional\/wp-json\/wp\/v2\/media?parent=25380"}],"curies":[{"name":"wp","href":"https:\/\/api.w.org\/{rel}","templated":true}]}}