{"id":25444,"date":"2022-07-19T12:16:14","date_gmt":"2022-07-19T10:16:14","guid":{"rendered":"https:\/\/projectes.xtec.cat\/pensament-computacional\/\/?page_id=25444"},"modified":"2023-11-02T15:47:23","modified_gmt":"2023-11-02T14:47:23","slug":"tale-bot","status":"publish","type":"page","link":"https:\/\/projectes.xtec.cat\/pensament-computacional\/tale-bot\/","title":{"rendered":"Tale-Bot Pro"},"content":{"rendered":"\n<div class=\"wp-block-columns is-layout-flex wp-container-core-columns-is-layout-1 wp-block-columns-is-layout-flex\">\n<div class=\"wp-block-column is-layout-flow wp-block-column-is-layout-flow\" style=\"flex-basis:60%\">\n<p>El Tale-Bot Pro \u00e9s un robot que permet aprendre a programar sense pantalla, introduint-los als conceptes b\u00e0sics com s\u00f3n les seq\u00fc\u00e8ncies i bucles.<\/p>\n\n\n\n<div class=\"wp-block-image\"><figure class=\"aligncenter size-large is-resized\"><a href=\"https:\/\/projectes.xtec.cat\/pensament-computacional\/wp-content\/uploads\/usu2217\/2023\/09\/talebotpro.jpg\"><img loading=\"lazy\" decoding=\"async\" src=\"https:\/\/projectes.xtec.cat\/pensament-computacional\/wp-content\/uploads\/usu2217\/2023\/09\/talebotpro.jpg\" alt=\"\" class=\"wp-image-28537\" width=\"251\" height=\"204\" srcset=\"https:\/\/projectes.xtec.cat\/pensament-computacional\/wp-content\/uploads\/usu2217\/2023\/09\/talebotpro.jpg 1016w, https:\/\/projectes.xtec.cat\/pensament-computacional\/wp-content\/uploads\/usu2217\/2023\/09\/talebotpro-300x244.jpg 300w, https:\/\/projectes.xtec.cat\/pensament-computacional\/wp-content\/uploads\/usu2217\/2023\/09\/talebotpro-768x626.jpg 768w\" sizes=\"auto, (max-width: 251px) 100vw, 251px\" \/><\/a><\/figure><\/div>\n<\/div>\n\n\n\n<div class=\"wp-block-column is-layout-flow wp-block-column-is-layout-flow\" style=\"flex-basis:40%\">\n<div class=\"wp-block-getwid-section caixa\"><div class=\"wp-block-getwid-section__wrapper getwid-padding-left-medium\" style=\"margin-left:0px;margin-right:0px;padding-bottom:0px\"><div class=\"wp-block-getwid-section__inner-wrapper\"><div class=\"wp-block-getwid-section__background-holder\"><div class=\"wp-block-getwid-section__background has-background\" style=\"background-color:#f5e6e6\"><\/div><div class=\"wp-block-getwid-section__foreground\"><\/div><\/div><div class=\"wp-block-getwid-section__content\"><div class=\"wp-block-getwid-section__inner-content\">\n<p><strong>Nivell educatiu recomanat: <\/strong><\/p>\n\n\n\n<p>EI, CI, CM<\/p>\n\n\n\n<p><strong>Sistemes operatius:<\/strong> Desendollat<\/p>\n\n\n\n<p><strong>Dispositius:<\/strong> Desendollat<\/p>\n\n\n\n<p><strong>Connectivitat:<\/strong> <img decoding=\"async\" width=\"36px;\" height=\"36px;\" src=\"https:\/\/lh6.googleusercontent.com\/tnvnvQo5ifWOg2r9LlMXy4kvBDcZQkc-C5q-2SprJoypCyQzmFAi754kgR5YJ44w778M8dpclQN6nm_M4OdkLfsntMPJdwTwOxbFYifm9-GZ8ANg7FzKcOFxu-6viclzrz5hBINDgRusGWvYRAfAtMCVcw=nw\"><\/p>\n<\/div><\/div><\/div><\/div><\/div>\n<\/div>\n<\/div>\n\n\n\n<div style=\"height:1px\" aria-hidden=\"true\" class=\"wp-block-spacer\"><\/div>\n\n\n\n<p>\u00c9s ideal per als m\u00e9s petits, ja que no \u00e9s necessari saber llegir. Utilitza botons amb s\u00edmbols direccionals que permeten guiar al robot, aix\u00ed com micr\u00f2fon i altaveu. Permet la gravaci\u00f3 de veu en off i en caure en diferents caselles expressa oralment diferents frases. Tamb\u00e9 inclou taulers interactius, targetes de codificaci\u00f3, llibre de contes i jocs.<\/p>\n\n\n\n<div class=\"wp-block-image\"><figure class=\"aligncenter\"><img loading=\"lazy\" decoding=\"async\" width=\"615\" height=\"363\" src=\"https:\/\/projectes.xtec.cat\/pensament-computacional\/\/wp-content\/uploads\/usu2217\/2022\/07\/Screenshot.png\" alt=\"\" class=\"wp-image-25446\" srcset=\"https:\/\/projectes.xtec.cat\/pensament-computacional\/wp-content\/uploads\/usu2217\/2022\/07\/Screenshot.png 615w, https:\/\/projectes.xtec.cat\/pensament-computacional\/wp-content\/uploads\/usu2217\/2022\/07\/Screenshot-300x177.png 300w\" sizes=\"auto, (max-width: 615px) 100vw, 615px\" \/><\/figure><\/div>\n\n\n\n<div class=\"wp-block-columns is-layout-flex wp-container-core-columns-is-layout-2 wp-block-columns-is-layout-flex\">\n<div class=\"wp-block-column is-layout-flow wp-block-column-is-layout-flow\" style=\"flex-basis:25%\"><\/div>\n\n\n\n<div class=\"wp-block-column is-layout-flow wp-block-column-is-layout-flow\" style=\"flex-basis:75%\">\n<figure class=\"wp-block-embed is-type-video is-provider-youtube wp-block-embed-youtube wp-embed-aspect-16-9 wp-has-aspect-ratio\"><div class=\"wp-block-embed__wrapper\">\n<div class=\"ast-oembed-container \" style=\"height: 100%;\"><iframe loading=\"lazy\" title=\"Introducing Matatalab Tale-Bot Hands-on Coding Robot Set Home Edition for Age 3 and up\" width=\"500\" height=\"281\" src=\"https:\/\/www.youtube.com\/embed\/1GhWBgkZ18E?feature=oembed\" frameborder=\"0\" allow=\"accelerometer; autoplay; clipboard-write; encrypted-media; gyroscope; picture-in-picture; web-share\" referrerpolicy=\"strict-origin-when-cross-origin\" allowfullscreen><\/iframe><\/div>\n<\/div><\/figure>\n<\/div>\n\n\n\n<div class=\"wp-block-column is-layout-flow wp-block-column-is-layout-flow\" style=\"flex-basis:25%\"><\/div>\n<\/div>\n\n\n\n<div class=\"wp-block-getwid-section alignfull alignfull\"><div class=\"wp-block-getwid-section__wrapper\"><div class=\"wp-block-getwid-section__inner-wrapper\"><div class=\"wp-block-getwid-section__background-holder\"><div class=\"wp-block-getwid-section__background has-background has-ast-global-color-6-background-color\"><\/div><div class=\"wp-block-getwid-section__foreground\"><\/div><\/div><div class=\"wp-block-getwid-section__content\"><div class=\"wp-block-getwid-section__inner-content\">\n<p><strong>Recursos:<\/strong><\/p>\n\n\n\n<ul class=\"wp-block-list\"><li><a rel=\"noreferrer noopener\" href=\"https:\/\/youtu.be\/uEgdNB9WXqc?si=jut0L9Pk40f4yY32\" target=\"_blank\">V\u00eddeo amb activitats<\/a> amb Tale-Bot Pro<\/li><\/ul>\n<\/div><\/div><\/div><\/div><\/div>\n","protected":false},"excerpt":{"rendered":"<p>El Tale-Bot Pro \u00e9s un robot que permet aprendre a programar sense pantalla, introduint-los als conceptes b\u00e0sics com s\u00f3n les seq\u00fc\u00e8ncies i bucles. \u00c9s ideal per als m\u00e9s petits, ja que no \u00e9s necessari saber llegir. Utilitza botons amb s\u00edmbols direccionals que permeten guiar al robot, aix\u00ed com micr\u00f2fon i altaveu. Permet la gravaci\u00f3 de [&hellip;]<\/p>\n","protected":false},"author":4,"featured_media":0,"parent":0,"menu_order":20,"comment_status":"closed","ping_status":"closed","template":"","meta":{"_bbp_topic_count":0,"_bbp_reply_count":0,"_bbp_total_topic_count":0,"_bbp_total_reply_count":0,"_bbp_voice_count":0,"_bbp_anonymous_reply_count":0,"_bbp_topic_count_hidden":0,"_bbp_reply_count_hidden":0,"_bbp_forum_subforum_count":0,"site-sidebar-layout":"no-sidebar","site-content-layout":"content-boxed-container","ast-site-content-layout":"","site-content-style":"default","site-sidebar-style":"default","ast-global-header-display":"","ast-banner-title-visibility":"","ast-main-header-display":"","ast-hfb-above-header-display":"","ast-hfb-below-header-display":"","ast-hfb-mobile-header-display":"","site-post-title":"","ast-breadcrumbs-content":"","ast-featured-img":"","footer-sml-layout":"disabled","theme-transparent-header-meta":"default","adv-header-id-meta":"","stick-header-meta":"default","header-above-stick-meta":"","header-main-stick-meta":"","header-below-stick-meta":"","astra-migrate-meta-layouts":"default","ast-page-background-enabled":"default","ast-page-background-meta":{"desktop":{"background-color":"","background-image":"","background-repeat":"repeat","background-position":"center center","background-size":"auto","background-attachment":"scroll","background-type":"","background-media":"","overlay-type":"","overlay-color":"","overlay-opacity":"","overlay-gradient":""},"tablet":{"background-color":"","background-image":"","background-repeat":"repeat","background-position":"center center","background-size":"auto","background-attachment":"scroll","background-type":"","background-media":"","overlay-type":"","overlay-color":"","overlay-opacity":"","overlay-gradient":""},"mobile":{"background-color":"","background-image":"","background-repeat":"repeat","background-position":"center center","background-size":"auto","background-attachment":"scroll","background-type":"","background-media":"","overlay-type":"","overlay-color":"","overlay-opacity":"","overlay-gradient":""}},"ast-content-background-meta":{"desktop":{"background-color":"var(--ast-global-color-5)","background-image":"","background-repeat":"repeat","background-position":"center center","background-size":"auto","background-attachment":"scroll","background-type":"","background-media":"","overlay-type":"","overlay-color":"","overlay-opacity":"","overlay-gradient":""},"tablet":{"background-color":"var(--ast-global-color-5)","background-image":"","background-repeat":"repeat","background-position":"center center","background-size":"auto","background-attachment":"scroll","background-type":"","background-media":"","overlay-type":"","overlay-color":"","overlay-opacity":"","overlay-gradient":""},"mobile":{"background-color":"var(--ast-global-color-5)","background-image":"","background-repeat":"repeat","background-position":"center center","background-size":"auto","background-attachment":"scroll","background-type":"","background-media":"","overlay-type":"","overlay-color":"","overlay-opacity":"","overlay-gradient":""}},"footnotes":""},"class_list":["post-25444","page","type-page","status-publish","hentry"],"post_mailing_queue_ids":[],"_links":{"self":[{"href":"https:\/\/projectes.xtec.cat\/pensament-computacional\/wp-json\/wp\/v2\/pages\/25444","targetHints":{"allow":["GET"]}}],"collection":[{"href":"https:\/\/projectes.xtec.cat\/pensament-computacional\/wp-json\/wp\/v2\/pages"}],"about":[{"href":"https:\/\/projectes.xtec.cat\/pensament-computacional\/wp-json\/wp\/v2\/types\/page"}],"author":[{"embeddable":true,"href":"https:\/\/projectes.xtec.cat\/pensament-computacional\/wp-json\/wp\/v2\/users\/4"}],"replies":[{"embeddable":true,"href":"https:\/\/projectes.xtec.cat\/pensament-computacional\/wp-json\/wp\/v2\/comments?post=25444"}],"version-history":[{"count":5,"href":"https:\/\/projectes.xtec.cat\/pensament-computacional\/wp-json\/wp\/v2\/pages\/25444\/revisions"}],"predecessor-version":[{"id":29694,"href":"https:\/\/projectes.xtec.cat\/pensament-computacional\/wp-json\/wp\/v2\/pages\/25444\/revisions\/29694"}],"wp:attachment":[{"href":"https:\/\/projectes.xtec.cat\/pensament-computacional\/wp-json\/wp\/v2\/media?parent=25444"}],"curies":[{"name":"wp","href":"https:\/\/api.w.org\/{rel}","templated":true}]}}