{"id":25450,"date":"2022-07-19T12:31:09","date_gmt":"2022-07-19T10:31:09","guid":{"rendered":"https:\/\/projectes.xtec.cat\/pensament-computacional\/\/?page_id=25450"},"modified":"2023-11-02T15:57:31","modified_gmt":"2023-11-02T14:57:31","slug":"codey-rocky","status":"publish","type":"page","link":"https:\/\/projectes.xtec.cat\/pensament-computacional\/codey-rocky\/","title":{"rendered":"Codey Rocky"},"content":{"rendered":"\n<div class=\"wp-block-columns is-layout-flex wp-container-core-columns-is-layout-1 wp-block-columns-is-layout-flex\">\n<div class=\"wp-block-column is-layout-flow wp-block-column-is-layout-flow\" style=\"flex-basis:60%\">\n<p>Codey Rocky, \u00e9s un robot educatiu que permet iniciar-se en la programaci\u00f3 mitjan\u00e7ant un senzill programari de blocs basat en Scratch, anomenat <a rel=\"noreferrer noopener\" href=\"https:\/\/ide.mblock.cc\/\" target=\"_blank\">makeblock<\/a>, o b\u00e9 en codi Python per a usuaris m\u00e9s avan\u00e7ats. Permet aprendre i treballar conceptes com la intel\u00b7lig\u00e8ncia artificial (IA) o l&#8217;Internet de les Coses (IoT).<\/p>\n\n\n\n<div class=\"wp-block-image\"><figure class=\"aligncenter size-large is-resized\"><a href=\"https:\/\/projectes.xtec.cat\/pensament-computacional\/wp-content\/uploads\/usu2217\/2023\/09\/codeyrocky.jpg\"><img loading=\"lazy\" decoding=\"async\" src=\"https:\/\/projectes.xtec.cat\/pensament-computacional\/wp-content\/uploads\/usu2217\/2023\/09\/codeyrocky.jpg\" alt=\"\" class=\"wp-image-28650\" width=\"249\" height=\"227\"\/><\/a><\/figure><\/div>\n<\/div>\n\n\n\n<div class=\"wp-block-column is-layout-flow wp-block-column-is-layout-flow\" style=\"flex-basis:40%\">\n<div class=\"wp-block-getwid-section caixa\"><div class=\"wp-block-getwid-section__wrapper getwid-padding-left-medium\" style=\"margin-left:0px;padding-bottom:0px\"><div class=\"wp-block-getwid-section__inner-wrapper\"><div class=\"wp-block-getwid-section__background-holder\"><div class=\"wp-block-getwid-section__background has-background\" style=\"background-color:#f5e6e6\"><\/div><div class=\"wp-block-getwid-section__foreground\"><\/div><\/div><div class=\"wp-block-getwid-section__content\"><div class=\"wp-block-getwid-section__inner-content\">\n<p><strong>Nivell educatiu recomanat:<\/strong>&nbsp;<\/p>\n\n\n\n<p>CI, CM, CS<\/p>\n\n\n\n<p><strong>Sistemes operatius:&nbsp;<\/strong><img decoding=\"async\" width=\"18px;\" height=\"18px;\" src=\"https:\/\/lh6.googleusercontent.com\/_TwSzvJ5tWvysG98g5mJM2m7N-o_l2Fw-fO6UB54igzpvYbYI1oz2wFToYvM3q0-xsw2GOOulGVYDPW4UyHNNgEcEguhSzb5IF3HdD4UEiyMfUhAqn2xMJjSTz3kC5gCTAUctqERq26-9pLxT6WtlZrAqQ=nw\"> <img decoding=\"async\" width=\"16px;\" height=\"16px;\" src=\"https:\/\/lh3.googleusercontent.com\/Ma82aSA8su3SM7Og4YvmjwxfFChIpFsJ52J0SGeZB5Jk5mP1oGM4HHLaBbk1i5u0c-9GbW4zWhfugxtYLbmF3xpbWUWap4RSFQiFqz6w9vYGtXcJDinANcdLnR6dODxafaW3bcXKRrZn60txp8sSfSb-OQ=nw\"> <img decoding=\"async\" width=\"23px;\" height=\"23px;\" src=\"https:\/\/lh4.googleusercontent.com\/qSLKlzB0tv0eSjenufX1GYDwgIIKR9eYEi003I9Uar5c5DF9eUy-6x-Gs1sAYOF0llhlIx1TEQRWRNnt23NIjLg_bFlDbWiX-D1lCjs4vb4fG9WSC93DXYwXKwEpGJlZlyVF9uA81nLPTjbMmMRTjPTnkw=nw\"><img decoding=\"async\" width=\"26px;\" height=\"26px;\" src=\"https:\/\/lh5.googleusercontent.com\/DCc1odgPI_MJ8JO2eA0f_ys9ev2dcQ5SYDr8n8B7AXALb72Qp1w8Cfi8Lweo1JZQpBwy0668sBUu7-6A19ZjaJiKOexnwp9Q6a-kMcn634gWqmZKeRUa3r6ToI1EIEEmVDWePP25x5ixmjLU7ptmSAPmog=nw\"><img decoding=\"async\" width=\"42px;\" height=\"10px;\" src=\"https:\/\/lh4.googleusercontent.com\/9VCPF3wcHdvaPLUZeYeyqpwXffynpoJD-YXadd5Cj1dlm-csDxim7nj2JEn7-xJgzx3d0Qhpai5j_IVTkgLHFLI1rRbUw4wjtKu2rSba-wg5RWAT7Tz7CpkxzKgRzFbOqqvrvZB5pQTgT5UldBqz7alJ8g=nw\"><\/p>\n\n\n\n<p><strong>Dispositius:<\/strong>&nbsp;<img decoding=\"async\" width=\"38px;\" height=\"38px;\" src=\"https:\/\/lh3.googleusercontent.com\/IYfLqF4__qSl87iw_i_1EuZs3_vuVRCu8PJ62FMJnrf8wzv7OxZYj3MHALlGBrT3AzEnG0xFHpr3zWXiGuLRrVGCcT8iB3Al2Fn4UaqF8YAVnzmcOy4KpA_IkCSck4Nv1x0vfwodl-edpzSTskXmPlb4-g=nw\"><img decoding=\"async\" width=\"28px;\" height=\"28px;\" src=\"https:\/\/lh4.googleusercontent.com\/F5lclElO9Y3WyW7nMp9f5XtDFrSRmhPO-t4l1WjnZEemqlMQQuarD2GNpKB-gl85oUB0h2g5ceD00refMPl6HndMZfDH0awmk0k544xXS_2er1XjfB7uaGqFSZb5xLVDpEAoH37FKj_QbswmKNlXt0inPg=nw\"><img decoding=\"async\" width=\"18px;\" height=\"18px;\" src=\"https:\/\/lh4.googleusercontent.com\/0gfYv0v4NgZlLOh9UKv8cay6Ub-4LW76y0Fw-HzzhcYRsrOgOoE4KgzZHWUeiUoMFhL3EkXTfwPWkV89E3dX9xn5NokYOmlYf1BnmLAInAdgBu0kXMoNUQT8kvNLVG9A8Z70EF4sdolNdKW62VdE5h-dWg=nw\"><\/p>\n\n\n\n<p><strong>Connectivitat:<\/strong>&nbsp;<img decoding=\"async\" width=\"28px;\" height=\"28px;\" src=\"https:\/\/lh5.googleusercontent.com\/XNIaVlEngvEBI2-L013n2r432FJrD6Wdtxkfz7Qt2GMfQ4GFH3ZD78xanEi5V6VopvFTnspKuYEwwqcwcJRN7S2yDF8vs0D7XuljEy2PIgKKakXanSV1TItY0iwvhFRMxuDPAR7xedeDWqPdeDbhCyN45w=nw\">&nbsp;<img decoding=\"async\" width=\"36px;\" height=\"36px;\" src=\"https:\/\/lh6.googleusercontent.com\/tnvnvQo5ifWOg2r9LlMXy4kvBDcZQkc-C5q-2SprJoypCyQzmFAi754kgR5YJ44w778M8dpclQN6nm_M4OdkLfsntMPJdwTwOxbFYifm9-GZ8ANg7FzKcOFxu-6viclzrz5hBINDgRusGWvYRAfAtMCVcw=nw\"> <img decoding=\"async\" width=\"28px;\" height=\"28px;\" src=\"https:\/\/lh5.googleusercontent.com\/VMp_DTP7KuCiY2P-nRfiAdQmF9lS29mZkAAK9dxI5TLcMklE644GPxbwB7w4wQqRtzV8A8QixnHNlVb9x-P-51Y77JXgmJ5_vxgs9GEzmexVjwxD2VQ9WDINs_I3QBDJm_mw1vKpf9ExLrmGOxFZBy2a4A=nw\"><\/p>\n<\/div><\/div><\/div><\/div><\/div>\n<\/div>\n<\/div>\n\n\n\n<p><span class=\"robotixTxt\">T\u00e9 una pantalla LED que incorpora sensor girosc\u00f2pic, sensor de llum, micr\u00f2fon, altaveu, infrarojos i potenci\u00f2metre, a m\u00e9s d&#8217;un motor, sensor de color i sensor de proximitat que permet al robot realitzar girs, seguir l\u00ednies, esquivar obstacles, identificar colors&#8230; Permet configurar textos, imatges i expressions a la pantalla i es pot comunicar amb un altre Codey Rocky. Tamb\u00e9 t\u00e9 la possibilitat d&#8217;incorporar peces de construcci\u00f3 tipus Lego.&nbsp;<\/span><\/p>\n\n\n\n<div class=\"wp-block-columns is-layout-flex wp-container-core-columns-is-layout-2 wp-block-columns-is-layout-flex\">\n<div class=\"wp-block-column is-layout-flow wp-block-column-is-layout-flow\" style=\"flex-basis:25%\"><\/div>\n\n\n\n<div class=\"wp-block-column is-layout-flow wp-block-column-is-layout-flow\" style=\"flex-basis:75%\">\n<figure class=\"wp-block-embed is-type-video is-provider-youtube wp-block-embed-youtube wp-embed-aspect-16-9 wp-has-aspect-ratio\"><div class=\"wp-block-embed__wrapper\">\n<div class=\"ast-oembed-container \" style=\"height: 100%;\"><iframe loading=\"lazy\" title=\"Codey Rocky de Makeblock Education | ROBOTIX\" width=\"500\" height=\"281\" src=\"https:\/\/www.youtube.com\/embed\/0kexW_BFeO8?feature=oembed\" frameborder=\"0\" allow=\"accelerometer; autoplay; clipboard-write; encrypted-media; gyroscope; picture-in-picture; web-share\" referrerpolicy=\"strict-origin-when-cross-origin\" allowfullscreen><\/iframe><\/div>\n<\/div><\/figure>\n<\/div>\n\n\n\n<div class=\"wp-block-column is-layout-flow wp-block-column-is-layout-flow\" style=\"flex-basis:25%\"><\/div>\n<\/div>\n\n\n\n<div class=\"wp-block-getwid-section alignfull alignfull\"><div class=\"wp-block-getwid-section__wrapper\"><div class=\"wp-block-getwid-section__inner-wrapper\"><div class=\"wp-block-getwid-section__background-holder\"><div class=\"wp-block-getwid-section__background has-background has-ast-global-color-6-background-color\"><\/div><div class=\"wp-block-getwid-section__foreground\"><\/div><\/div><div class=\"wp-block-getwid-section__content\"><div class=\"wp-block-getwid-section__inner-content\">\n<p><strong>Recursos:<\/strong><\/p>\n\n\n\n<ul class=\"wp-block-list\"><li>\u2b07\ufe0f <a rel=\"noreferrer noopener\" href=\"https:\/\/www.mblock.cc\/en\/download\/mlink\/\" target=\"_blank\">Controlador mlink<\/a>.<\/li><li><a rel=\"noreferrer noopener\" href=\"http:\/\/docs.makeblock.com\/codeyrocky\/en\/examples\/examples.html\" target=\"_blank\">Exemples d&#8217;activitats amb Codey Rockey<\/a> (en angl\u00e8s).<\/li><li><a rel=\"noreferrer noopener\" href=\"https:\/\/www.youtube.com\/watch?v=g91W4cCWYs0\" target=\"_blank\">V\u00eddeo &#8220;evita els obstacles&#8221;<\/a>.<\/li><li><a rel=\"noreferrer noopener\" href=\"https:\/\/www.youtube.com\/watch?v=yqEcYKRV0eo\" target=\"_blank\">V\u00eddeo &#8220;reconeixement de color&#8221;<\/a>.<\/li><li><a rel=\"noreferrer noopener\" href=\"https:\/\/www.youtube.com\/watch?v=Mz_AJI7cpoA\" target=\"_blank\">V\u00eddeo &#8220;ping pong ball&#8221;<\/a>.<\/li><\/ul>\n<\/div><\/div><\/div><\/div><\/div>\n\n\n\n<p><\/p>\n","protected":false},"excerpt":{"rendered":"<p>Codey Rocky, \u00e9s un robot educatiu que permet iniciar-se en la programaci\u00f3 mitjan\u00e7ant un senzill programari de blocs basat en Scratch, anomenat makeblock, o b\u00e9 en codi Python per a usuaris m\u00e9s avan\u00e7ats. Permet aprendre i treballar conceptes com la intel\u00b7lig\u00e8ncia artificial (IA) o l&#8217;Internet de les Coses (IoT). T\u00e9 una pantalla LED que incorpora [&hellip;]<\/p>\n","protected":false},"author":4,"featured_media":0,"parent":0,"menu_order":70,"comment_status":"closed","ping_status":"closed","template":"","meta":{"_bbp_topic_count":0,"_bbp_reply_count":0,"_bbp_total_topic_count":0,"_bbp_total_reply_count":0,"_bbp_voice_count":0,"_bbp_anonymous_reply_count":0,"_bbp_topic_count_hidden":0,"_bbp_reply_count_hidden":0,"_bbp_forum_subforum_count":0,"site-sidebar-layout":"no-sidebar","site-content-layout":"content-boxed-container","ast-site-content-layout":"","site-content-style":"default","site-sidebar-style":"default","ast-global-header-display":"","ast-banner-title-visibility":"","ast-main-header-display":"","ast-hfb-above-header-display":"","ast-hfb-below-header-display":"","ast-hfb-mobile-header-display":"","site-post-title":"","ast-breadcrumbs-content":"","ast-featured-img":"","footer-sml-layout":"disabled","theme-transparent-header-meta":"default","adv-header-id-meta":"","stick-header-meta":"default","header-above-stick-meta":"","header-main-stick-meta":"","header-below-stick-meta":"","astra-migrate-meta-layouts":"default","ast-page-background-enabled":"default","ast-page-background-meta":{"desktop":{"background-color":"","background-image":"","background-repeat":"repeat","background-position":"center center","background-size":"auto","background-attachment":"scroll","background-type":"","background-media":"","overlay-type":"","overlay-color":"","overlay-opacity":"","overlay-gradient":""},"tablet":{"background-color":"","background-image":"","background-repeat":"repeat","background-position":"center center","background-size":"auto","background-attachment":"scroll","background-type":"","background-media":"","overlay-type":"","overlay-color":"","overlay-opacity":"","overlay-gradient":""},"mobile":{"background-color":"","background-image":"","background-repeat":"repeat","background-position":"center center","background-size":"auto","background-attachment":"scroll","background-type":"","background-media":"","overlay-type":"","overlay-color":"","overlay-opacity":"","overlay-gradient":""}},"ast-content-background-meta":{"desktop":{"background-color":"var(--ast-global-color-5)","background-image":"","background-repeat":"repeat","background-position":"center center","background-size":"auto","background-attachment":"scroll","background-type":"","background-media":"","overlay-type":"","overlay-color":"","overlay-opacity":"","overlay-gradient":""},"tablet":{"background-color":"var(--ast-global-color-5)","background-image":"","background-repeat":"repeat","background-position":"center center","background-size":"auto","background-attachment":"scroll","background-type":"","background-media":"","overlay-type":"","overlay-color":"","overlay-opacity":"","overlay-gradient":""},"mobile":{"background-color":"var(--ast-global-color-5)","background-image":"","background-repeat":"repeat","background-position":"center center","background-size":"auto","background-attachment":"scroll","background-type":"","background-media":"","overlay-type":"","overlay-color":"","overlay-opacity":"","overlay-gradient":""}},"footnotes":""},"class_list":["post-25450","page","type-page","status-publish","hentry"],"post_mailing_queue_ids":[],"_links":{"self":[{"href":"https:\/\/projectes.xtec.cat\/pensament-computacional\/wp-json\/wp\/v2\/pages\/25450","targetHints":{"allow":["GET"]}}],"collection":[{"href":"https:\/\/projectes.xtec.cat\/pensament-computacional\/wp-json\/wp\/v2\/pages"}],"about":[{"href":"https:\/\/projectes.xtec.cat\/pensament-computacional\/wp-json\/wp\/v2\/types\/page"}],"author":[{"embeddable":true,"href":"https:\/\/projectes.xtec.cat\/pensament-computacional\/wp-json\/wp\/v2\/users\/4"}],"replies":[{"embeddable":true,"href":"https:\/\/projectes.xtec.cat\/pensament-computacional\/wp-json\/wp\/v2\/comments?post=25450"}],"version-history":[{"count":6,"href":"https:\/\/projectes.xtec.cat\/pensament-computacional\/wp-json\/wp\/v2\/pages\/25450\/revisions"}],"predecessor-version":[{"id":29718,"href":"https:\/\/projectes.xtec.cat\/pensament-computacional\/wp-json\/wp\/v2\/pages\/25450\/revisions\/29718"}],"wp:attachment":[{"href":"https:\/\/projectes.xtec.cat\/pensament-computacional\/wp-json\/wp\/v2\/media?parent=25450"}],"curies":[{"name":"wp","href":"https:\/\/api.w.org\/{rel}","templated":true}]}}