{"id":25456,"date":"2022-07-19T12:59:19","date_gmt":"2022-07-19T10:59:19","guid":{"rendered":"https:\/\/projectes.xtec.cat\/pensament-computacional\/\/?page_id=25456"},"modified":"2023-11-02T15:57:14","modified_gmt":"2023-11-02T14:57:14","slug":"dash","status":"publish","type":"page","link":"https:\/\/projectes.xtec.cat\/pensament-computacional\/dash\/","title":{"rendered":"Dash"},"content":{"rendered":"\n<div class=\"wp-block-columns is-layout-flex wp-container-core-columns-is-layout-2 wp-block-columns-is-layout-flex\">\n<div class=\"wp-block-column is-layout-flow wp-block-column-is-layout-flow\">\n<div class=\"wp-block-columns is-layout-flex wp-container-core-columns-is-layout-1 wp-block-columns-is-layout-flex\">\n<div class=\"wp-block-column is-layout-flow wp-block-column-is-layout-flow\" style=\"flex-basis:60%\">\n<p>Dash \u00e9s un petit robot que es controla mitjan\u00e7ant un dispositiu m\u00f2bil (<em>Bluetooth<\/em>), introduint l&#8217;alumnat a la rob\u00f2tica i als principis de la programaci\u00f3 per blocs. Duu a terme accions com despla\u00e7ar-se, ballar, detectar i reproduir sons, emetre llums i interactuar a partir dels seus sensors.&nbsp;<\/p>\n\n\n\n<div class=\"wp-block-image\"><figure class=\"aligncenter size-large is-resized\"><a href=\"https:\/\/projectes.xtec.cat\/pensament-computacional\/wp-content\/uploads\/usu2217\/2023\/09\/dash.png\"><img loading=\"lazy\" decoding=\"async\" src=\"https:\/\/projectes.xtec.cat\/pensament-computacional\/wp-content\/uploads\/usu2217\/2023\/09\/dash-1024x911.png\" alt=\"\" class=\"wp-image-28627\" width=\"286\" height=\"254\" srcset=\"https:\/\/projectes.xtec.cat\/pensament-computacional\/wp-content\/uploads\/usu2217\/2023\/09\/dash-1024x911.png 1024w, https:\/\/projectes.xtec.cat\/pensament-computacional\/wp-content\/uploads\/usu2217\/2023\/09\/dash-300x267.png 300w, https:\/\/projectes.xtec.cat\/pensament-computacional\/wp-content\/uploads\/usu2217\/2023\/09\/dash-768x683.png 768w, https:\/\/projectes.xtec.cat\/pensament-computacional\/wp-content\/uploads\/usu2217\/2023\/09\/dash.png 1156w\" sizes=\"auto, (max-width: 286px) 100vw, 286px\" \/><\/a><\/figure><\/div>\n<\/div>\n\n\n\n<div class=\"wp-block-column is-layout-flow wp-block-column-is-layout-flow\" style=\"flex-basis:40%\">\n<div class=\"wp-block-getwid-section caixa\"><div class=\"wp-block-getwid-section__wrapper getwid-padding-left-medium\" style=\"margin-left:0px;padding-bottom:0px\"><div class=\"wp-block-getwid-section__inner-wrapper\"><div class=\"wp-block-getwid-section__background-holder\"><div class=\"wp-block-getwid-section__background has-background\" style=\"background-color:#f5e6e6\"><\/div><div class=\"wp-block-getwid-section__foreground\"><\/div><\/div><div class=\"wp-block-getwid-section__content\"><div class=\"wp-block-getwid-section__inner-content\">\n<p><strong>Nivell educatiu recomanat:&nbsp;<\/strong><\/p>\n\n\n\n<p>CI, CM, CS<\/p>\n\n\n\n<p><strong>Sistemes operatius:&nbsp;<\/strong><img decoding=\"async\" width=\"18px;\" height=\"18px;\" src=\"https:\/\/lh6.googleusercontent.com\/-OwexYzS9x4hj68OlylQ3fNgx4WGgyTJNYpCt3ZCxQhyb5QDKFkYhA0mv3rTpcyEPeoTf63JtDyr_UAHTTWrGLn2YMwE57pOTptG3JS_993D_xfZ1IItK3L9LudFI8KU2OfwFdaPUaMZuUbDp60NyXug0A=nw\"> <img decoding=\"async\" width=\"16px;\" height=\"16px;\" src=\"https:\/\/lh3.googleusercontent.com\/QOUeldzWEIZmzq8ZjLfSrKKfBbDBjAcz63rhK9duTEr7M3cpFyX1k_KTrVPzxBz_BEmwzUVqpQePck2Ozj2ZpzbQia7vD1zWQ5DLznztcN0PmOJ-BdVQwX_LiLKX4iXYU09Rhv-2fcWXdseg_pwF8qGA-g=nw\"> <img decoding=\"async\" width=\"18px;\" height=\"20px;\" src=\"https:\/\/lh5.googleusercontent.com\/UKwJP-_EZ7U1SdLXAiu3q-HTmuh98PTn8B2guTK0SG0JO9aj02CQHvtnxjXjsoyeLje_1rHubFtqT_81-8nVzz-mTbmcW6f3uiBFy79xfRgPFxHrvW7fR5PDCB1TAUpNtr8oSNKJQNkyabSaijuISAp5hA=nw\"><img decoding=\"async\" width=\"18px;\" height=\"18px;\" src=\"https:\/\/lh5.googleusercontent.com\/Y7iCSmayI98kYVEVxuuxMvhd4Rq4iu4clxZ5-wyUF2LIoH4IJJ2x-HRNZB_crkglNmU5w2u_VwHnC-KgEtNDv622QpPA5de5pm6f2il-Sgo6hqm3k1LG6XWLJnmIaM3xGX4N-nmCy-PZBUxC7HYIeyUzKQ=nw\"><img decoding=\"async\" width=\"16px;\" height=\"16px;\" src=\"https:\/\/lh5.googleusercontent.com\/tJSmi-LEY3q0Ww6OR8v783zDy8erVcZGJoRlBhxSwHh0DBVL-5jiyo_jBOYa9NZ7of6s3xDJLGj3HLEibrV4TWPph4fC7i6HScr1fDNPqLLYaJcYRIX8_NYR9B6VafYCPPyyk4Z4wJtq28EMSZLYRr5QUg=nw\"><img decoding=\"async\" width=\"42px;\" height=\"10px;\" src=\"https:\/\/lh4.googleusercontent.com\/9VCPF3wcHdvaPLUZeYeyqpwXffynpoJD-YXadd5Cj1dlm-csDxim7nj2JEn7-xJgzx3d0Qhpai5j_IVTkgLHFLI1rRbUw4wjtKu2rSba-wg5RWAT7Tz7CpkxzKgRzFbOqqvrvZB5pQTgT5UldBqz7alJ8g=nw\"><\/p>\n\n\n\n<p><strong>Dispositius:<\/strong>&nbsp;<img decoding=\"async\" width=\"38px;\" height=\"38px;\" src=\"https:\/\/lh3.googleusercontent.com\/IYfLqF4__qSl87iw_i_1EuZs3_vuVRCu8PJ62FMJnrf8wzv7OxZYj3MHALlGBrT3AzEnG0xFHpr3zWXiGuLRrVGCcT8iB3Al2Fn4UaqF8YAVnzmcOy4KpA_IkCSck4Nv1x0vfwodl-edpzSTskXmPlb4-g=nw\"><img decoding=\"async\" width=\"28px;\" height=\"28px;\" src=\"https:\/\/lh4.googleusercontent.com\/F5lclElO9Y3WyW7nMp9f5XtDFrSRmhPO-t4l1WjnZEemqlMQQuarD2GNpKB-gl85oUB0h2g5ceD00refMPl6HndMZfDH0awmk0k544xXS_2er1XjfB7uaGqFSZb5xLVDpEAoH37FKj_QbswmKNlXt0inPg=nw\"><img decoding=\"async\" width=\"18px;\" height=\"18px;\" src=\"https:\/\/lh4.googleusercontent.com\/0gfYv0v4NgZlLOh9UKv8cay6Ub-4LW76y0Fw-HzzhcYRsrOgOoE4KgzZHWUeiUoMFhL3EkXTfwPWkV89E3dX9xn5NokYOmlYf1BnmLAInAdgBu0kXMoNUQT8kvNLVG9A8Z70EF4sdolNdKW62VdE5h-dWg=nw\"><\/p>\n\n\n\n<p><strong>Connectivitat:<\/strong>&nbsp;<img decoding=\"async\" width=\"28px;\" height=\"28px;\" src=\"https:\/\/lh5.googleusercontent.com\/XNIaVlEngvEBI2-L013n2r432FJrD6Wdtxkfz7Qt2GMfQ4GFH3ZD78xanEi5V6VopvFTnspKuYEwwqcwcJRN7S2yDF8vs0D7XuljEy2PIgKKakXanSV1TItY0iwvhFRMxuDPAR7xedeDWqPdeDbhCyN45w=nw\">&nbsp;<img decoding=\"async\" width=\"36px;\" height=\"36px;\" src=\"https:\/\/lh6.googleusercontent.com\/tnvnvQo5ifWOg2r9LlMXy4kvBDcZQkc-C5q-2SprJoypCyQzmFAi754kgR5YJ44w778M8dpclQN6nm_M4OdkLfsntMPJdwTwOxbFYifm9-GZ8ANg7FzKcOFxu-6viclzrz5hBINDgRusGWvYRAfAtMCVcw=nw\"><\/p>\n<\/div><\/div><\/div><\/div><\/div>\n<\/div>\n<\/div>\n<\/div>\n<\/div>\n\n\n\n<p>El robot ve acompanyat d&#8217;<a href=\"https:\/\/www.makeblock.es\/soporte\/descargas\/\" target=\"_blank\" rel=\"noreferrer noopener\">algunes aplicacions<\/a> enfocades a diferents edats amb diverses funcionalitats:<\/p>\n\n\n\n<ul class=\"wp-block-list\"><li><a rel=\"noreferrer noopener\" href=\"https:\/\/www.makewonder.com\/apps\/blockly\/\" target=\"_blank\"><strong>Blockly App<\/strong><\/a> (A partir de 8 anys): Aquesta App permet programar en blocs, treballant el codi, les seq\u00fc\u00e8ncies i els blocs.<\/li><li><strong><a href=\"https:\/\/apps.apple.com\/us\/app\/wonder-for-dash-and-dot-robots\/id1033035498\" target=\"_blank\" rel=\"noreferrer noopener\">Wonder App<\/a><\/strong> (A partir de 8 anys): \u00c9s un laboratori on es van resolent missions i reptes, que es van desbloquejant progressivament. Tamb\u00e9 permet que l&#8217;alumne inventi les seves pr\u00f2pies missions.<\/li><li><strong>GO App<\/strong> (Per a totes les edats): Per descobrir els aspectes b\u00e0sics. Controlar el moviment, llums i so. Ideal per con\u00e8ixer el funcionament del robot.<\/li><li><strong>Path App<\/strong> (Per a totes les edats): Permet dibuixar i crear circuits. \u00c9s ideal per als m\u00e9s petits, ja que no cal saber llegir, perqu\u00e8 es programa mitjan\u00e7ant icones i dibuixos.<\/li><li><strong>Xylo App<\/strong><a rel=\"noreferrer noopener\" href=\"https:\/\/www.makewonder.com\/apps\/xylo\/\" target=\"_blank\"> <\/a>(Per a totes les edats): Permet crear peces musicals des de 0 a partir d&#8217;una plantilla, i reproduir-ho en el robot.<\/li><\/ul>\n\n\n\n<div style=\"height:1px\" aria-hidden=\"true\" class=\"wp-block-spacer\"><\/div>\n\n\n\n<div class=\"wp-block-image\"><figure class=\"aligncenter size-large is-resized\"><a href=\"https:\/\/projectes.xtec.cat\/pensament-computacional\/wp-content\/uploads\/usu2217\/2023\/09\/6d825bf4193933bc7bcf40e4779a750c8564057e-2048x1536-1.jpg\"><img loading=\"lazy\" decoding=\"async\" src=\"https:\/\/projectes.xtec.cat\/pensament-computacional\/wp-content\/uploads\/usu2217\/2023\/09\/6d825bf4193933bc7bcf40e4779a750c8564057e-2048x1536-1-1024x768.jpg\" alt=\"\" class=\"wp-image-28634\" width=\"242\" height=\"181\" srcset=\"https:\/\/projectes.xtec.cat\/pensament-computacional\/wp-content\/uploads\/usu2217\/2023\/09\/6d825bf4193933bc7bcf40e4779a750c8564057e-2048x1536-1-1024x768.jpg 1024w, https:\/\/projectes.xtec.cat\/pensament-computacional\/wp-content\/uploads\/usu2217\/2023\/09\/6d825bf4193933bc7bcf40e4779a750c8564057e-2048x1536-1-300x225.jpg 300w, https:\/\/projectes.xtec.cat\/pensament-computacional\/wp-content\/uploads\/usu2217\/2023\/09\/6d825bf4193933bc7bcf40e4779a750c8564057e-2048x1536-1-768x576.jpg 768w, https:\/\/projectes.xtec.cat\/pensament-computacional\/wp-content\/uploads\/usu2217\/2023\/09\/6d825bf4193933bc7bcf40e4779a750c8564057e-2048x1536-1-1536x1152.jpg 1536w, https:\/\/projectes.xtec.cat\/pensament-computacional\/wp-content\/uploads\/usu2217\/2023\/09\/6d825bf4193933bc7bcf40e4779a750c8564057e-2048x1536-1.jpg 2048w\" sizes=\"auto, (max-width: 242px) 100vw, 242px\" \/><\/a><\/figure><\/div>\n\n\n\n<div class=\"wp-block-columns is-layout-flex wp-container-core-columns-is-layout-3 wp-block-columns-is-layout-flex\">\n<div class=\"wp-block-column is-layout-flow wp-block-column-is-layout-flow\" style=\"flex-basis:25%\"><\/div>\n\n\n\n<div class=\"wp-block-column is-layout-flow wp-block-column-is-layout-flow\" style=\"flex-basis:75%\">\n<figure class=\"wp-block-embed is-type-video is-provider-youtube wp-block-embed-youtube wp-embed-aspect-16-9 wp-has-aspect-ratio\"><div class=\"wp-block-embed__wrapper\">\n<div class=\"ast-oembed-container \" style=\"height: 100%;\"><iframe loading=\"lazy\" title=\"Dash &amp; Dot Robots - Say Hello! | Wonder Workshop\" width=\"500\" height=\"281\" src=\"https:\/\/www.youtube.com\/embed\/BqRHXSG7auY?feature=oembed\" frameborder=\"0\" allow=\"accelerometer; autoplay; clipboard-write; encrypted-media; gyroscope; picture-in-picture; web-share\" referrerpolicy=\"strict-origin-when-cross-origin\" allowfullscreen><\/iframe><\/div>\n<\/div><\/figure>\n<\/div>\n\n\n\n<div class=\"wp-block-column is-layout-flow wp-block-column-is-layout-flow\" style=\"flex-basis:25%\"><\/div>\n<\/div>\n\n\n\n<div class=\"wp-block-getwid-section alignfull alignfull\"><div class=\"wp-block-getwid-section__wrapper\"><div class=\"wp-block-getwid-section__inner-wrapper\"><div class=\"wp-block-getwid-section__background-holder\"><div class=\"wp-block-getwid-section__background has-background has-ast-global-color-6-background-color\"><\/div><div class=\"wp-block-getwid-section__foreground\"><\/div><\/div><div class=\"wp-block-getwid-section__content\"><div class=\"wp-block-getwid-section__inner-content\">\n<p><strong>Recursos:<\/strong><\/p>\n\n\n\n<ul class=\"wp-block-list\"><li>\ud83d\udcf1 Apps Android: <a href=\"https:\/\/play.google.com\/store\/apps\/details?id=com.makewonder.blockly\">Blockly<\/a>, <a href=\"https:\/\/play.google.com\/store\/apps\/details?id=com.makewonder.wonder\">Wonder<\/a>, <a href=\"https:\/\/play.google.com\/store\/apps\/details?id=com.makewonder.pathandroid\">Path<\/a>, <a href=\"https:\/\/play.google.com\/store\/apps\/details?id=com.w2.apps.go\">Go<\/a> i <a href=\"https:\/\/play.google.com\/store\/apps\/details?id=com.makewonder.xyloandroid\">Xylo<\/a>.<\/li><li>\ud83d\udcf1 Apps iOS: <a href=\"https:\/\/apps.apple.com\/us\/app\/blockly-for-dash-dot-robots\/id906750147\">Blockly<\/a>, <a href=\"https:\/\/apps.apple.com\/us\/app\/wonder-for-dash-and-dot-robots\/id1033035498\">Wonder<\/a>, <a href=\"https:\/\/apps.apple.com\/us\/app\/path-for-dash-robot\/id928643204\">Path<\/a>, <a href=\"https:\/\/apps.apple.com\/us\/app\/go-for-dash-dot-robots\/id928519463\">Go<\/a> i <a href=\"https:\/\/apps.apple.com\/us\/app\/xylo-for-dash-robot\/id941863690\">Xylo<\/a>.<\/li><li>\ud83d\udcbb\u200b Aplicaci\u00f3 web: <a href=\"http:\/\/code.makewonder.com\/\">code.makewonder.com<\/a>.<\/li><li><a rel=\"noreferrer noopener\" href=\"https:\/\/resources.demco.com\/dashrobot_challengecards.pdf\" target=\"_blank\">Cartes amb reptes per a Dash<\/a> (en angl\u00e8s).<\/li><\/ul>\n<\/div><\/div><\/div><\/div><\/div>\n","protected":false},"excerpt":{"rendered":"<p>Dash \u00e9s un petit robot que es controla mitjan\u00e7ant un dispositiu m\u00f2bil (Bluetooth), introduint l&#8217;alumnat a la rob\u00f2tica i als principis de la programaci\u00f3 per blocs. Duu a terme accions com despla\u00e7ar-se, ballar, detectar i reproduir sons, emetre llums i interactuar a partir dels seus sensors.&nbsp; El robot ve acompanyat d&#8217;algunes aplicacions enfocades a diferents [&hellip;]<\/p>\n","protected":false},"author":4,"featured_media":0,"parent":0,"menu_order":50,"comment_status":"closed","ping_status":"closed","template":"","meta":{"_bbp_topic_count":0,"_bbp_reply_count":0,"_bbp_total_topic_count":0,"_bbp_total_reply_count":0,"_bbp_voice_count":0,"_bbp_anonymous_reply_count":0,"_bbp_topic_count_hidden":0,"_bbp_reply_count_hidden":0,"_bbp_forum_subforum_count":0,"site-sidebar-layout":"no-sidebar","site-content-layout":"content-boxed-container","ast-site-content-layout":"","site-content-style":"default","site-sidebar-style":"default","ast-global-header-display":"","ast-banner-title-visibility":"","ast-main-header-display":"","ast-hfb-above-header-display":"","ast-hfb-below-header-display":"","ast-hfb-mobile-header-display":"","site-post-title":"","ast-breadcrumbs-content":"","ast-featured-img":"","footer-sml-layout":"disabled","theme-transparent-header-meta":"default","adv-header-id-meta":"","stick-header-meta":"default","header-above-stick-meta":"","header-main-stick-meta":"","header-below-stick-meta":"","astra-migrate-meta-layouts":"default","ast-page-background-enabled":"default","ast-page-background-meta":{"desktop":{"background-color":"","background-image":"","background-repeat":"repeat","background-position":"center center","background-size":"auto","background-attachment":"scroll","background-type":"","background-media":"","overlay-type":"","overlay-color":"","overlay-opacity":"","overlay-gradient":""},"tablet":{"background-color":"","background-image":"","background-repeat":"repeat","background-position":"center center","background-size":"auto","background-attachment":"scroll","background-type":"","background-media":"","overlay-type":"","overlay-color":"","overlay-opacity":"","overlay-gradient":""},"mobile":{"background-color":"","background-image":"","background-repeat":"repeat","background-position":"center center","background-size":"auto","background-attachment":"scroll","background-type":"","background-media":"","overlay-type":"","overlay-color":"","overlay-opacity":"","overlay-gradient":""}},"ast-content-background-meta":{"desktop":{"background-color":"var(--ast-global-color-5)","background-image":"","background-repeat":"repeat","background-position":"center center","background-size":"auto","background-attachment":"scroll","background-type":"","background-media":"","overlay-type":"","overlay-color":"","overlay-opacity":"","overlay-gradient":""},"tablet":{"background-color":"var(--ast-global-color-5)","background-image":"","background-repeat":"repeat","background-position":"center center","background-size":"auto","background-attachment":"scroll","background-type":"","background-media":"","overlay-type":"","overlay-color":"","overlay-opacity":"","overlay-gradient":""},"mobile":{"background-color":"var(--ast-global-color-5)","background-image":"","background-repeat":"repeat","background-position":"center center","background-size":"auto","background-attachment":"scroll","background-type":"","background-media":"","overlay-type":"","overlay-color":"","overlay-opacity":"","overlay-gradient":""}},"footnotes":""},"class_list":["post-25456","page","type-page","status-publish","hentry"],"post_mailing_queue_ids":[],"_links":{"self":[{"href":"https:\/\/projectes.xtec.cat\/pensament-computacional\/wp-json\/wp\/v2\/pages\/25456","targetHints":{"allow":["GET"]}}],"collection":[{"href":"https:\/\/projectes.xtec.cat\/pensament-computacional\/wp-json\/wp\/v2\/pages"}],"about":[{"href":"https:\/\/projectes.xtec.cat\/pensament-computacional\/wp-json\/wp\/v2\/types\/page"}],"author":[{"embeddable":true,"href":"https:\/\/projectes.xtec.cat\/pensament-computacional\/wp-json\/wp\/v2\/users\/4"}],"replies":[{"embeddable":true,"href":"https:\/\/projectes.xtec.cat\/pensament-computacional\/wp-json\/wp\/v2\/comments?post=25456"}],"version-history":[{"count":6,"href":"https:\/\/projectes.xtec.cat\/pensament-computacional\/wp-json\/wp\/v2\/pages\/25456\/revisions"}],"predecessor-version":[{"id":29717,"href":"https:\/\/projectes.xtec.cat\/pensament-computacional\/wp-json\/wp\/v2\/pages\/25456\/revisions\/29717"}],"wp:attachment":[{"href":"https:\/\/projectes.xtec.cat\/pensament-computacional\/wp-json\/wp\/v2\/media?parent=25456"}],"curies":[{"name":"wp","href":"https:\/\/api.w.org\/{rel}","templated":true}]}}