{"id":25476,"date":"2022-07-19T13:36:17","date_gmt":"2022-07-19T11:36:17","guid":{"rendered":"https:\/\/projectes.xtec.cat\/pensament-computacional\/\/?page_id=25476"},"modified":"2024-01-24T09:09:46","modified_gmt":"2024-01-24T08:09:46","slug":"edison","status":"publish","type":"page","link":"https:\/\/projectes.xtec.cat\/pensament-computacional\/edison\/","title":{"rendered":"Edison V2.0"},"content":{"rendered":"\n<div class=\"wp-block-columns is-layout-flex wp-container-core-columns-is-layout-1 wp-block-columns-is-layout-flex\">\n<div class=\"wp-block-column is-layout-flow wp-block-column-is-layout-flow\" style=\"flex-basis:60%\">\n<p>L\u2019Edison \u00e9s un robot programable per blocs, amb diferents plataformes, en funci\u00f3 de l\u2019edat.<\/p>\n\n\n\n<figure class=\"wp-block-image aligncenter size-large\"><a href=\"https:\/\/projectes.xtec.cat\/pensament-computacional\/wp-content\/uploads\/usu2217\/2023\/09\/18306_EdPack1-oki_longthumb.jpg\"><img loading=\"lazy\" decoding=\"async\" width=\"450\" height=\"225\" src=\"https:\/\/projectes.xtec.cat\/pensament-computacional\/wp-content\/uploads\/usu2217\/2023\/09\/18306_EdPack1-oki_longthumb.jpg\" alt=\"\" class=\"wp-image-28646\" srcset=\"https:\/\/projectes.xtec.cat\/pensament-computacional\/wp-content\/uploads\/usu2217\/2023\/09\/18306_EdPack1-oki_longthumb.jpg 450w, https:\/\/projectes.xtec.cat\/pensament-computacional\/wp-content\/uploads\/usu2217\/2023\/09\/18306_EdPack1-oki_longthumb-300x150.jpg 300w\" sizes=\"auto, (max-width: 450px) 100vw, 450px\" \/><\/a><\/figure>\n\n\n\n<p>Detecta i evita obstacles, es mou a partir d\u2019un so, segueix l\u00ednies, detecta la llum, permet comunicar-se amb altres robots EDISON,&nbsp;&nbsp;ja que compta amb m\u00faltiples sensors integrats, i \u00e9s compatible amb Lego. Es pot jugar amb el control remot, a partir de programes precarregats o crear els teus propis programes amb <a rel=\"noreferrer noopener\" href=\"https:\/\/www.edblocksapp.com\/\" target=\"_blank\">EdBlocks App<\/a> o <a href=\"https:\/\/meetedison.com\/robot-programming-software\/edscratch\/\" target=\"_blank\" rel=\"noreferrer noopener\">EdScratch<\/a>. A m\u00e9s, tamb\u00e9 es pot dirigir amb un comandament a dist\u00e0ncia.<\/p>\n<\/div>\n\n\n\n<div class=\"wp-block-column is-layout-flow wp-block-column-is-layout-flow\" style=\"flex-basis:40%\">\n<div id=\"caixa\" class=\"wp-block-getwid-section caixa\"><div class=\"wp-block-getwid-section__wrapper getwid-padding-left-medium\" style=\"margin-left:0px;padding-bottom:0px\"><div class=\"wp-block-getwid-section__inner-wrapper\"><div class=\"wp-block-getwid-section__background-holder\"><div class=\"wp-block-getwid-section__background has-background\" style=\"background-color:#f5e6e6\"><\/div><div class=\"wp-block-getwid-section__foreground\"><\/div><\/div><div class=\"wp-block-getwid-section__content\"><div class=\"wp-block-getwid-section__inner-content\">\n<p><strong>Nivell educatiu recomanat:&nbsp;<\/strong><\/p>\n\n\n\n<p>CI, CM, CS<\/p>\n\n\n\n<p><strong>Sistemes operatius:&nbsp;<\/strong><img decoding=\"async\" width=\"18px;\" height=\"18px;\" src=\"https:\/\/lh6.googleusercontent.com\/_TwSzvJ5tWvysG98g5mJM2m7N-o_l2Fw-fO6UB54igzpvYbYI1oz2wFToYvM3q0-xsw2GOOulGVYDPW4UyHNNgEcEguhSzb5IF3HdD4UEiyMfUhAqn2xMJjSTz3kC5gCTAUctqERq26-9pLxT6WtlZrAqQ=nw\">  <img decoding=\"async\" width=\"16px;\" height=\"16px;\" src=\"https:\/\/lh3.googleusercontent.com\/Ma82aSA8su3SM7Og4YvmjwxfFChIpFsJ52J0SGeZB5Jk5mP1oGM4HHLaBbk1i5u0c-9GbW4zWhfugxtYLbmF3xpbWUWap4RSFQiFqz6w9vYGtXcJDinANcdLnR6dODxafaW3bcXKRrZn60txp8sSfSb-OQ=nw\"> <img decoding=\"async\" width=\"18px;\" height=\"20px;\" src=\"https:\/\/lh4.googleusercontent.com\/Fg0cfDWEeiGNmuEqQ8A1b0Og6TOMD0Lv_pLsJTKPoLobGU_r0OcRBwdwNPlY7bI_70ynHdUSU4kIN8tDgk0UwQuZhTLyd1zQsv-SSVguleO7MhaFfjwPYpA_aW0n4mkUdC9ad1PtP7PNYmylWNvnCtyyZg=nw\"><img decoding=\"async\" width=\"42px;\" height=\"10px;\" src=\"https:\/\/lh4.googleusercontent.com\/9VCPF3wcHdvaPLUZeYeyqpwXffynpoJD-YXadd5Cj1dlm-csDxim7nj2JEn7-xJgzx3d0Qhpai5j_IVTkgLHFLI1rRbUw4wjtKu2rSba-wg5RWAT7Tz7CpkxzKgRzFbOqqvrvZB5pQTgT5UldBqz7alJ8g=nw\"><\/p>\n\n\n\n<p><strong>Dispositius:<\/strong>&nbsp;<img decoding=\"async\" width=\"38px;\" height=\"38px;\" src=\"https:\/\/lh3.googleusercontent.com\/IYfLqF4__qSl87iw_i_1EuZs3_vuVRCu8PJ62FMJnrf8wzv7OxZYj3MHALlGBrT3AzEnG0xFHpr3zWXiGuLRrVGCcT8iB3Al2Fn4UaqF8YAVnzmcOy4KpA_IkCSck4Nv1x0vfwodl-edpzSTskXmPlb4-g=nw\"><\/p>\n\n\n\n<p><strong>Connectivitat:<\/strong>&nbsp;<img decoding=\"async\" width=\"36px;\" height=\"36px;\" src=\"https:\/\/lh6.googleusercontent.com\/tnvnvQo5ifWOg2r9LlMXy4kvBDcZQkc-C5q-2SprJoypCyQzmFAi754kgR5YJ44w778M8dpclQN6nm_M4OdkLfsntMPJdwTwOxbFYifm9-GZ8ANg7FzKcOFxu-6viclzrz5hBINDgRusGWvYRAfAtMCVcw=nw\"><\/p>\n<\/div><\/div><\/div><\/div><\/div>\n<\/div>\n<\/div>\n\n\n\n<p>Permet carregar programes al robot a trav\u00e9s de l&#8217;escanejat d&#8217;un <a rel=\"noreferrer noopener\" href=\"https:\/\/meetedison.com\/barcodes\/\" target=\"_blank\">codi de barres<\/a>.<\/p>\n\n\n\n<div class=\"wp-block-columns is-layout-flex wp-container-core-columns-is-layout-2 wp-block-columns-is-layout-flex\">\n<div class=\"wp-block-column is-layout-flow wp-block-column-is-layout-flow\" style=\"flex-basis:25%\"><\/div>\n\n\n\n<div class=\"wp-block-column is-layout-flow wp-block-column-is-layout-flow\" style=\"flex-basis:75%\">\n<figure class=\"wp-block-embed is-type-video is-provider-youtube wp-block-embed-youtube wp-embed-aspect-16-9 wp-has-aspect-ratio\"><div class=\"wp-block-embed__wrapper\">\n<div class=\"ast-oembed-container \" style=\"height: 100%;\"><iframe loading=\"lazy\" title=\"Promo Meet Edison Robot - Valteam Tech\" width=\"500\" height=\"281\" src=\"https:\/\/www.youtube.com\/embed\/W0C_TDWd8Mo?feature=oembed\" frameborder=\"0\" allow=\"accelerometer; autoplay; clipboard-write; encrypted-media; gyroscope; picture-in-picture; web-share\" referrerpolicy=\"strict-origin-when-cross-origin\" allowfullscreen><\/iframe><\/div>\n<\/div><\/figure>\n<\/div>\n\n\n\n<div class=\"wp-block-column is-layout-flow wp-block-column-is-layout-flow\" style=\"flex-basis:25%\"><\/div>\n<\/div>\n\n\n\n<div class=\"wp-block-getwid-section alignfull alignfull\"><div class=\"wp-block-getwid-section__wrapper\"><div class=\"wp-block-getwid-section__inner-wrapper\"><div class=\"wp-block-getwid-section__background-holder\"><div class=\"wp-block-getwid-section__background has-background has-ast-global-color-6-background-color\"><\/div><div class=\"wp-block-getwid-section__foreground\"><\/div><\/div><div class=\"wp-block-getwid-section__content\"><div class=\"wp-block-getwid-section__inner-content\">\n<p><strong>Recursos:<\/strong><\/p>\n\n\n\n<ul class=\"wp-block-list\">\n<li>\ud83d\udcbb Edblocks: <a href=\"https:\/\/www.edblocksapp.com\/\">https:\/\/www.edblocksapp.com<\/a>.<\/li>\n\n\n\n<li>\ud83d\udcbb EdScratch: <a href=\"https:\/\/cloud.edscratchapp.com\/\">https:\/\/cloud.edscratchapp.com<\/a>.<\/li>\n\n\n\n<li>\ud83d\udcbb EdPy: <a href=\"https:\/\/www.edpyapp.com\/\">https:\/\/www.edpyapp.com<\/a>.<\/li>\n\n\n\n<li><a rel=\"noreferrer noopener\" href=\"https:\/\/meetedison.com\/robotics-lesson-plans\/\" target=\"_blank\">Meetedison.com lessons<\/a> (lli\u00e7ons amb les diverses apps de programaci\u00f3 -en angl\u00e8s-).<\/li>\n\n\n\n<li><a rel=\"noreferrer noopener\" href=\"https:\/\/meetedison.com\/robot-activities\/\" target=\"_blank\">Meetedison.com activities<\/a> (recull d&#8217;activitats amb Edison -en angl\u00e8s-).<\/li>\n\n\n\n<li><a rel=\"noreferrer noopener\" href=\"https:\/\/meetedison.com\/content\/EdBooks\/EdBook1-Barcodes-and-Edison-Catalan.pdf\" target=\"_blank\">Els codis de barres i l&#8217;Edison<\/a> (llibre en catal\u00e0 amb els programes precarregats amb codi de barres). <\/li>\n\n\n\n<li><a rel=\"noreferrer noopener\" href=\"https:\/\/www.youtube.com\/watch?v=iucFzno07uA\" target=\"_blank\">V\u00eddeo &#8220;Fem un piano amb l&#8217;Edison&#8221;.<\/a><\/li>\n\n\n\n<li><a rel=\"noreferrer noopener\" href=\"https:\/\/www.youtube.com\/watch?v=LJejM69_9aY\" target=\"_blank\">V\u00eddeo &#8220;Fem moure l&#8217;Edison de forma nerviosa&#8221;.<\/a><\/li>\n<\/ul>\n<\/div><\/div><\/div><\/div><\/div>\n","protected":false},"excerpt":{"rendered":"<p>L\u2019Edison \u00e9s un robot programable per blocs, amb diferents plataformes, en funci\u00f3 de l\u2019edat. Detecta i evita obstacles, es mou a partir d\u2019un so, segueix l\u00ednies, detecta la llum, permet comunicar-se amb altres robots EDISON,&nbsp;&nbsp;ja que compta amb m\u00faltiples sensors integrats, i \u00e9s compatible amb Lego. Es pot jugar amb el control remot, a partir [&hellip;]<\/p>\n","protected":false},"author":4,"featured_media":0,"parent":0,"menu_order":60,"comment_status":"closed","ping_status":"closed","template":"","meta":{"_bbp_topic_count":0,"_bbp_reply_count":0,"_bbp_total_topic_count":0,"_bbp_total_reply_count":0,"_bbp_voice_count":0,"_bbp_anonymous_reply_count":0,"_bbp_topic_count_hidden":0,"_bbp_reply_count_hidden":0,"_bbp_forum_subforum_count":0,"site-sidebar-layout":"no-sidebar","site-content-layout":"content-boxed-container","ast-site-content-layout":"","site-content-style":"default","site-sidebar-style":"default","ast-global-header-display":"","ast-banner-title-visibility":"","ast-main-header-display":"","ast-hfb-above-header-display":"","ast-hfb-below-header-display":"","ast-hfb-mobile-header-display":"","site-post-title":"","ast-breadcrumbs-content":"","ast-featured-img":"","footer-sml-layout":"disabled","theme-transparent-header-meta":"default","adv-header-id-meta":"","stick-header-meta":"default","header-above-stick-meta":"","header-main-stick-meta":"","header-below-stick-meta":"","astra-migrate-meta-layouts":"default","ast-page-background-enabled":"default","ast-page-background-meta":{"desktop":{"background-color":"","background-image":"","background-repeat":"repeat","background-position":"center center","background-size":"auto","background-attachment":"scroll","background-type":"","background-media":"","overlay-type":"","overlay-color":"","overlay-opacity":"","overlay-gradient":""},"tablet":{"background-color":"","background-image":"","background-repeat":"repeat","background-position":"center center","background-size":"auto","background-attachment":"scroll","background-type":"","background-media":"","overlay-type":"","overlay-color":"","overlay-opacity":"","overlay-gradient":""},"mobile":{"background-color":"","background-image":"","background-repeat":"repeat","background-position":"center center","background-size":"auto","background-attachment":"scroll","background-type":"","background-media":"","overlay-type":"","overlay-color":"","overlay-opacity":"","overlay-gradient":""}},"ast-content-background-meta":{"desktop":{"background-color":"var(--ast-global-color-5)","background-image":"","background-repeat":"repeat","background-position":"center center","background-size":"auto","background-attachment":"scroll","background-type":"","background-media":"","overlay-type":"","overlay-color":"","overlay-opacity":"","overlay-gradient":""},"tablet":{"background-color":"var(--ast-global-color-5)","background-image":"","background-repeat":"repeat","background-position":"center center","background-size":"auto","background-attachment":"scroll","background-type":"","background-media":"","overlay-type":"","overlay-color":"","overlay-opacity":"","overlay-gradient":""},"mobile":{"background-color":"var(--ast-global-color-5)","background-image":"","background-repeat":"repeat","background-position":"center center","background-size":"auto","background-attachment":"scroll","background-type":"","background-media":"","overlay-type":"","overlay-color":"","overlay-opacity":"","overlay-gradient":""}},"footnotes":""},"class_list":["post-25476","page","type-page","status-publish","hentry"],"post_mailing_queue_ids":[],"_links":{"self":[{"href":"https:\/\/projectes.xtec.cat\/pensament-computacional\/wp-json\/wp\/v2\/pages\/25476","targetHints":{"allow":["GET"]}}],"collection":[{"href":"https:\/\/projectes.xtec.cat\/pensament-computacional\/wp-json\/wp\/v2\/pages"}],"about":[{"href":"https:\/\/projectes.xtec.cat\/pensament-computacional\/wp-json\/wp\/v2\/types\/page"}],"author":[{"embeddable":true,"href":"https:\/\/projectes.xtec.cat\/pensament-computacional\/wp-json\/wp\/v2\/users\/4"}],"replies":[{"embeddable":true,"href":"https:\/\/projectes.xtec.cat\/pensament-computacional\/wp-json\/wp\/v2\/comments?post=25476"}],"version-history":[{"count":6,"href":"https:\/\/projectes.xtec.cat\/pensament-computacional\/wp-json\/wp\/v2\/pages\/25476\/revisions"}],"predecessor-version":[{"id":30360,"href":"https:\/\/projectes.xtec.cat\/pensament-computacional\/wp-json\/wp\/v2\/pages\/25476\/revisions\/30360"}],"wp:attachment":[{"href":"https:\/\/projectes.xtec.cat\/pensament-computacional\/wp-json\/wp\/v2\/media?parent=25476"}],"curies":[{"name":"wp","href":"https:\/\/api.w.org\/{rel}","templated":true}]}}