{"id":25478,"date":"2022-07-19T13:37:49","date_gmt":"2022-07-19T11:37:49","guid":{"rendered":"https:\/\/projectes.xtec.cat\/pensament-computacional\/\/?page_id=25478"},"modified":"2023-11-02T15:57:58","modified_gmt":"2023-11-02T14:57:58","slug":"mbot-2","status":"publish","type":"page","link":"https:\/\/projectes.xtec.cat\/pensament-computacional\/mbot-2\/","title":{"rendered":"mBot2"},"content":{"rendered":"\n<div class=\"wp-block-columns is-layout-flex wp-container-core-columns-is-layout-1 wp-block-columns-is-layout-flex\">\n<div class=\"wp-block-column is-layout-flow wp-block-column-is-layout-flow\" style=\"flex-basis:60%\">\n<p>mBot2 \u00e9s un robot programable a partir d\u2019una aplicaci\u00f3 disponible per <a href=\"https:\/\/play.google.com\/store\/apps\/details?id=cc.makeblock.makeblock&amp;hl=ca&amp;gl=US\">Android<\/a> i <a href=\"https:\/\/apps.apple.com\/us\/app\/makeblock-play-stem-robots\/id918804737\">iOS<\/a>, i tamb\u00e9 per blocs a l\u2019ordinador en entorn de programaci\u00f3 disponible en catal\u00e0 i en castell\u00e0. \u00c9s dirigible amb l\u2019app <a rel=\"noreferrer noopener\" href=\"https:\/\/mblock.makeblock.com\/en-us\/\" target=\"_blank\">Makeblock<\/a> i programable amb <a rel=\"noreferrer noopener\" href=\"https:\/\/ide.mblock.cc\/\" target=\"_blank\">mBlock5<\/a> (similar a Scratch) i amb Python.<\/p>\n\n\n\n<p>T\u00e9 un kit constructiu que inclou:<\/p>\n\n\n\n<ul class=\"wp-block-list\"><li>Sensors IR<\/li><li>Acceler\u00f2metre<\/li><li>Detector de color&nbsp;<\/li><li>Giroscopi<\/li><li>Sensor d\u2019ultrasons&nbsp;<\/li><li>Detector i gravador de sons, controlador amb m\u00f2dul wifi<\/li><li>Motors i xass\u00eds<\/li><\/ul>\n\n\n\n<div class=\"wp-block-image\"><figure class=\"aligncenter size-large\"><a href=\"https:\/\/projectes.xtec.cat\/pensament-computacional\/wp-content\/uploads\/usu2217\/2023\/09\/mbot2.jpg\"><img loading=\"lazy\" decoding=\"async\" width=\"258\" height=\"195\" src=\"https:\/\/projectes.xtec.cat\/pensament-computacional\/wp-content\/uploads\/usu2217\/2023\/09\/mbot2.jpg\" alt=\"\" class=\"wp-image-28658\"\/><\/a><\/figure><\/div>\n<\/div>\n\n\n\n<div class=\"wp-block-column is-layout-flow wp-block-column-is-layout-flow\" style=\"flex-basis:40%\">\n<div class=\"wp-block-getwid-section caixa\"><div class=\"wp-block-getwid-section__wrapper\" style=\"margin-left:0px;padding-bottom:1px;padding-left:25.0625px\"><div class=\"wp-block-getwid-section__inner-wrapper\"><div class=\"wp-block-getwid-section__background-holder\"><div class=\"wp-block-getwid-section__background has-background\" style=\"background-color:#f5e6e6\"><\/div><div class=\"wp-block-getwid-section__foreground\"><\/div><\/div><div class=\"wp-block-getwid-section__content\"><div class=\"wp-block-getwid-section__inner-content\">\n<p><strong>Nivell educatiu recomanat:<\/strong>&nbsp;<\/p>\n\n\n\n<p>CS, 1r-2n ESO<\/p>\n\n\n\n<p><strong>Sistemes operatius:&nbsp;<\/strong><img decoding=\"async\" width=\"18px;\" height=\"18px;\" src=\"https:\/\/lh6.googleusercontent.com\/_TwSzvJ5tWvysG98g5mJM2m7N-o_l2Fw-fO6UB54igzpvYbYI1oz2wFToYvM3q0-xsw2GOOulGVYDPW4UyHNNgEcEguhSzb5IF3HdD4UEiyMfUhAqn2xMJjSTz3kC5gCTAUctqERq26-9pLxT6WtlZrAqQ=nw\"> <img decoding=\"async\" width=\"16px;\" height=\"16px;\" src=\"https:\/\/lh3.googleusercontent.com\/Ma82aSA8su3SM7Og4YvmjwxfFChIpFsJ52J0SGeZB5Jk5mP1oGM4HHLaBbk1i5u0c-9GbW4zWhfugxtYLbmF3xpbWUWap4RSFQiFqz6w9vYGtXcJDinANcdLnR6dODxafaW3bcXKRrZn60txp8sSfSb-OQ=nw\"> <img decoding=\"async\" width=\"18px;\" height=\"20px;\" src=\"https:\/\/lh5.googleusercontent.com\/vPeZLjcWXyQWWww0vZKkcNq0A735lJ9Yz4XIM5Ha7X5l9JWabAyufW1IIq7yL0hAx7c6zMlGIIE4UN_Jj1ZdNITQLaR9cLqXk2y1bd0yaGnZfvXLSPqFdT-BF903kJlKYmyruFwU1vAPVtgb7DExfsEc6w=nw\"><img decoding=\"async\" width=\"18px;\" height=\"18px;\" src=\"https:\/\/lh4.googleusercontent.com\/xvFwI7lL23B_CqRqxAGf3_Wpa1l-mGr33KiMIh3unya73znr5rUF3JRJkfQ4ygnKQo6GBxNP-ocWLQ2B3xRctNKAErCNc-WUFOAApUSmN4BAnwMutj75I4EXA2Lya3SmS0n7i16mL-8OoaCW3_CcImN1Jg=nw\"><img decoding=\"async\" width=\"16px;\" height=\"16px;\" src=\"https:\/\/lh5.googleusercontent.com\/AvK8m7WNPWaku4DZvfw30oG8yfcgN1ZmfxB-7Vd4HyZ6QBgq2mW5DC965cU3iXoTNWz2D-EZVITBQ8MHw8WavLOhpVwmOK-DhFxuugKFVw8-tmhM1G1kp-iZYydfCQnoV1MMs6qxjHCSi7LzWn28weczCw=nw\"><img decoding=\"async\" width=\"42px;\" height=\"10px;\" src=\"https:\/\/lh4.googleusercontent.com\/9VCPF3wcHdvaPLUZeYeyqpwXffynpoJD-YXadd5Cj1dlm-csDxim7nj2JEn7-xJgzx3d0Qhpai5j_IVTkgLHFLI1rRbUw4wjtKu2rSba-wg5RWAT7Tz7CpkxzKgRzFbOqqvrvZB5pQTgT5UldBqz7alJ8g=nw\"><\/p>\n\n\n\n<p><strong>Dispositius:<\/strong>&nbsp;<img decoding=\"async\" width=\"38px;\" height=\"38px;\" src=\"https:\/\/lh3.googleusercontent.com\/IYfLqF4__qSl87iw_i_1EuZs3_vuVRCu8PJ62FMJnrf8wzv7OxZYj3MHALlGBrT3AzEnG0xFHpr3zWXiGuLRrVGCcT8iB3Al2Fn4UaqF8YAVnzmcOy4KpA_IkCSck4Nv1x0vfwodl-edpzSTskXmPlb4-g=nw\"><img decoding=\"async\" width=\"28px;\" height=\"28px;\" src=\"https:\/\/lh4.googleusercontent.com\/F5lclElO9Y3WyW7nMp9f5XtDFrSRmhPO-t4l1WjnZEemqlMQQuarD2GNpKB-gl85oUB0h2g5ceD00refMPl6HndMZfDH0awmk0k544xXS_2er1XjfB7uaGqFSZb5xLVDpEAoH37FKj_QbswmKNlXt0inPg=nw\"><img decoding=\"async\" width=\"18px;\" height=\"18px;\" src=\"https:\/\/lh4.googleusercontent.com\/0gfYv0v4NgZlLOh9UKv8cay6Ub-4LW76y0Fw-HzzhcYRsrOgOoE4KgzZHWUeiUoMFhL3EkXTfwPWkV89E3dX9xn5NokYOmlYf1BnmLAInAdgBu0kXMoNUQT8kvNLVG9A8Z70EF4sdolNdKW62VdE5h-dWg=nw\"><\/p>\n\n\n\n<p><strong>Connectivitat:<\/strong>&nbsp;<img decoding=\"async\" width=\"28px;\" height=\"28px;\" src=\"https:\/\/lh6.googleusercontent.com\/YOrRwgKfE7DxCddclWDcMb0jNMgnmdTtlXkbz5T7ISD6Ou_flB7nStwIpd085BrvFQX4WKjDnPti9vxlIoyQA2cpi0VpaIIgXpksrDzUaN2FW6_HrUluJhXRhVpE_6hvOkfxiX7s2paQd9BNvUyvWMoVSw=nw\"> <img decoding=\"async\" width=\"28px;\" height=\"28px;\" src=\"https:\/\/lh5.googleusercontent.com\/XNIaVlEngvEBI2-L013n2r432FJrD6Wdtxkfz7Qt2GMfQ4GFH3ZD78xanEi5V6VopvFTnspKuYEwwqcwcJRN7S2yDF8vs0D7XuljEy2PIgKKakXanSV1TItY0iwvhFRMxuDPAR7xedeDWqPdeDbhCyN45w=nw\">&nbsp;<img decoding=\"async\" width=\"36px;\" height=\"36px;\" src=\"https:\/\/lh6.googleusercontent.com\/tnvnvQo5ifWOg2r9LlMXy4kvBDcZQkc-C5q-2SprJoypCyQzmFAi754kgR5YJ44w778M8dpclQN6nm_M4OdkLfsntMPJdwTwOxbFYifm9-GZ8ANg7FzKcOFxu-6viclzrz5hBINDgRusGWvYRAfAtMCVcw=nw\"><\/p>\n<\/div><\/div><\/div><\/div><\/div>\n<\/div>\n<\/div>\n\n\n\n<div style=\"height:1px\" aria-hidden=\"true\" class=\"wp-block-spacer\"><\/div>\n\n\n\n<p><span style=\"font-weight: 400;\">Compta amb motors que permeten controlar amb precisi\u00f3 la seva rotaci\u00f3, velocitat i posici\u00f3, a m\u00e9s que \u00e9s possible programar amb seguidor de l\u00ednies i detecci\u00f3 d\u2019obstacles, i establir comunicaci\u00f3 entre robots, etc.<\/span><\/p>\n\n\n\n<p><span style=\"font-weight: 400;\">Es dirigeix per comandament a dist\u00e0ncia amb Bluetooth i hi ha la possibilitat d&#8217;afegir blocs de construcci\u00f3 <em>Lego.&nbsp;<\/em>S&#8217;ofereixen diferents reptes i activitats per a l&#8217;alumnat, que permeten treballar de forma divertida aspectes com la intel\u00b7lig\u00e8ncia artificial (IA) i l&#8217;Internet de les coses (IoT).&nbsp;<\/span><\/p>\n\n\n\n<div class=\"wp-block-columns is-layout-flex wp-container-core-columns-is-layout-2 wp-block-columns-is-layout-flex\">\n<div class=\"wp-block-column is-layout-flow wp-block-column-is-layout-flow\" style=\"flex-basis:25%\"><\/div>\n\n\n\n<div class=\"wp-block-column is-layout-flow wp-block-column-is-layout-flow\" style=\"flex-basis:75%\">\n<figure class=\"wp-block-embed is-type-video is-provider-youtube wp-block-embed-youtube wp-embed-aspect-16-9 wp-has-aspect-ratio\"><div class=\"wp-block-embed__wrapper\">\n<div class=\"ast-oembed-container \" style=\"height: 100%;\"><iframe loading=\"lazy\" title=\"mBot 2 - El nuevo robot educativo de Makeblock Education\" width=\"500\" height=\"281\" src=\"https:\/\/www.youtube.com\/embed\/-0Ty6P_Ej8o?feature=oembed\" frameborder=\"0\" allow=\"accelerometer; autoplay; clipboard-write; encrypted-media; gyroscope; picture-in-picture; web-share\" referrerpolicy=\"strict-origin-when-cross-origin\" allowfullscreen><\/iframe><\/div>\n<\/div><\/figure>\n<\/div>\n\n\n\n<div class=\"wp-block-column is-layout-flow wp-block-column-is-layout-flow\" style=\"flex-basis:25%\"><\/div>\n<\/div>\n\n\n\n<div class=\"wp-block-getwid-section alignfull alignfull\"><div class=\"wp-block-getwid-section__wrapper\"><div class=\"wp-block-getwid-section__inner-wrapper\"><div class=\"wp-block-getwid-section__background-holder\"><div class=\"wp-block-getwid-section__background has-background has-ast-global-color-6-background-color\"><\/div><div class=\"wp-block-getwid-section__foreground\"><\/div><\/div><div class=\"wp-block-getwid-section__content\"><div class=\"wp-block-getwid-section__inner-content\">\n<p><strong>Recursos:<\/strong><\/p>\n\n\n\n<ul class=\"wp-block-list\"><li>\ud83d\udcf1 <a href=\"https:\/\/play.google.com\/store\/apps\/details?id=cc.makeblock.makeblock\">App makeblock Android<\/a>.<\/li><li>\ud83d\udcf1 <a href=\"https:\/\/apps.apple.com\/us\/app\/makeblock-play-stem-robots\/id918804737\">App makeblock iOS<\/a>.<\/li><li>\ud83d\udcbb <a href=\"https:\/\/mblock.makeblock.com\/en-us\/\">mBlock<\/a>.<\/li><li>\u2b07\ufe0f\u200b <a rel=\"noreferrer noopener\" href=\"https:\/\/www.mblock.cc\/en\/download\/mlink\/\" target=\"_blank\">Controlador mlink<\/a>.<\/li><li><a rel=\"noreferrer noopener\" href=\"https:\/\/education.makeblock.com\/wp-content\/uploads\/2021\/04\/mbot2.0_-KD010368000-1-1.pdf\" target=\"_blank\">Manual de l&#8217;usuari de l&#8217;mBot2<\/a>.<\/li><li><a rel=\"noreferrer noopener\" href=\"https:\/\/www.robotix.es\/documentos\/mbot2-actividades.pdf\" target=\"_blank\">Activitats amb mBot2<\/a> (material de Robotix -en castell\u00e0-).<\/li><li><a rel=\"noreferrer noopener\" href=\"https:\/\/www.recursospdifgl.com\/\" target=\"_blank\">Activitats i reptes<\/a> (material de <a href=\"https:\/\/www.recursospdifgl.com\" target=\"_blank\" rel=\"noreferrer noopener\">https:\/\/www.recursospdifgl.com<\/a>).<\/li><\/ul>\n<\/div><\/div><\/div><\/div><\/div>\n","protected":false},"excerpt":{"rendered":"<p>mBot2 \u00e9s un robot programable a partir d\u2019una aplicaci\u00f3 disponible per Android i iOS, i tamb\u00e9 per blocs a l\u2019ordinador en entorn de programaci\u00f3 disponible en catal\u00e0 i en castell\u00e0. \u00c9s dirigible amb l\u2019app Makeblock i programable amb mBlock5 (similar a Scratch) i amb Python. T\u00e9 un kit constructiu que inclou: Sensors IR Acceler\u00f2metre Detector [&hellip;]<\/p>\n","protected":false},"author":4,"featured_media":0,"parent":0,"menu_order":80,"comment_status":"closed","ping_status":"closed","template":"","meta":{"_bbp_topic_count":0,"_bbp_reply_count":0,"_bbp_total_topic_count":0,"_bbp_total_reply_count":0,"_bbp_voice_count":0,"_bbp_anonymous_reply_count":0,"_bbp_topic_count_hidden":0,"_bbp_reply_count_hidden":0,"_bbp_forum_subforum_count":0,"site-sidebar-layout":"default","site-content-layout":"content-boxed-container","ast-site-content-layout":"","site-content-style":"default","site-sidebar-style":"default","ast-global-header-display":"","ast-banner-title-visibility":"","ast-main-header-display":"","ast-hfb-above-header-display":"","ast-hfb-below-header-display":"","ast-hfb-mobile-header-display":"","site-post-title":"","ast-breadcrumbs-content":"","ast-featured-img":"","footer-sml-layout":"disabled","theme-transparent-header-meta":"default","adv-header-id-meta":"","stick-header-meta":"default","header-above-stick-meta":"","header-main-stick-meta":"","header-below-stick-meta":"","astra-migrate-meta-layouts":"default","ast-page-background-enabled":"default","ast-page-background-meta":{"desktop":{"background-color":"","background-image":"","background-repeat":"repeat","background-position":"center center","background-size":"auto","background-attachment":"scroll","background-type":"","background-media":"","overlay-type":"","overlay-color":"","overlay-opacity":"","overlay-gradient":""},"tablet":{"background-color":"","background-image":"","background-repeat":"repeat","background-position":"center center","background-size":"auto","background-attachment":"scroll","background-type":"","background-media":"","overlay-type":"","overlay-color":"","overlay-opacity":"","overlay-gradient":""},"mobile":{"background-color":"","background-image":"","background-repeat":"repeat","background-position":"center center","background-size":"auto","background-attachment":"scroll","background-type":"","background-media":"","overlay-type":"","overlay-color":"","overlay-opacity":"","overlay-gradient":""}},"ast-content-background-meta":{"desktop":{"background-color":"var(--ast-global-color-5)","background-image":"","background-repeat":"repeat","background-position":"center center","background-size":"auto","background-attachment":"scroll","background-type":"","background-media":"","overlay-type":"","overlay-color":"","overlay-opacity":"","overlay-gradient":""},"tablet":{"background-color":"var(--ast-global-color-5)","background-image":"","background-repeat":"repeat","background-position":"center center","background-size":"auto","background-attachment":"scroll","background-type":"","background-media":"","overlay-type":"","overlay-color":"","overlay-opacity":"","overlay-gradient":""},"mobile":{"background-color":"var(--ast-global-color-5)","background-image":"","background-repeat":"repeat","background-position":"center center","background-size":"auto","background-attachment":"scroll","background-type":"","background-media":"","overlay-type":"","overlay-color":"","overlay-opacity":"","overlay-gradient":""}},"footnotes":""},"class_list":["post-25478","page","type-page","status-publish","hentry"],"post_mailing_queue_ids":[],"_links":{"self":[{"href":"https:\/\/projectes.xtec.cat\/pensament-computacional\/wp-json\/wp\/v2\/pages\/25478","targetHints":{"allow":["GET"]}}],"collection":[{"href":"https:\/\/projectes.xtec.cat\/pensament-computacional\/wp-json\/wp\/v2\/pages"}],"about":[{"href":"https:\/\/projectes.xtec.cat\/pensament-computacional\/wp-json\/wp\/v2\/types\/page"}],"author":[{"embeddable":true,"href":"https:\/\/projectes.xtec.cat\/pensament-computacional\/wp-json\/wp\/v2\/users\/4"}],"replies":[{"embeddable":true,"href":"https:\/\/projectes.xtec.cat\/pensament-computacional\/wp-json\/wp\/v2\/comments?post=25478"}],"version-history":[{"count":6,"href":"https:\/\/projectes.xtec.cat\/pensament-computacional\/wp-json\/wp\/v2\/pages\/25478\/revisions"}],"predecessor-version":[{"id":29719,"href":"https:\/\/projectes.xtec.cat\/pensament-computacional\/wp-json\/wp\/v2\/pages\/25478\/revisions\/29719"}],"wp:attachment":[{"href":"https:\/\/projectes.xtec.cat\/pensament-computacional\/wp-json\/wp\/v2\/media?parent=25478"}],"curies":[{"name":"wp","href":"https:\/\/api.w.org\/{rel}","templated":true}]}}