{"id":25484,"date":"2022-07-19T14:32:53","date_gmt":"2022-07-19T12:32:53","guid":{"rendered":"https:\/\/projectes.xtec.cat\/pensament-computacional\/\/?page_id=25484"},"modified":"2022-07-19T14:33:36","modified_gmt":"2022-07-19T12:33:36","slug":"true-true","status":"publish","type":"page","link":"https:\/\/projectes.xtec.cat\/pensament-computacional\/robotica_antiga\/true-true\/","title":{"rendered":"True True"},"content":{"rendered":"<p><span style=\"font-weight: 400;\">True True \u00e9s un robot que permet realitzar diferents activitats de programaci\u00f3 amb ordinador i sense, i tamb\u00e9 a partir de <a href=\"https:\/\/www.truetrue.es\/recursos.html\">diverses aplicacions<\/a> per a dispositius m\u00f2bils, disponibles per a iOS i Android.\u00a0<\/span><\/p>\n<p><img loading=\"lazy\" decoding=\"async\" class=\"wp-image-25485 aligncenter\" src=\"https:\/\/projectes.xtec.cat\/pensament-computacional\/\/wp-content\/uploads\/usu2217\/2022\/07\/truetrue.jpg\" alt=\"\" width=\"269\" height=\"275\" srcset=\"https:\/\/projectes.xtec.cat\/pensament-computacional\/wp-content\/uploads\/usu2217\/2022\/07\/truetrue.jpg 714w, https:\/\/projectes.xtec.cat\/pensament-computacional\/wp-content\/uploads\/usu2217\/2022\/07\/truetrue-293x300.jpg 293w\" sizes=\"auto, (max-width: 269px) 100vw, 269px\" \/><\/p>\n<p><span style=\"font-weight: 400;\">Funciona mitjan\u00e7ant targetes d&#8217;instruccions, i tamb\u00e9, mitjan\u00e7ant el sensor de moviment. Consta d&#8217;un seguidor de l\u00ednies interactiu. T\u00e9 l&#8217;opci\u00f3 de programar-ho amb Scratch.\u00a0<\/span><\/p>\n<p>S&#8217;ofereixen diferents<a href=\"https:\/\/www.truetrue.es\/recursos.html\"> recursos<\/a>, entre ells, un <span style=\"font-size: 16px;\">quadern d&#8217;activitats en castell\u00e0, circuits o plantilles per fer les teves pr\u00f2pies targetes de programaci\u00f3.\u00a0\u00a0<\/span><\/p>\n<p>&nbsp;<\/p>\n<p style=\"text-align: center;\"><iframe loading=\"lazy\" title=\"YouTube video player\" src=\"\/\/www.youtube.com\/embed\/F__Gtxawo8s\" width=\"560\" height=\"315\" frameborder=\"0\" allowfullscreen=\"allowfullscreen\"><\/iframe><\/p>\n","protected":false},"excerpt":{"rendered":"<p>True True \u00e9s un robot que permet realitzar diferents activitats de programaci\u00f3 amb ordinador i sense, i tamb\u00e9 a partir de diverses aplicacions per a dispositius m\u00f2bils, disponibles per a iOS i Android.\u00a0 Funciona mitjan\u00e7ant targetes d&#8217;instruccions, i tamb\u00e9, mitjan\u00e7ant el sensor de moviment. Consta d&#8217;un seguidor de l\u00ednies interactiu. T\u00e9 l&#8217;opci\u00f3 de programar-ho amb [&hellip;]<\/p>\n","protected":false},"author":4,"featured_media":0,"parent":24495,"menu_order":0,"comment_status":"closed","ping_status":"closed","template":"","meta":{"_bbp_topic_count":0,"_bbp_reply_count":0,"_bbp_total_topic_count":0,"_bbp_total_reply_count":0,"_bbp_voice_count":0,"_bbp_anonymous_reply_count":0,"_bbp_topic_count_hidden":0,"_bbp_reply_count_hidden":0,"_bbp_forum_subforum_count":0,"site-sidebar-layout":"no-sidebar","site-content-layout":"content-boxed-container","ast-site-content-layout":"","site-content-style":"default","site-sidebar-style":"default","ast-global-header-display":"","ast-banner-title-visibility":"","ast-main-header-display":"","ast-hfb-above-header-display":"","ast-hfb-below-header-display":"","ast-hfb-mobile-header-display":"","site-post-title":"","ast-breadcrumbs-content":"","ast-featured-img":"","footer-sml-layout":"disabled","theme-transparent-header-meta":"default","adv-header-id-meta":"","stick-header-meta":"default","header-above-stick-meta":"","header-main-stick-meta":"","header-below-stick-meta":"","astra-migrate-meta-layouts":"default","ast-page-background-enabled":"default","ast-page-background-meta":{"desktop":{"background-color":"","background-image":"","background-repeat":"repeat","background-position":"center center","background-size":"auto","background-attachment":"scroll","background-type":"","background-media":"","overlay-type":"","overlay-color":"","overlay-opacity":"","overlay-gradient":""},"tablet":{"background-color":"","background-image":"","background-repeat":"repeat","background-position":"center center","background-size":"auto","background-attachment":"scroll","background-type":"","background-media":"","overlay-type":"","overlay-color":"","overlay-opacity":"","overlay-gradient":""},"mobile":{"background-color":"","background-image":"","background-repeat":"repeat","background-position":"center center","background-size":"auto","background-attachment":"scroll","background-type":"","background-media":"","overlay-type":"","overlay-color":"","overlay-opacity":"","overlay-gradient":""}},"ast-content-background-meta":{"desktop":{"background-color":"var(--ast-global-color-5)","background-image":"","background-repeat":"repeat","background-position":"center center","background-size":"auto","background-attachment":"scroll","background-type":"","background-media":"","overlay-type":"","overlay-color":"","overlay-opacity":"","overlay-gradient":""},"tablet":{"background-color":"var(--ast-global-color-5)","background-image":"","background-repeat":"repeat","background-position":"center center","background-size":"auto","background-attachment":"scroll","background-type":"","background-media":"","overlay-type":"","overlay-color":"","overlay-opacity":"","overlay-gradient":""},"mobile":{"background-color":"var(--ast-global-color-5)","background-image":"","background-repeat":"repeat","background-position":"center center","background-size":"auto","background-attachment":"scroll","background-type":"","background-media":"","overlay-type":"","overlay-color":"","overlay-opacity":"","overlay-gradient":""}},"footnotes":""},"class_list":["post-25484","page","type-page","status-publish","hentry"],"post_mailing_queue_ids":[],"_links":{"self":[{"href":"https:\/\/projectes.xtec.cat\/pensament-computacional\/wp-json\/wp\/v2\/pages\/25484","targetHints":{"allow":["GET"]}}],"collection":[{"href":"https:\/\/projectes.xtec.cat\/pensament-computacional\/wp-json\/wp\/v2\/pages"}],"about":[{"href":"https:\/\/projectes.xtec.cat\/pensament-computacional\/wp-json\/wp\/v2\/types\/page"}],"author":[{"embeddable":true,"href":"https:\/\/projectes.xtec.cat\/pensament-computacional\/wp-json\/wp\/v2\/users\/4"}],"replies":[{"embeddable":true,"href":"https:\/\/projectes.xtec.cat\/pensament-computacional\/wp-json\/wp\/v2\/comments?post=25484"}],"version-history":[{"count":3,"href":"https:\/\/projectes.xtec.cat\/pensament-computacional\/wp-json\/wp\/v2\/pages\/25484\/revisions"}],"predecessor-version":[{"id":25490,"href":"https:\/\/projectes.xtec.cat\/pensament-computacional\/wp-json\/wp\/v2\/pages\/25484\/revisions\/25490"}],"up":[{"embeddable":true,"href":"https:\/\/projectes.xtec.cat\/pensament-computacional\/wp-json\/wp\/v2\/pages\/24495"}],"wp:attachment":[{"href":"https:\/\/projectes.xtec.cat\/pensament-computacional\/wp-json\/wp\/v2\/media?parent=25484"}],"curies":[{"name":"wp","href":"https:\/\/api.w.org\/{rel}","templated":true}]}}