{"id":25514,"date":"2022-07-21T11:01:57","date_gmt":"2022-07-21T09:01:57","guid":{"rendered":"https:\/\/projectes.xtec.cat\/pensament-computacional\/\/?page_id=25514"},"modified":"2023-11-02T15:52:06","modified_gmt":"2023-11-02T14:52:06","slug":"lego-spike","status":"publish","type":"page","link":"https:\/\/projectes.xtec.cat\/pensament-computacional\/lego-spike\/","title":{"rendered":"Lego Spike Prime"},"content":{"rendered":"\n<div class=\"wp-block-columns is-layout-flex wp-container-core-columns-is-layout-1 wp-block-columns-is-layout-flex\">\n<div class=\"wp-block-column is-layout-flow wp-block-column-is-layout-flow\" style=\"flex-basis:60%\">\n<p><span style=\"font-weight: 400;\">Lego Spike Prime \u00e9s un conjunt de peces de construcci\u00f3 i maquinari intel\u00b7ligent per dur a terme projectes STEAM de nivell avan\u00e7at. <\/span><\/p>\n\n\n\n<div class=\"wp-block-image\"><figure class=\"aligncenter size-large is-resized\"><a href=\"https:\/\/projectes.xtec.cat\/pensament-computacional\/wp-content\/uploads\/usu2217\/2023\/09\/lsp.png\"><img loading=\"lazy\" decoding=\"async\" src=\"https:\/\/projectes.xtec.cat\/pensament-computacional\/wp-content\/uploads\/usu2217\/2023\/09\/lsp.png\" alt=\"\" class=\"wp-image-28666\" width=\"511\" height=\"385\" srcset=\"https:\/\/projectes.xtec.cat\/pensament-computacional\/wp-content\/uploads\/usu2217\/2023\/09\/lsp.png 699w, https:\/\/projectes.xtec.cat\/pensament-computacional\/wp-content\/uploads\/usu2217\/2023\/09\/lsp-300x227.png 300w\" sizes=\"auto, (max-width: 511px) 100vw, 511px\" \/><\/a><\/figure><\/div>\n<\/div>\n\n\n\n<div class=\"wp-block-column is-layout-flow wp-block-column-is-layout-flow\" style=\"flex-basis:40%\">\n<div class=\"wp-block-getwid-section caixa\"><div class=\"wp-block-getwid-section__wrapper getwid-padding-left-medium\" style=\"margin-left:0px;padding-bottom:1px\"><div class=\"wp-block-getwid-section__inner-wrapper\"><div class=\"wp-block-getwid-section__background-holder\"><div class=\"wp-block-getwid-section__background has-background\" style=\"background-color:#f5e6e6\"><\/div><div class=\"wp-block-getwid-section__foreground\"><\/div><\/div><div class=\"wp-block-getwid-section__content\"><div class=\"wp-block-getwid-section__inner-content\">\n<p><strong>Nivell educatiu recomanat:<\/strong>&nbsp;<\/p>\n\n\n\n<p>CM, CS, 1r-2n ESO<\/p>\n\n\n\n<p><strong>Sistemes operatius:&nbsp;<\/strong><img decoding=\"async\" width=\"18px;\" height=\"18px;\" src=\"https:\/\/lh6.googleusercontent.com\/_TwSzvJ5tWvysG98g5mJM2m7N-o_l2Fw-fO6UB54igzpvYbYI1oz2wFToYvM3q0-xsw2GOOulGVYDPW4UyHNNgEcEguhSzb5IF3HdD4UEiyMfUhAqn2xMJjSTz3kC5gCTAUctqERq26-9pLxT6WtlZrAqQ=nw\"> <img decoding=\"async\" width=\"16px;\" height=\"16px;\" src=\"https:\/\/lh3.googleusercontent.com\/Ma82aSA8su3SM7Og4YvmjwxfFChIpFsJ52J0SGeZB5Jk5mP1oGM4HHLaBbk1i5u0c-9GbW4zWhfugxtYLbmF3xpbWUWap4RSFQiFqz6w9vYGtXcJDinANcdLnR6dODxafaW3bcXKRrZn60txp8sSfSb-OQ=nw\"><img decoding=\"async\" width=\"18px;\" height=\"20px;\" src=\"https:\/\/lh3.googleusercontent.com\/ZJwDTCou75cr5OG4ixFLIDvHRv3aFx5cydOqLCFnHV-Z151MnRkbKdLMQAag5J0PiNff6FNc0RKEdHK01SpExbXjs0KVd2RMg26QBehcNNilZpdBLwP7TW0KMReKuTIy9d78sb_mFKMAHPymq-7faywrAw=nw\"><img decoding=\"async\" width=\"18px;\" height=\"18px;\" src=\"https:\/\/lh4.googleusercontent.com\/xvFwI7lL23B_CqRqxAGf3_Wpa1l-mGr33KiMIh3unya73znr5rUF3JRJkfQ4ygnKQo6GBxNP-ocWLQ2B3xRctNKAErCNc-WUFOAApUSmN4BAnwMutj75I4EXA2Lya3SmS0n7i16mL-8OoaCW3_CcImN1Jg=nw\"><img decoding=\"async\" width=\"16px;\" height=\"16px;\" src=\"https:\/\/lh5.googleusercontent.com\/AvK8m7WNPWaku4DZvfw30oG8yfcgN1ZmfxB-7Vd4HyZ6QBgq2mW5DC965cU3iXoTNWz2D-EZVITBQ8MHw8WavLOhpVwmOK-DhFxuugKFVw8-tmhM1G1kp-iZYydfCQnoV1MMs6qxjHCSi7LzWn28weczCw=nw\"><img decoding=\"async\" width=\"42px;\" height=\"10px;\" src=\"https:\/\/lh6.googleusercontent.com\/5h1nBvvW0YRVs1RLTWyd4_H2nXHXTI1MkR0yHIugMTi0nEZSTCqEFK41Lrvc467M4Vdec4N7UEy7h4tdXue0kLhVTvfyoPyLbZFLi8NKsEkRdHCZKeS8JDHFU33HZrk6rTGN9ikT7E1Mq7DLpZgQzvH_pA=nw\"><\/p>\n\n\n\n<p><strong>Dispositius:<\/strong>&nbsp;<img decoding=\"async\" width=\"38px;\" height=\"38px;\" src=\"https:\/\/lh3.googleusercontent.com\/IYfLqF4__qSl87iw_i_1EuZs3_vuVRCu8PJ62FMJnrf8wzv7OxZYj3MHALlGBrT3AzEnG0xFHpr3zWXiGuLRrVGCcT8iB3Al2Fn4UaqF8YAVnzmcOy4KpA_IkCSck4Nv1x0vfwodl-edpzSTskXmPlb4-g=nw\"><img decoding=\"async\" width=\"28px;\" height=\"28px;\" src=\"https:\/\/lh4.googleusercontent.com\/F5lclElO9Y3WyW7nMp9f5XtDFrSRmhPO-t4l1WjnZEemqlMQQuarD2GNpKB-gl85oUB0h2g5ceD00refMPl6HndMZfDH0awmk0k544xXS_2er1XjfB7uaGqFSZb5xLVDpEAoH37FKj_QbswmKNlXt0inPg=nw\"><img decoding=\"async\" width=\"18px;\" height=\"18px;\" src=\"https:\/\/lh4.googleusercontent.com\/0gfYv0v4NgZlLOh9UKv8cay6Ub-4LW76y0Fw-HzzhcYRsrOgOoE4KgzZHWUeiUoMFhL3EkXTfwPWkV89E3dX9xn5NokYOmlYf1BnmLAInAdgBu0kXMoNUQT8kvNLVG9A8Z70EF4sdolNdKW62VdE5h-dWg=nw\"><\/p>\n\n\n\n<p><strong>Connectivitat:<\/strong>&nbsp;<img decoding=\"async\" width=\"28px;\" height=\"28px;\" src=\"https:\/\/lh5.googleusercontent.com\/XNIaVlEngvEBI2-L013n2r432FJrD6Wdtxkfz7Qt2GMfQ4GFH3ZD78xanEi5V6VopvFTnspKuYEwwqcwcJRN7S2yDF8vs0D7XuljEy2PIgKKakXanSV1TItY0iwvhFRMxuDPAR7xedeDWqPdeDbhCyN45w=nw\">&nbsp;<img decoding=\"async\" width=\"36px;\" height=\"36px;\" src=\"https:\/\/lh6.googleusercontent.com\/tnvnvQo5ifWOg2r9LlMXy4kvBDcZQkc-C5q-2SprJoypCyQzmFAi754kgR5YJ44w778M8dpclQN6nm_M4OdkLfsntMPJdwTwOxbFYifm9-GZ8ANg7FzKcOFxu-6viclzrz5hBINDgRusGWvYRAfAtMCVcw=nw\"><\/p>\n<\/div><\/div><\/div><\/div><\/div>\n<\/div>\n<\/div>\n\n\n\n<p><span style=\"font-weight: 400;\">\u00c9s recomanable utilitzar-lo a Cicle Superior i \u00e9s programable per blocs a trav\u00e9s d&#8217;una <a rel=\"noreferrer noopener\" href=\"https:\/\/education.lego.com\/es-es\/downloads\/spike-app\/software\/\" target=\"_blank\">App de programaci\u00f3<\/a>.<\/span> <span style=\"font-weight: 400;\">El kit cont\u00e9 sensors i actuadors: Matriu de llum, giroscopi, altaveu, motors, sensor de dist\u00e0ncia, color, for\u00e7a&#8230; Es connecta mitjan\u00e7ant <em>Bluetooth.<\/em><\/span><\/p>\n\n\n\n<div class=\"wp-block-columns is-layout-flex wp-container-core-columns-is-layout-2 wp-block-columns-is-layout-flex\">\n<div class=\"wp-block-column is-layout-flow wp-block-column-is-layout-flow\" style=\"flex-basis:25%\"><\/div>\n\n\n\n<div class=\"wp-block-column is-layout-flow wp-block-column-is-layout-flow\" style=\"flex-basis:75%\">\n<figure class=\"wp-block-embed is-type-video is-provider-youtube wp-block-embed-youtube wp-embed-aspect-16-9 wp-has-aspect-ratio\"><div class=\"wp-block-embed__wrapper\">\n<div class=\"ast-oembed-container \" style=\"height: 100%;\"><iframe loading=\"lazy\" title=\"LEGO\u00ae Education SPIKE\u2122 Prime Set\" width=\"500\" height=\"281\" src=\"https:\/\/www.youtube.com\/embed\/q6bzjeDOjeY?feature=oembed\" frameborder=\"0\" allow=\"accelerometer; autoplay; clipboard-write; encrypted-media; gyroscope; picture-in-picture; web-share\" referrerpolicy=\"strict-origin-when-cross-origin\" allowfullscreen><\/iframe><\/div>\n<\/div><\/figure>\n<\/div>\n\n\n\n<div class=\"wp-block-column is-layout-flow wp-block-column-is-layout-flow\" style=\"flex-basis:25%\"><\/div>\n<\/div>\n\n\n\n<div class=\"wp-block-getwid-section alignfull alignfull\"><div class=\"wp-block-getwid-section__wrapper\"><div class=\"wp-block-getwid-section__inner-wrapper\"><div class=\"wp-block-getwid-section__background-holder\"><div class=\"wp-block-getwid-section__background has-background has-ast-global-color-6-background-color\"><\/div><div class=\"wp-block-getwid-section__foreground\"><\/div><\/div><div class=\"wp-block-getwid-section__content\"><div class=\"wp-block-getwid-section__inner-content\">\n<p><strong>Recursos:<\/strong><\/p>\n\n\n\n<ul class=\"wp-block-list\"><li>\ud83d\udcf1 <a href=\"https:\/\/play.google.com\/store\/apps\/details?id=com.lego.education.spikenext\">App Lego SPIKE Android.<\/a> <\/li><li>\ud83d\udcf1 <a href=\"https:\/\/apps.apple.com\/us\/app\/spike-lego-education\/id6443545905\">App Lego SPIKE iOS<\/a>.<\/li><li>\ud83d\udcbb <a href=\"https:\/\/play.google.com\/store\/apps\/details?id=com.lego.education.spikenext\">https:\/\/spike.legoeducation.com<\/a>.<\/li><li><a rel=\"noreferrer noopener\" href=\"https:\/\/education.lego.com\/es-es\/lessons\/\" target=\"_blank\">Unitats did\u00e0ctiques<\/a> de Lego Education (en castell\u00e0).<\/li><\/ul>\n<\/div><\/div><\/div><\/div><\/div>\n","protected":false},"excerpt":{"rendered":"<p>Lego Spike Prime \u00e9s un conjunt de peces de construcci\u00f3 i maquinari intel\u00b7ligent per dur a terme projectes STEAM de nivell avan\u00e7at. \u00c9s recomanable utilitzar-lo a Cicle Superior i \u00e9s programable per blocs a trav\u00e9s d&#8217;una App de programaci\u00f3. El kit cont\u00e9 sensors i actuadors: Matriu de llum, giroscopi, altaveu, motors, sensor de dist\u00e0ncia, color, [&hellip;]<\/p>\n","protected":false},"author":4,"featured_media":0,"parent":0,"menu_order":100,"comment_status":"closed","ping_status":"closed","template":"","meta":{"_bbp_topic_count":0,"_bbp_reply_count":0,"_bbp_total_topic_count":0,"_bbp_total_reply_count":0,"_bbp_voice_count":0,"_bbp_anonymous_reply_count":0,"_bbp_topic_count_hidden":0,"_bbp_reply_count_hidden":0,"_bbp_forum_subforum_count":0,"site-sidebar-layout":"no-sidebar","site-content-layout":"content-boxed-container","ast-site-content-layout":"","site-content-style":"default","site-sidebar-style":"default","ast-global-header-display":"","ast-banner-title-visibility":"","ast-main-header-display":"","ast-hfb-above-header-display":"","ast-hfb-below-header-display":"","ast-hfb-mobile-header-display":"","site-post-title":"","ast-breadcrumbs-content":"","ast-featured-img":"","footer-sml-layout":"disabled","theme-transparent-header-meta":"default","adv-header-id-meta":"","stick-header-meta":"default","header-above-stick-meta":"","header-main-stick-meta":"","header-below-stick-meta":"","astra-migrate-meta-layouts":"default","ast-page-background-enabled":"default","ast-page-background-meta":{"desktop":{"background-color":"","background-image":"","background-repeat":"repeat","background-position":"center center","background-size":"auto","background-attachment":"scroll","background-type":"","background-media":"","overlay-type":"","overlay-color":"","overlay-opacity":"","overlay-gradient":""},"tablet":{"background-color":"","background-image":"","background-repeat":"repeat","background-position":"center center","background-size":"auto","background-attachment":"scroll","background-type":"","background-media":"","overlay-type":"","overlay-color":"","overlay-opacity":"","overlay-gradient":""},"mobile":{"background-color":"","background-image":"","background-repeat":"repeat","background-position":"center center","background-size":"auto","background-attachment":"scroll","background-type":"","background-media":"","overlay-type":"","overlay-color":"","overlay-opacity":"","overlay-gradient":""}},"ast-content-background-meta":{"desktop":{"background-color":"var(--ast-global-color-5)","background-image":"","background-repeat":"repeat","background-position":"center center","background-size":"auto","background-attachment":"scroll","background-type":"","background-media":"","overlay-type":"","overlay-color":"","overlay-opacity":"","overlay-gradient":""},"tablet":{"background-color":"var(--ast-global-color-5)","background-image":"","background-repeat":"repeat","background-position":"center center","background-size":"auto","background-attachment":"scroll","background-type":"","background-media":"","overlay-type":"","overlay-color":"","overlay-opacity":"","overlay-gradient":""},"mobile":{"background-color":"var(--ast-global-color-5)","background-image":"","background-repeat":"repeat","background-position":"center center","background-size":"auto","background-attachment":"scroll","background-type":"","background-media":"","overlay-type":"","overlay-color":"","overlay-opacity":"","overlay-gradient":""}},"footnotes":""},"class_list":["post-25514","page","type-page","status-publish","hentry"],"post_mailing_queue_ids":[],"_links":{"self":[{"href":"https:\/\/projectes.xtec.cat\/pensament-computacional\/wp-json\/wp\/v2\/pages\/25514","targetHints":{"allow":["GET"]}}],"collection":[{"href":"https:\/\/projectes.xtec.cat\/pensament-computacional\/wp-json\/wp\/v2\/pages"}],"about":[{"href":"https:\/\/projectes.xtec.cat\/pensament-computacional\/wp-json\/wp\/v2\/types\/page"}],"author":[{"embeddable":true,"href":"https:\/\/projectes.xtec.cat\/pensament-computacional\/wp-json\/wp\/v2\/users\/4"}],"replies":[{"embeddable":true,"href":"https:\/\/projectes.xtec.cat\/pensament-computacional\/wp-json\/wp\/v2\/comments?post=25514"}],"version-history":[{"count":5,"href":"https:\/\/projectes.xtec.cat\/pensament-computacional\/wp-json\/wp\/v2\/pages\/25514\/revisions"}],"predecessor-version":[{"id":29705,"href":"https:\/\/projectes.xtec.cat\/pensament-computacional\/wp-json\/wp\/v2\/pages\/25514\/revisions\/29705"}],"wp:attachment":[{"href":"https:\/\/projectes.xtec.cat\/pensament-computacional\/wp-json\/wp\/v2\/media?parent=25514"}],"curies":[{"name":"wp","href":"https:\/\/api.w.org\/{rel}","templated":true}]}}