{"id":25523,"date":"2022-07-21T11:25:38","date_gmt":"2022-07-21T09:25:38","guid":{"rendered":"https:\/\/projectes.xtec.cat\/pensament-computacional\/\/?page_id=25523"},"modified":"2023-11-02T15:55:32","modified_gmt":"2023-11-02T14:55:32","slug":"placa-ed1","status":"publish","type":"page","link":"https:\/\/projectes.xtec.cat\/pensament-computacional\/placa-ed1\/","title":{"rendered":"Placa ED1"},"content":{"rendered":"\n<div class=\"wp-block-columns is-layout-flex wp-container-core-columns-is-layout-1 wp-block-columns-is-layout-flex\">\n<div class=\"wp-block-column is-layout-flow wp-block-column-is-layout-flow\" style=\"flex-basis:60%\">\n<p>La placa microcontroladora ED1 s\u2019ha dissenyat al <a rel=\"noreferrer noopener\" href=\"https:\/\/www.citilab.eu\/\" target=\"_blank\">Citilab<\/a> amb l\u2019objectiu de poder realitzar projectes educatius de rob\u00f2tica, electr\u00f2nica creativa, dom\u00f2tica i fins i tot Internet de les Coses (IoT), gr\u00e0cies a les opcions de connectivitat que incorpora.&nbsp; L&#8217;ED1 ha obtingut la certificaci\u00f3 CE.<\/p>\n\n\n\n<div class=\"wp-block-image\"><figure class=\"aligncenter size-large\"><a href=\"https:\/\/projectes.xtec.cat\/pensament-computacional\/wp-content\/uploads\/usu2217\/2023\/09\/ed1-1.jpg\"><img loading=\"lazy\" decoding=\"async\" width=\"277\" height=\"182\" src=\"https:\/\/projectes.xtec.cat\/pensament-computacional\/wp-content\/uploads\/usu2217\/2023\/09\/ed1-1.jpg\" alt=\"Placa ED1. Imatge extreta de https:\/\/market.citilab.eu\/ca\/\" class=\"wp-image-28785\"\/><\/a><\/figure><\/div>\n<\/div>\n\n\n\n<div class=\"wp-block-column is-layout-flow wp-block-column-is-layout-flow\" style=\"flex-basis:40%\">\n<div class=\"wp-block-getwid-section caixa\"><div class=\"wp-block-getwid-section__wrapper getwid-padding-left-medium\" style=\"margin-left:0px;padding-bottom:1px\"><div class=\"wp-block-getwid-section__inner-wrapper\"><div class=\"wp-block-getwid-section__background-holder\"><div class=\"wp-block-getwid-section__background has-background\" style=\"background-color:#f5e6e6\"><\/div><div class=\"wp-block-getwid-section__foreground\"><\/div><\/div><div class=\"wp-block-getwid-section__content\"><div class=\"wp-block-getwid-section__inner-content\">\n<p><strong>Nivell educatiu recomanat:<\/strong><\/p>\n\n\n\n<p>CM, CS, 1r a 4t ESO<\/p>\n\n\n\n<p><strong>Sistemes operatius:&nbsp;<\/strong><img decoding=\"async\" width=\"20px;\" height=\"20px;\" src=\"https:\/\/lh6.googleusercontent.com\/wASRt_7F9oFpdvWoii1NsEjaqp_FV8ubMHZfWbDxiA8ZaPpdfcSoimEjYJWKEnUHJvsBNj6fcmNimuKXhHHbgPAkdeY-GU6ezuIufJ4WutP4SZfy2ydztG1_eqoFURQGuJnp57UtHgs98qce52Z8bWSCzg=nw\"> <img decoding=\"async\" width=\"18px;\" height=\"18px;\" src=\"https:\/\/lh4.googleusercontent.com\/KqlrfWWdq6B6uzYnlHwbyZ4h0ljuvzlaQbUO-82kvrMaWx8Z2_E1nFCHUtMvhhl56i4FSmHaBkArwrXZj7mizi0QsqGrHPdoGgmoX7DIw6UB_PBDJCL-4YhRVaGr8y8EmRvLqc8mHod57J0-xJ3uV-Gueg=nw\"> <img decoding=\"async\" width=\"18px;\" height=\"20px;\" src=\"https:\/\/lh5.googleusercontent.com\/fW0LjM9wraqVjkB9Z5z7d3slMNw9WL0P7Pw26dxXqr-EpYVAHdrd2VEnOynIl-lUVb2M0XA2s6M_CK8Q0dIYOG4fY_5lfXqp3h1Oh8O4rSvUu3A1C_V5wlOZrS2QSwvr363OWcNFo7kr90Kpjd3Ml8Kl9g=nw\"> <img decoding=\"async\" width=\"38px;\" height=\"9px;\" src=\"https:\/\/lh5.googleusercontent.com\/oJboaZgG5G5cjdhrusX3KPwEunN0hIeIjbIhFHVbPAZVZnM4YEN-ooKo5DVgtE8Fg4iLJdK1FPpb1H-eQLy5txW5BCWZtxPUUhOT-ygmWOD5N3gtDwhj-ozgYhsQy2_dbKvV6YhZwTCo_3hi51j446fdow=nw\"><\/p>\n\n\n\n<p><strong>Dispositius:<\/strong>&nbsp;<img decoding=\"async\" width=\"38px;\" height=\"38px;\" src=\"https:\/\/lh3.googleusercontent.com\/IYfLqF4__qSl87iw_i_1EuZs3_vuVRCu8PJ62FMJnrf8wzv7OxZYj3MHALlGBrT3AzEnG0xFHpr3zWXiGuLRrVGCcT8iB3Al2Fn4UaqF8YAVnzmcOy4KpA_IkCSck4Nv1x0vfwodl-edpzSTskXmPlb4-g=nw\"><\/p>\n\n\n\n<p><strong>Connectivitat:<\/strong>&nbsp;<\/p>\n\n\n\n<p><img decoding=\"async\" width=\"28px;\" height=\"28px;\" src=\"https:\/\/lh4.googleusercontent.com\/63lCx88-tfJvGo3WYMVvg4wmiIH5zdQrHIDo2YLQb5yIEweBtvJiuKjA8CBsosPRQGZmtaF1MJmxLiDKJQRhWBO4ScrwYHFi_-T0OrOI7Qb1tw0105aTQcRf9JDodEDo4lWqpalKeB7ZiMzGUYGb_slaMw=nw\"> <img decoding=\"async\" width=\"28px;\" height=\"28px;\" src=\"https:\/\/lh5.googleusercontent.com\/XNIaVlEngvEBI2-L013n2r432FJrD6Wdtxkfz7Qt2GMfQ4GFH3ZD78xanEi5V6VopvFTnspKuYEwwqcwcJRN7S2yDF8vs0D7XuljEy2PIgKKakXanSV1TItY0iwvhFRMxuDPAR7xedeDWqPdeDbhCyN45w=nw\">&nbsp;<img decoding=\"async\" width=\"36px;\" height=\"36px;\" src=\"https:\/\/lh6.googleusercontent.com\/tnvnvQo5ifWOg2r9LlMXy4kvBDcZQkc-C5q-2SprJoypCyQzmFAi754kgR5YJ44w778M8dpclQN6nm_M4OdkLfsntMPJdwTwOxbFYifm9-GZ8ANg7FzKcOFxu-6viclzrz5hBINDgRusGWvYRAfAtMCVcw=nw\"><\/p>\n<\/div><\/div><\/div><\/div><\/div>\n<\/div>\n<\/div>\n\n\n\n<p>La programaci\u00f3 de la placa ED1 es fa amb <a href=\"https:\/\/microblocks.fun\/\">microBlocks<\/a>, un llenguatge de programaci\u00f3 visual per blocs semblant a Scratch, que funciona dins la placa i permet treballar tant en projectes interactius com aut\u00f2noms de forma transparent.<\/p>\n\n\n\n<div class=\"wp-block-columns is-layout-flex wp-container-core-columns-is-layout-2 wp-block-columns-is-layout-flex\">\n<div class=\"wp-block-column is-layout-flow wp-block-column-is-layout-flow\">\n<figure class=\"wp-block-image size-large\"><a href=\"https:\/\/projectes.xtec.cat\/pensament-computacional\/wp-content\/uploads\/usu2217\/2023\/09\/ED1-Front-CAT.png\"><img loading=\"lazy\" decoding=\"async\" width=\"960\" height=\"720\" src=\"https:\/\/projectes.xtec.cat\/pensament-computacional\/wp-content\/uploads\/usu2217\/2023\/09\/ED1-Front-CAT.png\" alt=\"Parts de la placa ED1, cara davantera, extreta de https:\/\/market.citilab.eu\/ca\/\" class=\"wp-image-28787\" srcset=\"https:\/\/projectes.xtec.cat\/pensament-computacional\/wp-content\/uploads\/usu2217\/2023\/09\/ED1-Front-CAT.png 960w, https:\/\/projectes.xtec.cat\/pensament-computacional\/wp-content\/uploads\/usu2217\/2023\/09\/ED1-Front-CAT-300x225.png 300w, https:\/\/projectes.xtec.cat\/pensament-computacional\/wp-content\/uploads\/usu2217\/2023\/09\/ED1-Front-CAT-768x576.png 768w\" sizes=\"auto, (max-width: 960px) 100vw, 960px\" \/><\/a><\/figure>\n<\/div>\n\n\n\n<div class=\"wp-block-column is-layout-flow wp-block-column-is-layout-flow\">\n<figure class=\"wp-block-image size-large\"><a href=\"https:\/\/projectes.xtec.cat\/pensament-computacional\/wp-content\/uploads\/usu2217\/2023\/09\/ED1-Back-CAT-1.png\"><img loading=\"lazy\" decoding=\"async\" width=\"960\" height=\"720\" src=\"https:\/\/projectes.xtec.cat\/pensament-computacional\/wp-content\/uploads\/usu2217\/2023\/09\/ED1-Back-CAT-1.png\" alt=\"Parts de la placa ED1, cara posterior, extreta de https:\/\/market.citilab.eu\/ca\/\" class=\"wp-image-28788\" srcset=\"https:\/\/projectes.xtec.cat\/pensament-computacional\/wp-content\/uploads\/usu2217\/2023\/09\/ED1-Back-CAT-1.png 960w, https:\/\/projectes.xtec.cat\/pensament-computacional\/wp-content\/uploads\/usu2217\/2023\/09\/ED1-Back-CAT-1-300x225.png 300w, https:\/\/projectes.xtec.cat\/pensament-computacional\/wp-content\/uploads\/usu2217\/2023\/09\/ED1-Back-CAT-1-768x576.png 768w\" sizes=\"auto, (max-width: 960px) 100vw, 960px\" \/><\/a><\/figure>\n<\/div>\n<\/div>\n\n\n\n<div class=\"wp-block-columns is-layout-flex wp-container-core-columns-is-layout-3 wp-block-columns-is-layout-flex\">\n<div class=\"wp-block-column is-layout-flow wp-block-column-is-layout-flow\" style=\"flex-basis:25%\"><\/div>\n\n\n\n<div class=\"wp-block-column is-layout-flow wp-block-column-is-layout-flow\" style=\"flex-basis:75%\">\n<figure class=\"wp-block-embed is-type-video is-provider-youtube wp-block-embed-youtube wp-embed-aspect-16-9 wp-has-aspect-ratio\"><div class=\"wp-block-embed__wrapper\">\n<div class=\"ast-oembed-container \" style=\"height: 100%;\"><iframe loading=\"lazy\" title=\"El nou xass\u00eds del robot Fant\u00e0stic del Citilab! - Projecte EduLab\" width=\"500\" height=\"281\" src=\"https:\/\/www.youtube.com\/embed\/ZGvE_8RV73w?feature=oembed\" frameborder=\"0\" allow=\"accelerometer; autoplay; clipboard-write; encrypted-media; gyroscope; picture-in-picture; web-share\" referrerpolicy=\"strict-origin-when-cross-origin\" allowfullscreen><\/iframe><\/div>\n<\/div><\/figure>\n<\/div>\n\n\n\n<div class=\"wp-block-column is-layout-flow wp-block-column-is-layout-flow\" style=\"flex-basis:25%\"><\/div>\n<\/div>\n\n\n\n<div class=\"wp-block-getwid-section alignfull alignfull\"><div class=\"wp-block-getwid-section__wrapper\"><div class=\"wp-block-getwid-section__inner-wrapper\"><div class=\"wp-block-getwid-section__background-holder\"><div class=\"wp-block-getwid-section__background has-background has-ast-global-color-6-background-color\"><\/div><div class=\"wp-block-getwid-section__foreground\"><\/div><\/div><div class=\"wp-block-getwid-section__content\"><div class=\"wp-block-getwid-section__inner-content\">\n<p><strong>Recursos:<\/strong><\/p>\n\n\n\n<ul class=\"wp-block-list\"><li>\u2b07\ufe0f\u200b <a href=\"https:\/\/www.silabs.com\/developers\/usb-to-uart-bridge-vcp-drivers\" target=\"_blank\" rel=\"noreferrer noopener\">Controlador CP210x<\/a>.<\/li><li>Materials del Citilab:<ul><li><a rel=\"noreferrer noopener\" href=\"https:\/\/market.citilab.eu\/ca\/installacio-de-microblocks\/\" target=\"_blank\">Posada en marxa de l&#8217;ED1<\/a>.<\/li><li><a rel=\"noreferrer noopener\" href=\"https:\/\/market.citilab.eu\/ca\/targetes\/\" target=\"_blank\">Comen\u00e7a a programar<\/a>.<\/li><li><a rel=\"noreferrer noopener\" href=\"https:\/\/market.citilab.eu\/ca\/exemples\/\" target=\"_blank\">Exemples d&#8217;activitats<\/a>.<\/li><\/ul><\/li><\/ul>\n<\/div><\/div><\/div><\/div><\/div>\n","protected":false},"excerpt":{"rendered":"<p>La placa microcontroladora ED1 s\u2019ha dissenyat al Citilab amb l\u2019objectiu de poder realitzar projectes educatius de rob\u00f2tica, electr\u00f2nica creativa, dom\u00f2tica i fins i tot Internet de les Coses (IoT), gr\u00e0cies a les opcions de connectivitat que incorpora.&nbsp; L&#8217;ED1 ha obtingut la certificaci\u00f3 CE. La programaci\u00f3 de la placa ED1 es fa amb microBlocks, un llenguatge [&hellip;]<\/p>\n","protected":false},"author":4,"featured_media":0,"parent":0,"menu_order":180,"comment_status":"closed","ping_status":"closed","template":"","meta":{"_bbp_topic_count":0,"_bbp_reply_count":0,"_bbp_total_topic_count":0,"_bbp_total_reply_count":0,"_bbp_voice_count":0,"_bbp_anonymous_reply_count":0,"_bbp_topic_count_hidden":0,"_bbp_reply_count_hidden":0,"_bbp_forum_subforum_count":0,"site-sidebar-layout":"no-sidebar","site-content-layout":"content-boxed-container","ast-site-content-layout":"","site-content-style":"default","site-sidebar-style":"default","ast-global-header-display":"","ast-banner-title-visibility":"","ast-main-header-display":"","ast-hfb-above-header-display":"","ast-hfb-below-header-display":"","ast-hfb-mobile-header-display":"","site-post-title":"","ast-breadcrumbs-content":"","ast-featured-img":"","footer-sml-layout":"disabled","theme-transparent-header-meta":"default","adv-header-id-meta":"","stick-header-meta":"default","header-above-stick-meta":"","header-main-stick-meta":"","header-below-stick-meta":"","astra-migrate-meta-layouts":"default","ast-page-background-enabled":"default","ast-page-background-meta":{"desktop":{"background-color":"","background-image":"","background-repeat":"repeat","background-position":"center center","background-size":"auto","background-attachment":"scroll","background-type":"","background-media":"","overlay-type":"","overlay-color":"","overlay-opacity":"","overlay-gradient":""},"tablet":{"background-color":"","background-image":"","background-repeat":"repeat","background-position":"center center","background-size":"auto","background-attachment":"scroll","background-type":"","background-media":"","overlay-type":"","overlay-color":"","overlay-opacity":"","overlay-gradient":""},"mobile":{"background-color":"","background-image":"","background-repeat":"repeat","background-position":"center center","background-size":"auto","background-attachment":"scroll","background-type":"","background-media":"","overlay-type":"","overlay-color":"","overlay-opacity":"","overlay-gradient":""}},"ast-content-background-meta":{"desktop":{"background-color":"var(--ast-global-color-5)","background-image":"","background-repeat":"repeat","background-position":"center center","background-size":"auto","background-attachment":"scroll","background-type":"","background-media":"","overlay-type":"","overlay-color":"","overlay-opacity":"","overlay-gradient":""},"tablet":{"background-color":"var(--ast-global-color-5)","background-image":"","background-repeat":"repeat","background-position":"center center","background-size":"auto","background-attachment":"scroll","background-type":"","background-media":"","overlay-type":"","overlay-color":"","overlay-opacity":"","overlay-gradient":""},"mobile":{"background-color":"var(--ast-global-color-5)","background-image":"","background-repeat":"repeat","background-position":"center center","background-size":"auto","background-attachment":"scroll","background-type":"","background-media":"","overlay-type":"","overlay-color":"","overlay-opacity":"","overlay-gradient":""}},"footnotes":""},"class_list":["post-25523","page","type-page","status-publish","hentry"],"post_mailing_queue_ids":[],"_links":{"self":[{"href":"https:\/\/projectes.xtec.cat\/pensament-computacional\/wp-json\/wp\/v2\/pages\/25523","targetHints":{"allow":["GET"]}}],"collection":[{"href":"https:\/\/projectes.xtec.cat\/pensament-computacional\/wp-json\/wp\/v2\/pages"}],"about":[{"href":"https:\/\/projectes.xtec.cat\/pensament-computacional\/wp-json\/wp\/v2\/types\/page"}],"author":[{"embeddable":true,"href":"https:\/\/projectes.xtec.cat\/pensament-computacional\/wp-json\/wp\/v2\/users\/4"}],"replies":[{"embeddable":true,"href":"https:\/\/projectes.xtec.cat\/pensament-computacional\/wp-json\/wp\/v2\/comments?post=25523"}],"version-history":[{"count":6,"href":"https:\/\/projectes.xtec.cat\/pensament-computacional\/wp-json\/wp\/v2\/pages\/25523\/revisions"}],"predecessor-version":[{"id":29714,"href":"https:\/\/projectes.xtec.cat\/pensament-computacional\/wp-json\/wp\/v2\/pages\/25523\/revisions\/29714"}],"wp:attachment":[{"href":"https:\/\/projectes.xtec.cat\/pensament-computacional\/wp-json\/wp\/v2\/media?parent=25523"}],"curies":[{"name":"wp","href":"https:\/\/api.w.org\/{rel}","templated":true}]}}