{"id":25527,"date":"2022-07-21T11:37:37","date_gmt":"2022-07-21T09:37:37","guid":{"rendered":"https:\/\/projectes.xtec.cat\/pensament-computacional\/\/?page_id=25527"},"modified":"2023-11-02T15:52:26","modified_gmt":"2023-11-02T14:52:26","slug":"placa-microbit","status":"publish","type":"page","link":"https:\/\/projectes.xtec.cat\/pensament-computacional\/microbit\/placa-microbit\/","title":{"rendered":"Placa micro:bit"},"content":{"rendered":"\n<div style=\"height:1px\" aria-hidden=\"true\" class=\"wp-block-spacer\"><\/div>\n\n\n\n<div class=\"wp-block-columns is-layout-flex wp-container-core-columns-is-layout-1 wp-block-columns-is-layout-flex\">\n<div class=\"wp-block-column is-layout-flow wp-block-column-is-layout-flow\" style=\"flex-basis:60%\">\n<p>La placa <a rel=\"noreferrer noopener\" href=\"https:\/\/microbit.org\/ca\/\" target=\"_blank\">micro:bit<\/a>, \u00e9s una petita placa programable de nom\u00e9s 4&#215;5 cm dissenyada perqu\u00e8 aprendre a programar sigui f\u00e0cil, divertit i a l&#8217;abast de tothom.<\/p>\n\n\n\n<div class=\"wp-block-image\"><figure class=\"aligncenter size-large is-resized\"><a href=\"https:\/\/projectes.xtec.cat\/pensament-computacional\/wp-content\/uploads\/usu2217\/2023\/09\/microbit-removebg-preview.png\"><img loading=\"lazy\" decoding=\"async\" src=\"https:\/\/projectes.xtec.cat\/pensament-computacional\/wp-content\/uploads\/usu2217\/2023\/09\/microbit-removebg-preview.png\" alt=\"\" class=\"wp-image-28579\" width=\"313\" height=\"230\" srcset=\"https:\/\/projectes.xtec.cat\/pensament-computacional\/wp-content\/uploads\/usu2217\/2023\/09\/microbit-removebg-preview.png 583w, https:\/\/projectes.xtec.cat\/pensament-computacional\/wp-content\/uploads\/usu2217\/2023\/09\/microbit-removebg-preview-300x220.png 300w\" sizes=\"auto, (max-width: 313px) 100vw, 313px\" \/><\/a><\/figure><\/div>\n\n\n\n<p><\/p>\n<\/div>\n\n\n\n<div class=\"wp-block-column is-layout-flow wp-block-column-is-layout-flow\" style=\"flex-basis:40%\">\n<div class=\"wp-block-getwid-section caixa\"><div class=\"wp-block-getwid-section__wrapper getwid-padding-left-medium\" style=\"margin-left:0px;padding-bottom:1px\"><div class=\"wp-block-getwid-section__inner-wrapper\"><div class=\"wp-block-getwid-section__background-holder\"><div class=\"wp-block-getwid-section__background has-background\" style=\"background-color:#f5e6e6\"><\/div><div class=\"wp-block-getwid-section__foreground\"><\/div><\/div><div class=\"wp-block-getwid-section__content\"><div class=\"wp-block-getwid-section__inner-content\">\n<p><strong>Nivell educatiu recomanat:&nbsp;<\/strong><\/p>\n\n\n\n<p>CM, CS, 1r a 4t ESO<\/p>\n\n\n\n<p><strong>Sistemes operatius:&nbsp;<\/strong><\/p>\n\n\n\n<p><img decoding=\"async\" width=\"18px;\" height=\"18px;\" src=\"https:\/\/lh4.googleusercontent.com\/UWUbx893ya0bfU42c8M3kBwuvEjSzUYS3J00kHJ1FforDcoCPpAXGBGmz18bLb3YZm79d7BMq_f8cydOJ1zyj8v0_aLMPHQOaPdvBm4kSuCi42iDOQ_IUVRtlBHiw7oBZ8ChtcDjGuvU0GDSX3xe0Nql2Q=nw\"> <img decoding=\"async\" width=\"16px;\" height=\"16px;\" src=\"https:\/\/lh4.googleusercontent.com\/KqlrfWWdq6B6uzYnlHwbyZ4h0ljuvzlaQbUO-82kvrMaWx8Z2_E1nFCHUtMvhhl56i4FSmHaBkArwrXZj7mizi0QsqGrHPdoGgmoX7DIw6UB_PBDJCL-4YhRVaGr8y8EmRvLqc8mHod57J0-xJ3uV-Gueg=nw\"> <img decoding=\"async\" width=\"18px;\" height=\"20px;\" src=\"https:\/\/lh5.googleusercontent.com\/fW0LjM9wraqVjkB9Z5z7d3slMNw9WL0P7Pw26dxXqr-EpYVAHdrd2VEnOynIl-lUVb2M0XA2s6M_CK8Q0dIYOG4fY_5lfXqp3h1Oh8O4rSvUu3A1C_V5wlOZrS2QSwvr363OWcNFo7kr90Kpjd3Ml8Kl9g=nw\"> <img decoding=\"async\" width=\"18px;\" height=\"18px;\" src=\"https:\/\/lh5.googleusercontent.com\/o3tMaCgjt_UC7-5N5eQxxkKjZWS-6JM1mqa5wZiZ7aUMn2mGR3JcjnOET22c-eZwIBNeUXKXDlSkRbHuYCJ35BMw1bqGdyUcBDqyCyq3BZy2bS8PKXx8DgT2WymViUoRGnXLLksU6i6bYSdFwJccstoPLg=nw\"> <img decoding=\"async\" width=\"16px;\" height=\"16px;\" src=\"https:\/\/lh5.googleusercontent.com\/0-5ZlY-zm0cukLySVSLOwYHWymqWMgpS5dekCbLeASC5gnREwIWfzHu2z1dyBSe0p5dj2UeP3h1SGqQ3KHIkmWCFvuWifaGkAGegbdXbfpKi496Xb1qtP98WkoLUbL36MAapxKgYgjJ07SQHdTWbFen3cA=nw\"> <img decoding=\"async\" width=\"65px;\" height=\"16px;\" src=\"https:\/\/lh5.googleusercontent.com\/oJboaZgG5G5cjdhrusX3KPwEunN0hIeIjbIhFHVbPAZVZnM4YEN-ooKo5DVgtE8Fg4iLJdK1FPpb1H-eQLy5txW5BCWZtxPUUhOT-ygmWOD5N3gtDwhj-ozgYhsQy2_dbKvV6YhZwTCo_3hi51j446fdow=nw\"><\/p>\n\n\n\n<p><strong>Dispositius:<\/strong>&nbsp;<img decoding=\"async\" width=\"38px;\" height=\"38px;\" src=\"https:\/\/lh3.googleusercontent.com\/IYfLqF4__qSl87iw_i_1EuZs3_vuVRCu8PJ62FMJnrf8wzv7OxZYj3MHALlGBrT3AzEnG0xFHpr3zWXiGuLRrVGCcT8iB3Al2Fn4UaqF8YAVnzmcOy4KpA_IkCSck4Nv1x0vfwodl-edpzSTskXmPlb4-g=nw\"><img decoding=\"async\" width=\"28px;\" height=\"28px;\" src=\"https:\/\/lh4.googleusercontent.com\/F5lclElO9Y3WyW7nMp9f5XtDFrSRmhPO-t4l1WjnZEemqlMQQuarD2GNpKB-gl85oUB0h2g5ceD00refMPl6HndMZfDH0awmk0k544xXS_2er1XjfB7uaGqFSZb5xLVDpEAoH37FKj_QbswmKNlXt0inPg=nw\"><img decoding=\"async\" width=\"18px;\" height=\"18px;\" src=\"https:\/\/lh4.googleusercontent.com\/0gfYv0v4NgZlLOh9UKv8cay6Ub-4LW76y0Fw-HzzhcYRsrOgOoE4KgzZHWUeiUoMFhL3EkXTfwPWkV89E3dX9xn5NokYOmlYf1BnmLAInAdgBu0kXMoNUQT8kvNLVG9A8Z70EF4sdolNdKW62VdE5h-dWg=nw\"><\/p>\n\n\n\n<p><strong>Connectivitat:<\/strong>&nbsp;<img decoding=\"async\" width=\"28px;\" height=\"28px;\" src=\"https:\/\/lh5.googleusercontent.com\/XNIaVlEngvEBI2-L013n2r432FJrD6Wdtxkfz7Qt2GMfQ4GFH3ZD78xanEi5V6VopvFTnspKuYEwwqcwcJRN7S2yDF8vs0D7XuljEy2PIgKKakXanSV1TItY0iwvhFRMxuDPAR7xedeDWqPdeDbhCyN45w=nw\">&nbsp;<img decoding=\"async\" width=\"36px;\" height=\"36px;\" src=\"https:\/\/lh6.googleusercontent.com\/tnvnvQo5ifWOg2r9LlMXy4kvBDcZQkc-C5q-2SprJoypCyQzmFAi754kgR5YJ44w778M8dpclQN6nm_M4OdkLfsntMPJdwTwOxbFYifm9-GZ8ANg7FzKcOFxu-6viclzrz5hBINDgRusGWvYRAfAtMCVcw=nw\"><\/p>\n<\/div><\/div><\/div><\/div><\/div>\n<\/div>\n<\/div>\n\n\n\n<p>T\u00e9 un entorn de programaci\u00f3 gr\u00e0fic propi: <a rel=\"noreferrer noopener\" href=\"https:\/\/makecode.microbit.org\/\" target=\"_blank\">MakeCode<\/a> de Microsoft, un senzill editor gr\u00e0fic en l\u00ednia molt potent. Tamb\u00e9 es pot programar amb JavaScript, Python i Scratch (afegint l&#8217;extensi\u00f3). Incorpora: <\/p>\n\n\n\n<ul class=\"wp-block-list\"><li>Una pantalla de 25 leds<\/li><li>Polsadors<\/li><li>Sensor de llum i de temperatura<\/li><li>Acceler\u00f2metre<\/li><li>Magnet\u00f2metre<\/li><li>Pins de connexi\u00f3 per a altres sensors o actuadors<\/li><li>Micr\u00f2fon i altaveu<\/li><\/ul>\n\n\n\n<p>Permet la connexi\u00f3 amb altres plaques micro:bit via r\u00e0dio.<\/p>\n\n\n\n<div class=\"wp-block-image\"><figure class=\"aligncenter size-large is-resized\"><a href=\"https:\/\/projectes.xtec.cat\/pensament-computacional\/wp-content\/uploads\/usu2217\/2023\/09\/microbit-parts.png\"><img loading=\"lazy\" decoding=\"async\" src=\"https:\/\/projectes.xtec.cat\/pensament-computacional\/wp-content\/uploads\/usu2217\/2023\/09\/microbit-parts-1024x438.png\" alt=\"\" class=\"wp-image-28706\" width=\"713\" height=\"304\" srcset=\"https:\/\/projectes.xtec.cat\/pensament-computacional\/wp-content\/uploads\/usu2217\/2023\/09\/microbit-parts-1024x438.png 1024w, https:\/\/projectes.xtec.cat\/pensament-computacional\/wp-content\/uploads\/usu2217\/2023\/09\/microbit-parts-300x128.png 300w, https:\/\/projectes.xtec.cat\/pensament-computacional\/wp-content\/uploads\/usu2217\/2023\/09\/microbit-parts-768x328.png 768w, https:\/\/projectes.xtec.cat\/pensament-computacional\/wp-content\/uploads\/usu2217\/2023\/09\/microbit-parts-1536x657.png 1536w, https:\/\/projectes.xtec.cat\/pensament-computacional\/wp-content\/uploads\/usu2217\/2023\/09\/microbit-parts.png 1682w\" sizes=\"auto, (max-width: 713px) 100vw, 713px\" \/><\/a><\/figure><\/div>\n\n\n\n<div class=\"wp-block-columns is-layout-flex wp-container-core-columns-is-layout-2 wp-block-columns-is-layout-flex\">\n<div class=\"wp-block-column is-layout-flow wp-block-column-is-layout-flow\" style=\"flex-basis:25%\"><\/div>\n\n\n\n<div class=\"wp-block-column is-layout-flow wp-block-column-is-layout-flow\" style=\"flex-basis:75%\">\n<figure class=\"wp-block-embed is-type-video is-provider-youtube wp-block-embed-youtube wp-embed-aspect-16-9 wp-has-aspect-ratio\"><div class=\"wp-block-embed__wrapper\">\n<div class=\"ast-oembed-container \" style=\"height: 100%;\"><iframe loading=\"lazy\" title=\"Meet the latest BBC micro:bit\" width=\"500\" height=\"281\" src=\"https:\/\/www.youtube.com\/embed\/pIUJ4kvJ_QU?feature=oembed\" frameborder=\"0\" allow=\"accelerometer; autoplay; clipboard-write; encrypted-media; gyroscope; picture-in-picture; web-share\" referrerpolicy=\"strict-origin-when-cross-origin\" allowfullscreen><\/iframe><\/div>\n<\/div><\/figure>\n<\/div>\n\n\n\n<div class=\"wp-block-column is-layout-flow wp-block-column-is-layout-flow\" style=\"flex-basis:25%\"><\/div>\n<\/div>\n\n\n\n<div class=\"wp-block-getwid-section alignfull alignfull\"><div class=\"wp-block-getwid-section__wrapper\"><div class=\"wp-block-getwid-section__inner-wrapper\"><div class=\"wp-block-getwid-section__background-holder\"><div class=\"wp-block-getwid-section__background has-background has-ast-global-color-6-background-color\"><\/div><div class=\"wp-block-getwid-section__foreground\"><\/div><\/div><div class=\"wp-block-getwid-section__content\"><div class=\"wp-block-getwid-section__inner-content\">\n<p><strong>Recursos:<\/strong><\/p>\n\n\n\n<ul class=\"wp-block-list\"><li>\ud83d\udcf1 <a href=\"https:\/\/play.google.com\/store\/apps\/details?id=com.samsung.microbit\">App micro:bit Android.<\/a><\/li><li>\ud83d\udcf1 <a href=\"https:\/\/apps.apple.com\/us\/app\/micro-bit\/id1092687276\">App micro:bit iOS<\/a>.<\/li><li>\ud83d\udcbb <a href=\"https:\/\/makecode.microbit.org\/\/\">https:\/\/makecode.microbit.org<\/a>.<\/li><li><a rel=\"noreferrer noopener\" href=\"https:\/\/odissea.xtec.cat\/course\/view.php?id=189419\" target=\"_blank\">Macrokudi aprenent a programar amb micro:bit<\/a>.<\/li><li><a rel=\"noreferrer noopener\" href=\"https:\/\/educaciodigital.cat\/esc-llevant\/moodle\/course\/view.php?id=519\" target=\"_blank\">Explora amb la micro:bit (prim\u00e0ria)<\/a>.<\/li><li><a rel=\"noreferrer noopener\" href=\"https:\/\/educaciodigital.cat\/esc-llevant\/moodle\/course\/view.php?id=520\" target=\"_blank\">Explora amb la micro:bit (secund\u00e0ria)<\/a>.<\/li><li><a rel=\"noreferrer noopener\" href=\"https:\/\/projectes.xtec.cat\/pensament-computacional\/microbit\/materials-didactics-microbit\/\" target=\"_blank\">Materials did\u00e0ctics<\/a>.<\/li><li><a rel=\"noreferrer noopener\" href=\"https:\/\/microbit.org\/ca\/teach\/do-your-bit\/\" target=\"_blank\">Recursos de micro:bit.org<\/a>.<\/li><li><a rel=\"noreferrer noopener\" href=\"https:\/\/sites.google.com\/xtec.cat\/ic-microbit\/inici?authuser=0\" target=\"_blank\">Investigaci\u00f3 i creaci\u00f3 amb micro:bit (STEAMCat)<\/a>.<\/li><\/ul>\n<\/div><\/div><\/div><\/div><\/div>\n","protected":false},"excerpt":{"rendered":"<p>La placa micro:bit, \u00e9s una petita placa programable de nom\u00e9s 4&#215;5 cm dissenyada perqu\u00e8 aprendre a programar sigui f\u00e0cil, divertit i a l&#8217;abast de tothom. T\u00e9 un entorn de programaci\u00f3 gr\u00e0fic propi: MakeCode de Microsoft, un senzill editor gr\u00e0fic en l\u00ednia molt potent. Tamb\u00e9 es pot programar amb JavaScript, Python i Scratch (afegint l&#8217;extensi\u00f3). Incorpora: [&hellip;]<\/p>\n","protected":false},"author":4,"featured_media":0,"parent":8272,"menu_order":0,"comment_status":"closed","ping_status":"closed","template":"","meta":{"_bbp_topic_count":0,"_bbp_reply_count":0,"_bbp_total_topic_count":0,"_bbp_total_reply_count":0,"_bbp_voice_count":0,"_bbp_anonymous_reply_count":0,"_bbp_topic_count_hidden":0,"_bbp_reply_count_hidden":0,"_bbp_forum_subforum_count":0,"site-sidebar-layout":"no-sidebar","site-content-layout":"content-boxed-container","ast-site-content-layout":"","site-content-style":"default","site-sidebar-style":"default","ast-global-header-display":"","ast-banner-title-visibility":"","ast-main-header-display":"","ast-hfb-above-header-display":"","ast-hfb-below-header-display":"","ast-hfb-mobile-header-display":"","site-post-title":"","ast-breadcrumbs-content":"","ast-featured-img":"","footer-sml-layout":"disabled","theme-transparent-header-meta":"default","adv-header-id-meta":"","stick-header-meta":"default","header-above-stick-meta":"","header-main-stick-meta":"","header-below-stick-meta":"","astra-migrate-meta-layouts":"default","ast-page-background-enabled":"default","ast-page-background-meta":{"desktop":{"background-color":"","background-image":"","background-repeat":"repeat","background-position":"center center","background-size":"auto","background-attachment":"scroll","background-type":"","background-media":"","overlay-type":"","overlay-color":"","overlay-opacity":"","overlay-gradient":""},"tablet":{"background-color":"","background-image":"","background-repeat":"repeat","background-position":"center center","background-size":"auto","background-attachment":"scroll","background-type":"","background-media":"","overlay-type":"","overlay-color":"","overlay-opacity":"","overlay-gradient":""},"mobile":{"background-color":"","background-image":"","background-repeat":"repeat","background-position":"center center","background-size":"auto","background-attachment":"scroll","background-type":"","background-media":"","overlay-type":"","overlay-color":"","overlay-opacity":"","overlay-gradient":""}},"ast-content-background-meta":{"desktop":{"background-color":"var(--ast-global-color-5)","background-image":"","background-repeat":"repeat","background-position":"center center","background-size":"auto","background-attachment":"scroll","background-type":"","background-media":"","overlay-type":"","overlay-color":"","overlay-opacity":"","overlay-gradient":""},"tablet":{"background-color":"var(--ast-global-color-5)","background-image":"","background-repeat":"repeat","background-position":"center center","background-size":"auto","background-attachment":"scroll","background-type":"","background-media":"","overlay-type":"","overlay-color":"","overlay-opacity":"","overlay-gradient":""},"mobile":{"background-color":"var(--ast-global-color-5)","background-image":"","background-repeat":"repeat","background-position":"center center","background-size":"auto","background-attachment":"scroll","background-type":"","background-media":"","overlay-type":"","overlay-color":"","overlay-opacity":"","overlay-gradient":""}},"footnotes":""},"class_list":["post-25527","page","type-page","status-publish","hentry"],"post_mailing_queue_ids":[],"_links":{"self":[{"href":"https:\/\/projectes.xtec.cat\/pensament-computacional\/wp-json\/wp\/v2\/pages\/25527","targetHints":{"allow":["GET"]}}],"collection":[{"href":"https:\/\/projectes.xtec.cat\/pensament-computacional\/wp-json\/wp\/v2\/pages"}],"about":[{"href":"https:\/\/projectes.xtec.cat\/pensament-computacional\/wp-json\/wp\/v2\/types\/page"}],"author":[{"embeddable":true,"href":"https:\/\/projectes.xtec.cat\/pensament-computacional\/wp-json\/wp\/v2\/users\/4"}],"replies":[{"embeddable":true,"href":"https:\/\/projectes.xtec.cat\/pensament-computacional\/wp-json\/wp\/v2\/comments?post=25527"}],"version-history":[{"count":6,"href":"https:\/\/projectes.xtec.cat\/pensament-computacional\/wp-json\/wp\/v2\/pages\/25527\/revisions"}],"predecessor-version":[{"id":29706,"href":"https:\/\/projectes.xtec.cat\/pensament-computacional\/wp-json\/wp\/v2\/pages\/25527\/revisions\/29706"}],"up":[{"embeddable":true,"href":"https:\/\/projectes.xtec.cat\/pensament-computacional\/wp-json\/wp\/v2\/pages\/8272"}],"wp:attachment":[{"href":"https:\/\/projectes.xtec.cat\/pensament-computacional\/wp-json\/wp\/v2\/media?parent=25527"}],"curies":[{"name":"wp","href":"https:\/\/api.w.org\/{rel}","templated":true}]}}