{"id":26963,"date":"2022-09-28T14:33:55","date_gmt":"2022-09-28T12:33:55","guid":{"rendered":"https:\/\/projectes.xtec.cat\/pensament-computacional\/\/?page_id=26963"},"modified":"2022-09-28T14:34:21","modified_gmt":"2022-09-28T12:34:21","slug":"propostes-didactiques-microbit","status":"publish","type":"page","link":"https:\/\/projectes.xtec.cat\/pensament-computacional\/propostes-didactiques-microbit\/","title":{"rendered":"Propostes did\u00e0ctiques micro:bit"},"content":{"rendered":"<h3 class=\"entry-title\">Materials did\u00e0ctics: Cursos Moodle<\/h3>\n<p><!--\n\n\n<table style=\"width: 565px;\">\n\n\n<tbody>\n\n\n<tr>\n\n\n<td style=\"width: 249.75px;\"><a href=\"https:\/\/educaciodigital.cat\/esc-llevant\/moodle\/course\/view.php?id=519\">Explora amb la micro:bit (Prim\u00e0ria)<\/a><\/td>\n\n\n\n\n<td style=\"width: 307.583px;\"><a href=\"https:\/\/educaciodigital.cat\/esc-llevant\/moodle\/course\/view.php?id=520\">Explora amb la micro:bit (ESO)<\/a><\/td>\n\n\n<\/tr>\n\n\n<span data-mce-type=\"bookmark\" style=\"display: inline-block; width: 0px; overflow: hidden; line-height: 0;\" class=\"mce_SELRES_start\"><\/span><\/tbody>\n\n\n<\/table>\n\n\n--><\/p>\n<p>Aquests s\u00f3n els enlla\u00e7os:<\/p>\n<ul>\n<li>Prim\u00e0ria:\n<ul>\n<li><a href=\"https:\/\/alexandria.xtec.cat\/course\/view.php?id=1487\" target=\"_blank\" rel=\"noopener\">Curs &#8220;Explora amb la micro:bit&#8221;.<\/a><\/li>\n<li><a href=\"https:\/\/alexandria.xtec.cat\/mod\/data\/view.php?d=2&amp;rid=3398\" target=\"_blank\" rel=\"noopener\">Acc\u00e9s al backup del curs.<\/a><\/li>\n<\/ul>\n<\/li>\n<li>Secund\u00e0ria:\n<ul>\n<li><a href=\"https:\/\/alexandria.xtec.cat\/course\/view.php?id=1488\" target=\"_blank\" rel=\"noopener\">Curs &#8220;Explora amb la micro:bit.<\/a><\/li>\n<li><a href=\"https:\/\/alexandria.xtec.cat\/mod\/data\/view.php?d=2&amp;rid=3399\" target=\"_blank\" rel=\"noopener\">Acc\u00e9s al backup del curs.<\/a><\/li>\n<\/ul>\n<\/li>\n<\/ul>\n<p>Podeu veure una mostra dels reptes que podeu trobar als materials al seg\u00fcent v\u00eddeo:<\/p>\n<p><iframe loading=\"lazy\" title=\"YouTube video player\" src=\"https:\/\/www.youtube.com\/embed\/E7WwOW7xkZQ\" width=\"560\" height=\"315\" frameborder=\"0\" allowfullscreen=\"allowfullscreen\"><\/iframe><\/p>\n<div style=\"width: 100%;\">\n<div style=\"position: relative; padding-bottom: 56.25%; padding-top: 0; height: 0;\"><iframe loading=\"lazy\" style=\"position: absolute; top: 0; left: 0; width: 100%; height: 100%;\" src=\"https:\/\/view.genial.ly\/6285f1d0624a2a0011f39918\" width=\"1200px\" height=\"675px\" frameborder=\"0\" scrolling=\"yes\" allowfullscreen=\"allowfullscreen\" data-mce-fragment=\"1\"><\/iframe><\/div>\n<\/div>\n","protected":false},"excerpt":{"rendered":"<p>Materials did\u00e0ctics: Cursos Moodle Aquests s\u00f3n els enlla\u00e7os: Prim\u00e0ria: Curs &#8220;Explora amb la micro:bit&#8221;. Acc\u00e9s al backup del curs. Secund\u00e0ria: Curs &#8220;Explora amb la micro:bit. Acc\u00e9s al backup del curs. Podeu veure una mostra dels reptes que podeu trobar als materials al seg\u00fcent v\u00eddeo:<\/p>\n","protected":false},"author":5,"featured_media":0,"parent":0,"menu_order":0,"comment_status":"closed","ping_status":"closed","template":"","meta":{"_bbp_topic_count":0,"_bbp_reply_count":0,"_bbp_total_topic_count":0,"_bbp_total_reply_count":0,"_bbp_voice_count":0,"_bbp_anonymous_reply_count":0,"_bbp_topic_count_hidden":0,"_bbp_reply_count_hidden":0,"_bbp_forum_subforum_count":0,"site-sidebar-layout":"no-sidebar","site-content-layout":"plain-container","ast-site-content-layout":"","site-content-style":"default","site-sidebar-style":"default","ast-global-header-display":"","ast-banner-title-visibility":"","ast-main-header-display":"","ast-hfb-above-header-display":"","ast-hfb-below-header-display":"","ast-hfb-mobile-header-display":"","site-post-title":"","ast-breadcrumbs-content":"","ast-featured-img":"","footer-sml-layout":"","theme-transparent-header-meta":"default","adv-header-id-meta":"","stick-header-meta":"default","header-above-stick-meta":"","header-main-stick-meta":"","header-below-stick-meta":"","astra-migrate-meta-layouts":"default","ast-page-background-enabled":"default","ast-page-background-meta":{"desktop":{"background-color":"","background-image":"","background-repeat":"repeat","background-position":"center center","background-size":"auto","background-attachment":"scroll","background-type":"","background-media":"","overlay-type":"","overlay-color":"","overlay-opacity":"","overlay-gradient":""},"tablet":{"background-color":"","background-image":"","background-repeat":"repeat","background-position":"center center","background-size":"auto","background-attachment":"scroll","background-type":"","background-media":"","overlay-type":"","overlay-color":"","overlay-opacity":"","overlay-gradient":""},"mobile":{"background-color":"","background-image":"","background-repeat":"repeat","background-position":"center center","background-size":"auto","background-attachment":"scroll","background-type":"","background-media":"","overlay-type":"","overlay-color":"","overlay-opacity":"","overlay-gradient":""}},"ast-content-background-meta":{"desktop":{"background-color":"var(--ast-global-color-5)","background-image":"","background-repeat":"repeat","background-position":"center center","background-size":"auto","background-attachment":"scroll","background-type":"","background-media":"","overlay-type":"","overlay-color":"","overlay-opacity":"","overlay-gradient":""},"tablet":{"background-color":"var(--ast-global-color-5)","background-image":"","background-repeat":"repeat","background-position":"center center","background-size":"auto","background-attachment":"scroll","background-type":"","background-media":"","overlay-type":"","overlay-color":"","overlay-opacity":"","overlay-gradient":""},"mobile":{"background-color":"var(--ast-global-color-5)","background-image":"","background-repeat":"repeat","background-position":"center center","background-size":"auto","background-attachment":"scroll","background-type":"","background-media":"","overlay-type":"","overlay-color":"","overlay-opacity":"","overlay-gradient":""}},"footnotes":""},"class_list":["post-26963","page","type-page","status-publish","hentry"],"post_mailing_queue_ids":[],"_links":{"self":[{"href":"https:\/\/projectes.xtec.cat\/pensament-computacional\/wp-json\/wp\/v2\/pages\/26963","targetHints":{"allow":["GET"]}}],"collection":[{"href":"https:\/\/projectes.xtec.cat\/pensament-computacional\/wp-json\/wp\/v2\/pages"}],"about":[{"href":"https:\/\/projectes.xtec.cat\/pensament-computacional\/wp-json\/wp\/v2\/types\/page"}],"author":[{"embeddable":true,"href":"https:\/\/projectes.xtec.cat\/pensament-computacional\/wp-json\/wp\/v2\/users\/5"}],"replies":[{"embeddable":true,"href":"https:\/\/projectes.xtec.cat\/pensament-computacional\/wp-json\/wp\/v2\/comments?post=26963"}],"version-history":[{"count":1,"href":"https:\/\/projectes.xtec.cat\/pensament-computacional\/wp-json\/wp\/v2\/pages\/26963\/revisions"}],"predecessor-version":[{"id":26964,"href":"https:\/\/projectes.xtec.cat\/pensament-computacional\/wp-json\/wp\/v2\/pages\/26963\/revisions\/26964"}],"wp:attachment":[{"href":"https:\/\/projectes.xtec.cat\/pensament-computacional\/wp-json\/wp\/v2\/media?parent=26963"}],"curies":[{"name":"wp","href":"https:\/\/api.w.org\/{rel}","templated":true}]}}