{"id":27540,"date":"2022-12-13T13:15:01","date_gmt":"2022-12-13T12:15:01","guid":{"rendered":"https:\/\/projectes.xtec.cat\/pensament-computacional\/?page_id=27540"},"modified":"2022-12-13T13:50:40","modified_gmt":"2022-12-13T12:50:40","slug":"nou-inici","status":"publish","type":"page","link":"https:\/\/projectes.xtec.cat\/pensament-computacional\/nou-inici\/","title":{"rendered":"Nou inici"},"content":{"rendered":"\n<div class=\"wp-block-group alignfull has-ast-global-color-4-background-color has-background\"><div class=\"wp-block-group__inner-container is-layout-flow wp-block-group-is-layout-flow\">\n<p>El&nbsp;<strong>Pensament Computacional<\/strong>&nbsp;\u00e9s considerat com una habilitat fonamental per a la vida en el segle XXI, i aquesta import\u00e0ncia es reflecteix en el&nbsp;<a rel=\"noreferrer noopener\" href=\"https:\/\/educacio.gencat.cat\/ca\/departament\/linies-estrategiques\/pla-educacio-digital\/\" target=\"_blank\">Pla d\u2019Educaci\u00f3 Digital de Catalunya.<\/a>&nbsp;Aquest projecte&nbsp;de l\u2019\u00c0rea de Cultura Digital del Departament d\u2019Educaci\u00f3 t\u00e9 com a objectiu&nbsp;<strong>oferir materials did\u00e0ctics i formaci\u00f3, per tal de treballar el pensament computacional a les aules, tot desenvolupant la compet\u00e8ncia digital de l\u2019alumnat.<\/strong>&nbsp;<a href=\"https:\/\/projectes.xtec.cat\/pensament-computacional\/\/el-pensament-computacional\/\">( + informaci\u00f3 )<\/a><\/p>\n<\/div><\/div>\n\n\n\n<div style=\"height:20px\" aria-hidden=\"true\" class=\"wp-block-spacer\"><\/div>\n\n\n\n<h3 class=\"wp-block-heading\">Iniciatives<\/h3>\n\n\n\n<div class=\"wp-block-columns is-layout-flex wp-container-core-columns-is-layout-1 wp-block-columns-is-layout-flex\">\n<div class=\"wp-block-column caixa is-layout-flow wp-block-column-is-layout-flow\">\n<h2 class=\"wp-block-heading\">PC Desendollat<\/h2>\n\n\n\n<div class=\"wp-block-image\"><figure class=\"alignleft size-large is-resized\"><a href=\"https:\/\/projectes.xtec.cat\/pensament-computacional\/wp-content\/uploads\/usu2217\/2022\/09\/logo_pcd-1.png\"><img loading=\"lazy\" decoding=\"async\" src=\"https:\/\/projectes.xtec.cat\/pensament-computacional\/wp-content\/uploads\/usu2217\/2022\/09\/logo_pcd-1.png\" alt=\"\" class=\"wp-image-26482\" width=\"100\" height=\"100\" srcset=\"https:\/\/projectes.xtec.cat\/pensament-computacional\/wp-content\/uploads\/usu2217\/2022\/09\/logo_pcd-1.png 256w, https:\/\/projectes.xtec.cat\/pensament-computacional\/wp-content\/uploads\/usu2217\/2022\/09\/logo_pcd-1-150x150.png 150w\" sizes=\"auto, (max-width: 100px) 100vw, 100px\" \/><\/a><\/figure><\/div>\n\n\n\n<p>Propostes did\u00e0ctiques, activitats i p\u00edndoles per treballar amb l\u2019alumnat el pensament computacional de forma desendollada.<\/p>\n\n\n\n<div class=\"wp-block-buttons alignwide is-layout-flex wp-block-buttons-is-layout-flex\">\n<div class=\"wp-block-button has-custom-width wp-block-button__width-100 boto\"><a class=\"wp-block-button__link has-ast-global-color-1-color has-text-color has-background\" href=\"https:\/\/projectes.xtec.cat\/pensament-computacional\/pensament-computacional-desendollat\/\" style=\"background-color:#e4e4e4\" rel=\"\">M\u00e9s informaci\u00f3<\/a><\/div>\n<\/div>\n<\/div>\n\n\n\n<div class=\"wp-block-column caixa is-layout-flow wp-block-column-is-layout-flow\">\n<h2 class=\"wp-block-heading\">Scratch i Scratch Jr<\/h2>\n\n\n\n<div class=\"wp-block-image\"><figure class=\"alignleft size-large is-resized\"><a href=\"https:\/\/projectes.xtec.cat\/pensament-computacional\/wp-content\/uploads\/usu2217\/2022\/09\/logo_scratch-1.png\"><img loading=\"lazy\" decoding=\"async\" src=\"https:\/\/projectes.xtec.cat\/pensament-computacional\/wp-content\/uploads\/usu2217\/2022\/09\/logo_scratch-1.png\" alt=\"\" class=\"wp-image-26483\" width=\"86\" height=\"86\" srcset=\"https:\/\/projectes.xtec.cat\/pensament-computacional\/wp-content\/uploads\/usu2217\/2022\/09\/logo_scratch-1.png 256w, https:\/\/projectes.xtec.cat\/pensament-computacional\/wp-content\/uploads\/usu2217\/2022\/09\/logo_scratch-1-150x150.png 150w\" sizes=\"auto, (max-width: 86px) 100vw, 86px\" \/><\/a><\/figure><\/div>\n\n\n\n<p>Propostes did\u00e0ctiques i activitats per treballar amb el llenguatge de programaci\u00f3 Scratch i amb la seva adaptaci\u00f3 pels m\u00e9s petits, l\u2019Scratch Junior.<\/p>\n<\/div>\n\n\n\n<div class=\"wp-block-column caixa is-layout-flow wp-block-column-is-layout-flow\">\n<h2 class=\"wp-block-heading\">App Inventor<\/h2>\n<\/div>\n\n\n\n<div class=\"wp-block-column caixa is-layout-flow wp-block-column-is-layout-flow\">\n<h2 class=\"wp-block-heading\">micro:bit<\/h2>\n<\/div>\n<\/div>\n\n\n\n<h3 class=\"wp-block-heading\">Destaquem<\/h3>\n\n\n\n<div class=\"wp-block-columns is-layout-flex wp-container-core-columns-is-layout-2 wp-block-columns-is-layout-flex\">\n<div class=\"wp-block-column is-layout-flow wp-block-column-is-layout-flow\">\r\n\t<div class=\"slideshow_container slideshow_container_style-light\" style=\"height: 650px; \" data-slideshow-id=\"24655\" data-style-name=\"style-light\" data-style-version=\"2.3.1\" >\r\n\r\n\t\t\t\t\t<div class=\"slideshow_loading_icon\"><\/div>\r\n\t\t\r\n\t\t<div class=\"slideshow_content\" style=\"display: none;\">\r\n\r\n\t\t\t<div class=\"slideshow_view\">\r\n\t\t\t\t<div class=\"slideshow_slide slideshow_slide_image\">\r\n\t\t\t\t\t<a href=\"https:\/\/projectes.xtec.cat\/pensament-computacional\/general\/jornada-codeweek-2022\/\" target=\"_self\" >\t\t\t\t\t\t<img src=\"https:\/\/projectes.xtec.cat\/pensament-computacional\/wp-content\/uploads\/usu2217\/2022\/10\/CarruselWeb_01_CodeWeek-1-1.png\" alt=\"CarruselWeb_01_CodeWeek (1)\" width=\"720\" height=\"720\" \/>\r\n\t\t\t\t\t<\/a>\t\t\t\t\t<div class=\"slideshow_description_box slideshow_transparent\">\r\n\t\t\t\t\t\t<div class=\"slideshow_title\"><a href=\"https:\/\/projectes.xtec.cat\/pensament-computacional\/general\/jornada-codeweek-2022\/\" target=\"_self\" >CarruselWeb_01_CodeWeek (1)<\/a><\/div>\t\t\t\t\t\t\t\t\t\t\t<\/div>\r\n\t\t\t\t<\/div>\r\n\r\n\t\t\t\t\t\t<div style=\"clear: both;\"><\/div><\/div>\r\n\t\t<\/div>\r\n\r\n\t\t<div class=\"slideshow_controlPanel slideshow_transparent\" style=\"display: none;\"><ul><li class=\"slideshow_togglePlay\" data-play-text=\"Visualitza\" data-pause-text=\"Pausa\"><\/li><\/ul><\/div>\r\n\r\n\t\t<div class=\"slideshow_button slideshow_previous slideshow_transparent\" role=\"button\" data-previous-text=\"Anterior\" style=\"display: none;\"><\/div>\r\n\t\t<div class=\"slideshow_button slideshow_next slideshow_transparent\" role=\"button\" data-next-text=\"Seg\u00fcent\" style=\"display: none;\"><\/div>\r\n\r\n\t\t<div class=\"slideshow_pagination\" style=\"display: none;\" data-go-to-text=\"V\u00e9s a la diapositiva\"><div class=\"slideshow_pagination_center\"><\/div><\/div>\r\n\r\n\t\t<!-- WordPress Slideshow Version 2.3.1 -->\r\n\r\n\t\t\t<\/div>\r\n\r\n\n\n\n\n<p><\/p>\n<\/div>\n\n\n\n<div class=\"wp-block-column is-layout-flow wp-block-column-is-layout-flow\"><ul class=\"wp-block-latest-posts__list has-dates wp-block-latest-posts\"><li><div class=\"wp-block-latest-posts__featured-image alignright\"><img loading=\"lazy\" decoding=\"async\" width=\"150\" height=\"150\" src=\"https:\/\/projectes.xtec.cat\/pensament-computacional\/wp-content\/uploads\/usu2217\/2026\/02\/16-de-maig-2-1-150x150.png\" class=\"attachment-thumbnail size-thumbnail wp-post-image\" alt=\"\" style=\"max-width:100px;max-height:100px;\" \/><\/div><a class=\"wp-block-latest-posts__post-title\" href=\"https:\/\/projectes.xtec.cat\/pensament-computacional\/general\/obert-el-periode-per-presentar-propostes-xviii-jornada-de-programacio-i-robotica-educatives\/\">Obert el per\u00edode per presentar propostes \u2013 XVIII Jornada de Programaci\u00f3 i Rob\u00f2tica Educatives<\/a><time datetime=\"2026-02-24T08:25:40+01:00\" class=\"wp-block-latest-posts__post-date\">24\/02\/2026<\/time><div class=\"wp-block-latest-posts__post-excerpt\">Us informem que ja est\u00e0 obert el per\u00edode per presentar propostes per participar en la XVIII Jornada de Programaci\u00f3 i Rob\u00f2tica Educatives, que se celebrar\u00e0 el dissabte 16 de maig de 2026 al Citilab, Barcelona. La\u2026 <a class=\"wp-block-latest-posts__read-more\" href=\"https:\/\/projectes.xtec.cat\/pensament-computacional\/general\/obert-el-periode-per-presentar-propostes-xviii-jornada-de-programacio-i-robotica-educatives\/\" rel=\"noopener noreferrer\">M\u00e9s informaci\u00f3<span class=\"screen-reader-text\">: Obert el per\u00edode per presentar propostes \u2013 XVIII Jornada de Programaci\u00f3 i Rob\u00f2tica Educatives<\/span><\/a><\/div><\/li>\n<li><div class=\"wp-block-latest-posts__featured-image alignright\"><img loading=\"lazy\" decoding=\"async\" width=\"150\" height=\"150\" src=\"https:\/\/projectes.xtec.cat\/pensament-computacional\/wp-content\/uploads\/usu2217\/2026\/01\/mShools-150x150.png\" class=\"attachment-thumbnail size-thumbnail wp-post-image\" alt=\"\" style=\"max-width:100px;max-height:100px;\" \/><\/div><a class=\"wp-block-latest-posts__post-title\" href=\"https:\/\/projectes.xtec.cat\/pensament-computacional\/general\/mschools-impulsa-els-nous-tallers-bits-atoms-per-a-docents\/\">mSchools impulsa els nous Tallers Bits &amp; Atoms per a docents<\/a><time datetime=\"2026-01-29T12:50:27+01:00\" class=\"wp-block-latest-posts__post-date\">29\/01\/2026<\/time><div class=\"wp-block-latest-posts__post-excerpt\">Una oportunitat \u00fanica per a docents d&#8217;infantil, prim\u00e0ria, secund\u00e0ria, batxillerat i cicles formatius. Durant els mesos de febrer i mar\u00e7 de 2026 mSchools posa en marxa els Tallers Bits &amp; Atoms, una nova proposta formativa adre\u00e7ada\u2026 <a class=\"wp-block-latest-posts__read-more\" href=\"https:\/\/projectes.xtec.cat\/pensament-computacional\/general\/mschools-impulsa-els-nous-tallers-bits-atoms-per-a-docents\/\" rel=\"noopener noreferrer\">M\u00e9s informaci\u00f3<span class=\"screen-reader-text\">: mSchools impulsa els nous Tallers Bits &amp; Atoms per a docents<\/span><\/a><\/div><\/li>\n<li><div class=\"wp-block-latest-posts__featured-image alignright\"><img loading=\"lazy\" decoding=\"async\" width=\"150\" height=\"150\" src=\"https:\/\/projectes.xtec.cat\/pensament-computacional\/wp-content\/uploads\/usu2217\/2025\/11\/Microbit-LIVE-150x150.png\" class=\"attachment-thumbnail size-thumbnail wp-post-image\" alt=\"\" style=\"max-width:100px;max-height:100px;\" \/><\/div><a class=\"wp-block-latest-posts__post-title\" href=\"https:\/\/projectes.xtec.cat\/pensament-computacional\/general\/microbit-live-global-2026-arriba-a-barcelona\/\">Micro:bit Live Global 2026 arriba a Barcelona<\/a><time datetime=\"2025-11-21T10:26:13+01:00\" class=\"wp-block-latest-posts__post-date\">21\/11\/2025<\/time><div class=\"wp-block-latest-posts__post-excerpt\">Una oportunitat \u00fanica per a docents de prim\u00e0ria, secund\u00e0ria, batxillerat i cicles formatius. El febrer de 2026, Barcelona es convertir\u00e0 en el punt de trobada internacional m\u00e9s important sobre educaci\u00f3 digital i programaci\u00f3 amb micro:bit. micro:bit\u2026 <a class=\"wp-block-latest-posts__read-more\" href=\"https:\/\/projectes.xtec.cat\/pensament-computacional\/general\/microbit-live-global-2026-arriba-a-barcelona\/\" rel=\"noopener noreferrer\">M\u00e9s informaci\u00f3<span class=\"screen-reader-text\">: Micro:bit Live Global 2026 arriba a Barcelona<\/span><\/a><\/div><\/li>\n<li><div class=\"wp-block-latest-posts__featured-image alignright\"><img loading=\"lazy\" decoding=\"async\" width=\"150\" height=\"150\" src=\"https:\/\/projectes.xtec.cat\/pensament-computacional\/wp-content\/uploads\/usu2217\/2025\/11\/Copia-de-Bebras-3-150x150.png\" class=\"attachment-thumbnail size-thumbnail wp-post-image\" alt=\"\" style=\"max-width:100px;max-height:100px;\" \/><\/div><a class=\"wp-block-latest-posts__post-title\" href=\"https:\/\/projectes.xtec.cat\/pensament-computacional\/general\/prepara-als-teu-alumat-per-la-hp-codewars-barcelona2026\/\">Prepara el teu alumnat per a la HP Codewars Barcelona 2026<\/a><time datetime=\"2025-11-13T13:50:13+01:00\" class=\"wp-block-latest-posts__post-date\">13\/11\/2025<\/time><div class=\"wp-block-latest-posts__post-excerpt\">Qu\u00e8 \u00e9s HP CodeWars? HP CodeWars\u00a0\u00e9s una competici\u00f3 de programaci\u00f3 dirigida a l&#8217;alumnat d&#8217;educaci\u00f3 secund\u00e0ria, batxillerat i cicles formatius, dissenyada per a inspirar la pr\u00f2xima generaci\u00f3 de professionals tecnol\u00f2gics. El campionat va comen\u00e7ar als Estats Units\u2026 <a class=\"wp-block-latest-posts__read-more\" href=\"https:\/\/projectes.xtec.cat\/pensament-computacional\/general\/prepara-als-teu-alumat-per-la-hp-codewars-barcelona2026\/\" rel=\"noopener noreferrer\">M\u00e9s informaci\u00f3<span class=\"screen-reader-text\">: Prepara el teu alumnat per a la HP Codewars Barcelona 2026<\/span><\/a><\/div><\/li>\n<li><div class=\"wp-block-latest-posts__featured-image alignright\"><img loading=\"lazy\" decoding=\"async\" width=\"150\" height=\"150\" src=\"https:\/\/projectes.xtec.cat\/pensament-computacional\/wp-content\/uploads\/usu2217\/2025\/11\/Final-mundial-de-la-World-Robot-Olympiad-2025-150x150.png\" class=\"attachment-thumbnail size-thumbnail wp-post-image\" alt=\"Dos equips de rob\u00f2tica de l\u2019Escola Albert Vives de la Seu d\u2019Urgell viatjaran aquest mes a Singapur per disputar la final mundial de la World Robot Olympiad (WRO), la competici\u00f3 internacional de rob\u00f2tica educativa que enguany reuneix m\u00e9s de 70.000 participants de prop d\u2019un centenar de pa\u00efsos.\" style=\"max-width:100px;max-height:100px;\" \/><\/div><a class=\"wp-block-latest-posts__post-title\" href=\"https:\/\/projectes.xtec.cat\/pensament-computacional\/general\/dos-equips-de-lescola-albert-vives-de-la-seu-durgell-representaran-catalunya-a-la-final-mundial-de-la-world-robot-olympiad-2025\/\">Dos equips de l\u2019Escola Albert Vives de la Seu d\u2019Urgell representaran Catalunya a la final mundial de la World Robot Olympiad 2025<\/a><time datetime=\"2025-11-07T16:38:31+01:00\" class=\"wp-block-latest-posts__post-date\">07\/11\/2025<\/time><div class=\"wp-block-latest-posts__post-excerpt\">Dos equips de rob\u00f2tica de l\u2019Escola Albert Vives de la Seu d\u2019Urgell viatjaran aquest mes a Singapur per disputar la final mundial de la World Robot Olympiad (WRO), la competici\u00f3 internacional de rob\u00f2tica educativa que enguany reuneix m\u00e9s de 70.000 participants de prop d\u2019un centenar de pa\u00efsos.\n<\/div><\/li>\n<\/ul><\/div>\n<\/div>\n","protected":false},"excerpt":{"rendered":"<p>El&nbsp;Pensament Computacional&nbsp;\u00e9s considerat com una habilitat fonamental per a la vida en el segle XXI, i aquesta import\u00e0ncia es reflecteix en el&nbsp;Pla d\u2019Educaci\u00f3 Digital de Catalunya.&nbsp;Aquest projecte&nbsp;de l\u2019\u00c0rea de Cultura Digital del Departament d\u2019Educaci\u00f3 t\u00e9 com a objectiu&nbsp;oferir materials did\u00e0ctics i formaci\u00f3, per tal de treballar el pensament computacional a les aules, tot desenvolupant la [&hellip;]<\/p>\n","protected":false},"author":2,"featured_media":0,"parent":0,"menu_order":0,"comment_status":"closed","ping_status":"closed","template":"","meta":{"_bbp_topic_count":0,"_bbp_reply_count":0,"_bbp_total_topic_count":0,"_bbp_total_reply_count":0,"_bbp_voice_count":0,"_bbp_anonymous_reply_count":0,"_bbp_topic_count_hidden":0,"_bbp_reply_count_hidden":0,"_bbp_forum_subforum_count":0,"site-sidebar-layout":"default","site-content-layout":"default","ast-site-content-layout":"","site-content-style":"default","site-sidebar-style":"default","ast-global-header-display":"","ast-banner-title-visibility":"","ast-main-header-display":"","ast-hfb-above-header-display":"","ast-hfb-below-header-display":"","ast-hfb-mobile-header-display":"","site-post-title":"disabled","ast-breadcrumbs-content":"disabled","ast-featured-img":"","footer-sml-layout":"","theme-transparent-header-meta":"default","adv-header-id-meta":"","stick-header-meta":"default","header-above-stick-meta":"","header-main-stick-meta":"","header-below-stick-meta":"","astra-migrate-meta-layouts":"default","ast-page-background-enabled":"default","ast-page-background-meta":{"desktop":{"background-color":"","background-image":"","background-repeat":"repeat","background-position":"center center","background-size":"auto","background-attachment":"scroll","background-type":"","background-media":"","overlay-type":"","overlay-color":"","overlay-opacity":"","overlay-gradient":""},"tablet":{"background-color":"","background-image":"","background-repeat":"repeat","background-position":"center center","background-size":"auto","background-attachment":"scroll","background-type":"","background-media":"","overlay-type":"","overlay-color":"","overlay-opacity":"","overlay-gradient":""},"mobile":{"background-color":"","background-image":"","background-repeat":"repeat","background-position":"center center","background-size":"auto","background-attachment":"scroll","background-type":"","background-media":"","overlay-type":"","overlay-color":"","overlay-opacity":"","overlay-gradient":""}},"ast-content-background-meta":{"desktop":{"background-color":"var(--ast-global-color-5)","background-image":"","background-repeat":"repeat","background-position":"center center","background-size":"auto","background-attachment":"scroll","background-type":"","background-media":"","overlay-type":"","overlay-color":"","overlay-opacity":"","overlay-gradient":""},"tablet":{"background-color":"var(--ast-global-color-5)","background-image":"","background-repeat":"repeat","background-position":"center center","background-size":"auto","background-attachment":"scroll","background-type":"","background-media":"","overlay-type":"","overlay-color":"","overlay-opacity":"","overlay-gradient":""},"mobile":{"background-color":"var(--ast-global-color-5)","background-image":"","background-repeat":"repeat","background-position":"center center","background-size":"auto","background-attachment":"scroll","background-type":"","background-media":"","overlay-type":"","overlay-color":"","overlay-opacity":"","overlay-gradient":""}},"footnotes":""},"class_list":["post-27540","page","type-page","status-publish","hentry"],"post_mailing_queue_ids":[],"_links":{"self":[{"href":"https:\/\/projectes.xtec.cat\/pensament-computacional\/wp-json\/wp\/v2\/pages\/27540","targetHints":{"allow":["GET"]}}],"collection":[{"href":"https:\/\/projectes.xtec.cat\/pensament-computacional\/wp-json\/wp\/v2\/pages"}],"about":[{"href":"https:\/\/projectes.xtec.cat\/pensament-computacional\/wp-json\/wp\/v2\/types\/page"}],"author":[{"embeddable":true,"href":"https:\/\/projectes.xtec.cat\/pensament-computacional\/wp-json\/wp\/v2\/users\/2"}],"replies":[{"embeddable":true,"href":"https:\/\/projectes.xtec.cat\/pensament-computacional\/wp-json\/wp\/v2\/comments?post=27540"}],"version-history":[{"count":3,"href":"https:\/\/projectes.xtec.cat\/pensament-computacional\/wp-json\/wp\/v2\/pages\/27540\/revisions"}],"predecessor-version":[{"id":27576,"href":"https:\/\/projectes.xtec.cat\/pensament-computacional\/wp-json\/wp\/v2\/pages\/27540\/revisions\/27576"}],"wp:attachment":[{"href":"https:\/\/projectes.xtec.cat\/pensament-computacional\/wp-json\/wp\/v2\/media?parent=27540"}],"curies":[{"name":"wp","href":"https:\/\/api.w.org\/{rel}","templated":true}]}}