{"id":28498,"date":"2023-09-15T14:43:32","date_gmt":"2023-09-15T12:43:32","guid":{"rendered":"https:\/\/projectes.xtec.cat\/pensament-computacional\/?page_id=28498"},"modified":"2023-11-02T15:52:56","modified_gmt":"2023-11-02T14:52:56","slug":"smart-cute-bot","status":"publish","type":"page","link":"https:\/\/projectes.xtec.cat\/pensament-computacional\/smart-cute-bot\/","title":{"rendered":"Smart Cute Bot"},"content":{"rendered":"\n<div class=\"wp-block-columns is-layout-flex wp-container-core-columns-is-layout-1 wp-block-columns-is-layout-flex\">\n<div class=\"wp-block-column is-layout-flow wp-block-column-is-layout-flow\" style=\"flex-basis:60%\">\n<p>\u00c9s un robot programable per a la placa micro:bit. T\u00e9 una shield espec\u00edfica per a connexi\u00f3 de la placa i els elements. Incorpora:<\/p>\n\n\n\n<ul class=\"wp-block-list\"><li>Motors amb rodes<\/li><li>Sensor de dist\u00e0ncia per ultras\u00f2<\/li><li>Leds RGB<\/li><li>Sensors d\u2019infrarojos&nbsp;<\/li><li>Brunzidor<\/li><li>Ports de 3 pins que possibiliten incloure altres sensors i actuadors<\/li><\/ul>\n\n\n\n<div class=\"wp-block-image\"><figure class=\"aligncenter size-large is-resized\"><a href=\"https:\/\/projectes.xtec.cat\/pensament-computacional\/wp-content\/uploads\/usu2217\/2023\/09\/71oRTyAz9aL._AC_UF8941000_QL80_.jpg\"><img loading=\"lazy\" decoding=\"async\" src=\"https:\/\/projectes.xtec.cat\/pensament-computacional\/wp-content\/uploads\/usu2217\/2023\/09\/71oRTyAz9aL._AC_UF8941000_QL80_.jpg\" alt=\"\" class=\"wp-image-28714\" width=\"370\" height=\"276\" srcset=\"https:\/\/projectes.xtec.cat\/pensament-computacional\/wp-content\/uploads\/usu2217\/2023\/09\/71oRTyAz9aL._AC_UF8941000_QL80_.jpg 894w, https:\/\/projectes.xtec.cat\/pensament-computacional\/wp-content\/uploads\/usu2217\/2023\/09\/71oRTyAz9aL._AC_UF8941000_QL80_-300x224.jpg 300w, https:\/\/projectes.xtec.cat\/pensament-computacional\/wp-content\/uploads\/usu2217\/2023\/09\/71oRTyAz9aL._AC_UF8941000_QL80_-768x574.jpg 768w\" sizes=\"auto, (max-width: 370px) 100vw, 370px\" \/><\/a><\/figure><\/div>\n<\/div>\n\n\n\n<div class=\"wp-block-column is-layout-flow wp-block-column-is-layout-flow\" style=\"flex-basis:40%\">\n<div class=\"wp-block-getwid-section caixa\"><div class=\"wp-block-getwid-section__wrapper getwid-padding-left-medium\" style=\"margin-left:0px;padding-bottom:1px\"><div class=\"wp-block-getwid-section__inner-wrapper\"><div class=\"wp-block-getwid-section__background-holder\"><div class=\"wp-block-getwid-section__background has-background\" style=\"background-color:#f5e6e6\"><\/div><div class=\"wp-block-getwid-section__foreground\"><\/div><\/div><div class=\"wp-block-getwid-section__content\"><div class=\"wp-block-getwid-section__inner-content\">\n<p><strong>Nivell educatiu recomanat:<\/strong><\/p>\n\n\n\n<p>&nbsp;CS, 1r-2n ESO<\/p>\n\n\n\n<p><strong>Sistemes operatius:&nbsp;<\/strong><\/p>\n\n\n\n<p><img decoding=\"async\" width=\"18px;\" height=\"18px;\" src=\"https:\/\/lh4.googleusercontent.com\/UWUbx893ya0bfU42c8M3kBwuvEjSzUYS3J00kHJ1FforDcoCPpAXGBGmz18bLb3YZm79d7BMq_f8cydOJ1zyj8v0_aLMPHQOaPdvBm4kSuCi42iDOQ_IUVRtlBHiw7oBZ8ChtcDjGuvU0GDSX3xe0Nql2Q=nw\"> <img decoding=\"async\" width=\"16px;\" height=\"16px;\" src=\"https:\/\/lh4.googleusercontent.com\/KqlrfWWdq6B6uzYnlHwbyZ4h0ljuvzlaQbUO-82kvrMaWx8Z2_E1nFCHUtMvhhl56i4FSmHaBkArwrXZj7mizi0QsqGrHPdoGgmoX7DIw6UB_PBDJCL-4YhRVaGr8y8EmRvLqc8mHod57J0-xJ3uV-Gueg=nw\"> <img decoding=\"async\" width=\"18px;\" height=\"20px;\" src=\"https:\/\/lh5.googleusercontent.com\/fW0LjM9wraqVjkB9Z5z7d3slMNw9WL0P7Pw26dxXqr-EpYVAHdrd2VEnOynIl-lUVb2M0XA2s6M_CK8Q0dIYOG4fY_5lfXqp3h1Oh8O4rSvUu3A1C_V5wlOZrS2QSwvr363OWcNFo7kr90Kpjd3Ml8Kl9g=nw\"> <img decoding=\"async\" width=\"18px;\" height=\"18px;\" src=\"https:\/\/lh5.googleusercontent.com\/o3tMaCgjt_UC7-5N5eQxxkKjZWS-6JM1mqa5wZiZ7aUMn2mGR3JcjnOET22c-eZwIBNeUXKXDlSkRbHuYCJ35BMw1bqGdyUcBDqyCyq3BZy2bS8PKXx8DgT2WymViUoRGnXLLksU6i6bYSdFwJccstoPLg=nw\"> <img decoding=\"async\" width=\"16px;\" height=\"16px;\" src=\"https:\/\/lh5.googleusercontent.com\/0-5ZlY-zm0cukLySVSLOwYHWymqWMgpS5dekCbLeASC5gnREwIWfzHu2z1dyBSe0p5dj2UeP3h1SGqQ3KHIkmWCFvuWifaGkAGegbdXbfpKi496Xb1qtP98WkoLUbL36MAapxKgYgjJ07SQHdTWbFen3cA=nw\"> <img decoding=\"async\" width=\"65px;\" height=\"16px;\" src=\"https:\/\/lh5.googleusercontent.com\/oJboaZgG5G5cjdhrusX3KPwEunN0hIeIjbIhFHVbPAZVZnM4YEN-ooKo5DVgtE8Fg4iLJdK1FPpb1H-eQLy5txW5BCWZtxPUUhOT-ygmWOD5N3gtDwhj-ozgYhsQy2_dbKvV6YhZwTCo_3hi51j446fdow=nw\"><\/p>\n\n\n\n<p><strong>Dispositius:<\/strong>&nbsp;per a plaques micro:bit<\/p>\n\n\n\n<p><strong>Connectivitat:<\/strong>&nbsp;<img decoding=\"async\" width=\"28px;\" height=\"28px;\" src=\"https:\/\/lh5.googleusercontent.com\/XNIaVlEngvEBI2-L013n2r432FJrD6Wdtxkfz7Qt2GMfQ4GFH3ZD78xanEi5V6VopvFTnspKuYEwwqcwcJRN7S2yDF8vs0D7XuljEy2PIgKKakXanSV1TItY0iwvhFRMxuDPAR7xedeDWqPdeDbhCyN45w=nw\">&nbsp;<img decoding=\"async\" width=\"36px;\" height=\"36px;\" src=\"https:\/\/lh6.googleusercontent.com\/tnvnvQo5ifWOg2r9LlMXy4kvBDcZQkc-C5q-2SprJoypCyQzmFAi754kgR5YJ44w778M8dpclQN6nm_M4OdkLfsntMPJdwTwOxbFYifm9-GZ8ANg7FzKcOFxu-6viclzrz5hBINDgRusGWvYRAfAtMCVcw=nw\"><\/p>\n<\/div><\/div><\/div><\/div><\/div>\n<\/div>\n<\/div>\n\n\n\n<p>Disposa de llibreries espec\u00edfiques per a <a rel=\"noreferrer noopener\" href=\"https:\/\/makecode.microbit.org\/\" target=\"_blank\">MakeCode<\/a>. Inclou una bateria de liti, una placa micro:bit i un cable USB. L&#8217;estructura \u00e9s compatible amb peces de construcci\u00f3 tipus LEGO.<\/p>\n\n\n\n<div class=\"wp-block-columns is-layout-flex wp-container-core-columns-is-layout-2 wp-block-columns-is-layout-flex\">\n<div class=\"wp-block-column is-layout-flow wp-block-column-is-layout-flow\" style=\"flex-basis:25%\"><\/div>\n\n\n\n<div class=\"wp-block-column is-layout-flow wp-block-column-is-layout-flow\" style=\"flex-basis:75%\">\n<figure class=\"wp-block-embed is-type-video is-provider-youtube wp-block-embed-youtube wp-embed-aspect-16-9 wp-has-aspect-ratio\"><div class=\"wp-block-embed__wrapper\">\n<div class=\"ast-oembed-container \" style=\"height: 100%;\"><iframe loading=\"lazy\" title=\"micro:bit cutebot car will make you hooked up to programming \uff01\" width=\"500\" height=\"281\" src=\"https:\/\/www.youtube.com\/embed\/4o0BvNy2Ms0?feature=oembed\" frameborder=\"0\" allow=\"accelerometer; autoplay; clipboard-write; encrypted-media; gyroscope; picture-in-picture; web-share\" referrerpolicy=\"strict-origin-when-cross-origin\" allowfullscreen><\/iframe><\/div>\n<\/div><\/figure>\n<\/div>\n\n\n\n<div class=\"wp-block-column is-layout-flow wp-block-column-is-layout-flow\" style=\"flex-basis:25%\"><\/div>\n<\/div>\n","protected":false},"excerpt":{"rendered":"<p>\u00c9s un robot programable per a la placa micro:bit. T\u00e9 una shield espec\u00edfica per a connexi\u00f3 de la placa i els elements. Incorpora: Motors amb rodes Sensor de dist\u00e0ncia per ultras\u00f2 Leds RGB Sensors d\u2019infrarojos&nbsp; Brunzidor Ports de 3 pins que possibiliten incloure altres sensors i actuadors Disposa de llibreries espec\u00edfiques per a MakeCode. Inclou [&hellip;]<\/p>\n","protected":false},"author":20,"featured_media":0,"parent":0,"menu_order":110,"comment_status":"closed","ping_status":"closed","template":"","meta":{"_bbp_topic_count":0,"_bbp_reply_count":0,"_bbp_total_topic_count":0,"_bbp_total_reply_count":0,"_bbp_voice_count":0,"_bbp_anonymous_reply_count":0,"_bbp_topic_count_hidden":0,"_bbp_reply_count_hidden":0,"_bbp_forum_subforum_count":0,"site-sidebar-layout":"default","site-content-layout":"content-boxed-container","ast-site-content-layout":"","site-content-style":"default","site-sidebar-style":"default","ast-global-header-display":"","ast-banner-title-visibility":"","ast-main-header-display":"","ast-hfb-above-header-display":"","ast-hfb-below-header-display":"","ast-hfb-mobile-header-display":"","site-post-title":"","ast-breadcrumbs-content":"","ast-featured-img":"","footer-sml-layout":"","theme-transparent-header-meta":"","adv-header-id-meta":"","stick-header-meta":"","header-above-stick-meta":"","header-main-stick-meta":"","header-below-stick-meta":"","astra-migrate-meta-layouts":"default","ast-page-background-enabled":"default","ast-page-background-meta":{"desktop":{"background-color":"","background-image":"","background-repeat":"repeat","background-position":"center center","background-size":"auto","background-attachment":"scroll","background-type":"","background-media":"","overlay-type":"","overlay-color":"","overlay-opacity":"","overlay-gradient":""},"tablet":{"background-color":"","background-image":"","background-repeat":"repeat","background-position":"center center","background-size":"auto","background-attachment":"scroll","background-type":"","background-media":"","overlay-type":"","overlay-color":"","overlay-opacity":"","overlay-gradient":""},"mobile":{"background-color":"","background-image":"","background-repeat":"repeat","background-position":"center center","background-size":"auto","background-attachment":"scroll","background-type":"","background-media":"","overlay-type":"","overlay-color":"","overlay-opacity":"","overlay-gradient":""}},"ast-content-background-meta":{"desktop":{"background-color":"var(--ast-global-color-5)","background-image":"","background-repeat":"repeat","background-position":"center center","background-size":"auto","background-attachment":"scroll","background-type":"","background-media":"","overlay-type":"","overlay-color":"","overlay-opacity":"","overlay-gradient":""},"tablet":{"background-color":"var(--ast-global-color-5)","background-image":"","background-repeat":"repeat","background-position":"center center","background-size":"auto","background-attachment":"scroll","background-type":"","background-media":"","overlay-type":"","overlay-color":"","overlay-opacity":"","overlay-gradient":""},"mobile":{"background-color":"var(--ast-global-color-5)","background-image":"","background-repeat":"repeat","background-position":"center center","background-size":"auto","background-attachment":"scroll","background-type":"","background-media":"","overlay-type":"","overlay-color":"","overlay-opacity":"","overlay-gradient":""}},"footnotes":""},"class_list":["post-28498","page","type-page","status-publish","hentry"],"post_mailing_queue_ids":[],"_links":{"self":[{"href":"https:\/\/projectes.xtec.cat\/pensament-computacional\/wp-json\/wp\/v2\/pages\/28498","targetHints":{"allow":["GET"]}}],"collection":[{"href":"https:\/\/projectes.xtec.cat\/pensament-computacional\/wp-json\/wp\/v2\/pages"}],"about":[{"href":"https:\/\/projectes.xtec.cat\/pensament-computacional\/wp-json\/wp\/v2\/types\/page"}],"author":[{"embeddable":true,"href":"https:\/\/projectes.xtec.cat\/pensament-computacional\/wp-json\/wp\/v2\/users\/20"}],"replies":[{"embeddable":true,"href":"https:\/\/projectes.xtec.cat\/pensament-computacional\/wp-json\/wp\/v2\/comments?post=28498"}],"version-history":[{"count":5,"href":"https:\/\/projectes.xtec.cat\/pensament-computacional\/wp-json\/wp\/v2\/pages\/28498\/revisions"}],"predecessor-version":[{"id":29707,"href":"https:\/\/projectes.xtec.cat\/pensament-computacional\/wp-json\/wp\/v2\/pages\/28498\/revisions\/29707"}],"wp:attachment":[{"href":"https:\/\/projectes.xtec.cat\/pensament-computacional\/wp-json\/wp\/v2\/media?parent=28498"}],"curies":[{"name":"wp","href":"https:\/\/api.w.org\/{rel}","templated":true}]}}