{"id":33023,"date":"2024-09-03T08:49:30","date_gmt":"2024-09-03T06:49:30","guid":{"rendered":"https:\/\/projectes.xtec.cat\/pensament-computacional\/?page_id=33023"},"modified":"2024-09-03T08:49:30","modified_gmt":"2024-09-03T06:49:30","slug":"explora-amb-la-microbit-sec-m3","status":"publish","type":"page","link":"https:\/\/projectes.xtec.cat\/pensament-computacional\/explora-amb-la-microbit-sec-m3\/","title":{"rendered":"Explora amb la micro:bit-SEC-M3"},"content":{"rendered":"\n<h2 class=\"wp-block-heading has-ast-global-color-1-color has-text-color\" style=\"margin-top:var(--wp--preset--spacing--40);margin-bottom:var(--wp--preset--spacing--40)\"><strong>M\u00f2dul 3<\/strong>: Diverteix-te amb la micro:bit<\/h2>\n\n\n\n<div class=\"wp-block-columns is-layout-flex wp-container-core-columns-is-layout-1 wp-block-columns-is-layout-flex\">\n<div class=\"wp-block-column is-layout-flow wp-block-column-is-layout-flow\">\n<figure class=\"wp-block-image alignleft size-full is-resized\"><a href=\"https:\/\/projectes.xtec.cat\/pensament-computacional\/?page_id=33015\"><img loading=\"lazy\" decoding=\"async\" width=\"328\" height=\"97\" src=\"https:\/\/projectes.xtec.cat\/pensament-computacional\/wp-content\/uploads\/usu2217\/2024\/07\/image-2.png\" alt=\"\" class=\"wp-image-32939\" style=\"width:auto;height:30px\" srcset=\"https:\/\/projectes.xtec.cat\/pensament-computacional\/wp-content\/uploads\/usu2217\/2024\/07\/image-2.png 328w, https:\/\/projectes.xtec.cat\/pensament-computacional\/wp-content\/uploads\/usu2217\/2024\/07\/image-2-300x89.png 300w\" sizes=\"auto, (max-width: 328px) 100vw, 328px\" \/><\/a><\/figure>\n<\/div>\n\n\n\n<div class=\"wp-block-column is-layout-flow wp-block-column-is-layout-flow\"><\/div>\n\n\n\n<div class=\"wp-block-column is-layout-flow wp-block-column-is-layout-flow\"><\/div>\n\n\n\n<div class=\"wp-block-column is-layout-flow wp-block-column-is-layout-flow\">\n<figure class=\"wp-block-image alignright size-full is-resized\"><a href=\"https:\/\/projectes.xtec.cat\/pensament-computacional\/?page_id=33037\"><img loading=\"lazy\" decoding=\"async\" width=\"300\" height=\"104\" src=\"https:\/\/projectes.xtec.cat\/pensament-computacional\/wp-content\/uploads\/usu2217\/2024\/07\/image-3.png\" alt=\"\" class=\"wp-image-32940\" style=\"width:auto;height:31px\"\/><\/a><\/figure>\n<\/div>\n<\/div>\n\n\n\n<div class=\"wp-block-getwid-tabs tablinks-active has-layout-vertical-left\" data-active-tab=\"0\"><ul class=\"wp-block-getwid-tabs__nav-links\"><\/ul>\n<div class=\"wp-block-getwid-tabs__nav-link\"><span class=\"wp-block-getwid-tabs__title-wrapper\"><a href=\"#\"><span class=\"wp-block-getwid-tabs__title\"><strong><mark style=\"background-color:rgba(0, 0, 0, 0)\" class=\"has-inline-color has-ast-global-color-1-color\">Introducci\u00f3<\/mark><\/strong><\/span><\/a><\/span><\/div><div class=\"wp-block-getwid-tabs__tab-content-wrapper\"><div class=\"wp-block-getwid-tabs__tab-content\">\n<iframe loading=\"lazy\" src=\"https:\/\/docs.google.com\/presentation\/d\/e\/2PACX-1vQvarER__JeT2kAuELpGX45t2UPNx_yI_Q7SxxNoudjOv2BiEAev1hxdiWiKdqvYG8eDYQ3h4TPNBOd\/embed?start=false&#038;loop=false&#038;delayms=3000\" frameborder=\"0\" width=\"680\" height=\"411\" allowfullscreen=\"true\" mozallowfullscreen=\"true\" webkitallowfullscreen=\"true\"><\/iframe>\n<\/div><\/div>\n\n\n\n<div class=\"wp-block-getwid-tabs__nav-link\"><span class=\"wp-block-getwid-tabs__title-wrapper\"><a href=\"#\"><span class=\"wp-block-getwid-tabs__title\"><mark style=\"background-color:rgba(0, 0, 0, 0)\" class=\"has-inline-color has-ast-global-color-1-color\"><strong>Repte 1:<\/strong> Enviem missatges senzills<\/mark><\/span><\/a><\/span><\/div><div class=\"wp-block-getwid-tabs__tab-content-wrapper\"><div class=\"wp-block-getwid-tabs__tab-content\">\n<iframe loading=\"lazy\" src=\"https:\/\/docs.google.com\/presentation\/d\/e\/2PACX-1vRKusa2BOyOtXnuwzkdr-hkD5mjrRWqcITwYY0X-zQzgVRkxkyACCnhpULCqb-WcG3ffjI7Arp_OdRh\/embed?start=false&#038;loop=false&#038;delayms=3000\" frameborder=\"0\" width=\"680\" height=\"411\" allowfullscreen=\"true\" mozallowfullscreen=\"true\" webkitallowfullscreen=\"true\"><\/iframe>\n<\/div><\/div>\n\n\n\n<div class=\"wp-block-getwid-tabs__nav-link\"><span class=\"wp-block-getwid-tabs__title-wrapper\"><a href=\"#\"><span class=\"wp-block-getwid-tabs__title\"><mark style=\"background-color:rgba(0, 0, 0, 0)\" class=\"has-inline-color has-ast-global-color-1-color\"><strong>Repte 2:<\/strong> Qui \u00e9s el m\u00e9s r\u00e0pid?<\/mark><\/span><\/a><\/span><\/div><div class=\"wp-block-getwid-tabs__tab-content-wrapper\"><div class=\"wp-block-getwid-tabs__tab-content\">\n<iframe loading=\"lazy\" src=\"https:\/\/docs.google.com\/presentation\/d\/e\/2PACX-1vTwYAk0RmHKx0OUQZNNQurr-yPBfpq35fS0HPZQyXW3qVUsg_PF0t-0hhqWj4zPLQ6WCqYlttXTWl8v\/embed?start=false&#038;loop=false&#038;delayms=3000\" frameborder=\"0\" width=\"680\" height=\"411\" allowfullscreen=\"true\" mozallowfullscreen=\"true\" webkitallowfullscreen=\"true\"><\/iframe>\n<\/div><\/div>\n\n\n\n<div class=\"wp-block-getwid-tabs__nav-link\"><span class=\"wp-block-getwid-tabs__title-wrapper\"><a href=\"#\"><span class=\"wp-block-getwid-tabs__title\"><mark style=\"background-color:rgba(0, 0, 0, 0)\" class=\"has-inline-color has-ast-global-color-1-color\"><strong>Repte 3:<\/strong> La cacera del tresor<\/mark><\/span><\/a><\/span><\/div><div class=\"wp-block-getwid-tabs__tab-content-wrapper\"><div class=\"wp-block-getwid-tabs__tab-content\">\n<iframe loading=\"lazy\" src=\"https:\/\/docs.google.com\/presentation\/d\/e\/2PACX-1vS7m-QVXbtA-TKr6-KpC1DoNLJ3UEtehJYXQM1a8RrH9oNC2c1wfTDHs6MPt4EpJyFFTrKukoCct04c\/embed?start=false&#038;loop=false&#038;delayms=3000\" frameborder=\"0\" width=\"680\" height=\"411\" allowfullscreen=\"true\" mozallowfullscreen=\"true\" webkitallowfullscreen=\"true\"><\/iframe>\n<\/div><\/div>\n\n\n\n<div class=\"wp-block-getwid-tabs__nav-link\"><span class=\"wp-block-getwid-tabs__title-wrapper\"><a href=\"#\"><span class=\"wp-block-getwid-tabs__title\"><mark style=\"background-color:rgba(0, 0, 0, 0)\" class=\"has-inline-color has-ast-global-color-1-color\"><strong>Repte 4:<\/strong> Dance party<\/mark><\/span><\/a><\/span><\/div><div class=\"wp-block-getwid-tabs__tab-content-wrapper\"><div class=\"wp-block-getwid-tabs__tab-content\">\n<iframe loading=\"lazy\" src=\"https:\/\/docs.google.com\/presentation\/d\/e\/2PACX-1vR7NOgtyri1KkjiyZxRNdiX6_fRsT5pWB7SquCPmUaibF8R6yH3-Z28_7K6S0H4pnkQC4h-ZqzjwdxD\/embed?start=false&#038;loop=false&#038;delayms=3000\" frameborder=\"0\" width=\"680\" height=\"411\" allowfullscreen=\"true\" mozallowfullscreen=\"true\" webkitallowfullscreen=\"true\"><\/iframe>\n<\/div><\/div>\n\n\n\n<div class=\"wp-block-getwid-tabs__nav-link\"><span class=\"wp-block-getwid-tabs__title-wrapper\"><a href=\"#\"><span class=\"wp-block-getwid-tabs__title\"><mark style=\"background-color:rgba(0, 0, 0, 0)\" class=\"has-inline-color has-ast-global-color-1-color\"><strong>Repte 5:<\/strong> Pedra, paper, tisores<\/mark><\/span><\/a><\/span><\/div><div class=\"wp-block-getwid-tabs__tab-content-wrapper\"><div class=\"wp-block-getwid-tabs__tab-content\">\n<iframe loading=\"lazy\" src=\"https:\/\/docs.google.com\/presentation\/d\/e\/2PACX-1vTmXvPO3nXy-cEM07oie7EEnU5X0FSjAvr-wNFZKaaJc4vCYyyqGGofI9zyqDYQKD6vYA-A48JL8WjO\/embed?start=false&#038;loop=false&#038;delayms=3000\" frameborder=\"0\" width=\"680\" height=\"411\" allowfullscreen=\"true\" mozallowfullscreen=\"true\" webkitallowfullscreen=\"true\"><\/iframe>\n<\/div><\/div>\n\n\n\n<div class=\"wp-block-getwid-tabs__nav-link\"><span class=\"wp-block-getwid-tabs__title-wrapper\"><a href=\"#\"><span class=\"wp-block-getwid-tabs__title\"><mark style=\"background-color:rgba(0, 0, 0, 0)\" class=\"has-inline-color has-ast-global-color-1-color\"><strong>Repte 6: <\/strong>Projecte final. Creem un GIF animat<\/mark><\/span><\/a><\/span><\/div><div class=\"wp-block-getwid-tabs__tab-content-wrapper\"><div class=\"wp-block-getwid-tabs__tab-content\">\n<iframe loading=\"lazy\" src=\"https:\/\/docs.google.com\/presentation\/d\/e\/2PACX-1vQvWrD2hzF4uUPN3KE4FD3BeT-R_Xr2FR_911jxI1lvW0PoWORdQzWp5_kBlUkDR7n1EyAbti4WIJkN\/embed?start=false&#038;loop=false&#038;delayms=3000\" frameborder=\"0\" width=\"680\" height=\"411\" allowfullscreen=\"true\" mozallowfullscreen=\"true\" webkitallowfullscreen=\"true\"><\/iframe>\n<\/div><\/div>\n\n\n\n<div class=\"wp-block-getwid-tabs__nav-link\"><span class=\"wp-block-getwid-tabs__title-wrapper\"><a href=\"#\"><span class=\"wp-block-getwid-tabs__title\"><strong><mark style=\"background-color:rgba(0, 0, 0, 0)\" class=\"has-inline-color has-ast-global-color-1-color\">Desc\u00e0rregues<\/mark><\/strong><\/span><\/a><\/span><\/div><div class=\"wp-block-getwid-tabs__tab-content-wrapper\"><div class=\"wp-block-getwid-tabs__tab-content\">\n<div class=\"wp-block-getwid-section active-tab\"><div class=\"wp-block-getwid-section__wrapper\"><div class=\"wp-block-getwid-section__inner-wrapper\"><div class=\"wp-block-getwid-section__background-holder\"><div class=\"wp-block-getwid-section__background has-background has-ast-global-color-5-background-color\"><\/div><div class=\"wp-block-getwid-section__foreground\"><\/div><\/div><div class=\"wp-block-getwid-section__content\"><div class=\"wp-block-getwid-section__inner-content\">\n<ul class=\"wp-block-list\">\n<li><a href=\"https:\/\/docs.google.com\/presentation\/d\/1zJqgLR3t0W6MCnilgcN1tkkKp2EcW9msc8Dih0tLI9E\/template\/preview\" data-type=\"link\" data-id=\"https:\/\/docs.google.com\/presentation\/d\/1zJqgLR3t0W6MCnilgcN1tkkKp2EcW9msc8Dih0tLI9E\/template\/preview\">M\u00f2dul sencer<\/a><\/li>\n\n\n\n<li><a href=\"https:\/\/docs.google.com\/presentation\/d\/1NZSNnkTgRxQfph8hpxcYeHZOmqFrhZ-8nMil7XGo6rk\/template\/preview\">Repte 1<\/a><\/li>\n\n\n\n<li><a href=\"https:\/\/docs.google.com\/presentation\/d\/1fvvP2l6HHqPWvRZ2U89gu9i9qbkWBgaU8kmDIk69rMY\/template\/preview\">Repte 2<\/a><\/li>\n\n\n\n<li><a href=\"https:\/\/docs.google.com\/presentation\/d\/1qP_0EMLsoNXakw7r-oPVhTBVFX9IBAfE4emRVcSzdag\/template\/preview\" data-type=\"link\" data-id=\"https:\/\/docs.google.com\/presentation\/d\/1qP_0EMLsoNXakw7r-oPVhTBVFX9IBAfE4emRVcSzdag\/template\/preview\">Repte 3<\/a><\/li>\n\n\n\n<li><a href=\"https:\/\/docs.google.com\/presentation\/d\/1-qFhHOM-O2yr_YxfkQSwa_xL_onuYdtngebxguaXZsc\/template\/preview\" data-type=\"link\" data-id=\"https:\/\/docs.google.com\/presentation\/d\/1-qFhHOM-O2yr_YxfkQSwa_xL_onuYdtngebxguaXZsc\/template\/preview\">Repte 4<\/a><\/li>\n\n\n\n<li><a href=\"https:\/\/docs.google.com\/presentation\/d\/1co1tpRJi1k7EJeCSjX0X7FERN4Z3fWcCmihDlcWVUi4\/template\/preview\" data-type=\"link\" data-id=\"https:\/\/docs.google.com\/presentation\/d\/1co1tpRJi1k7EJeCSjX0X7FERN4Z3fWcCmihDlcWVUi4\/template\/preview\">Repte 5<\/a><\/li>\n\n\n\n<li><a href=\"https:\/\/docs.google.com\/presentation\/d\/1wKVHuUqWVoFhwDszWguLTPKFmaAKm1vSIuduRspWY-w\/template\/preview\" data-type=\"link\" data-id=\"https:\/\/docs.google.com\/presentation\/d\/1wKVHuUqWVoFhwDszWguLTPKFmaAKm1vSIuduRspWY-w\/template\/preview\">Repte 6<\/a><\/li>\n<\/ul>\n<\/div><\/div><\/div><\/div><\/div>\n<\/div><\/div>\n<\/div>\n\n\n\n<div style=\"height:30px\" aria-hidden=\"true\" class=\"wp-block-spacer\"><\/div>\n","protected":false},"excerpt":{"rendered":"<p>M\u00f2dul 3: Diverteix-te amb la micro:bit<\/p>\n","protected":false},"author":2,"featured_media":0,"parent":0,"menu_order":0,"comment_status":"closed","ping_status":"closed","template":"","meta":{"_bbp_topic_count":0,"_bbp_reply_count":0,"_bbp_total_topic_count":0,"_bbp_total_reply_count":0,"_bbp_voice_count":0,"_bbp_anonymous_reply_count":0,"_bbp_topic_count_hidden":0,"_bbp_reply_count_hidden":0,"_bbp_forum_subforum_count":0,"site-sidebar-layout":"default","site-content-layout":"","ast-site-content-layout":"default","site-content-style":"default","site-sidebar-style":"default","ast-global-header-display":"","ast-banner-title-visibility":"","ast-main-header-display":"","ast-hfb-above-header-display":"","ast-hfb-below-header-display":"","ast-hfb-mobile-header-display":"","site-post-title":"disabled","ast-breadcrumbs-content":"","ast-featured-img":"","footer-sml-layout":"","theme-transparent-header-meta":"","adv-header-id-meta":"","stick-header-meta":"","header-above-stick-meta":"","header-main-stick-meta":"","header-below-stick-meta":"","astra-migrate-meta-layouts":"set","ast-page-background-enabled":"default","ast-page-background-meta":{"desktop":{"background-color":"","background-image":"","background-repeat":"repeat","background-position":"center center","background-size":"auto","background-attachment":"scroll","background-type":"","background-media":"","overlay-type":"","overlay-color":"","overlay-opacity":"","overlay-gradient":""},"tablet":{"background-color":"","background-image":"","background-repeat":"repeat","background-position":"center center","background-size":"auto","background-attachment":"scroll","background-type":"","background-media":"","overlay-type":"","overlay-color":"","overlay-opacity":"","overlay-gradient":""},"mobile":{"background-color":"","background-image":"","background-repeat":"repeat","background-position":"center center","background-size":"auto","background-attachment":"scroll","background-type":"","background-media":"","overlay-type":"","overlay-color":"","overlay-opacity":"","overlay-gradient":""}},"ast-content-background-meta":{"desktop":{"background-color":"var(--ast-global-color-5)","background-image":"","background-repeat":"repeat","background-position":"center center","background-size":"auto","background-attachment":"scroll","background-type":"","background-media":"","overlay-type":"","overlay-color":"","overlay-opacity":"","overlay-gradient":""},"tablet":{"background-color":"var(--ast-global-color-5)","background-image":"","background-repeat":"repeat","background-position":"center center","background-size":"auto","background-attachment":"scroll","background-type":"","background-media":"","overlay-type":"","overlay-color":"","overlay-opacity":"","overlay-gradient":""},"mobile":{"background-color":"var(--ast-global-color-5)","background-image":"","background-repeat":"repeat","background-position":"center center","background-size":"auto","background-attachment":"scroll","background-type":"","background-media":"","overlay-type":"","overlay-color":"","overlay-opacity":"","overlay-gradient":""}},"footnotes":""},"class_list":["post-33023","page","type-page","status-publish","hentry"],"post_mailing_queue_ids":[],"_links":{"self":[{"href":"https:\/\/projectes.xtec.cat\/pensament-computacional\/wp-json\/wp\/v2\/pages\/33023","targetHints":{"allow":["GET"]}}],"collection":[{"href":"https:\/\/projectes.xtec.cat\/pensament-computacional\/wp-json\/wp\/v2\/pages"}],"about":[{"href":"https:\/\/projectes.xtec.cat\/pensament-computacional\/wp-json\/wp\/v2\/types\/page"}],"author":[{"embeddable":true,"href":"https:\/\/projectes.xtec.cat\/pensament-computacional\/wp-json\/wp\/v2\/users\/2"}],"replies":[{"embeddable":true,"href":"https:\/\/projectes.xtec.cat\/pensament-computacional\/wp-json\/wp\/v2\/comments?post=33023"}],"version-history":[{"count":6,"href":"https:\/\/projectes.xtec.cat\/pensament-computacional\/wp-json\/wp\/v2\/pages\/33023\/revisions"}],"predecessor-version":[{"id":33042,"href":"https:\/\/projectes.xtec.cat\/pensament-computacional\/wp-json\/wp\/v2\/pages\/33023\/revisions\/33042"}],"wp:attachment":[{"href":"https:\/\/projectes.xtec.cat\/pensament-computacional\/wp-json\/wp\/v2\/media?parent=33023"}],"curies":[{"name":"wp","href":"https:\/\/api.w.org\/{rel}","templated":true}]}}