{"id":34230,"date":"2024-08-30T17:17:35","date_gmt":"2024-08-30T15:17:35","guid":{"rendered":"https:\/\/projectes.xtec.cat\/pensament-computacional\/?page_id=34230"},"modified":"2025-02-05T10:09:36","modified_gmt":"2025-02-05T09:09:36","slug":"activitats-robotica","status":"publish","type":"page","link":"https:\/\/projectes.xtec.cat\/pensament-computacional\/activitats-robotica\/","title":{"rendered":"Activitats"},"content":{"rendered":"\n<div class=\"wp-block-getwid-section alignfull\"><div class=\"wp-block-getwid-section__wrapper getwid-padding-top-medium getwid-padding-bottom-small getwid-padding-left-large getwid-padding-right-large\"><div class=\"wp-block-getwid-section__inner-wrapper\"><div class=\"wp-block-getwid-section__background-holder\"><div class=\"wp-block-getwid-section__background has-background\" style=\"background-color:#e4f2f4\"><\/div><div class=\"wp-block-getwid-section__foreground\"><\/div><\/div><div class=\"wp-block-getwid-section__content\"><div class=\"wp-block-getwid-section__inner-content\">\n<h4 class=\"wp-block-heading has-large-font-size\" style=\"margin-right:var(--wp--preset--spacing--20);margin-left:var(--wp--preset--spacing--20)\">Activitats<\/h4>\n\n\n\n<div class=\"wp-block-columns is-layout-flex wp-container-core-columns-is-layout-1 wp-block-columns-is-layout-flex\">\n<div class=\"wp-block-column caixa-link caixaport element-to-highlight has-ast-global-color-6-background-color has-background is-layout-flow wp-block-column-is-layout-flow\" id=\"https:\/\/projectes.xtec.cat\/pensament-computacional\/activitats-robotica\/cataleg-activitats-robotica\/\">\n<h4 class=\"wp-block-heading has-text-align-center has-ast-global-color-0-color has-text-color has-link-color wp-elements-1e301bbecaabd5be5f17a48db6aed0c9\">Rob\u00f2tica<\/h4>\n\n\n\n<figure class=\"wp-block-image aligncenter size-full is-resized\"><img loading=\"lazy\" decoding=\"async\" width=\"300\" height=\"300\" src=\"https:\/\/projectes.xtec.cat\/pensament-computacional\/wp-content\/uploads\/usu2217\/2024\/07\/Activitats-cataleg.png\" alt=\"\" class=\"wp-image-33611\" style=\"aspect-ratio:16\/9;object-fit:cover;width:175px\" srcset=\"https:\/\/projectes.xtec.cat\/pensament-computacional\/wp-content\/uploads\/usu2217\/2024\/07\/Activitats-cataleg.png 300w, https:\/\/projectes.xtec.cat\/pensament-computacional\/wp-content\/uploads\/usu2217\/2024\/07\/Activitats-cataleg-150x150.png 150w\" sizes=\"auto, (max-width: 300px) 100vw, 300px\" \/><\/figure>\n\n\n\n<p class=\"has-text-align-center\" style=\"font-size:16px\">Cat\u00e0leg d\u2019activitats de rob\u00f2tica per a diferents nivells educatius, \u00e0rees i mat\u00e8ries, amb els robots i les plaques microcontroladores de la dotaci\u00f3 de rob\u00f2tica del Departament d\u2019Educaci\u00f3.<\/p>\n<\/div>\n\n\n\n<div class=\"wp-block-column caixa-link caixaport element-to-highlight has-ast-global-color-6-background-color has-background is-layout-flow wp-block-column-is-layout-flow\" id=\"https:\/\/projectes.xtec.cat\/pensament-computacional\/?page_id=33863\">\n<h4 class=\"wp-block-heading has-text-align-center has-ast-global-color-0-color has-text-color has-link-color wp-elements-f455fe7e72a77ed9c0abe884ef1653d8\">Pensament computacional<\/h4>\n\n\n\n<figure class=\"wp-block-image aligncenter size-large is-resized\"><img loading=\"lazy\" decoding=\"async\" width=\"1024\" height=\"682\" src=\"https:\/\/projectes.xtec.cat\/pensament-computacional\/wp-content\/uploads\/usu2217\/2024\/07\/Pensament-computacional-1024x682.png\" alt=\"\" class=\"wp-image-33908\" style=\"aspect-ratio:16\/9;object-fit:cover;width:175px\" srcset=\"https:\/\/projectes.xtec.cat\/pensament-computacional\/wp-content\/uploads\/usu2217\/2024\/07\/Pensament-computacional-1024x682.png 1024w, https:\/\/projectes.xtec.cat\/pensament-computacional\/wp-content\/uploads\/usu2217\/2024\/07\/Pensament-computacional-300x200.png 300w, https:\/\/projectes.xtec.cat\/pensament-computacional\/wp-content\/uploads\/usu2217\/2024\/07\/Pensament-computacional-768x512.png 768w, https:\/\/projectes.xtec.cat\/pensament-computacional\/wp-content\/uploads\/usu2217\/2024\/07\/Pensament-computacional-1536x1024.png 1536w, https:\/\/projectes.xtec.cat\/pensament-computacional\/wp-content\/uploads\/usu2217\/2024\/07\/Pensament-computacional.png 2000w\" sizes=\"auto, (max-width: 1024px) 100vw, 1024px\" \/><\/figure>\n\n\n\n<p class=\"has-text-align-center\" style=\"font-size:16px\">Activitats per treballar el pensament computacional a l&#8217;aula.<\/p>\n<\/div>\n<\/div>\n<\/div><\/div><\/div><\/div><\/div>\n\n\n\n<div class=\"wp-block-getwid-section alignfull\"><div class=\"wp-block-getwid-section__wrapper getwid-padding-top-small getwid-padding-left-large getwid-padding-right-large\"><div class=\"wp-block-getwid-section__inner-wrapper\"><div class=\"wp-block-getwid-section__background-holder\"><div class=\"wp-block-getwid-section__background has-background\" style=\"background-color:#e4f2f4\"><\/div><div class=\"wp-block-getwid-section__foreground\"><\/div><\/div><div class=\"wp-block-getwid-section__content\"><div class=\"wp-block-getwid-section__inner-content\">\n<div class=\"wp-block-columns is-layout-flex wp-container-core-columns-is-layout-2 wp-block-columns-is-layout-flex\">\n<div class=\"wp-block-column caixa-link caixaport element-to-highlight has-ast-global-color-6-background-color has-background is-layout-flow wp-block-column-is-layout-flow\" id=\"https:\/\/projectes.xtec.cat\/pensament-computacional\/?page_id=33630\">\n<h4 class=\"wp-block-heading has-text-align-center has-ast-global-color-0-color has-text-color has-link-color wp-elements-163d2e69b4bc2732079eaced70acf0f9\">micro:bit<\/h4>\n\n\n\n<figure class=\"wp-block-image aligncenter size-full is-resized\"><a href=\"https:\/\/projectes.xtec.cat\/pensament-computacional\/?page_id=33630\"><img loading=\"lazy\" decoding=\"async\" width=\"300\" height=\"300\" src=\"https:\/\/projectes.xtec.cat\/pensament-computacional\/wp-content\/uploads\/usu2217\/2024\/07\/microbit_logo.png\" alt=\"\" class=\"wp-image-33843\" style=\"width:80px\" srcset=\"https:\/\/projectes.xtec.cat\/pensament-computacional\/wp-content\/uploads\/usu2217\/2024\/07\/microbit_logo.png 300w, https:\/\/projectes.xtec.cat\/pensament-computacional\/wp-content\/uploads\/usu2217\/2024\/07\/microbit_logo-150x150.png 150w\" sizes=\"auto, (max-width: 300px) 100vw, 300px\" \/><\/a><\/figure>\n\n\n\n<p class=\"has-text-align-center has-small-font-size\">Activitats i proposta did\u00e0ctica \u201cExplora amb la micro:bit\u201d.<\/p>\n<\/div>\n\n\n\n<div class=\"wp-block-column caixa-link caixaport element-to-highlight has-ast-global-color-6-background-color has-background is-layout-flow wp-block-column-is-layout-flow\" id=\"https:\/\/projectes.xtec.cat\/pensament-computacional\/activitats-robotica-2\/scratch\/\">\n<h4 class=\"wp-block-heading has-text-align-center has-ast-global-color-0-color has-text-color has-link-color wp-elements-30e77550297c7d507ab02dfd991d88c7\"><a href=\"https:\/\/projectes.xtec.cat\/pensament-computacional\/activitats-robotica-2\/scratch\/\">Scratch<\/a> Jr<\/h4>\n\n\n\n<figure class=\"wp-block-image aligncenter size-full is-resized\"><a href=\"https:\/\/projectes.xtec.cat\/pensament-computacional\/scratch-jr\/\"><img loading=\"lazy\" decoding=\"async\" width=\"453\" height=\"449\" src=\"https:\/\/projectes.xtec.cat\/pensament-computacional\/wp-content\/uploads\/usu2217\/2021\/12\/Scratch-Jr-sense-fons.png\" alt=\"\" class=\"wp-image-8327\" style=\"width:auto;height:80px\" srcset=\"https:\/\/projectes.xtec.cat\/pensament-computacional\/wp-content\/uploads\/usu2217\/2021\/12\/Scratch-Jr-sense-fons.png 453w, https:\/\/projectes.xtec.cat\/pensament-computacional\/wp-content\/uploads\/usu2217\/2021\/12\/Scratch-Jr-sense-fons-300x297.png 300w, https:\/\/projectes.xtec.cat\/pensament-computacional\/wp-content\/uploads\/usu2217\/2021\/12\/Scratch-Jr-sense-fons-150x150.png 150w\" sizes=\"auto, (max-width: 453px) 100vw, 453px\" \/><\/a><\/figure>\n\n\n\n<p class=\"has-text-align-center has-small-font-size\">Propostes per treballar amb Scratch Jr.<\/p>\n<\/div>\n\n\n\n<div class=\"wp-block-column caixa-link caixaport element-to-highlight has-ast-global-color-6-background-color has-background is-layout-flow wp-block-column-is-layout-flow\" id=\"https:\/\/projectes.xtec.cat\/pensament-computacional\/activitats-robotica-2\/scratch\/\">\n<h4 class=\"wp-block-heading has-text-align-center has-ast-global-color-0-color has-text-color has-link-color wp-elements-b27db10d22ac7d97e6de0ea86c50a91c\"><a href=\"https:\/\/projectes.xtec.cat\/pensament-computacional\/activitats-robotica-2\/scratch\/\">Scratch<\/a><\/h4>\n\n\n\n<figure class=\"wp-block-image aligncenter size-full is-resized\"><a href=\"https:\/\/projectes.xtec.cat\/pensament-computacional\/scratch\/\"><img loading=\"lazy\" decoding=\"async\" width=\"285\" height=\"300\" src=\"https:\/\/projectes.xtec.cat\/pensament-computacional\/wp-content\/uploads\/usu2217\/2023\/03\/scratch.png\" alt=\"\" class=\"wp-image-27751\" style=\"width:auto;height:80px\"\/><\/a><\/figure>\n\n\n\n<p class=\"has-text-align-center has-small-font-size\">Propostes per treballar amb Scratch.<\/p>\n<\/div>\n\n\n\n<div class=\"wp-block-column caixa-link caixaport element-to-highlight has-ast-global-color-6-background-color has-background is-layout-flow wp-block-column-is-layout-flow\" id=\"https:\/\/projectes.xtec.cat\/pensament-computacional\/activitats-robotica-2\/app-inventor\/\">\n<h4 class=\"wp-block-heading has-text-align-center has-ast-global-color-0-color has-text-color has-link-color wp-elements-5bef92ef12b5ed1cb01eaf428956eaeb\"><a href=\"https:\/\/projectes.xtec.cat\/pensament-computacional\/activitats-robotica-2\/app-inventor\/\" data-type=\"link\" data-id=\"https:\/\/projectes.xtec.cat\/pensament-computacional\/activitats-robotica-2\/app-inventor\/\">App Inventor<\/a><\/h4>\n\n\n\n<figure class=\"wp-block-image aligncenter size-full is-resized\"><a href=\"https:\/\/projectes.xtec.cat\/pensament-computacional\/activitats-robotica-2\/app-inventor\/\"><img loading=\"lazy\" decoding=\"async\" width=\"256\" height=\"256\" src=\"https:\/\/projectes.xtec.cat\/pensament-computacional\/wp-content\/uploads\/usu2217\/2024\/07\/ai.png\" alt=\"\" class=\"wp-image-33875\" style=\"width:auto;height:80px\" srcset=\"https:\/\/projectes.xtec.cat\/pensament-computacional\/wp-content\/uploads\/usu2217\/2024\/07\/ai.png 256w, https:\/\/projectes.xtec.cat\/pensament-computacional\/wp-content\/uploads\/usu2217\/2024\/07\/ai-150x150.png 150w\" sizes=\"auto, (max-width: 256px) 100vw, 256px\" \/><\/a><\/figure>\n\n\n\n<p class=\"has-text-align-center has-small-font-size\">Propostes per treballar amb App Inventor.<\/p>\n<\/div>\n\n\n\n<div class=\"wp-block-column caixa-link caixaport element-to-highlight has-ast-global-color-6-background-color has-background is-layout-flow wp-block-column-is-layout-flow\" id=\"https:\/\/projectes.xtec.cat\/pensament-computacional\/?page_id=32982\">\n<h4 class=\"wp-block-heading has-text-align-center has-ast-global-color-0-color has-text-color has-link-color wp-elements-7cab0dcfb1e00e1821570c44a8cc59d3\"><a href=\"https:\/\/projectes.xtec.cat\/pensament-computacional\/?page_id=32982\">Recursos externs<\/a><\/h4>\n\n\n\n<figure class=\"wp-block-image aligncenter size-full is-resized\"><a href=\"https:\/\/projectes.xtec.cat\/pensament-computacional\/?page_id=32982\"><img loading=\"lazy\" decoding=\"async\" width=\"300\" height=\"300\" src=\"https:\/\/projectes.xtec.cat\/pensament-computacional\/wp-content\/uploads\/usu2217\/2024\/07\/altres-recursos.png\" alt=\"\" class=\"wp-image-33613\" style=\"width:auto;height:80px\" srcset=\"https:\/\/projectes.xtec.cat\/pensament-computacional\/wp-content\/uploads\/usu2217\/2024\/07\/altres-recursos.png 300w, https:\/\/projectes.xtec.cat\/pensament-computacional\/wp-content\/uploads\/usu2217\/2024\/07\/altres-recursos-150x150.png 150w\" sizes=\"auto, (max-width: 300px) 100vw, 300px\" \/><\/a><\/figure>\n\n\n\n<p class=\"has-text-align-center has-small-font-size\">Recopilaci\u00f3 d&#8217;activitats externes per als robots i plaques.<\/p>\n<\/div>\n<\/div>\n\n\n\n<div style=\"height:20px\" aria-hidden=\"true\" class=\"wp-block-spacer\"><\/div>\n<\/div><\/div><\/div><\/div><\/div>\n\n\n\n<div style=\"height:50px\" aria-hidden=\"true\" class=\"wp-block-spacer\"><\/div>\n\n\n\n<figure class=\"wp-block-image size-full\"><a href=\"https:\/\/projectes.xtec.cat\/pensament-computacional\/wp-content\/uploads\/usu2217\/2024\/09\/logosCodigo-40-1.png\"><img loading=\"lazy\" decoding=\"async\" width=\"3700\" height=\"424\" src=\"https:\/\/projectes.xtec.cat\/pensament-computacional\/wp-content\/uploads\/usu2217\/2024\/09\/logosCodigo-40-1.png\" alt=\"\" class=\"wp-image-34883\" srcset=\"https:\/\/projectes.xtec.cat\/pensament-computacional\/wp-content\/uploads\/usu2217\/2024\/09\/logosCodigo-40-1.png 3700w, https:\/\/projectes.xtec.cat\/pensament-computacional\/wp-content\/uploads\/usu2217\/2024\/09\/logosCodigo-40-1-300x34.png 300w, https:\/\/projectes.xtec.cat\/pensament-computacional\/wp-content\/uploads\/usu2217\/2024\/09\/logosCodigo-40-1-1024x117.png 1024w, https:\/\/projectes.xtec.cat\/pensament-computacional\/wp-content\/uploads\/usu2217\/2024\/09\/logosCodigo-40-1-768x88.png 768w, https:\/\/projectes.xtec.cat\/pensament-computacional\/wp-content\/uploads\/usu2217\/2024\/09\/logosCodigo-40-1-1536x176.png 1536w, https:\/\/projectes.xtec.cat\/pensament-computacional\/wp-content\/uploads\/usu2217\/2024\/09\/logosCodigo-40-1-2048x235.png 2048w\" sizes=\"auto, (max-width: 3700px) 100vw, 3700px\" \/><\/a><\/figure>\n","protected":false},"excerpt":{"rendered":"","protected":false},"author":2,"featured_media":0,"parent":0,"menu_order":0,"comment_status":"closed","ping_status":"closed","template":"","meta":{"_bbp_topic_count":0,"_bbp_reply_count":0,"_bbp_total_topic_count":0,"_bbp_total_reply_count":0,"_bbp_voice_count":0,"_bbp_anonymous_reply_count":0,"_bbp_topic_count_hidden":0,"_bbp_reply_count_hidden":0,"_bbp_forum_subforum_count":0,"site-sidebar-layout":"default","site-content-layout":"","ast-site-content-layout":"default","site-content-style":"default","site-sidebar-style":"default","ast-global-header-display":"","ast-banner-title-visibility":"","ast-main-header-display":"","ast-hfb-above-header-display":"","ast-hfb-below-header-display":"","ast-hfb-mobile-header-display":"","site-post-title":"disabled","ast-breadcrumbs-content":"","ast-featured-img":"","footer-sml-layout":"","theme-transparent-header-meta":"","adv-header-id-meta":"","stick-header-meta":"","header-above-stick-meta":"","header-main-stick-meta":"","header-below-stick-meta":"","astra-migrate-meta-layouts":"set","ast-page-background-enabled":"default","ast-page-background-meta":{"desktop":{"background-color":"","background-image":"","background-repeat":"repeat","background-position":"center center","background-size":"auto","background-attachment":"scroll","background-type":"","background-media":"","overlay-type":"","overlay-color":"","overlay-opacity":"","overlay-gradient":""},"tablet":{"background-color":"","background-image":"","background-repeat":"repeat","background-position":"center center","background-size":"auto","background-attachment":"scroll","background-type":"","background-media":"","overlay-type":"","overlay-color":"","overlay-opacity":"","overlay-gradient":""},"mobile":{"background-color":"","background-image":"","background-repeat":"repeat","background-position":"center center","background-size":"auto","background-attachment":"scroll","background-type":"","background-media":"","overlay-type":"","overlay-color":"","overlay-opacity":"","overlay-gradient":""}},"ast-content-background-meta":{"desktop":{"background-color":"var(--ast-global-color-5)","background-image":"","background-repeat":"repeat","background-position":"center center","background-size":"auto","background-attachment":"scroll","background-type":"","background-media":"","overlay-type":"","overlay-color":"","overlay-opacity":"","overlay-gradient":""},"tablet":{"background-color":"var(--ast-global-color-5)","background-image":"","background-repeat":"repeat","background-position":"center center","background-size":"auto","background-attachment":"scroll","background-type":"","background-media":"","overlay-type":"","overlay-color":"","overlay-opacity":"","overlay-gradient":""},"mobile":{"background-color":"var(--ast-global-color-5)","background-image":"","background-repeat":"repeat","background-position":"center center","background-size":"auto","background-attachment":"scroll","background-type":"","background-media":"","overlay-type":"","overlay-color":"","overlay-opacity":"","overlay-gradient":""}},"footnotes":""},"class_list":["post-34230","page","type-page","status-publish","hentry"],"post_mailing_queue_ids":[],"_links":{"self":[{"href":"https:\/\/projectes.xtec.cat\/pensament-computacional\/wp-json\/wp\/v2\/pages\/34230","targetHints":{"allow":["GET"]}}],"collection":[{"href":"https:\/\/projectes.xtec.cat\/pensament-computacional\/wp-json\/wp\/v2\/pages"}],"about":[{"href":"https:\/\/projectes.xtec.cat\/pensament-computacional\/wp-json\/wp\/v2\/types\/page"}],"author":[{"embeddable":true,"href":"https:\/\/projectes.xtec.cat\/pensament-computacional\/wp-json\/wp\/v2\/users\/2"}],"replies":[{"embeddable":true,"href":"https:\/\/projectes.xtec.cat\/pensament-computacional\/wp-json\/wp\/v2\/comments?post=34230"}],"version-history":[{"count":6,"href":"https:\/\/projectes.xtec.cat\/pensament-computacional\/wp-json\/wp\/v2\/pages\/34230\/revisions"}],"predecessor-version":[{"id":44085,"href":"https:\/\/projectes.xtec.cat\/pensament-computacional\/wp-json\/wp\/v2\/pages\/34230\/revisions\/44085"}],"wp:attachment":[{"href":"https:\/\/projectes.xtec.cat\/pensament-computacional\/wp-json\/wp\/v2\/media?parent=34230"}],"curies":[{"name":"wp","href":"https:\/\/api.w.org\/{rel}","templated":true}]}}