{"id":35030,"date":"2024-09-12T12:55:28","date_gmt":"2024-09-12T10:55:28","guid":{"rendered":"https:\/\/projectes.xtec.cat\/pensament-computacional\/?page_id=35030"},"modified":"2025-11-26T07:56:22","modified_gmt":"2025-11-26T06:56:22","slug":"guies-rapides-inici","status":"publish","type":"page","link":"https:\/\/projectes.xtec.cat\/pensament-computacional\/inici\/robotica\/guies-rapides-inici\/","title":{"rendered":"Guies r\u00e0pides"},"content":{"rendered":"\n<div class=\"wp-block-getwid-section alignfull alignfull getwid-section-content-full-width\"><div class=\"wp-block-getwid-section__wrapper getwid-padding-top-medium getwid-padding-left-medium getwid-padding-right-medium\"><div class=\"wp-block-getwid-section__inner-wrapper\"><div class=\"wp-block-getwid-section__background-holder\"><div class=\"wp-block-getwid-section__background\"><\/div><div class=\"wp-block-getwid-section__foreground\"><\/div><\/div><div class=\"wp-block-getwid-section__content\"><div class=\"wp-block-getwid-section__inner-content\">\n<div class=\"wp-block-columns is-layout-flex wp-container-core-columns-is-layout-6 wp-block-columns-is-layout-flex\">\n<div class=\"wp-block-column is-layout-flow wp-block-column-is-layout-flow\">\n<div class=\"wp-block-columns is-layout-flex wp-container-core-columns-is-layout-5 wp-block-columns-is-layout-flex\" style=\"margin-top:0;margin-bottom:0;padding-top:0;padding-bottom:0\">\n<div class=\"wp-block-column has-background is-layout-flow wp-container-core-column-is-layout-12 wp-block-column-is-layout-flow\" style=\"border-radius:10px;background-color:#eeeeee;padding-top:0;padding-bottom:0\">\n<div class=\"wp-block-getwid-section alignfull alignfull getwid-margin-bottom-none getwid-section-content-full-width\"><div class=\"wp-block-getwid-section__wrapper getwid-padding-bottom-none getwid-padding-left-small getwid-padding-right-medium getwid-margin-left-none getwid-margin-right-small\"><div class=\"wp-block-getwid-section__inner-wrapper\"><div class=\"wp-block-getwid-section__background-holder\"><div class=\"wp-block-getwid-section__background\"><\/div><div class=\"wp-block-getwid-section__foreground\"><\/div><\/div><div class=\"wp-block-getwid-section__content\"><div class=\"wp-block-getwid-section__inner-content\"><\/div><\/div><\/div><\/div><\/div>\n\n\n\n<div class=\"wp-block-getwid-section alignfull\"><div class=\"wp-block-getwid-section__wrapper getwid-padding-top-normal getwid-padding-bottom-normal getwid-padding-left-large getwid-padding-right-large\"><div class=\"wp-block-getwid-section__inner-wrapper\"><div class=\"wp-block-getwid-section__background-holder\"><div class=\"wp-block-getwid-section__background\"><\/div><div class=\"wp-block-getwid-section__foreground\"><\/div><\/div><div class=\"wp-block-getwid-section__content\"><div class=\"wp-block-getwid-section__inner-content\">\n<div class=\"wp-block-columns is-layout-flex wp-container-core-columns-is-layout-2 wp-block-columns-is-layout-flex\" style=\"padding-top:0;padding-right:0;padding-bottom:0;padding-left:0\">\n<div class=\"wp-block-column is-layout-flow wp-container-core-column-is-layout-1 wp-block-column-is-layout-flow\" style=\"padding-top:0;padding-right:0;padding-bottom:0;padding-left:0;flex-basis:70%\">\n<figure class=\"wp-block-image alignleft size-full is-resized\" style=\"margin-top:0;margin-right:0;margin-bottom:0;margin-left:0\"><img loading=\"lazy\" decoding=\"async\" width=\"450\" height=\"300\" src=\"https:\/\/projectes.xtec.cat\/pensament-computacional\/wp-content\/uploads\/usu2217\/2025\/07\/Propostes-web-curs-25-26-23-1.png\" alt=\"\" class=\"wp-image-53186\" style=\"width:100px;height:auto\" srcset=\"https:\/\/projectes.xtec.cat\/pensament-computacional\/wp-content\/uploads\/usu2217\/2025\/07\/Propostes-web-curs-25-26-23-1.png 450w, https:\/\/projectes.xtec.cat\/pensament-computacional\/wp-content\/uploads\/usu2217\/2025\/07\/Propostes-web-curs-25-26-23-1-300x200.png 300w\" sizes=\"auto, (max-width: 450px) 100vw, 450px\" \/><\/figure>\n\n\n\n<p class=\"league has-text-color has-link-color has-x-large-font-size wp-elements-54a931f1f024bf9b3de652a30418bc0c\" style=\"color:#3b5457;margin-top:0;margin-right:0;margin-bottom:0;margin-left:0;padding-top:0;padding-right:0;padding-bottom:0;padding-left:0\">Guies r\u00e0pides<\/p>\n<\/div>\n\n\n\n<div class=\"wp-block-column is-layout-flow wp-container-core-column-is-layout-4 wp-block-column-is-layout-flow\" style=\"padding-top:0;padding-right:var(--wp--preset--spacing--20);padding-bottom:0;padding-left:var(--wp--preset--spacing--20);flex-basis:30%\">\n<div class=\"wp-block-columns is-layout-flex wp-container-core-columns-is-layout-1 wp-block-columns-is-layout-flex\" style=\"margin-top:0;margin-bottom:0;padding-top:0;padding-right:0;padding-bottom:0;padding-left:0\">\n<div class=\"wp-block-column caixa-link league-petita caixeta is-layout-flow wp-block-column-is-layout-flow\" style=\"padding-top:0;padding-bottom:0;flex-basis:50%\" id=\"https:\/\/projectes.xtec.cat\/pensament-computacional\/inici\/recursos\/\">\n<figure class=\"wp-block-image aligncenter size-full is-resized\" style=\"margin-top:0;margin-right:0;margin-bottom:0;margin-left:0\"><img loading=\"lazy\" decoding=\"async\" width=\"500\" height=\"300\" src=\"https:\/\/projectes.xtec.cat\/pensament-computacional\/wp-content\/uploads\/usu2217\/2025\/07\/Propostes-web-curs-25-26-5.png\" alt=\"\" class=\"wp-image-52544\" style=\"width:70px\" srcset=\"https:\/\/projectes.xtec.cat\/pensament-computacional\/wp-content\/uploads\/usu2217\/2025\/07\/Propostes-web-curs-25-26-5.png 500w, https:\/\/projectes.xtec.cat\/pensament-computacional\/wp-content\/uploads\/usu2217\/2025\/07\/Propostes-web-curs-25-26-5-300x180.png 300w\" sizes=\"auto, (max-width: 500px) 100vw, 500px\" \/><\/figure>\n\n\n\n<p class=\"has-text-align-center has-ast-global-color-5-color has-text-color has-link-color wp-elements-1e143df6407b953d7b4e710a3e992c82\" style=\"margin-top:0;margin-right:0;margin-bottom:0;margin-left:0;padding-top:0;padding-right:0;padding-bottom:0;padding-left:0\">Recursos<\/p>\n<\/div>\n\n\n\n<div class=\"wp-block-column caixa-link league-petita caixeta is-layout-flow wp-block-column-is-layout-flow\" style=\"padding-top:0;padding-right:0;padding-bottom:0;padding-left:0;flex-basis:50%\" id=\"https:\/\/projectes.xtec.cat\/pensament-computacional\/inici\/formacio\">\n<figure class=\"wp-block-image aligncenter size-full is-resized\" style=\"margin-top:0;margin-bottom:0\"><img loading=\"lazy\" decoding=\"async\" width=\"500\" height=\"300\" src=\"https:\/\/projectes.xtec.cat\/pensament-computacional\/wp-content\/uploads\/usu2217\/2025\/07\/Propostes-web-curs-25-26-4.png\" alt=\"\" class=\"wp-image-52545\" style=\"width:70px\" srcset=\"https:\/\/projectes.xtec.cat\/pensament-computacional\/wp-content\/uploads\/usu2217\/2025\/07\/Propostes-web-curs-25-26-4.png 500w, https:\/\/projectes.xtec.cat\/pensament-computacional\/wp-content\/uploads\/usu2217\/2025\/07\/Propostes-web-curs-25-26-4-300x180.png 300w\" sizes=\"auto, (max-width: 500px) 100vw, 500px\" \/><\/figure>\n\n\n\n<p class=\"has-text-align-center\" style=\"margin-top:0;margin-right:0;margin-bottom:0;margin-left:0;padding-top:0;padding-right:0;padding-bottom:0;padding-left:0\">Formaci\u00f3<\/p>\n<\/div>\n<\/div>\n<\/div>\n<\/div>\n\n\n\n<p class=\"league has-medium-font-size\" style=\"margin-top:var(--wp--preset--spacing--30);margin-bottom:var(--wp--preset--spacing--30);padding-top:var(--wp--preset--spacing--20);padding-bottom:var(--wp--preset--spacing--20)\">En aquest apartat trobareu diverses guies r\u00e0pides per iniciar-vos en l&#8217;\u00fas de plaques i d&#8217;entorns de programaci\u00f3.<\/p>\n\n\n\n<div class=\"wp-block-getwid-section getwid-margin-top-small\"><div class=\"wp-block-getwid-section__wrapper getwid-padding-top-small getwid-padding-bottom-medium getwid-padding-left-medium getwid-padding-right-medium\"><div class=\"wp-block-getwid-section__inner-wrapper\"><div class=\"wp-block-getwid-section__background-holder\"><div class=\"wp-block-getwid-section__background\"><\/div><div class=\"wp-block-getwid-section__foreground\"><\/div><\/div><div class=\"wp-block-getwid-section__content\"><div class=\"wp-block-getwid-section__inner-content\">\n<p class=\"league has-text-color has-background has-link-color has-large-font-size wp-elements-e46b50e98c26c06f9901c7b88461009f\" style=\"border-radius:15px;color:#3b5457;background:linear-gradient(345deg,rgb(238,238,238) 0%,rgb(169,184,195) 100%);margin-top:var(--wp--preset--spacing--50);margin-right:0;margin-bottom:var(--wp--preset--spacing--50);margin-left:0;padding-top:var(--wp--preset--spacing--20);padding-right:var(--wp--preset--spacing--40);padding-bottom:var(--wp--preset--spacing--20);padding-left:var(--wp--preset--spacing--40)\">Plaques<\/p>\n\n\n\n<div class=\"wp-block-columns is-layout-flex wp-container-core-columns-is-layout-3 wp-block-columns-is-layout-flex\">\n<div class=\"wp-block-column caixa-link ombra_int has-ast-global-color-6-background-color has-background is-layout-flow wp-block-column-is-layout-flow\" id=\"https:\/\/projectes.xtec.cat\/pensament-computacional\/pagina-inici-pc_i_robotica\/guies-rapides-inici\/guies-rapides-microbit\/\">\n<h5 class=\"wp-block-heading has-text-align-center league has-text-color has-link-color wp-elements-03cf62ff9a5ab1e52f1e5f768128dcaf\" style=\"color:#3b5457\"><a href=\"https:\/\/projectes.xtec.cat\/pensament-computacional\/pagina-inici-pc_i_robotica\/guies-rapides-inici\/guies-rapides-microbit\/\" data-type=\"link\" data-id=\"https:\/\/projectes.xtec.cat\/pensament-computacional\/pagina-inici-pc_i_robotica\/guies-rapides-inici\/guies-rapides-microbit\/\">micro:bit<\/a><\/h5>\n\n\n\n<figure class=\"wp-block-image aligncenter size-full is-resized\"><img loading=\"lazy\" decoding=\"async\" width=\"450\" height=\"300\" src=\"https:\/\/projectes.xtec.cat\/pensament-computacional\/wp-content\/uploads\/usu2217\/2025\/07\/79-1.png\" alt=\"\" class=\"wp-image-53137\" style=\"aspect-ratio:4\/3;object-fit:cover;width:auto;height:100px\" srcset=\"https:\/\/projectes.xtec.cat\/pensament-computacional\/wp-content\/uploads\/usu2217\/2025\/07\/79-1.png 450w, https:\/\/projectes.xtec.cat\/pensament-computacional\/wp-content\/uploads\/usu2217\/2025\/07\/79-1-300x200.png 300w\" sizes=\"auto, (max-width: 450px) 100vw, 450px\" \/><\/figure>\n\n\n\n<p class=\"has-text-align-center\">Guies r\u00e0pides per a la placa micro:bit<\/p>\n<\/div>\n\n\n\n<div class=\"wp-block-column caixa-link ombra_int has-ast-global-color-6-background-color has-background is-layout-flow wp-block-column-is-layout-flow\" id=\"https:\/\/projectes.xtec.cat\/pensament-computacional\/pagina-inici-pc_i_robotica\/guies-rapides-inici\/guies-rapides-ed1\/\">\n<h5 class=\"wp-block-heading has-text-align-center league has-text-color has-link-color wp-elements-8e5f18810837c3fb1d5e709471034c24\" style=\"color:#3b5457\"><a href=\"https:\/\/projectes.xtec.cat\/pensament-computacional\/pagina-inici-pc_i_robotica\/guies-rapides-inici\/guies-rapides-ed1\/\" data-type=\"link\" data-id=\"https:\/\/projectes.xtec.cat\/pensament-computacional\/pagina-inici-pc_i_robotica\/guies-rapides-inici\/hub-guies-rapides-ed1\/\">ED1<\/a><\/h5>\n\n\n\n<figure class=\"wp-block-image aligncenter size-full is-resized\"><img loading=\"lazy\" decoding=\"async\" width=\"450\" height=\"300\" src=\"https:\/\/projectes.xtec.cat\/pensament-computacional\/wp-content\/uploads\/usu2217\/2025\/07\/83.png\" alt=\"\" class=\"wp-image-53145\" style=\"aspect-ratio:4\/3;object-fit:cover;width:auto;height:100px\" srcset=\"https:\/\/projectes.xtec.cat\/pensament-computacional\/wp-content\/uploads\/usu2217\/2025\/07\/83.png 450w, https:\/\/projectes.xtec.cat\/pensament-computacional\/wp-content\/uploads\/usu2217\/2025\/07\/83-300x200.png 300w\" sizes=\"auto, (max-width: 450px) 100vw, 450px\" \/><\/figure>\n\n\n\n<p class=\"has-text-align-center\">Guies r\u00e0pides per a la placa ED1<\/p>\n<\/div>\n\n\n\n<div class=\"wp-block-column caixa-link ombra_int has-ast-global-color-6-background-color has-background is-layout-flow wp-block-column-is-layout-flow\" id=\"https:\/\/projectes.xtec.cat\/pensament-computacional\/pagina-inici-pc_i_robotica\/guies-rapides-inici\/guies-rapides-keyestudio\/\">\n<h5 class=\"wp-block-heading has-text-align-center league has-text-color has-link-color wp-elements-107b69f6c7380d198c8ad11c729fbd70\" style=\"color:#3b5457\"><a href=\"https:\/\/projectes.xtec.cat\/pensament-computacional\/pagina-inici-pc_i_robotica\/guies-rapides-inici\/guies-rapides-keyestudio\/\" data-type=\"link\" data-id=\"https:\/\/projectes.xtec.cat\/pensament-computacional\/pagina-inici-pc_i_robotica\/guies-rapides-inici\/guies-rapides-keyestudio\/\">Keyestudio UNO<\/a><\/h5>\n\n\n\n<figure class=\"wp-block-image aligncenter size-full is-resized\"><img loading=\"lazy\" decoding=\"async\" width=\"450\" height=\"300\" src=\"https:\/\/projectes.xtec.cat\/pensament-computacional\/wp-content\/uploads\/usu2217\/2025\/07\/86-1.png\" alt=\"\" class=\"wp-image-53141\" style=\"width:auto;height:100px\" srcset=\"https:\/\/projectes.xtec.cat\/pensament-computacional\/wp-content\/uploads\/usu2217\/2025\/07\/86-1.png 450w, https:\/\/projectes.xtec.cat\/pensament-computacional\/wp-content\/uploads\/usu2217\/2025\/07\/86-1-300x200.png 300w\" sizes=\"auto, (max-width: 450px) 100vw, 450px\" \/><\/figure>\n\n\n\n<p class=\"has-text-align-center\">Guies r\u00e0pides per a la placa Keyestudio UNO<\/p>\n<\/div>\n\n\n\n<div class=\"wp-block-column caixa-link ombra_int has-ast-global-color-6-background-color has-background is-layout-flow wp-block-column-is-layout-flow\" id=\"https:\/\/projectes.xtec.cat\/pensament-computacional\/pagina-inici-pc_i_robotica\/guies-rapides-inici\/guies-rapides-esp32-steamakers\/\">\n<h5 class=\"wp-block-heading has-text-align-center league has-text-color has-link-color wp-elements-a201b293780e747203e7e54129ed470b\" style=\"color:#3b5457\"><a href=\"https:\/\/projectes.xtec.cat\/pensament-computacional\/pagina-inici-pc_i_robotica\/guies-rapides-inici\/guies-rapides-esp32-steamakers\/\" data-type=\"link\" data-id=\"https:\/\/projectes.xtec.cat\/pensament-computacional\/pagina-inici-pc_i_robotica\/guies-rapides-inici\/guies-rapides-esp32-steamakers\/\">ESP32 STEAMakers<\/a><\/h5>\n\n\n\n<figure class=\"wp-block-image aligncenter size-full is-resized\"><img loading=\"lazy\" decoding=\"async\" width=\"450\" height=\"300\" src=\"https:\/\/projectes.xtec.cat\/pensament-computacional\/wp-content\/uploads\/usu2217\/2025\/07\/85.png\" alt=\"\" class=\"wp-image-53142\" style=\"object-fit:cover;width:133px;height:auto\" srcset=\"https:\/\/projectes.xtec.cat\/pensament-computacional\/wp-content\/uploads\/usu2217\/2025\/07\/85.png 450w, https:\/\/projectes.xtec.cat\/pensament-computacional\/wp-content\/uploads\/usu2217\/2025\/07\/85-300x200.png 300w\" sizes=\"auto, (max-width: 450px) 100vw, 450px\" \/><\/figure>\n\n\n\n<p class=\"has-text-align-center\">Guies r\u00e0pides per a la placa ESP32 STEAMakers<\/p>\n<\/div>\n<\/div>\n<\/div><\/div><\/div><\/div><\/div>\n\n\n\n<div id=\"https:\/\/www.youtube.com\/playlist?list=PL1G8SlWrQojh4Mq5xNLD5gO60BVVJAoE9\" class=\"wp-block-getwid-section getwid-margin-top-small\"><div class=\"wp-block-getwid-section__wrapper getwid-padding-top-small getwid-padding-bottom-medium getwid-padding-left-medium getwid-padding-right-medium\"><div class=\"wp-block-getwid-section__inner-wrapper\"><div class=\"wp-block-getwid-section__background-holder\"><div class=\"wp-block-getwid-section__background\"><\/div><div class=\"wp-block-getwid-section__foreground\"><\/div><\/div><div class=\"wp-block-getwid-section__content\"><div class=\"wp-block-getwid-section__inner-content\">\n<p class=\"league has-text-color has-background has-link-color has-large-font-size wp-elements-0ce0379b8609af743e134db1252b3a94\" style=\"border-radius:15px;color:#3b5457;background:linear-gradient(345deg,rgb(238,238,238) 0%,rgb(169,184,195) 100%);margin-top:var(--wp--preset--spacing--50);margin-right:0;margin-bottom:var(--wp--preset--spacing--50);margin-left:0;padding-top:var(--wp--preset--spacing--20);padding-right:var(--wp--preset--spacing--40);padding-bottom:var(--wp--preset--spacing--20);padding-left:var(--wp--preset--spacing--40)\">Programaci\u00f3<\/p>\n\n\n\n<div class=\"wp-block-columns is-layout-flex wp-container-core-columns-is-layout-4 wp-block-columns-is-layout-flex\">\n<div class=\"wp-block-column caixa-link ombra_int has-ast-global-color-6-background-color has-background is-layout-flow wp-block-column-is-layout-flow\" id=\"https:\/\/youtube.com\/playlist?list=PL1G8SlWrQojh4Mq5xNLD5gO60BVVJAoE9&amp;si=BMtUbzSokueqZSlR\">\n<h5 class=\"wp-block-heading has-text-align-center league has-text-color has-link-color wp-elements-bf1447753f35b6adec1fc0395c204613\" style=\"color:#3b5457\"><a href=\"https:\/\/projectes.xtec.cat\/pensament-computacional\/pagina-inici-pc_i_robotica\/guies-rapides-inici\/guies-rapides-microbit\/\" data-type=\"link\" data-id=\"https:\/\/projectes.xtec.cat\/pensament-computacional\/pagina-inici-pc_i_robotica\/guies-rapides-inici\/guies-rapides-microbit\/\">Scratch<\/a><\/h5>\n\n\n\n<iframe loading=\"lazy\" width=\"auto\" height=\"auto\" src=\"https:\/\/www.youtube.com\/embed\/videoseries?si=GPUy2JnILlZJzzBt&amp;list=PL1G8SlWrQojh4Mq5xNLD5gO60BVVJAoE9\" title=\"YouTube video player\" frameborder=\"0\" allow=\"accelerometer; autoplay; clipboard-write; encrypted-media; gyroscope; picture-in-picture; web-share\" referrerpolicy=\"strict-origin-when-cross-origin\" allowfullscreen><\/iframe>\n<\/div>\n\n\n\n<div class=\"wp-block-column caixa-link ombra_int has-ast-global-color-6-background-color has-background is-layout-flow wp-block-column-is-layout-flow\" id=\"https:\/\/youtube.com\/playlist?list=PL1G8SlWrQojj3ja1ag0Sr0JWgMYF-Q6zv&amp;si=PINMIji_KgW5Ye8y\">\n<h5 class=\"wp-block-heading has-text-align-center league has-text-color has-link-color wp-elements-0e72db58d078e1eb04e669b28858123c\" style=\"color:#3b5457\"><a href=\"https:\/\/projectes.xtec.cat\/pensament-computacional\/pagina-inici-pc_i_robotica\/guies-rapides-inici\/guies-rapides-ed1\/\" data-type=\"link\" data-id=\"https:\/\/projectes.xtec.cat\/pensament-computacional\/pagina-inici-pc_i_robotica\/guies-rapides-inici\/hub-guies-rapides-ed1\/\">micro:bit<\/a><\/h5>\n\n\n\n<iframe loading=\"lazy\" width=\"auto\" height=\"auto\" src=\"https:\/\/www.youtube.com\/embed\/videoseries?si=pV8OLVmshQYDjBzj&amp;list=PL1G8SlWrQojj3ja1ag0Sr0JWgMYF-Q6zv\" title=\"YouTube video player\" frameborder=\"0\" allow=\"accelerometer; autoplay; clipboard-write; encrypted-media; gyroscope; picture-in-picture; web-share\" referrerpolicy=\"strict-origin-when-cross-origin\" allowfullscreen><\/iframe>\n<\/div>\n\n\n\n<div class=\"wp-block-column caixa-link ombra_int has-ast-global-color-6-background-color has-background is-layout-flow wp-block-column-is-layout-flow\" id=\"https:\/\/youtube.com\/playlist?list=PL1G8SlWrQojhIiLXjwX7q0VQqHrcGHxdz&amp;si=Rp-Ri536CUcLnHOX\">\n<h5 class=\"wp-block-heading has-text-align-center league has-text-color has-link-color wp-elements-26e447b75bb296a81fcc45bd0e890db4\" style=\"color:#3b5457\"><a href=\"https:\/\/projectes.xtec.cat\/pensament-computacional\/pagina-inici-pc_i_robotica\/guies-rapides-inici\/guies-rapides-keyestudio\/\" data-type=\"link\" data-id=\"https:\/\/projectes.xtec.cat\/pensament-computacional\/pagina-inici-pc_i_robotica\/guies-rapides-inici\/guies-rapides-keyestudio\/\">Arduino Blocks<\/a><\/h5>\n\n\n\n<iframe loading=\"lazy\" width=\"auto\" height=\"auto\" src=\"https:\/\/www.youtube.com\/embed\/videoseries?si=CTqYoWyHeZ3ljpbG&amp;list=PL1G8SlWrQojhIiLXjwX7q0VQqHrcGHxdz\" title=\"YouTube video player\" frameborder=\"0\" allow=\"accelerometer; autoplay; clipboard-write; encrypted-media; gyroscope; picture-in-picture; web-share\" referrerpolicy=\"strict-origin-when-cross-origin\" allowfullscreen><\/iframe>\n<\/div>\n<\/div>\n<\/div><\/div><\/div><\/div><\/div>\n<\/div><\/div><\/div><\/div><\/div>\n<\/div>\n<\/div>\n<\/div>\n<\/div>\n<\/div><\/div><\/div><\/div><\/div>\n","protected":false},"excerpt":{"rendered":"","protected":false},"author":2,"featured_media":0,"parent":52520,"menu_order":0,"comment_status":"closed","ping_status":"closed","template":"","meta":{"_bbp_topic_count":0,"_bbp_reply_count":0,"_bbp_total_topic_count":0,"_bbp_total_reply_count":0,"_bbp_voice_count":0,"_bbp_anonymous_reply_count":0,"_bbp_topic_count_hidden":0,"_bbp_reply_count_hidden":0,"_bbp_forum_subforum_count":0,"site-sidebar-layout":"default","site-content-layout":"","ast-site-content-layout":"default","site-content-style":"default","site-sidebar-style":"default","ast-global-header-display":"","ast-banner-title-visibility":"","ast-main-header-display":"","ast-hfb-above-header-display":"","ast-hfb-below-header-display":"","ast-hfb-mobile-header-display":"","site-post-title":"disabled","ast-breadcrumbs-content":"","ast-featured-img":"","footer-sml-layout":"","theme-transparent-header-meta":"","adv-header-id-meta":"","stick-header-meta":"","header-above-stick-meta":"","header-main-stick-meta":"","header-below-stick-meta":"","astra-migrate-meta-layouts":"set","ast-page-background-enabled":"default","ast-page-background-meta":{"desktop":{"background-color":"","background-image":"","background-repeat":"repeat","background-position":"center center","background-size":"auto","background-attachment":"scroll","background-type":"","background-media":"","overlay-type":"","overlay-color":"","overlay-opacity":"","overlay-gradient":""},"tablet":{"background-color":"","background-image":"","background-repeat":"repeat","background-position":"center center","background-size":"auto","background-attachment":"scroll","background-type":"","background-media":"","overlay-type":"","overlay-color":"","overlay-opacity":"","overlay-gradient":""},"mobile":{"background-color":"","background-image":"","background-repeat":"repeat","background-position":"center center","background-size":"auto","background-attachment":"scroll","background-type":"","background-media":"","overlay-type":"","overlay-color":"","overlay-opacity":"","overlay-gradient":""}},"ast-content-background-meta":{"desktop":{"background-color":"var(--ast-global-color-5)","background-image":"","background-repeat":"repeat","background-position":"center center","background-size":"auto","background-attachment":"scroll","background-type":"","background-media":"","overlay-type":"","overlay-color":"","overlay-opacity":"","overlay-gradient":""},"tablet":{"background-color":"var(--ast-global-color-5)","background-image":"","background-repeat":"repeat","background-position":"center center","background-size":"auto","background-attachment":"scroll","background-type":"","background-media":"","overlay-type":"","overlay-color":"","overlay-opacity":"","overlay-gradient":""},"mobile":{"background-color":"var(--ast-global-color-5)","background-image":"","background-repeat":"repeat","background-position":"center center","background-size":"auto","background-attachment":"scroll","background-type":"","background-media":"","overlay-type":"","overlay-color":"","overlay-opacity":"","overlay-gradient":""}},"footnotes":""},"class_list":["post-35030","page","type-page","status-publish","hentry"],"post_mailing_queue_ids":[],"_links":{"self":[{"href":"https:\/\/projectes.xtec.cat\/pensament-computacional\/wp-json\/wp\/v2\/pages\/35030","targetHints":{"allow":["GET"]}}],"collection":[{"href":"https:\/\/projectes.xtec.cat\/pensament-computacional\/wp-json\/wp\/v2\/pages"}],"about":[{"href":"https:\/\/projectes.xtec.cat\/pensament-computacional\/wp-json\/wp\/v2\/types\/page"}],"author":[{"embeddable":true,"href":"https:\/\/projectes.xtec.cat\/pensament-computacional\/wp-json\/wp\/v2\/users\/2"}],"replies":[{"embeddable":true,"href":"https:\/\/projectes.xtec.cat\/pensament-computacional\/wp-json\/wp\/v2\/comments?post=35030"}],"version-history":[{"count":7,"href":"https:\/\/projectes.xtec.cat\/pensament-computacional\/wp-json\/wp\/v2\/pages\/35030\/revisions"}],"predecessor-version":[{"id":59484,"href":"https:\/\/projectes.xtec.cat\/pensament-computacional\/wp-json\/wp\/v2\/pages\/35030\/revisions\/59484"}],"up":[{"embeddable":true,"href":"https:\/\/projectes.xtec.cat\/pensament-computacional\/wp-json\/wp\/v2\/pages\/52520"}],"wp:attachment":[{"href":"https:\/\/projectes.xtec.cat\/pensament-computacional\/wp-json\/wp\/v2\/media?parent=35030"}],"curies":[{"name":"wp","href":"https:\/\/api.w.org\/{rel}","templated":true}]}}