{"id":35578,"date":"2024-09-13T09:40:48","date_gmt":"2024-09-13T07:40:48","guid":{"rendered":"https:\/\/projectes.xtec.cat\/pensament-computacional\/?page_id=35578"},"modified":"2024-12-04T11:59:22","modified_gmt":"2024-12-04T10:59:22","slug":"guia-rapida-ed1-com-programar-la-tira-de-led-neopixel","status":"publish","type":"page","link":"https:\/\/projectes.xtec.cat\/pensament-computacional\/inici\/robotica\/guies-rapides-inici\/guies-rapides-ed1\/guia-rapida-ed1-com-programar-la-tira-de-led-neopixel\/","title":{"rendered":"Tira de leds"},"content":{"rendered":"\n<div class=\"wp-block-columns is-layout-flex wp-container-core-columns-is-layout-6 wp-block-columns-is-layout-flex\">\n<div class=\"wp-block-column is-layout-flow wp-block-column-is-layout-flow\">\n<div class=\"wp-block-columns is-layout-flex wp-container-core-columns-is-layout-1 wp-block-columns-is-layout-flex\">\n<div class=\"wp-block-column is-layout-flow wp-block-column-is-layout-flow\">\n<figure class=\"wp-block-image size-full\"><a href=\"https:\/\/projectes.xtec.cat\/pensament-computacional\/wp-content\/uploads\/usu2217\/2023\/09\/ed1_boto-removebg-preview.png\"><img loading=\"lazy\" decoding=\"async\" width=\"400\" height=\"300\" src=\"https:\/\/projectes.xtec.cat\/pensament-computacional\/wp-content\/uploads\/usu2217\/2023\/09\/ed1_boto-removebg-preview.png\" alt=\"\" class=\"wp-image-28932\" srcset=\"https:\/\/projectes.xtec.cat\/pensament-computacional\/wp-content\/uploads\/usu2217\/2023\/09\/ed1_boto-removebg-preview.png 400w, https:\/\/projectes.xtec.cat\/pensament-computacional\/wp-content\/uploads\/usu2217\/2023\/09\/ed1_boto-removebg-preview-300x225.png 300w\" sizes=\"auto, (max-width: 400px) 100vw, 400px\" \/><\/a><\/figure>\n<\/div>\n<\/div>\n<\/div>\n\n\n\n<div class=\"wp-block-column is-layout-flow wp-block-column-is-layout-flow\">\n<div class=\"wp-block-columns is-layout-flex wp-container-core-columns-is-layout-2 wp-block-columns-is-layout-flex\">\n<div class=\"wp-block-column is-layout-flow wp-block-column-is-layout-flow\">\n<p class=\"has-text-align-center has-small-font-size\"><\/p>\n<\/div>\n\n\n\n<div class=\"wp-block-column is-layout-flow wp-block-column-is-layout-flow\">\n<p class=\"has-text-align-center has-small-font-size\"><\/p>\n<\/div>\n<\/div>\n<\/div>\n\n\n\n<div class=\"wp-block-column is-layout-flow wp-block-column-is-layout-flow\">\n<div class=\"wp-block-columns is-layout-flex wp-container-core-columns-is-layout-3 wp-block-columns-is-layout-flex\">\n<div class=\"wp-block-column is-layout-flow wp-block-column-is-layout-flow\">\n<p class=\"has-text-align-center has-small-font-size\"><\/p>\n<\/div>\n\n\n\n<div class=\"wp-block-column is-layout-flow wp-block-column-is-layout-flow\">\n<p class=\"has-text-align-center has-small-font-size\"><\/p>\n<\/div>\n<\/div>\n<\/div>\n\n\n\n<div class=\"wp-block-column is-layout-flow wp-block-column-is-layout-flow\">\n<div class=\"wp-block-columns is-layout-flex wp-container-core-columns-is-layout-4 wp-block-columns-is-layout-flex\">\n<div class=\"wp-block-column is-layout-flow wp-block-column-is-layout-flow\">\n<p class=\"has-text-align-center has-small-font-size\"><\/p>\n<\/div>\n\n\n\n<div class=\"wp-block-column is-layout-flow wp-block-column-is-layout-flow\">\n<p class=\"has-text-align-center has-small-font-size\"><\/p>\n<\/div>\n<\/div>\n<\/div>\n\n\n\n<div class=\"wp-block-column is-layout-flow wp-container-core-column-is-layout-13 wp-block-column-is-layout-flow\" style=\"padding-top:0;padding-bottom:0;flex-basis:25%\">\n<div class=\"wp-block-columns is-layout-flex wp-container-core-columns-is-layout-5 wp-block-columns-is-layout-flex\">\n<div class=\"wp-block-column is-layout-flow wp-container-core-column-is-layout-12 wp-block-column-is-layout-flow\" style=\"padding-top:0;padding-bottom:0\">\n<div class=\"wp-block-getwid-section guiarapida alignwide alignwide getwid-margin-top-none getwid-margin-bottom-none\"><div class=\"wp-block-getwid-section__wrapper getwid-padding-top-none getwid-padding-bottom-none\"><div class=\"wp-block-getwid-section__inner-wrapper\"><div class=\"wp-block-getwid-section__background-holder\"><div class=\"wp-block-getwid-section__background\"><\/div><div class=\"wp-block-getwid-section__foreground\"><\/div><\/div><div class=\"wp-block-getwid-section__content\"><div class=\"wp-block-getwid-section__inner-content\">\n<p class=\"has-text-align-center has-medium-font-size\" style=\"margin-top:0;margin-bottom:0;padding-top:0;padding-bottom:0\"><strong>Guia r\u00e0pida<\/strong><\/p>\n<\/div><\/div><\/div><\/div><\/div>\n<\/div>\n<\/div>\n<\/div>\n<\/div>\n\n\n\n<h2 class=\"wp-block-heading has-ast-global-color-0-color has-text-color has-link-color has-large-font-size wp-elements-9a74ab618fc45f3721576808b2e3dba1\" style=\"margin-top:var(--wp--preset--spacing--20);margin-bottom:var(--wp--preset--spacing--20);padding-top:var(--wp--preset--spacing--30);padding-right:0;padding-bottom:var(--wp--preset--spacing--30);padding-left:0;font-style:normal;font-weight:300\"><strong>ED1: Com programar la tira de LED NeoP\u00edxel<\/strong><\/h2>\n\n\n\n<div style=\"height:15px\" aria-hidden=\"true\" class=\"wp-block-spacer\"><\/div>\n\n\n\n<div class=\"wp-block-getwid-tabs active-tab2 tablinks-active2\" data-active-tab=\"0\"><ul class=\"wp-block-getwid-tabs__nav-links\"><\/ul>\n<div class=\"wp-block-getwid-tabs__nav-link\"><span class=\"wp-block-getwid-tabs__title-wrapper\"><a href=\"#\"><span class=\"wp-block-getwid-tabs__title\"><mark style=\"background-color:rgba(0, 0, 0, 0)\" class=\"has-inline-color has-ast-global-color-1-color\"><strong>General<\/strong><\/mark><\/span><\/a><\/span><\/div><div class=\"wp-block-getwid-tabs__tab-content-wrapper\"><div class=\"wp-block-getwid-tabs__tab-content\">\n<div class=\"wp-block-getwid-section caixa2 getwid-margin-top-none\"><div class=\"wp-block-getwid-section__wrapper getwid-padding-top-none getwid-padding-left-none getwid-padding-right-none getwid-margin-left-none getwid-margin-right-none\"><div class=\"wp-block-getwid-section__inner-wrapper\"><div class=\"wp-block-getwid-section__background-holder\"><div class=\"wp-block-getwid-section__background\"><\/div><div class=\"wp-block-getwid-section__foreground\"><\/div><\/div><div class=\"wp-block-getwid-section__content\"><div class=\"wp-block-getwid-section__inner-content\">\n<p style=\"margin-top:var(--wp--preset--spacing--20);margin-right:0;margin-bottom:var(--wp--preset--spacing--20);margin-left:0;padding-top:var(--wp--preset--spacing--20);padding-right:var(--wp--preset--spacing--30);padding-bottom:var(--wp--preset--spacing--20);padding-left:var(--wp--preset--spacing--30)\">En aquesta guia r\u00e0pida trobareu instruccions per comen\u00e7ar a programar la tira de LED amb la ED1. La tira de led <strong>NeoP\u00edxel<\/strong> est\u00e0 formada per un conjunt de LED RGB, que podem programar perqu\u00e8 adquireixin qualsevol color. En aquest exemple farem servir una tira amb 30 LED. Podem programar cadascun d&#8217;aquests LEDS de manera individual, aconseguint diferents efectes visuals.<\/p>\n<\/div><\/div><\/div><\/div><\/div>\n\n\n\n<div class=\"wp-block-getwid-section getwid-margin-top-none\"><div class=\"wp-block-getwid-section__wrapper getwid-padding-left-none getwid-padding-right-none getwid-margin-left-none getwid-margin-right-none\"><div class=\"wp-block-getwid-section__inner-wrapper\"><div class=\"wp-block-getwid-section__background-holder\"><div class=\"wp-block-getwid-section__background\"><\/div><div class=\"wp-block-getwid-section__foreground\"><\/div><\/div><div class=\"wp-block-getwid-section__content\"><div class=\"wp-block-getwid-section__inner-content\">\n<div style=\"height:10px\" aria-hidden=\"true\" class=\"wp-block-spacer\"><\/div>\n<\/div><\/div><\/div><\/div><\/div>\n\n\n\n<div class=\"wp-block-columns is-layout-flex wp-container-core-columns-is-layout-7 wp-block-columns-is-layout-flex\">\n<div class=\"wp-block-column is-layout-flow wp-block-column-is-layout-flow\">\n<h5 class=\"wp-block-heading has-pale-cyan-blue-background-color has-text-color has-background has-link-color wp-elements-2b7baa4dcde393e30c388460318d7c40\" style=\"color:#595959e3;margin-top:0;margin-right:0;margin-bottom:0;margin-left:0;padding-top:var(--wp--preset--spacing--20);padding-right:var(--wp--preset--spacing--30);padding-bottom:var(--wp--preset--spacing--20);padding-left:var(--wp--preset--spacing--30)\"><strong>Material necessari<\/strong><\/h5>\n\n\n\n<div style=\"margin-top:0;margin-bottom:0;height:7px\" aria-hidden=\"true\" class=\"wp-block-spacer\"><\/div>\n\n\n\n<div class=\"wp-block-getwid-section getwid-margin-top-none getwid-margin-bottom-none\"><div class=\"wp-block-getwid-section__wrapper getwid-padding-top-none getwid-padding-bottom-none getwid-padding-left-none getwid-padding-right-none getwid-margin-left-none getwid-margin-right-none\"><div class=\"wp-block-getwid-section__inner-wrapper\"><div class=\"wp-block-getwid-section__background-holder\"><div class=\"wp-block-getwid-section__background has-background has-ast-global-color-5-background-color\"><\/div><div class=\"wp-block-getwid-section__foreground\"><\/div><\/div><div class=\"wp-block-getwid-section__content\"><div class=\"wp-block-getwid-section__inner-content\">\n<ul class=\"wp-block-list\">\n<li style=\"padding-top:var(--wp--preset--spacing--20);padding-bottom:var(--wp--preset--spacing--20)\">Placa ED1<\/li>\n\n\n\n<li style=\"padding-top:var(--wp--preset--spacing--20);padding-bottom:var(--wp--preset--spacing--20)\">Tira de LED NeoP\u00edxel<\/li>\n\n\n\n<li style=\"padding-top:var(--wp--preset--spacing--20);padding-bottom:var(--wp--preset--spacing--20)\">Ordinador. Cal comprovar que el dispositiu tingui instal\u00b7lats els controladors necessaris. Trobareu tota la informaci\u00f3 en aquesta <a href=\"https:\/\/projectes.xtec.cat\/digital\/wp-content\/uploads\/usu2317\/2024\/10\/ED1.pdf\" target=\"_blank\" rel=\"noreferrer noopener\">fitxa<\/a>.<\/li>\n<\/ul>\n<\/div><\/div><\/div><\/div><\/div>\n\n\n\n<div style=\"height:2px\" aria-hidden=\"true\" class=\"wp-block-spacer\"><\/div>\n\n\n\n<div style=\"margin-top:var(--wp--preset--spacing--30);margin-bottom:var(--wp--preset--spacing--30);height:2px\" aria-hidden=\"true\" class=\"wp-block-spacer\"><\/div>\n\n\n\n<div style=\"margin-top:var(--wp--preset--spacing--30);margin-bottom:var(--wp--preset--spacing--30);height:2px\" aria-hidden=\"true\" class=\"wp-block-spacer\"><\/div>\n<\/div>\n<\/div>\n<\/div><\/div>\n\n\n\n<div class=\"wp-block-getwid-tabs__nav-link\"><span class=\"wp-block-getwid-tabs__title-wrapper\"><a href=\"#\"><span class=\"wp-block-getwid-tabs__title\"><mark style=\"background-color:rgba(0, 0, 0, 0)\" class=\"has-inline-color has-ast-global-color-1-color\"><strong>Pas a pas<\/strong><\/mark><\/span><\/a><\/span><\/div><div class=\"wp-block-getwid-tabs__tab-content-wrapper\"><div class=\"wp-block-getwid-tabs__tab-content\">\n<div class=\"wp-block-getwid-section\"><div class=\"wp-block-getwid-section__wrapper\"><div class=\"wp-block-getwid-section__inner-wrapper\"><div class=\"wp-block-getwid-section__background-holder\"><div class=\"wp-block-getwid-section__background has-background has-ast-global-color-5-background-color\"><\/div><div class=\"wp-block-getwid-section__foreground\"><\/div><\/div><div class=\"wp-block-getwid-section__content\"><div class=\"wp-block-getwid-section__inner-content\">\n<p><strong>1.<\/strong> Per treballar amb la tira de LED, l&#8217;hem de connectar a un pin <strong>digital<\/strong>. En aquest cas, la connectem al pin digital 1, com es veu a la imatge:<\/p>\n\n\n\n<figure class=\"wp-block-image aligncenter size-full\"><a href=\"https:\/\/projectes.xtec.cat\/pensament-computacional\/wp-content\/uploads\/usu2217\/2024\/09\/imatge-1.jpg\"><img loading=\"lazy\" decoding=\"async\" width=\"524\" height=\"263\" src=\"https:\/\/projectes.xtec.cat\/pensament-computacional\/wp-content\/uploads\/usu2217\/2024\/09\/imatge-1.jpg\" alt=\"\" class=\"wp-image-35581\" srcset=\"https:\/\/projectes.xtec.cat\/pensament-computacional\/wp-content\/uploads\/usu2217\/2024\/09\/imatge-1.jpg 524w, https:\/\/projectes.xtec.cat\/pensament-computacional\/wp-content\/uploads\/usu2217\/2024\/09\/imatge-1-300x151.jpg 300w\" sizes=\"auto, (max-width: 524px) 100vw, 524px\" \/><\/a><\/figure>\n\n\n\n<p><strong>2.<\/strong> Per comen\u00e7ar, afegirem la llibreria &#8220;NeoP\u00edxels&#8221; des de <a href=\"https:\/\/microblocks.fun\/run\/microblocks.html\" target=\"_blank\" rel=\"noreferrer noopener\">microblocks<\/a>:<\/p>\n\n\n\n<figure class=\"wp-block-image aligncenter size-full is-resized\"><a href=\"https:\/\/projectes.xtec.cat\/pensament-computacional\/wp-content\/uploads\/usu2217\/2024\/09\/imatge-2-4.png\"><img loading=\"lazy\" decoding=\"async\" width=\"605\" height=\"472\" src=\"https:\/\/projectes.xtec.cat\/pensament-computacional\/wp-content\/uploads\/usu2217\/2024\/09\/imatge-2-4.png\" alt=\"\" class=\"wp-image-35582\" style=\"width:351px;height:auto\" srcset=\"https:\/\/projectes.xtec.cat\/pensament-computacional\/wp-content\/uploads\/usu2217\/2024\/09\/imatge-2-4.png 605w, https:\/\/projectes.xtec.cat\/pensament-computacional\/wp-content\/uploads\/usu2217\/2024\/09\/imatge-2-4-300x234.png 300w\" sizes=\"auto, (max-width: 605px) 100vw, 605px\" \/><\/a><\/figure>\n\n\n\n<p><strong>3.<\/strong> El primer que cal fer \u00e9s programar el pin en qu\u00e8 hem connectat la tira de LED, en el nostre cas el pin digital 1. Farem servir el bloc &#8220;inicialitza tira de LED (<strong>30<\/strong>) Neop\u00edxels al pin (<strong>1<\/strong>)&#8221;. A continuaci\u00f3 farem servir el bloc &#8220;posa tots els NeoP\u00edxels de color ()&#8221; i triarem el color que mes ens agradi. Quan executem el programa, la tira de LED s&#8217;il\u00b7luminar\u00e0 tota del mateix color.<\/p>\n\n\n\n<p><strong>4.<\/strong> Per il\u00b7luminar de forma diferent cada LED, podem fer servir la seva posici\u00f3 en la tira, fent servir el bloc &#8220;Posa NeoP\u00edxel () de color ()&#8221; Prova de fer servir aquest bloc per crear una seq\u00fc\u00e8ncia de diferents colors en els primers deu pins, per exemple, amb la seg\u00fcent programaci\u00f3 tindrem el resultat que es veu en la imatge:<\/p>\n\n\n\n<figure class=\"wp-block-image aligncenter size-large is-resized\"><a href=\"https:\/\/projectes.xtec.cat\/pensament-computacional\/wp-content\/uploads\/usu2217\/2024\/09\/imatge-3-scaled.jpg\"><img loading=\"lazy\" decoding=\"async\" width=\"1024\" height=\"768\" src=\"https:\/\/projectes.xtec.cat\/pensament-computacional\/wp-content\/uploads\/usu2217\/2024\/09\/imatge-3-1024x768.jpg\" alt=\"\" class=\"wp-image-35583\" style=\"width:381px;height:auto\" srcset=\"https:\/\/projectes.xtec.cat\/pensament-computacional\/wp-content\/uploads\/usu2217\/2024\/09\/imatge-3-1024x768.jpg 1024w, https:\/\/projectes.xtec.cat\/pensament-computacional\/wp-content\/uploads\/usu2217\/2024\/09\/imatge-3-300x225.jpg 300w, https:\/\/projectes.xtec.cat\/pensament-computacional\/wp-content\/uploads\/usu2217\/2024\/09\/imatge-3-768x576.jpg 768w, https:\/\/projectes.xtec.cat\/pensament-computacional\/wp-content\/uploads\/usu2217\/2024\/09\/imatge-3-1536x1152.jpg 1536w, https:\/\/projectes.xtec.cat\/pensament-computacional\/wp-content\/uploads\/usu2217\/2024\/09\/imatge-3-2048x1536.jpg 2048w\" sizes=\"auto, (max-width: 1024px) 100vw, 1024px\" \/><\/a><\/figure>\n\n\n\n<p><strong>5.<\/strong> Podem fer servir la tira de LED com a \u201cSem\u00e0for\u201d perqu\u00e8 ens avisi quan hi ha, per exemple, una baixada en el nivell de llum, combinant els sensors amb un bloc de programaci\u00f3 condicional. Per elaborar el seg\u00fcent programa, s&#8217;ha fet servir un bucle de repetici\u00f3 &#8220;per sempre&#8221; i a dins s&#8217;ha fet servir una estrictura condicional &#8220;Si\u201d. Aquests blocs es troben dins la categoria \u201ccontrol\u201d. Per fer servir el sensor de llum, heu d&#8217;instal\u00b7lar la llibreria \u201csensors b\u00e0sics&#8221; o podeu consultar la guia r\u00e0pida d&#8217;aquesta col\u00b7lecci\u00f3. <\/p>\n\n\n\n<p><strong>6.<\/strong> Amb el seg\u00fcent programa, la tira de LED s&#8217;il\u00b7lumina de color vermell quan detecta un nivell de llum inferior a 200:<\/p>\n\n\n\n<figure class=\"wp-block-image size-full\"><a href=\"https:\/\/projectes.xtec.cat\/pensament-computacional\/wp-content\/uploads\/usu2217\/2024\/09\/imatge-4-3.png\"><img loading=\"lazy\" decoding=\"async\" width=\"456\" height=\"341\" src=\"https:\/\/projectes.xtec.cat\/pensament-computacional\/wp-content\/uploads\/usu2217\/2024\/09\/imatge-4-3.png\" alt=\"\" class=\"wp-image-35584\" srcset=\"https:\/\/projectes.xtec.cat\/pensament-computacional\/wp-content\/uploads\/usu2217\/2024\/09\/imatge-4-3.png 456w, https:\/\/projectes.xtec.cat\/pensament-computacional\/wp-content\/uploads\/usu2217\/2024\/09\/imatge-4-3-300x224.png 300w\" sizes=\"auto, (max-width: 456px) 100vw, 456px\" \/><\/a><\/figure>\n\n\n\n<p><strong>7.<\/strong> Fent servir altres sensors, podeu utilitzar aquesta mateixa estructura condicional per crear diferents sem\u00e0fors. Per exemple, fent servir el sensor d&#8217;humitat, es pot crear un sem\u00e0for que ens avisi de la humitat en una planta, i aix\u00ed podem saber quan l&#8217;hem de regar! (Per programar el sensor d&#8217;humitat podeu consultar la guia r\u00e0pida &#8220;<a href=\"https:\/\/projectes.xtec.cat\/pensament-computacional\/guia-rapida-ed1-com-programar-els-sensors-de-llum-i-temperatura\/\" target=\"_blank\" rel=\"noreferrer noopener\">Com programar el sensor d&#8217;humitat<\/a>&#8220;)<\/p>\n<\/div><\/div><\/div><\/div><\/div>\n<\/div><\/div>\n\n\n\n<div class=\"wp-block-getwid-tabs__nav-link\"><span class=\"wp-block-getwid-tabs__title-wrapper\"><a href=\"#\"><span class=\"wp-block-getwid-tabs__title\"><mark style=\"background-color:rgba(0, 0, 0, 0)\" class=\"has-inline-color has-ast-global-color-1-color\"><strong>Desc\u00e0rregues i enlla\u00e7os<\/strong><\/mark><\/span><\/a><\/span><\/div><div class=\"wp-block-getwid-tabs__tab-content-wrapper\"><div class=\"wp-block-getwid-tabs__tab-content\">\n<div class=\"wp-block-getwid-section\"><div class=\"wp-block-getwid-section__wrapper\"><div class=\"wp-block-getwid-section__inner-wrapper\"><div class=\"wp-block-getwid-section__background-holder\"><div class=\"wp-block-getwid-section__background has-background has-ast-global-color-5-background-color\"><\/div><div class=\"wp-block-getwid-section__foreground\"><\/div><\/div><div class=\"wp-block-getwid-section__content\"><div class=\"wp-block-getwid-section__inner-content\">\n<p>Descarrega <a href=\"https:\/\/drive.google.com\/file\/d\/1TDEg9UbcMCwc8VscT-ig1oU_g0h5V-Ao\/view?usp=drive_link\" data-type=\"link\" data-id=\"https:\/\/drive.google.com\/file\/d\/1TDEg9UbcMCwc8VscT-ig1oU_g0h5V-Ao\/view?usp=drive_link\">l&#8217;exemple <\/a>del programa.<\/p>\n\n\n\n<p id=\"block-25ad8dc7-2b6c-49e7-96b9-546a80529b16\"><br>En aquest v\u00eddeo pots veure una presentaci\u00f3 de les caracter\u00edstiques de la placa ED1:<\/p>\n\n\n\n<figure class=\"wp-block-embed is-type-video is-provider-youtube wp-block-embed-youtube wp-embed-aspect-16-9 wp-has-aspect-ratio\"><div class=\"wp-block-embed__wrapper\">\n<div class=\"ast-oembed-container \" style=\"height: 100%;\"><iframe loading=\"lazy\" title=\"Presentaci\u00f3 ED1\" width=\"500\" height=\"281\" src=\"https:\/\/www.youtube.com\/embed\/eQtq1_PJi4s?feature=oembed\" frameborder=\"0\" allow=\"accelerometer; autoplay; clipboard-write; encrypted-media; gyroscope; picture-in-picture; web-share\" referrerpolicy=\"strict-origin-when-cross-origin\" allowfullscreen><\/iframe><\/div>\n<\/div><\/figure>\n<\/div><\/div><\/div><\/div><\/div>\n<\/div><\/div>\n<\/div>\n\n\n\n<div style=\"height:30px\" aria-hidden=\"true\" class=\"wp-block-spacer\"><\/div>\n\n\n\n<p><\/p>\n","protected":false},"excerpt":{"rendered":"<p>ED1: Com programar la tira de LED NeoP\u00edxel<\/p>\n","protected":false},"author":13,"featured_media":35587,"parent":35438,"menu_order":0,"comment_status":"closed","ping_status":"closed","template":"","meta":{"_bbp_topic_count":0,"_bbp_reply_count":0,"_bbp_total_topic_count":0,"_bbp_total_reply_count":0,"_bbp_voice_count":0,"_bbp_anonymous_reply_count":0,"_bbp_topic_count_hidden":0,"_bbp_reply_count_hidden":0,"_bbp_forum_subforum_count":0,"site-sidebar-layout":"default","site-content-layout":"","ast-site-content-layout":"default","site-content-style":"default","site-sidebar-style":"default","ast-global-header-display":"","ast-banner-title-visibility":"","ast-main-header-display":"","ast-hfb-above-header-display":"","ast-hfb-below-header-display":"","ast-hfb-mobile-header-display":"","site-post-title":"disabled","ast-breadcrumbs-content":"","ast-featured-img":"","footer-sml-layout":"","theme-transparent-header-meta":"","adv-header-id-meta":"","stick-header-meta":"","header-above-stick-meta":"","header-main-stick-meta":"","header-below-stick-meta":"","astra-migrate-meta-layouts":"set","ast-page-background-enabled":"default","ast-page-background-meta":{"desktop":{"background-color":"","background-image":"","background-repeat":"repeat","background-position":"center center","background-size":"auto","background-attachment":"scroll","background-type":"","background-media":"","overlay-type":"","overlay-color":"","overlay-opacity":"","overlay-gradient":""},"tablet":{"background-color":"","background-image":"","background-repeat":"repeat","background-position":"center center","background-size":"auto","background-attachment":"scroll","background-type":"","background-media":"","overlay-type":"","overlay-color":"","overlay-opacity":"","overlay-gradient":""},"mobile":{"background-color":"","background-image":"","background-repeat":"repeat","background-position":"center center","background-size":"auto","background-attachment":"scroll","background-type":"","background-media":"","overlay-type":"","overlay-color":"","overlay-opacity":"","overlay-gradient":""}},"ast-content-background-meta":{"desktop":{"background-color":"var(--ast-global-color-5)","background-image":"","background-repeat":"repeat","background-position":"center center","background-size":"auto","background-attachment":"scroll","background-type":"","background-media":"","overlay-type":"","overlay-color":"","overlay-opacity":"","overlay-gradient":""},"tablet":{"background-color":"var(--ast-global-color-5)","background-image":"","background-repeat":"repeat","background-position":"center center","background-size":"auto","background-attachment":"scroll","background-type":"","background-media":"","overlay-type":"","overlay-color":"","overlay-opacity":"","overlay-gradient":""},"mobile":{"background-color":"var(--ast-global-color-5)","background-image":"","background-repeat":"repeat","background-position":"center center","background-size":"auto","background-attachment":"scroll","background-type":"","background-media":"","overlay-type":"","overlay-color":"","overlay-opacity":"","overlay-gradient":""}},"footnotes":""},"class_list":["post-35578","page","type-page","status-publish","has-post-thumbnail","hentry"],"post_mailing_queue_ids":[],"_links":{"self":[{"href":"https:\/\/projectes.xtec.cat\/pensament-computacional\/wp-json\/wp\/v2\/pages\/35578","targetHints":{"allow":["GET"]}}],"collection":[{"href":"https:\/\/projectes.xtec.cat\/pensament-computacional\/wp-json\/wp\/v2\/pages"}],"about":[{"href":"https:\/\/projectes.xtec.cat\/pensament-computacional\/wp-json\/wp\/v2\/types\/page"}],"author":[{"embeddable":true,"href":"https:\/\/projectes.xtec.cat\/pensament-computacional\/wp-json\/wp\/v2\/users\/13"}],"replies":[{"embeddable":true,"href":"https:\/\/projectes.xtec.cat\/pensament-computacional\/wp-json\/wp\/v2\/comments?post=35578"}],"version-history":[{"count":6,"href":"https:\/\/projectes.xtec.cat\/pensament-computacional\/wp-json\/wp\/v2\/pages\/35578\/revisions"}],"predecessor-version":[{"id":42088,"href":"https:\/\/projectes.xtec.cat\/pensament-computacional\/wp-json\/wp\/v2\/pages\/35578\/revisions\/42088"}],"up":[{"embeddable":true,"href":"https:\/\/projectes.xtec.cat\/pensament-computacional\/wp-json\/wp\/v2\/pages\/35438"}],"wp:featuredmedia":[{"embeddable":true,"href":"https:\/\/projectes.xtec.cat\/pensament-computacional\/wp-json\/wp\/v2\/media\/35587"}],"wp:attachment":[{"href":"https:\/\/projectes.xtec.cat\/pensament-computacional\/wp-json\/wp\/v2\/media?parent=35578"}],"curies":[{"name":"wp","href":"https:\/\/api.w.org\/{rel}","templated":true}]}}