{"id":39413,"date":"2024-10-22T12:42:01","date_gmt":"2024-10-22T10:42:01","guid":{"rendered":"https:\/\/projectes.xtec.cat\/pensament-computacional\/?page_id=39413"},"modified":"2024-11-21T12:18:02","modified_gmt":"2024-11-21T11:18:02","slug":"taller-2-dibuixem-poligons-regulars-amb-ed1","status":"publish","type":"page","link":"https:\/\/projectes.xtec.cat\/pensament-computacional\/formacio-robotica\/jornades\/jornada-connectem-amb-les-plaques\/taller-2-dibuixem-poligons-regulars-amb-ed1\/","title":{"rendered":"Taller 2 \u2013 Dibuixem pol\u00edgons regulars amb ED1"},"content":{"rendered":"\n<div class=\"wp-block-getwid-section alignfull alignfull\"><div class=\"wp-block-getwid-section__wrapper\" style=\"padding-bottom:1px\"><div class=\"wp-block-getwid-section__inner-wrapper\"><div class=\"wp-block-getwid-section__background-holder\"><div class=\"wp-block-getwid-section__background\"><\/div><div class=\"wp-block-getwid-section__foreground\"><\/div><\/div><div class=\"wp-block-getwid-section__content\"><div class=\"wp-block-getwid-section__inner-content\">\n<hr class=\"wp-block-separator has-text-color has-alpha-channel-opacity has-background is-style-wide\" style=\"background-color:#273d5c;color:#273d5c\"\/>\n\n\n\n<div class=\"wp-block-columns is-layout-flex wp-container-core-columns-is-layout-1 wp-block-columns-is-layout-flex\">\n<div class=\"wp-block-column is-vertically-aligned-center is-layout-flow wp-block-column-is-layout-flow\">\n<div class=\"wp-block-getwid-advanced-heading has-custom-font-size\" style=\"font-size:25px\"><span class=\"wp-block-getwid-advanced-heading__content has-text-color\" style=\"color:#bf507f\"><strong>Taller 2 \u2013 Dibuixem pol\u00edgons regulars amb ED1<\/strong><\/span><\/div>\n<\/div>\n<\/div>\n\n\n\n<hr class=\"wp-block-separator has-text-color has-alpha-channel-opacity has-background is-style-wide\" style=\"background-color:#273d5c;color:#273d5c\"\/>\n<\/div><\/div><\/div><\/div><\/div>\n\n\n\n<div class=\"wp-block-getwid-section alignfull alignfull\" style=\"margin-top:0px\"><div class=\"wp-block-getwid-section__wrapper getwid-padding-bottom-none\" style=\"padding-top:1px\"><div class=\"wp-block-getwid-section__inner-wrapper\"><div class=\"wp-block-getwid-section__background-holder\"><div class=\"wp-block-getwid-section__background\"><\/div><div class=\"wp-block-getwid-section__foreground\"><\/div><\/div><div class=\"wp-block-getwid-section__content\"><div class=\"wp-block-getwid-section__inner-content\">\n<div class=\"wp-block-columns is-layout-flex wp-container-core-columns-is-layout-2 wp-block-columns-is-layout-flex\">\n<div class=\"wp-block-column is-layout-flow wp-block-column-is-layout-flow\" style=\"flex-basis:100%\">\n<p class=\"has-text-align-right intermedi_plaques has-text-color has-link-color wp-elements-11dbdbb7e21ba3ace5de8e4a730c7e71\" style=\"color:#273d5c\"><strong>Nivell intermedi<\/strong><\/p>\n<\/div>\n<\/div>\n\n\n\n<div class=\"wp-block-columns are-vertically-aligned-top is-layout-flex wp-container-core-columns-is-layout-3 wp-block-columns-is-layout-flex\" style=\"padding-top:var(--wp--preset--spacing--30)\">\n<div class=\"wp-block-column is-vertically-aligned-top is-layout-flow wp-block-column-is-layout-flow\">\n<div class=\"wp-block-getwid-section getwid-section-content-full-width\"><div class=\"wp-block-getwid-section__wrapper\" style=\"padding-top:10px\"><div class=\"wp-block-getwid-section__inner-wrapper\"><div class=\"wp-block-getwid-section__background-holder\"><div class=\"wp-block-getwid-section__background has-background\" style=\"background-color:#f2ede2\"><\/div><div class=\"wp-block-getwid-section__foreground\"><\/div><\/div><div class=\"wp-block-getwid-section__content\"><div class=\"wp-block-getwid-section__inner-content\">\n<h6 class=\"wp-block-heading has-text-color has-link-color wp-elements-68fdea30f2b99bd66b89fc3528b7a020\" style=\"color:#434343;padding-top:var(--wp--preset--spacing--20)\"><strong>Descripci\u00f3<\/strong><\/h6>\n\n\n\n<p>En aquest taller din\u00e0mic, t\u2019introduirem al fascinant m\u00f3n de la programaci\u00f3 amb la <strong>placa<\/strong> <strong>ED1<\/strong>. <\/p>\n\n\n\n<p><strong>Aprendr\u00e0s a:<\/strong><\/p>\n\n\n\n<ul class=\"wp-block-list\">\n<li>Programar un generador de <strong>pol\u00edgons regulars<\/strong> amb <strong>diversos colors<\/strong>, <strong>mides<\/strong> i <strong>nombre de costats<\/strong>.<\/li>\n\n\n\n<li>Utilitzar la <strong>f\u00f3rmula de l&#8217;angle suplementari<\/strong> de l&#8217;angle interior per tra\u00e7ar els segments de cada costat, aconseguint aix\u00ed el <strong>dibuix complet del pol\u00edgon<\/strong>.<\/li>\n\n\n\n<li>Fer servir l\u2019<strong>acceler\u00f2metre<\/strong>, els <strong>valors d\u2019inclinaci\u00f3<\/strong> i la <strong>pantalla de la placa ED1<\/strong>.<\/li>\n<\/ul>\n<\/div><\/div><\/div><\/div><\/div>\n<\/div>\n\n\n\n<div class=\"wp-block-column is-vertically-aligned-top is-layout-flow wp-block-column-is-layout-flow\">\n<div class=\"wp-block-getwid-section getwid-section-content-full-width\"><div class=\"wp-block-getwid-section__wrapper\" style=\"padding-top:10px\"><div class=\"wp-block-getwid-section__inner-wrapper\"><div class=\"wp-block-getwid-section__background-holder\"><div class=\"wp-block-getwid-section__background has-background\" style=\"background-color:#f2ede2\"><\/div><div class=\"wp-block-getwid-section__foreground\"><\/div><\/div><div class=\"wp-block-getwid-section__content\"><div class=\"wp-block-getwid-section__inner-content\">\n<h6 class=\"wp-block-heading has-text-color has-link-color wp-elements-4ffcda1e54d42624f488294f1293b6b1\" style=\"color:#434343;padding-top:var(--wp--preset--spacing--20)\"><strong>Material<\/strong> <strong>necessari<\/strong><\/h6>\n\n\n\n<ul class=\"wp-block-list\">\n<li>Ordinador (Cal tenir instal\u00b7lat el driver CP210x. Consulteu <a href=\"https:\/\/projectes.xtec.cat\/digital\/wp-content\/uploads\/usu2317\/2024\/01\/ED1-Accessible.pdf\">l&#8217;apartat 4.1 de la guia<\/a>).<\/li>\n\n\n\n<li>Placa ED1<\/li>\n\n\n\n<li>Llapis<\/li>\n\n\n\n<li>Paper<\/li>\n<\/ul>\n\n\n\n<p><strong>\u26a0\ufe0f<\/strong> <strong>Important<\/strong>: \u00e9s necessari que les persones inscrites al taller portin el material indicat el dia de la jornada.<\/p>\n<\/div><\/div><\/div><\/div><\/div>\n\n\n\n<div class=\"wp-block-getwid-section getwid-section-content-full-width\"><div class=\"wp-block-getwid-section__wrapper\" style=\"padding-top:10px\"><div class=\"wp-block-getwid-section__inner-wrapper\"><div class=\"wp-block-getwid-section__background-holder\"><div class=\"wp-block-getwid-section__background has-background\" style=\"background-color:#f2ede2\"><\/div><div class=\"wp-block-getwid-section__foreground\"><\/div><\/div><div class=\"wp-block-getwid-section__content\"><div class=\"wp-block-getwid-section__inner-content\">\n<h6 class=\"wp-block-heading has-text-color has-link-color wp-elements-714936c7a87b772567fbc96e00694b61\" style=\"color:#434343;padding-top:var(--wp--preset--spacing--20)\"><strong>Presentaci\u00f3<\/strong><\/h6>\n\n\n\n<p style=\"text-align:center\"><iframe loading=\"lazy\" src=\"https:\/\/docs.google.com\/presentation\/d\/1lObzK79yUxdk9sQY23LeBTTi-XNSU-np1Q2N2LDlWkQ\/preview?slide=id.p1\" frameborder=\"0\" width=\"480\" height=\"299\" allowfullscreen=\"true\" mozallowfullscreen=\"true\" webkitallowfullscreen=\"true\"><\/iframe><\/p>\n\n<\/div><\/div><\/div><\/div><\/div>\n<\/div>\n<\/div>\n<\/div><\/div><\/div><\/div><\/div>\n\n\n\n<div class=\"wp-block-getwid-section alignfull alignfull getwid-margin-top-normal getwid-margin-bottom-large\"><div class=\"wp-block-getwid-section__wrapper getwid-padding-top-small\"><div class=\"wp-block-getwid-section__inner-wrapper\"><div class=\"wp-block-getwid-section__background-holder\"><div class=\"wp-block-getwid-section__background has-background\" style=\"background-color:#feecf0\"><\/div><div class=\"wp-block-getwid-section__foreground\"><\/div><\/div><div class=\"wp-block-getwid-section__content\"><div class=\"wp-block-getwid-section__inner-content\">\n<div class=\"wp-block-getwid-section\" style=\"margin-top:0px;margin-bottom:1px\"><div class=\"wp-block-getwid-section__wrapper\" style=\"padding-top:14px;padding-bottom:0px\"><div class=\"wp-block-getwid-section__inner-wrapper\"><div class=\"wp-block-getwid-section__background-holder\"><div class=\"wp-block-getwid-section__background\"><\/div><div class=\"wp-block-getwid-section__foreground\"><\/div><\/div><div class=\"wp-block-getwid-section__content\"><div class=\"wp-block-getwid-section__inner-content\">\n<div class=\"wp-block-columns are-vertically-aligned-center is-layout-flex wp-container-core-columns-is-layout-4 wp-block-columns-is-layout-flex\">\n<div class=\"wp-block-column is-vertically-aligned-center is-layout-flow wp-block-column-is-layout-flow\">\n<figure class=\"wp-block-image alignright size-full is-resized is-style-rounded\"><img loading=\"lazy\" decoding=\"async\" width=\"415\" height=\"392\" src=\"https:\/\/projectes.xtec.cat\/pensament-computacional\/wp-content\/uploads\/usu2217\/2024\/10\/JOSEP-PEDRO-GARCIA-DEL-RIO.png\" alt=\"\" class=\"wp-image-39418\" style=\"aspect-ratio:1;object-fit:cover;width:112px;height:auto\" srcset=\"https:\/\/projectes.xtec.cat\/pensament-computacional\/wp-content\/uploads\/usu2217\/2024\/10\/JOSEP-PEDRO-GARCIA-DEL-RIO.png 415w, https:\/\/projectes.xtec.cat\/pensament-computacional\/wp-content\/uploads\/usu2217\/2024\/10\/JOSEP-PEDRO-GARCIA-DEL-RIO-300x283.png 300w\" sizes=\"auto, (max-width: 415px) 100vw, 415px\" \/><\/figure>\n<\/div>\n\n\n\n<div class=\"wp-block-column is-vertically-aligned-center is-layout-flow wp-block-column-is-layout-flow\" style=\"padding-top:var(--wp--preset--spacing--20);flex-basis:55%\">\n<p class=\"has-text-align-left\"><strong><strong><strong>Josep Vilardell<\/strong><\/strong><\/strong><\/p>\n\n\n\n<p>Mestre d&#8217;educaci\u00f3 f\u00edsica tot i que sempre he treballat a prim\u00e0ria. Per atzar, vaig descobrir el m\u00f3n de la rob\u00f2tica i el pensament computacional fa 10 anys i des de sempre m&#8217;ha cridat l&#8217;atenci\u00f3 i m&#8217;he anat formant d&#8217;una forma autodid\u00e0ctica; integrant-ho a les meves classes i aprenent conjuntament amb l&#8217;alumnat.<\/p>\n<\/div>\n\n\n\n<div class=\"wp-block-column is-vertically-aligned-center is-layout-flow wp-block-column-is-layout-flow\" style=\"flex-basis:25%\"><\/div>\n<\/div>\n<\/div><\/div><\/div><\/div><\/div>\n\n\n\n<div class=\"wp-block-getwid-section getwid-margin-top-medium\"><div class=\"wp-block-getwid-section__wrapper\" style=\"padding-top:14px;padding-bottom:0px\"><div class=\"wp-block-getwid-section__inner-wrapper\"><div class=\"wp-block-getwid-section__background-holder\"><div class=\"wp-block-getwid-section__background\"><\/div><div class=\"wp-block-getwid-section__foreground\"><\/div><\/div><div class=\"wp-block-getwid-section__content\"><div class=\"wp-block-getwid-section__inner-content\">\n<div class=\"wp-block-columns is-layout-flex wp-container-core-columns-is-layout-5 wp-block-columns-is-layout-flex\" style=\"padding-bottom:var(--wp--preset--spacing--20)\">\n<div class=\"wp-block-column is-vertically-aligned-center is-layout-flow wp-block-column-is-layout-flow\">\n<figure class=\"wp-block-image alignright size-full is-resized is-style-rounded\"><img loading=\"lazy\" decoding=\"async\" width=\"152\" height=\"160\" src=\"https:\/\/projectes.xtec.cat\/pensament-computacional\/wp-content\/uploads\/usu2217\/2024\/10\/FOTO-PEDRO-GARCIA-DEL-RIO.png\" alt=\"\" class=\"wp-image-39417\" style=\"aspect-ratio:1;object-fit:cover;width:114px;height:auto\"\/><\/figure>\n<\/div>\n\n\n\n<div class=\"wp-block-column is-vertically-aligned-center is-layout-flow wp-block-column-is-layout-flow\" style=\"flex-basis:70%\">\n<p class=\"has-text-align-left\"><strong><strong><strong>Pedro Garc\u00eda<\/strong><\/strong><\/strong><\/p>\n\n\n\n<p>Mestre de m\u00fasica amb una traject\u00f2ria plena de passi\u00f3 per la doc\u00e8ncia i les eines digitals. M\u00e0ster en Entorns d\u2019Ensenyament i Aprenentatge amb Tecnologies Digitals per la UB. <br>Combino aquests mons per fer de la tecnologia una eina accessible i creativa a les aules transformant la manera d\u2019aprendre i ensenyar.<\/p>\n<\/div>\n<\/div>\n<\/div><\/div><\/div><\/div><\/div>\n<\/div><\/div><\/div><\/div><\/div>\n","protected":false},"excerpt":{"rendered":"","protected":false},"author":14,"featured_media":0,"parent":35058,"menu_order":0,"comment_status":"closed","ping_status":"close","template":"","meta":{"_bbp_topic_count":0,"_bbp_reply_count":0,"_bbp_total_topic_count":0,"_bbp_total_reply_count":0,"_bbp_voice_count":0,"_bbp_anonymous_reply_count":0,"_bbp_topic_count_hidden":0,"_bbp_reply_count_hidden":0,"_bbp_forum_subforum_count":0,"site-sidebar-layout":"default","site-content-layout":"","ast-site-content-layout":"default","site-content-style":"default","site-sidebar-style":"default","ast-global-header-display":"","ast-banner-title-visibility":"","ast-main-header-display":"","ast-hfb-above-header-display":"","ast-hfb-below-header-display":"","ast-hfb-mobile-header-display":"","site-post-title":"disabled","ast-breadcrumbs-content":"","ast-featured-img":"","footer-sml-layout":"","theme-transparent-header-meta":"","adv-header-id-meta":"","stick-header-meta":"","header-above-stick-meta":"","header-main-stick-meta":"","header-below-stick-meta":"","astra-migrate-meta-layouts":"set","ast-page-background-enabled":"default","ast-page-background-meta":{"desktop":{"background-color":"","background-image":"","background-repeat":"repeat","background-position":"center center","background-size":"auto","background-attachment":"scroll","background-type":"","background-media":"","overlay-type":"","overlay-color":"","overlay-opacity":"","overlay-gradient":""},"tablet":{"background-color":"","background-image":"","background-repeat":"repeat","background-position":"center center","background-size":"auto","background-attachment":"scroll","background-type":"","background-media":"","overlay-type":"","overlay-color":"","overlay-opacity":"","overlay-gradient":""},"mobile":{"background-color":"","background-image":"","background-repeat":"repeat","background-position":"center center","background-size":"auto","background-attachment":"scroll","background-type":"","background-media":"","overlay-type":"","overlay-color":"","overlay-opacity":"","overlay-gradient":""}},"ast-content-background-meta":{"desktop":{"background-color":"var(--ast-global-color-5)","background-image":"","background-repeat":"repeat","background-position":"center center","background-size":"auto","background-attachment":"scroll","background-type":"","background-media":"","overlay-type":"","overlay-color":"","overlay-opacity":"","overlay-gradient":""},"tablet":{"background-color":"var(--ast-global-color-5)","background-image":"","background-repeat":"repeat","background-position":"center center","background-size":"auto","background-attachment":"scroll","background-type":"","background-media":"","overlay-type":"","overlay-color":"","overlay-opacity":"","overlay-gradient":""},"mobile":{"background-color":"var(--ast-global-color-5)","background-image":"","background-repeat":"repeat","background-position":"center center","background-size":"auto","background-attachment":"scroll","background-type":"","background-media":"","overlay-type":"","overlay-color":"","overlay-opacity":"","overlay-gradient":""}},"footnotes":""},"class_list":["post-39413","page","type-page","status-publish","hentry"],"post_mailing_queue_ids":[],"_links":{"self":[{"href":"https:\/\/projectes.xtec.cat\/pensament-computacional\/wp-json\/wp\/v2\/pages\/39413","targetHints":{"allow":["GET"]}}],"collection":[{"href":"https:\/\/projectes.xtec.cat\/pensament-computacional\/wp-json\/wp\/v2\/pages"}],"about":[{"href":"https:\/\/projectes.xtec.cat\/pensament-computacional\/wp-json\/wp\/v2\/types\/page"}],"author":[{"embeddable":true,"href":"https:\/\/projectes.xtec.cat\/pensament-computacional\/wp-json\/wp\/v2\/users\/14"}],"replies":[{"embeddable":true,"href":"https:\/\/projectes.xtec.cat\/pensament-computacional\/wp-json\/wp\/v2\/comments?post=39413"}],"version-history":[{"count":5,"href":"https:\/\/projectes.xtec.cat\/pensament-computacional\/wp-json\/wp\/v2\/pages\/39413\/revisions"}],"predecessor-version":[{"id":41307,"href":"https:\/\/projectes.xtec.cat\/pensament-computacional\/wp-json\/wp\/v2\/pages\/39413\/revisions\/41307"}],"up":[{"embeddable":true,"href":"https:\/\/projectes.xtec.cat\/pensament-computacional\/wp-json\/wp\/v2\/pages\/35058"}],"wp:attachment":[{"href":"https:\/\/projectes.xtec.cat\/pensament-computacional\/wp-json\/wp\/v2\/media?parent=39413"}],"curies":[{"name":"wp","href":"https:\/\/api.w.org\/{rel}","templated":true}]}}