{"id":43967,"date":"2025-02-04T10:30:12","date_gmt":"2025-02-04T09:30:12","guid":{"rendered":"https:\/\/projectes.xtec.cat\/pensament-computacional\/?page_id=43967"},"modified":"2025-02-05T12:44:17","modified_gmt":"2025-02-05T11:44:17","slug":"scratch-jr","status":"publish","type":"page","link":"https:\/\/projectes.xtec.cat\/pensament-computacional\/scratch-jr\/","title":{"rendered":"Scratch Jr"},"content":{"rendered":"<p><a href=\"https:\/\/www.scratchjr.org\/\"><img loading=\"lazy\" decoding=\"async\" class=\"wp-image-24563 alignleft\" src=\"https:\/\/projectes.xtec.cat\/programacioirobotica\/wp-content\/uploads\/usu604\/2021\/10\/Scratch-JR.png\" alt=\"\" width=\"282\" height=\"106\" \/><\/a><\/p>\n<p>Scratch Jr \u00e9s una adaptaci\u00f3 de l&#8217;entorn de programaci\u00f3 Scratch, en la qual han redissenyat la interf\u00edcie i la programaci\u00f3 per a fer-la m\u00e9s senzilla, adaptant-la a les caracter\u00edstiques i necessitats dels nens\/es d&#8217;infantil i cuidant que coincid\u00eds amb el seu desenvolupament cognitiu, social, personal i emocional. El seu funcionament \u00e9s molt intu\u00eftiu, ja que a trav\u00e9s de l&#8217;encaix, com si es tract\u00e9s d&#8217;un puzle, de blocs gr\u00e0fics de programaci\u00f3, els nens\/es poden crear les seves pr\u00f2pies hist\u00f2ries interactives o jocs.<\/p>\n<p>Amb Scratch Jr els nens i les nenes no sols aprenen a programar sin\u00f3 que a m\u00e9s aprenen a organitzar el seu pensament, a expressar-se, a resoldre problemes a trav\u00e9s d&#8217;una seq\u00fc\u00e8ncia ordenada d&#8217;instruccions, desenvolupant estrat\u00e8gies cognitives de planificaci\u00f3, organitzaci\u00f3, an\u00e0lisi, representaci\u00f3\u2026 utilitzant la l\u00f2gica matem\u00e0tica o la lectoescriptura de manera funcional i significativa.<\/p>\n<p>\u00c9s una aplicaci\u00f3 gratu\u00efta, disponible tant per a <strong><a href=\"https:\/\/play.google.com\/store\/apps\/details?id=org.scratchjr.android&amp;hl=es_419\">Android<\/a> <\/strong>com per a <strong><a href=\"https:\/\/apps.apple.com\/es\/app\/scratchjr\/id895485086\">iOS<\/a> <\/strong>(Ipads), per a <strong>Chromebooks <\/strong>i per a <strong><a href=\"https:\/\/jfo8000.github.io\/ScratchJr-Desktop\/\">ordinadors<\/a> <\/strong>(Windows i Mac, versi\u00f3 experimental) que ens permet a trav\u00e9s de la programaci\u00f3 amb blocs crear les nostres pr\u00f2pies hist\u00f2ries, contes o jocs interactius en les quals nosaltres mateixos podrem ser els protagonistes.<\/p>\n\n\n<div class=\"wp-block-getwid-section alignfull\"><div class=\"wp-block-getwid-section__wrapper getwid-padding-left-medium getwid-padding-right-medium getwid-margin-left-small getwid-margin-right-small\"><div class=\"wp-block-getwid-section__inner-wrapper\"><div class=\"wp-block-getwid-section__background-holder\"><div class=\"wp-block-getwid-section__background\"><\/div><div class=\"wp-block-getwid-section__foreground\"><\/div><\/div><div class=\"wp-block-getwid-section__content\"><div class=\"wp-block-getwid-section__inner-content\">\n<div class=\"wp-block-columns alignfull is-layout-flex wp-container-core-columns-is-layout-1 wp-block-columns-is-layout-flex\">\n<div class=\"wp-block-column caixa element-to-highlight caixa-link has-ast-global-color-6-background-color has-background is-layout-flow wp-block-column-is-layout-flow\" id=\"https:\/\/projectes.xtec.cat\/pensament-computacional\/scratch\/materials-didactics-scratch\/\">\n<h4 class=\"wp-block-heading has-text-align-center has-ast-global-color-0-color has-text-color has-link-color wp-elements-c2e8eb7bc91814850e8c728b854cdafc\"><a href=\"https:\/\/projectes.xtec.cat\/pensament-computacional\/scratch\/materials-didactics-scratch\/\"><mark style=\"background-color:rgba(0, 0, 0, 0);color:#0070b9\" class=\"has-inline-color\">Materials did\u00e0ctics<\/mark><\/a><\/h4>\n\n\n\n<figure class=\"wp-block-image aligncenter size-full is-resized\"><a href=\"https:\/\/projectes.xtec.cat\/pensament-computacional\/activitats-robotica\/scratch-jr\/materials-didactics-scratch-jr\/\"><img loading=\"lazy\" decoding=\"async\" width=\"500\" height=\"500\" src=\"https:\/\/projectes.xtec.cat\/pensament-computacional\/wp-content\/uploads\/usu2217\/2022\/09\/Materials_didactics.png\" alt=\"\" class=\"wp-image-26495\" style=\"width:auto;height:150px\" srcset=\"https:\/\/projectes.xtec.cat\/pensament-computacional\/wp-content\/uploads\/usu2217\/2022\/09\/Materials_didactics.png 500w, https:\/\/projectes.xtec.cat\/pensament-computacional\/wp-content\/uploads\/usu2217\/2022\/09\/Materials_didactics-300x300.png 300w, https:\/\/projectes.xtec.cat\/pensament-computacional\/wp-content\/uploads\/usu2217\/2022\/09\/Materials_didactics-150x150.png 150w\" sizes=\"auto, (max-width: 500px) 100vw, 500px\" \/><\/a><\/figure>\n<\/div>\n\n\n\n<div class=\"wp-block-column caixa element-to-highlight caixa-link has-ast-global-color-6-background-color has-background is-layout-flow wp-block-column-is-layout-flow\" id=\"https:\/\/projectes.xtec.cat\/pensament-computacional\/scratch\/seminaris-web-scratch\/\">\n<h4 class=\"wp-block-heading has-text-align-center has-ast-global-color-0-color has-text-color has-link-color wp-elements-f1757c328abad8c94393ba0160c4afe5\"><a href=\"https:\/\/projectes.xtec.cat\/pensament-computacional\/scratch\/seminaris-web-scratch\/\"><mark style=\"background-color:rgba(0, 0, 0, 0);color:#0070b9\" class=\"has-inline-color\">Seminaris Web<\/mark><\/a><\/h4>\n\n\n\n<figure class=\"wp-block-image aligncenter size-full is-resized\"><a href=\"https:\/\/projectes.xtec.cat\/pensament-computacional\/activitats-robotica\/scratch\/materials-didactics-scratch\/scratch-jr\/seminaris-web-scratch-jr\/\"><img loading=\"lazy\" decoding=\"async\" width=\"500\" height=\"500\" src=\"https:\/\/projectes.xtec.cat\/pensament-computacional\/wp-content\/uploads\/usu2217\/2022\/09\/Seminaris.png\" alt=\"\" class=\"wp-image-26497\" style=\"width:auto;height:150px\" srcset=\"https:\/\/projectes.xtec.cat\/pensament-computacional\/wp-content\/uploads\/usu2217\/2022\/09\/Seminaris.png 500w, https:\/\/projectes.xtec.cat\/pensament-computacional\/wp-content\/uploads\/usu2217\/2022\/09\/Seminaris-300x300.png 300w, https:\/\/projectes.xtec.cat\/pensament-computacional\/wp-content\/uploads\/usu2217\/2022\/09\/Seminaris-150x150.png 150w\" sizes=\"auto, (max-width: 500px) 100vw, 500px\" \/><\/a><\/figure>\n<\/div>\n\n\n\n<div class=\"wp-block-column caixa element-to-highlight caixa-link has-ast-global-color-6-background-color has-background is-layout-flow wp-block-column-is-layout-flow\" id=\"https:\/\/projectes.xtec.cat\/pensament-computacional\/scratch\/seminaris-web-scratch\/\">\n<h4 class=\"wp-block-heading has-text-align-center has-ast-global-color-0-color has-text-color has-link-color wp-elements-ce17aadecd33456a01bb2a674bdc97a5\"><a href=\"https:\/\/projectes.xtec.cat\/pensament-computacional\/scratch\/seminaris-web-scratch\/\"><mark style=\"background-color:rgba(0, 0, 0, 0);color:#0070b9\" class=\"has-inline-color\">Recursos<\/mark><\/a><\/h4>\n\n\n\n<figure class=\"wp-block-image aligncenter size-full is-resized\"><a href=\"https:\/\/projectes.xtec.cat\/pensament-computacional\/activitats-robotica\/scratch-jr\/recursos-scratch-jr\/\"><img loading=\"lazy\" decoding=\"async\" width=\"500\" height=\"500\" src=\"https:\/\/projectes.xtec.cat\/pensament-computacional\/wp-content\/uploads\/usu2217\/2023\/01\/Recursos-img.png\" alt=\"\" class=\"wp-image-27661\" style=\"width:auto;height:150px\" srcset=\"https:\/\/projectes.xtec.cat\/pensament-computacional\/wp-content\/uploads\/usu2217\/2023\/01\/Recursos-img.png 500w, https:\/\/projectes.xtec.cat\/pensament-computacional\/wp-content\/uploads\/usu2217\/2023\/01\/Recursos-img-300x300.png 300w, https:\/\/projectes.xtec.cat\/pensament-computacional\/wp-content\/uploads\/usu2217\/2023\/01\/Recursos-img-150x150.png 150w\" sizes=\"auto, (max-width: 500px) 100vw, 500px\" \/><\/a><\/figure>\n<\/div>\n\n\n\n<div class=\"wp-block-column caixa element-to-highlight caixa-link has-ast-global-color-6-background-color has-background is-layout-flow wp-block-column-is-layout-flow\" id=\"https:\/\/comunitat.edigital.cat\/tags\/c\/tecnologies-aula\/pensament-computacional\/165\/scratch\">\n<h4 class=\"wp-block-heading has-text-align-center has-ast-global-color-0-color has-text-color has-link-color wp-elements-cea75f9a301e06f531dd519a61e69ac7\"><a href=\"https:\/\/comunitat.edigital.cat\/tags\/c\/tecnologies-aula\/pensament-computacional\/165\/scratch\"><mark style=\"background-color:rgba(0, 0, 0, 0);color:#0070b9\" class=\"has-inline-color\">Nus<\/mark><\/a><\/h4>\n\n\n\n<figure class=\"wp-block-image aligncenter size-full is-resized\"><a href=\"https:\/\/comunitat.edigital.cat\/tags\/c\/tecnologies-aula\/pensament-computacional\/165\/scratch\"><img loading=\"lazy\" decoding=\"async\" width=\"500\" height=\"500\" src=\"https:\/\/projectes.xtec.cat\/pensament-computacional\/wp-content\/uploads\/usu2217\/2022\/09\/Nus.png\" alt=\"\" class=\"wp-image-26496\" style=\"width:auto;height:150px\" srcset=\"https:\/\/projectes.xtec.cat\/pensament-computacional\/wp-content\/uploads\/usu2217\/2022\/09\/Nus.png 500w, https:\/\/projectes.xtec.cat\/pensament-computacional\/wp-content\/uploads\/usu2217\/2022\/09\/Nus-300x300.png 300w, https:\/\/projectes.xtec.cat\/pensament-computacional\/wp-content\/uploads\/usu2217\/2022\/09\/Nus-150x150.png 150w\" sizes=\"auto, (max-width: 500px) 100vw, 500px\" \/><\/a><\/figure>\n<\/div>\n<\/div>\n<\/div><\/div><\/div><\/div><\/div>\n","protected":false},"excerpt":{"rendered":"<p>Scratch Jr \u00e9s una adaptaci\u00f3 de l&#8217;entorn de programaci\u00f3 Scratch, en la qual han redissenyat la interf\u00edcie i la programaci\u00f3 per a fer-la m\u00e9s senzilla, adaptant-la a les caracter\u00edstiques i necessitats dels nens\/es d&#8217;infantil i cuidant que coincid\u00eds amb el seu desenvolupament cognitiu, social, personal i emocional. El seu funcionament \u00e9s molt intu\u00eftiu, ja que [&hellip;]<\/p>\n","protected":false},"author":12,"featured_media":0,"parent":0,"menu_order":0,"comment_status":"closed","ping_status":"closed","template":"","meta":{"_bbp_topic_count":0,"_bbp_reply_count":0,"_bbp_total_topic_count":0,"_bbp_total_reply_count":0,"_bbp_voice_count":0,"_bbp_anonymous_reply_count":0,"_bbp_topic_count_hidden":0,"_bbp_reply_count_hidden":0,"_bbp_forum_subforum_count":0,"site-sidebar-layout":"default","site-content-layout":"","ast-site-content-layout":"default","site-content-style":"default","site-sidebar-style":"default","ast-global-header-display":"","ast-banner-title-visibility":"","ast-main-header-display":"","ast-hfb-above-header-display":"","ast-hfb-below-header-display":"","ast-hfb-mobile-header-display":"","site-post-title":"disabled","ast-breadcrumbs-content":"","ast-featured-img":"","footer-sml-layout":"","theme-transparent-header-meta":"","adv-header-id-meta":"","stick-header-meta":"","header-above-stick-meta":"","header-main-stick-meta":"","header-below-stick-meta":"","astra-migrate-meta-layouts":"set","ast-page-background-enabled":"default","ast-page-background-meta":{"desktop":{"background-color":"","background-image":"","background-repeat":"repeat","background-position":"center center","background-size":"auto","background-attachment":"scroll","background-type":"","background-media":"","overlay-type":"","overlay-color":"","overlay-opacity":"","overlay-gradient":""},"tablet":{"background-color":"","background-image":"","background-repeat":"repeat","background-position":"center center","background-size":"auto","background-attachment":"scroll","background-type":"","background-media":"","overlay-type":"","overlay-color":"","overlay-opacity":"","overlay-gradient":""},"mobile":{"background-color":"","background-image":"","background-repeat":"repeat","background-position":"center center","background-size":"auto","background-attachment":"scroll","background-type":"","background-media":"","overlay-type":"","overlay-color":"","overlay-opacity":"","overlay-gradient":""}},"ast-content-background-meta":{"desktop":{"background-color":"var(--ast-global-color-5)","background-image":"","background-repeat":"repeat","background-position":"center center","background-size":"auto","background-attachment":"scroll","background-type":"","background-media":"","overlay-type":"","overlay-color":"","overlay-opacity":"","overlay-gradient":""},"tablet":{"background-color":"var(--ast-global-color-5)","background-image":"","background-repeat":"repeat","background-position":"center center","background-size":"auto","background-attachment":"scroll","background-type":"","background-media":"","overlay-type":"","overlay-color":"","overlay-opacity":"","overlay-gradient":""},"mobile":{"background-color":"var(--ast-global-color-5)","background-image":"","background-repeat":"repeat","background-position":"center center","background-size":"auto","background-attachment":"scroll","background-type":"","background-media":"","overlay-type":"","overlay-color":"","overlay-opacity":"","overlay-gradient":""}},"footnotes":""},"class_list":["post-43967","page","type-page","status-publish","hentry"],"post_mailing_queue_ids":[],"_links":{"self":[{"href":"https:\/\/projectes.xtec.cat\/pensament-computacional\/wp-json\/wp\/v2\/pages\/43967","targetHints":{"allow":["GET"]}}],"collection":[{"href":"https:\/\/projectes.xtec.cat\/pensament-computacional\/wp-json\/wp\/v2\/pages"}],"about":[{"href":"https:\/\/projectes.xtec.cat\/pensament-computacional\/wp-json\/wp\/v2\/types\/page"}],"author":[{"embeddable":true,"href":"https:\/\/projectes.xtec.cat\/pensament-computacional\/wp-json\/wp\/v2\/users\/12"}],"replies":[{"embeddable":true,"href":"https:\/\/projectes.xtec.cat\/pensament-computacional\/wp-json\/wp\/v2\/comments?post=43967"}],"version-history":[{"count":5,"href":"https:\/\/projectes.xtec.cat\/pensament-computacional\/wp-json\/wp\/v2\/pages\/43967\/revisions"}],"predecessor-version":[{"id":44095,"href":"https:\/\/projectes.xtec.cat\/pensament-computacional\/wp-json\/wp\/v2\/pages\/43967\/revisions\/44095"}],"wp:attachment":[{"href":"https:\/\/projectes.xtec.cat\/pensament-computacional\/wp-json\/wp\/v2\/media?parent=43967"}],"curies":[{"name":"wp","href":"https:\/\/api.w.org\/{rel}","templated":true}]}}