{"id":43991,"date":"2025-02-04T12:19:26","date_gmt":"2025-02-04T11:19:26","guid":{"rendered":"https:\/\/projectes.xtec.cat\/pensament-computacional\/?page_id=43991"},"modified":"2025-02-25T07:48:14","modified_gmt":"2025-02-25T06:48:14","slug":"recursos-scratch-jr","status":"publish","type":"page","link":"https:\/\/projectes.xtec.cat\/pensament-computacional\/scratch-jr\/recursos-scratch-jr\/","title":{"rendered":"Recursos Scratch Jr"},"content":{"rendered":"\n<figure class=\"wp-block-table is-style-stripes\" style=\"padding-top:0;padding-right:var(--wp--preset--spacing--80);padding-bottom:0;padding-left:var(--wp--preset--spacing--80)\"><table style=\"border-style:none;border-width:0px\"><tbody><tr><td><a href=\"https:\/\/sites.google.com\/xtec.cat\/scratch-jr\/inici\" target=\"_blank\" rel=\"noreferrer noopener\">Guia de Scratch Jr<\/a><\/td><\/tr><tr><td><a href=\"https:\/\/educaciodigital.cat\/esc-llevant\/moodle\/mod\/book\/view.php?id=25328&amp;chapterid=8958\" target=\"_blank\" rel=\"noreferrer noopener\">Programaci\u00f3n con Scratch Jr<\/a> (continguts del bloc 3 del curs &#8220;C\u00f3digo Escuela 4.0 en Educaci\u00f3n Infantil&#8221;)<\/td><\/tr><tr><td><a href=\"https:\/\/www.scratchjr.org\/\" target=\"_blank\" rel=\"noreferrer noopener\">Web oficial Scratch Jr<\/a><\/td><\/tr><tr><td><a href=\"https:\/\/www.scratchjr.org\/learn\/interface\" target=\"_blank\" rel=\"noreferrer noopener\">Guia de l&#8217;entorn de programaci\u00f3<\/a><\/td><\/tr><tr><td><a href=\"https:\/\/projectes.xtec.cat\/programacioirobotica\/wp-content\/uploads\/usu604\/2021\/10\/Targetes-Scratch-Jr-Eduteka.pdf\" target=\"_blank\" rel=\"noreferrer noopener\">Targetes d&#8217;activitats (Eduteka)<\/a><\/td><\/tr><tr><td><a href=\"https:\/\/projectes.xtec.cat\/programacioirobotica\/wp-content\/uploads\/usu604\/2021\/10\/Targetes-Scratch-Jr-Eduteka.pdf\"><\/a><a href=\"https:\/\/eduteka.icesi.edu.co\/pdfdir\/scratchjr-evaluacion.pdf\" target=\"_blank\" rel=\"noreferrer noopener\">Avaluaci\u00f3 (Eduteka)<\/a><\/td><\/tr><tr><td><a href=\"https:\/\/projectes.xtec.cat\/programacioirobotica\/wp-content\/uploads\/usu604\/2021\/10\/Blocs-Scratch-Jr.pdf\" target=\"_blank\" rel=\"noreferrer noopener\">Blocs de programaci\u00f3<\/a><\/td><\/tr><tr><td><a href=\"https:\/\/www.scratchjr.org\/teach\/activities\" target=\"_blank\" rel=\"noreferrer noopener\">Activitats<\/a><\/td><\/tr><tr><td><a href=\"https:\/\/www.scratchjrtactile.org\/ca\" target=\"_blank\" rel=\"noreferrer noopener\">Scratch tactile<\/a><\/td><\/tr><tr><td><a href=\"https:\/\/www.youtube.com\/watch?v=o5XiZpzWcNc&amp;list=PLh-lE4JDTAZaqPLNqe4VqF4X4F5H_BLlZ\" target=\"_blank\" rel=\"noreferrer noopener\">ScratchJr coding course<\/a><\/td><\/tr><\/tbody><\/table><\/figure>\n","protected":false},"excerpt":{"rendered":"<p>Guia de Scratch Jr Programaci\u00f3n con Scratch Jr (continguts del bloc 3 del curs &#8220;C\u00f3digo Escuela 4.0 en Educaci\u00f3n Infantil&#8221;) Web oficial Scratch Jr Guia de l&#8217;entorn de programaci\u00f3 Targetes d&#8217;activitats (Eduteka) Avaluaci\u00f3 (Eduteka) Blocs de programaci\u00f3 Activitats Scratch tactile ScratchJr coding course<\/p>\n","protected":false},"author":12,"featured_media":0,"parent":43967,"menu_order":0,"comment_status":"closed","ping_status":"closed","template":"","meta":{"_bbp_topic_count":0,"_bbp_reply_count":0,"_bbp_total_topic_count":0,"_bbp_total_reply_count":0,"_bbp_voice_count":0,"_bbp_anonymous_reply_count":0,"_bbp_topic_count_hidden":0,"_bbp_reply_count_hidden":0,"_bbp_forum_subforum_count":0,"site-sidebar-layout":"default","site-content-layout":"","ast-site-content-layout":"default","site-content-style":"default","site-sidebar-style":"default","ast-global-header-display":"","ast-banner-title-visibility":"","ast-main-header-display":"","ast-hfb-above-header-display":"","ast-hfb-below-header-display":"","ast-hfb-mobile-header-display":"","site-post-title":"","ast-breadcrumbs-content":"","ast-featured-img":"","footer-sml-layout":"","theme-transparent-header-meta":"","adv-header-id-meta":"","stick-header-meta":"","header-above-stick-meta":"","header-main-stick-meta":"","header-below-stick-meta":"","astra-migrate-meta-layouts":"set","ast-page-background-enabled":"default","ast-page-background-meta":{"desktop":{"background-color":"","background-image":"","background-repeat":"repeat","background-position":"center center","background-size":"auto","background-attachment":"scroll","background-type":"","background-media":"","overlay-type":"","overlay-color":"","overlay-opacity":"","overlay-gradient":""},"tablet":{"background-color":"","background-image":"","background-repeat":"repeat","background-position":"center center","background-size":"auto","background-attachment":"scroll","background-type":"","background-media":"","overlay-type":"","overlay-color":"","overlay-opacity":"","overlay-gradient":""},"mobile":{"background-color":"","background-image":"","background-repeat":"repeat","background-position":"center center","background-size":"auto","background-attachment":"scroll","background-type":"","background-media":"","overlay-type":"","overlay-color":"","overlay-opacity":"","overlay-gradient":""}},"ast-content-background-meta":{"desktop":{"background-color":"var(--ast-global-color-5)","background-image":"","background-repeat":"repeat","background-position":"center center","background-size":"auto","background-attachment":"scroll","background-type":"","background-media":"","overlay-type":"","overlay-color":"","overlay-opacity":"","overlay-gradient":""},"tablet":{"background-color":"var(--ast-global-color-5)","background-image":"","background-repeat":"repeat","background-position":"center center","background-size":"auto","background-attachment":"scroll","background-type":"","background-media":"","overlay-type":"","overlay-color":"","overlay-opacity":"","overlay-gradient":""},"mobile":{"background-color":"var(--ast-global-color-5)","background-image":"","background-repeat":"repeat","background-position":"center center","background-size":"auto","background-attachment":"scroll","background-type":"","background-media":"","overlay-type":"","overlay-color":"","overlay-opacity":"","overlay-gradient":""}},"footnotes":""},"class_list":["post-43991","page","type-page","status-publish","hentry"],"post_mailing_queue_ids":[],"_links":{"self":[{"href":"https:\/\/projectes.xtec.cat\/pensament-computacional\/wp-json\/wp\/v2\/pages\/43991","targetHints":{"allow":["GET"]}}],"collection":[{"href":"https:\/\/projectes.xtec.cat\/pensament-computacional\/wp-json\/wp\/v2\/pages"}],"about":[{"href":"https:\/\/projectes.xtec.cat\/pensament-computacional\/wp-json\/wp\/v2\/types\/page"}],"author":[{"embeddable":true,"href":"https:\/\/projectes.xtec.cat\/pensament-computacional\/wp-json\/wp\/v2\/users\/12"}],"replies":[{"embeddable":true,"href":"https:\/\/projectes.xtec.cat\/pensament-computacional\/wp-json\/wp\/v2\/comments?post=43991"}],"version-history":[{"count":6,"href":"https:\/\/projectes.xtec.cat\/pensament-computacional\/wp-json\/wp\/v2\/pages\/43991\/revisions"}],"predecessor-version":[{"id":45644,"href":"https:\/\/projectes.xtec.cat\/pensament-computacional\/wp-json\/wp\/v2\/pages\/43991\/revisions\/45644"}],"up":[{"embeddable":true,"href":"https:\/\/projectes.xtec.cat\/pensament-computacional\/wp-json\/wp\/v2\/pages\/43967"}],"wp:attachment":[{"href":"https:\/\/projectes.xtec.cat\/pensament-computacional\/wp-json\/wp\/v2\/media?parent=43991"}],"curies":[{"name":"wp","href":"https:\/\/api.w.org\/{rel}","templated":true}]}}